{"id":211773,"date":"2019-07-27T19:37:43","date_gmt":"2019-07-27T19:37:43","guid":{"rendered":"https:\/\/tenerifecenter.com\/about-company\/"},"modified":"2023-09-25T14:22:25","modified_gmt":"2023-09-25T14:22:25","slug":"pro-kompaniju","status":"publish","type":"page","link":"https:\/\/tenerifecenter.com\/uk\/pro-kompaniju\/","title":{"rendered":"\u041f\u0440\u043e \u043a\u043e\u043c\u043f\u0430\u043d\u0456\u044e"},"content":{"rendered":"<p class=\"mb-40\">Vym Canarias &#8211; \u043e\u0434\u043d\u0435 \u0437 \u043d\u0430\u0439\u0431\u0456\u043b\u044c\u0448\u0438\u0445 \u0430\u0433\u0435\u043d\u0442\u0441\u0442\u0432 \u043d\u0435\u0440\u0443\u0445\u043e\u043c\u043e\u0441\u0442\u0456 \u043d\u0430 \u043f\u0456\u0432\u0434\u0435\u043d\u043d\u043e\u043c\u0443 \u0443\u0437\u0431\u0435\u0440\u0435\u0436\u0436\u0456 \u0422\u0435\u043d\u0435\u0440\u0456\u0444\u0435. \u041c\u0438 \u043f\u0440\u0430\u0446\u044e\u0454\u043c\u043e \u0437 2010 \u0440\u043e\u043a\u0443 \u0456 \u0441\u043f\u0435\u0446\u0456\u0430\u043b\u0456\u0437\u0443\u0454\u043c\u043e\u0441\u044f \u043d\u0430 \u043f\u0440\u043e\u0434\u0430\u0436\u0443 \u0436\u0438\u0442\u043b\u043e\u0432\u043e\u0457 \u0442\u0430 \u043a\u043e\u043c\u0435\u0440\u0446\u0456\u0439\u043d\u043e\u0457 \u043d\u0435\u0440\u0443\u0445\u043e\u043c\u043e\u0441\u0442\u0456 \u043d\u0430 \u0422\u0435\u043d\u0435\u0440\u0456\u0444\u0435: \u043a\u0432\u0430\u0440\u0442\u0438\u0440, \u0430\u043f\u0430\u0440\u0442\u0430\u043c\u0435\u043d\u0442\u0456\u0432, \u0432\u0456\u043b\u043b \u0456 \u0437\u0435\u043c\u0435\u043b\u044c\u043d\u0438\u0445 \u0434\u0456\u043b\u044f\u043d\u043e\u043a, \u0430 \u0442\u0430\u043a\u043e\u0436 \u043e\u0444\u0456\u0441\u043d\u0438\u0445 \u0456 \u043a\u043e\u043c\u0435\u0440\u0446\u0456\u0439\u043d\u0438\u0445 \u043f\u0440\u0438\u043c\u0456\u0449\u0435\u043d\u044c.<\/p>\r\n\r\n<div class=\"row mb-30\">\r\n    <iframe loading=\"lazy\" width=\"100%\" height=\"425\" src=\"https:\/\/www.youtube.com\/embed\/C7xNhgxodZQ\" frameborder=\"0\" allow=\"accelerometer; autoplay; encrypted-media; gyroscope; picture-in-picture\" allowfullscreen><\/iframe>\r\n<\/div>\r\n\r\n<h2>\u041d\u0430\u0448\u0430 \u043f\u0440\u0430\u0446\u044f<\/h2>\r\n\r\n<p>\u041c\u0438 \u0434\u043e\u043f\u043e\u043c\u0430\u0433\u0430\u0454\u043c\u043e \u043a\u043b\u0456\u0454\u043d\u0442\u0430\u043c \u0437\u043d\u0430\u0439\u0442\u0438 \u0441\u0432\u0456\u0439 \u0434\u0456\u043c \u043d\u0430 \u0422\u0435\u043d\u0435\u0440\u0456\u0444\u0435. \u041a\u043e\u043c\u043f\u0430\u043d\u0456\u044f \u0441\u043f\u0456\u0432\u043f\u0440\u0430\u0446\u044e\u0454 \u0437\u0456 \u0432\u0441\u0456\u043c\u0430 \u043f\u0440\u043e\u0444\u0435\u0441\u0456\u0439\u043d\u0438\u043c\u0438 \u0430\u0433\u0435\u043d\u0442\u0441\u0442\u0432\u0430\u043c\u0438 \u043d\u0435\u0440\u0443\u0445\u043e\u043c\u043e\u0441\u0442\u0456 \u043d\u0430 \u043e\u0441\u0442\u0440\u043e\u0432\u0456 \u0442\u0430 \u043c\u0430\u0454 \u0434\u043e\u0441\u0442\u0443\u043f \u0434\u043e \u043d\u0430\u0439\u0431\u0456\u043b\u044c\u0448\u043e\u0457 \u0431\u0430\u0437\u0438 \u0434\u0430\u043d\u0438\u0445 \u043e\u0431&#8217;\u0454\u043a\u0442\u0456\u0432 \u043d\u0435\u0440\u0443\u0445\u043e\u043c\u043e\u0441\u0442\u0456 \u043d\u0430 \u041a\u0430\u043d\u0430\u0440\u0441\u044c\u043a\u0438\u0445 \u043e\u0441\u0442\u0440\u043e\u0432\u0430\u0445.<\/p>\r\n\r\n<p>\u0420\u0435\u043f\u0443\u0442\u0430\u0446\u0456\u044f &#8211; \u043d\u0430\u0448\u0430 \u0433\u043e\u043b\u043e\u0432\u043d\u0430 \u0446\u0456\u043d\u043d\u0456\u0441\u0442\u044c, \u0442\u043e\u043c\u0443 \u043c\u0438 \u043f\u0440\u0430\u0446\u044e\u0454\u043c\u043e \u0442\u0456\u043b\u044c\u043a\u0438 \u0437 \u0430\u0432\u0442\u043e\u0440\u0438\u0442\u0435\u0442\u043d\u0438\u043c\u0438 \u0430\u0434\u0432\u043e\u043a\u0430\u0442\u0441\u044c\u043a\u0438\u043c\u0438 \u0442\u0430 \u043d\u043e\u0442\u0430\u0440\u0456\u0430\u043b\u044c\u043d\u0438\u043c\u0438 \u0431\u044e\u0440\u043e. \u041d\u0430\u0448\u0456 \u043e\u0431&#8217;\u0454\u043a\u0442\u0438 \u043f\u0440\u043e\u0445\u043e\u0434\u044f\u0442\u044c \u043f\u0440\u043e\u0444\u0435\u0441\u0456\u0439\u043d\u0443 \u043f\u0435\u0440\u0435\u0432\u0456\u0440\u043a\u0443, \u0449\u043e \u0434\u043e\u0437\u0432\u043e\u043b\u044f\u0454 \u043d\u0430\u043c \u0433\u0430\u0440\u0430\u043d\u0442\u0443\u0432\u0430\u0442\u0438 \u0457\u0445 \u044e\u0440\u0438\u0434\u0438\u0447\u043d\u0443 \u0447\u0438\u0441\u0442\u043e\u0442\u0443.<\/p>\r\n\r\n<p>\u041c\u0438 \u0434\u043e\u043f\u043e\u043c\u0430\u0433\u0430\u0454\u043c\u043e \u043e\u0444\u043e\u0440\u043c\u043b\u044f\u0442\u0438 \u0434\u043e\u043a\u0443\u043c\u0435\u043d\u0442\u0438 \u0434\u043b\u044f \u043a\u0443\u043f\u0456\u0432\u043b\u0456 \u043d\u0435\u0440\u0443\u0445\u043e\u043c\u043e\u0441\u0442\u0456 \u0442\u0430 \u0456\u043f\u043e\u0442\u0435\u043a\u0438, \u043d\u0430\u0434\u0430\u0454\u043c\u043e \u044e\u0440\u0438\u0434\u0438\u0447\u043d\u0438\u0439 \u0441\u0443\u043f\u0440\u043e\u0432\u0456\u0434 \u0443\u0433\u043e\u0434\u0438 \u0456 \u0437\u0430\u0439\u043c\u0430\u0454\u043c\u043e\u0441\u044f \u043f\u0456\u0441\u043b\u044f\u043f\u0440\u043e\u0434\u0430\u0436\u043d\u0438\u043c \u0441\u0443\u043f\u0440\u043e\u0432\u043e\u0434\u043e\u043c \u043a\u043b\u0456\u0454\u043d\u0442\u0456\u0432.<\/p>\r\n\r\n<h2>\u0427\u043e\u043c\u0443 VYM Canarias<\/h2>\r\n\r\n<p>\u0417 \u043d\u0430\u043c\u0438 \u0437\u0440\u0443\u0447\u043d\u043e \u0456 \u0432\u0438\u0433\u0456\u0434\u043d\u043e \u043f\u0440\u0430\u0446\u044e\u0432\u0430\u0442\u0438:<\/p>\r\n\r\n<ul>\r\n  <li>\u041c\u0438 \u0433\u0430\u0440\u0430\u043d\u0442\u0443\u0454\u043c\u043e \u0447\u0438\u0441\u0442\u043e\u0442\u0443 \u0443\u0433\u043e\u0434\u0438.<\/li>\r\n  <li>\u041c\u0438 \u043f\u0440\u0430\u0446\u044e\u0454\u043c\u043e \u0432\u0456\u0434\u043a\u0440\u0438\u0442\u043e \u0456 \u0456\u043d\u0444\u043e\u0440\u043c\u0443\u0454\u043c\u043e \u043a\u043b\u0456\u0454\u043d\u0442\u0456\u0432 \u043f\u0440\u043e \u0432\u0441\u0456 \u0434\u0435\u0442\u0430\u043b\u0456 \u0443\u0433\u043e\u0434\u0438.<\/li>\r\n  <li>\u0423 \u043d\u0430\u0441 \u0432\u0435\u043b\u0438\u043a\u0438\u0439 \u0432\u0438\u0431\u0456\u0440 \u043e\u0431\u2019\u0454\u043a\u0442\u0456\u0432 \u043d\u0435\u0440\u0443\u0445\u043e\u043c\u043e\u0441\u0442\u0456.<\/li>\r\n  <li>\u0423 \u043d\u0430\u0441 \u0454 \u043e\u0444\u0456\u0441\u0438 \u043d\u0430 \u0422\u0435\u043d\u0435\u0440\u0456\u0444\u0435 \u0442\u0430 \u0432 \u0410\u043b\u0456\u043a\u0430\u043d\u0442\u0435, \u0440\u043e\u0437\u0442\u0430\u0448\u043e\u0432\u0430\u043d\u0456 \u0432 \u043e\u0441\u043d\u043e\u0432\u043d\u0438\u0445 \u043a\u0443\u0440\u043e\u0440\u0442\u043d\u0438\u0445 \u0437\u043e\u043d\u0430\u0445.<\/li>\r\n  <li>\u041d\u0430\u0448\u0456 \u0441\u043f\u0456\u0432\u0440\u043e\u0431\u0456\u0442\u043d\u0438\u043a\u0438 \u0440\u043e\u0437\u043c\u043e\u0432\u043b\u044f\u044e\u0442\u044c \u043d\u0430 9 \u043c\u043e\u0432\u0430\u0445.<\/li>\r\n<\/ul>\r\n\r\n<p>\u0406\u0441\u043f\u0430\u043d\u0441\u044c\u043a\u0438\u0439 \u0440\u0438\u043d\u043e\u043a \u043d\u0435\u0440\u0443\u0445\u043e\u043c\u043e\u0441\u0442\u0456 &#8211; \u043d\u0430\u0448\u0435 \u043f\u0440\u043e\u0444\u0435\u0441\u0456\u0439\u043d\u0435 \u0441\u0435\u0440\u0435\u0434\u043e\u0432\u0438\u0449\u0435.  Vym Canarias \u0431\u0435\u0440\u0435 \u0443\u0447\u0430\u0441\u0442\u044c \u0443 \u043c\u0456\u0436\u043d\u0430\u0440\u043e\u0434\u043d\u0438\u0445 \u0432\u0438\u0441\u0442\u0430\u0432\u043a\u0430\u0445 \u043d\u0435\u0440\u0443\u0445\u043e\u043c\u043e\u0441\u0442\u0456 \u0432 \u0440\u0456\u0437\u043d\u0438\u0445 \u043a\u0440\u0430\u0457\u043d\u0430\u0445. \u041c\u0438 \u0434\u043e\u043f\u043e\u043c\u0430\u0433\u0430\u0454\u043c\u043e \u043d\u0430\u0448\u0438\u043c \u043a\u043b\u0456\u0454\u043d\u0442\u0430\u043c \u043e\u0440\u0456\u0454\u043d\u0442\u0443\u0432\u0430\u0442\u0438\u0441\u044f \u0432 \u043d\u043e\u0432\u0438\u0445 \u0442\u0435\u043d\u0434\u0435\u043d\u0446\u0456\u044f\u0445 \u0456 \u0437\u043c\u0456\u043d\u0430\u0445 \u0432 \u0437\u0430\u043a\u043e\u043d\u043e\u0434\u0430\u0432\u0441\u0442\u0432\u0456.<\/p>\r\n\r\n<p>\u041d\u0430\u0448\u0430 \u0437\u0430\u0434\u0430\u0447\u0430-\u0441\u0442\u0430\u0431\u0456\u043b\u044c\u043d\u0456\u0441\u0442\u044c \u0456 \u043f\u043e\u0435\u0442\u0430\u043f\u043d\u0438\u0439 \u0440\u043e\u0437\u0432\u0438\u0442\u043e\u043a.<\/p>\r\n\r\n<p>\u041d\u0430\u0448\u0430 \u043c\u0456\u0441\u0456\u044f-\u041f\u0456\u0434\u0456\u0431\u0440\u0430\u0442\u0438 \u0412\u0430\u043c \u0434\u0456\u043c \u043d\u0430 \u041a\u0430\u043d\u0430\u0440\u0430\u0445. \u0421\u043f\u043e\u043a\u0456\u0439\u043d\u043e. \u041d\u0430\u0434\u0456\u0439\u043d\u043e. \u0420\u0430\u0434\u0456\u0441\u043d\u043e.<\/p>\r\n\r\n<table>\r\n  <thead>\r\n    <th><\/th>\r\n    <th><\/th>\r\n  <\/thead>\r\n  <tbody>\r\n    <tr>\r\n      <td valign=\"top\">\r\n        <img decoding=\"async\" src=\"\/wp-content\/uploads\/2020\/02\/CEST.jpg\" alt=\"\" width=\"125\">\r\n      <\/td>\r\n      <td>\r\n        <h6>CEST<\/h6>\r\n        <p>El Circulo de Empresarios y Profesionales del Sur de Tenerife (CEST) es una asociacion multisectorial sin animo de lucro compuesta por empresas y profesionales establecidos en el Sur de Tenerife o que tienen intereses y relaciones comerciales en esta Comarca.<\/p>\r\n      <\/td>\r\n    <\/tr>\r\n    <tr>\r\n      <td valign=\"top\">\r\n        <img decoding=\"async\" src=\"\/wp-content\/uploads\/2020\/02\/TSREA-logo.jpeg\" alt=\"\" width=\"125\">\r\n      <\/td>\r\n      <td>\r\n        <h6>TSREA<\/h6>\r\n        <p>Tenerife South Real Estate Asociaci\u00f3n nace por la iniciativa de un amplio grupo de expertos del sector inmobiliario, que han decidido aunar sus a\u00f1os de experiencia y profesionalidad, para crear una red de Agencias Inmobiliarias.<\/p>\r\n      <\/td>\r\n    <\/tr>\r\n    <tr>\r\n      <td valign=\"top\">\r\n        <img decoding=\"async\" src=\"\/wp-content\/uploads\/2020\/02\/Fast-1.jpg\" alt=\"\" width=\"125\">\r\n      <\/td>\r\n      <td>\r\n        <h6>FAST<\/h6>\r\n        <p>FAST La Asociaci\u00f3n Foro de Amigos del Sur de Tenerife perseguir\u00e1 fines de inter\u00e9s general para la comarca del sur de Tenerife, de car\u00e1cter social, cultural, deportivo, medioambiental, educativo, y de promoci\u00f3n tur\u00edstica.<\/p>\r\n      <\/td>\r\n    <\/tr>\r\n    <tr>\r\n      <td valign=\"top\">\r\n        <img decoding=\"async\" src=\"\/wp-content\/uploads\/2020\/02\/FEPECO-logo.jpeg\" alt=\"\" width=\"125\">\r\n      <\/td>\r\n      <td>\r\n        <h6>FEPECO<\/h6>\r\n        <p>FEPECO Federaci\u00f3n Provincial de Entidades de la Construcci\u00f3n de Santa Cruz de Tenerife.<\/p>\r\n      <\/td>\r\n    <\/tr>\r\n    <tr>\r\n      <td valign=\"top\">\r\n        <img decoding=\"async\" src=\"\/wp-content\/uploads\/2020\/02\/Expertos.jpg\" alt=\"\" width=\"125\">\r\n      <\/td>\r\n      <td>\r\n        <h6>EXPERTOS INMOBILIARIOS<\/h6>\r\n        <p>EXPERTOS INMOBILIARIOS: es una asociaci\u00f3n que agrupa a profesionales y empresarios del Sector Inmobiliario y se halla implantada en todo el territorio nacional. Se trata de una asociaci\u00f3n sin \u00e1nimo de lucro, debidamente inscrita en el Ministerio de Trabajo con el n\u00famero 4507.<\/p>\r\n      <\/td>\r\n    <\/tr>\r\n  <\/tbody>\r\n<\/table>","protected":false},"excerpt":{"rendered":"<p>Vym Canarias &#8211; \u043e\u0434\u043d\u0435 \u0437 \u043d\u0430\u0439\u0431\u0456\u043b\u044c\u0448\u0438\u0445 \u0430\u0433\u0435\u043d\u0442\u0441\u0442\u0432 \u043d\u0435\u0440\u0443\u0445\u043e\u043c\u043e\u0441\u0442\u0456 \u043d\u0430 \u043f\u0456\u0432\u0434\u0435\u043d\u043d\u043e\u043c\u0443 \u0443\u0437\u0431\u0435\u0440\u0435\u0436\u0436\u0456 \u0422\u0435\u043d\u0435\u0440\u0456\u0444\u0435. \u041c\u0438 \u043f\u0440\u0430\u0446\u044e\u0454\u043c\u043e \u0437 2010 \u0440\u043e\u043a\u0443 \u0456 \u0441\u043f\u0435\u0446\u0456\u0430\u043b\u0456\u0437\u0443\u0454\u043c\u043e\u0441\u044f \u043d\u0430 \u043f\u0440\u043e\u0434\u0430\u0436\u0443 \u0436\u0438\u0442\u043b\u043e\u0432\u043e\u0457 \u0442\u0430 \u043a\u043e\u043c\u0435\u0440\u0446\u0456\u0439\u043d\u043e\u0457 \u043d\u0435\u0440\u0443\u0445\u043e\u043c\u043e\u0441\u0442\u0456 \u043d\u0430 \u0422\u0435\u043d\u0435\u0440\u0456\u0444\u0435: \u043a\u0432\u0430\u0440\u0442\u0438\u0440, \u0430\u043f\u0430\u0440\u0442\u0430\u043c\u0435\u043d\u0442\u0456\u0432, \u0432\u0456\u043b\u043b \u0456 \u0437\u0435\u043c\u0435\u043b\u044c\u043d\u0438\u0445 \u0434\u0456\u043b\u044f\u043d\u043e\u043a, \u0430 \u0442\u0430\u043a\u043e\u0436 \u043e\u0444\u0456\u0441\u043d\u0438\u0445 \u0456 \u043a\u043e\u043c\u0435\u0440\u0446\u0456\u0439\u043d\u0438\u0445 \u043f\u0440\u0438\u043c\u0456\u0449\u0435\u043d\u044c. \u041d\u0430\u0448\u0430 \u043f\u0440\u0430\u0446\u044f \u041c\u0438 \u0434\u043e\u043f\u043e\u043c\u0430\u0433\u0430\u0454\u043c\u043e \u043a\u043b\u0456\u0454\u043d\u0442\u0430\u043c \u0437\u043d\u0430\u0439\u0442\u0438 \u0441\u0432\u0456\u0439 \u0434\u0456\u043c \u043d\u0430 \u0422\u0435\u043d\u0435\u0440\u0456\u0444\u0435. \u041a\u043e\u043c\u043f\u0430\u043d\u0456\u044f \u0441\u043f\u0456\u0432\u043f\u0440\u0430\u0446\u044e\u0454 \u0437\u0456 \u0432\u0441\u0456\u043c\u0430 \u043f\u0440\u043e\u0444\u0435\u0441\u0456\u0439\u043d\u0438\u043c\u0438 \u0430\u0433\u0435\u043d\u0442\u0441\u0442\u0432\u0430\u043c\u0438 [&hellip;]<\/p>\n","protected":false},"author":1,"featured_media":445604,"parent":0,"menu_order":0,"comment_status":"closed","ping_status":"closed","template":"","meta":{"_acf_changed":false,"footnotes":""},"class_list":["post-211773","page","type-page","status-publish","has-post-thumbnail","hentry"],"acf":[],"yoast_head":"<!-- This site is optimized with the Yoast SEO plugin v27.3 - https:\/\/yoast.com\/product\/yoast-seo-wordpress\/ -->\n<title>About Vym Canarias Real Estate Agency<\/title>\n<meta name=\"description\" content=\"Who are we? About Vym Canarias Real Estate Agency. We help to buy housing in Tenerife (Canary Islands, Spain): an impeccable reputation since 2010.\" \/>\n<meta name=\"robots\" content=\"index, follow, max-snippet:-1, max-image-preview:large, max-video-preview:-1\" \/>\n<link rel=\"canonical\" href=\"https:\/\/tenerifecenter.com\/uk\/pro-kompaniju\/\" \/>\n<meta property=\"og:locale\" content=\"uk_UA\" \/>\n<meta property=\"og:type\" content=\"article\" \/>\n<meta property=\"og:title\" content=\"About Vym Canarias Real Estate Agency\" \/>\n<meta property=\"og:description\" content=\"Who are we? About Vym Canarias Real Estate Agency. We help to buy housing in Tenerife (Canary Islands, Spain): an impeccable reputation since 2010.\" \/>\n<meta property=\"og:url\" content=\"https:\/\/tenerifecenter.com\/uk\/pro-kompaniju\/\" \/>\n<meta property=\"og:site_name\" content=\"VYM Canarias\" \/>\n<meta property=\"article:publisher\" content=\"https:\/\/www.facebook.com\/vym.canarias\" \/>\n<meta property=\"article:modified_time\" content=\"2023-09-25T14:22:25+00:00\" \/>\n<meta property=\"og:image\" content=\"https:\/\/tenerifecenter.com\/wp-content\/uploads\/2023\/03\/vym-canarias-office-2.jpeg\" \/>\n\t<meta property=\"og:image:width\" content=\"1920\" \/>\n\t<meta property=\"og:image:height\" content=\"350\" \/>\n\t<meta property=\"og:image:type\" content=\"image\/jpeg\" \/>\n<meta name=\"twitter:card\" content=\"summary_large_image\" \/>\n<meta name=\"twitter:label1\" content=\"\u041f\u0440\u0438\u0431\u043b. \u0447\u0430\u0441 \u0447\u0438\u0442\u0430\u043d\u043d\u044f\" \/>\n\t<meta name=\"twitter:data1\" content=\"3 \u0445\u0432\u0438\u043b\u0438\u043d\u0438\" \/>\n<script type=\"application\/ld+json\" class=\"yoast-schema-graph\">{\"@context\":\"https:\\\/\\\/schema.org\",\"@graph\":[{\"@type\":\"WebPage\",\"@id\":\"https:\\\/\\\/tenerifecenter.com\\\/uk\\\/pro-kompaniju\\\/\",\"url\":\"https:\\\/\\\/tenerifecenter.com\\\/uk\\\/pro-kompaniju\\\/\",\"name\":\"About Vym Canarias Real Estate Agency\",\"isPartOf\":{\"@id\":\"https:\\\/\\\/tenerifecenter.com\\\/uk\\\/#website\"},\"primaryImageOfPage\":{\"@id\":\"https:\\\/\\\/tenerifecenter.com\\\/uk\\\/pro-kompaniju\\\/#primaryimage\"},\"image\":{\"@id\":\"https:\\\/\\\/tenerifecenter.com\\\/uk\\\/pro-kompaniju\\\/#primaryimage\"},\"thumbnailUrl\":\"https:\\\/\\\/tenerifecenter.com\\\/wp-content\\\/uploads\\\/2023\\\/03\\\/vym-canarias-office-2.jpeg\",\"datePublished\":\"2019-07-27T19:37:43+00:00\",\"dateModified\":\"2023-09-25T14:22:25+00:00\",\"description\":\"Who are we? About Vym Canarias Real Estate Agency. We help to buy housing in Tenerife (Canary Islands, Spain): an impeccable reputation since 2010.\",\"breadcrumb\":{\"@id\":\"https:\\\/\\\/tenerifecenter.com\\\/uk\\\/pro-kompaniju\\\/#breadcrumb\"},\"inLanguage\":\"uk\",\"potentialAction\":[{\"@type\":\"ReadAction\",\"target\":[\"https:\\\/\\\/tenerifecenter.com\\\/uk\\\/pro-kompaniju\\\/\"]}]},{\"@type\":\"ImageObject\",\"inLanguage\":\"uk\",\"@id\":\"https:\\\/\\\/tenerifecenter.com\\\/uk\\\/pro-kompaniju\\\/#primaryimage\",\"url\":\"https:\\\/\\\/tenerifecenter.com\\\/wp-content\\\/uploads\\\/2023\\\/03\\\/vym-canarias-office-2.jpeg\",\"contentUrl\":\"https:\\\/\\\/tenerifecenter.com\\\/wp-content\\\/uploads\\\/2023\\\/03\\\/vym-canarias-office-2.jpeg\",\"width\":1920,\"height\":350},{\"@type\":\"BreadcrumbList\",\"@id\":\"https:\\\/\\\/tenerifecenter.com\\\/uk\\\/pro-kompaniju\\\/#breadcrumb\",\"itemListElement\":[{\"@type\":\"ListItem\",\"position\":1,\"name\":\"Home\",\"item\":\"https:\\\/\\\/tenerifecenter.com\\\/uk\\\/\"},{\"@type\":\"ListItem\",\"position\":2,\"name\":\"\u041f\u0440\u043e \u043a\u043e\u043c\u043f\u0430\u043d\u0456\u044e\"}]},{\"@type\":\"WebSite\",\"@id\":\"https:\\\/\\\/tenerifecenter.com\\\/uk\\\/#website\",\"url\":\"https:\\\/\\\/tenerifecenter.com\\\/uk\\\/\",\"name\":\"VYM Canarias\",\"description\":\"Real Estate - Tenerife\",\"potentialAction\":[{\"@type\":\"SearchAction\",\"target\":{\"@type\":\"EntryPoint\",\"urlTemplate\":\"https:\\\/\\\/tenerifecenter.com\\\/uk\\\/?s={search_term_string}\"},\"query-input\":{\"@type\":\"PropertyValueSpecification\",\"valueRequired\":true,\"valueName\":\"search_term_string\"}}],\"inLanguage\":\"uk\"}]}<\/script>\n<!-- \/ Yoast SEO plugin. -->","yoast_head_json":{"title":"About Vym Canarias Real Estate Agency","description":"Who are we? About Vym Canarias Real Estate Agency. We help to buy housing in Tenerife (Canary Islands, Spain): an impeccable reputation since 2010.","robots":{"index":"index","follow":"follow","max-snippet":"max-snippet:-1","max-image-preview":"max-image-preview:large","max-video-preview":"max-video-preview:-1"},"canonical":"https:\/\/tenerifecenter.com\/uk\/pro-kompaniju\/","og_locale":"uk_UA","og_type":"article","og_title":"About Vym Canarias Real Estate Agency","og_description":"Who are we? About Vym Canarias Real Estate Agency. We help to buy housing in Tenerife (Canary Islands, Spain): an impeccable reputation since 2010.","og_url":"https:\/\/tenerifecenter.com\/uk\/pro-kompaniju\/","og_site_name":"VYM Canarias","article_publisher":"https:\/\/www.facebook.com\/vym.canarias","article_modified_time":"2023-09-25T14:22:25+00:00","og_image":[{"width":1920,"height":350,"url":"https:\/\/tenerifecenter.com\/wp-content\/uploads\/2023\/03\/vym-canarias-office-2.jpeg","type":"image\/jpeg"}],"twitter_card":"summary_large_image","twitter_misc":{"\u041f\u0440\u0438\u0431\u043b. \u0447\u0430\u0441 \u0447\u0438\u0442\u0430\u043d\u043d\u044f":"3 \u0445\u0432\u0438\u043b\u0438\u043d\u0438"},"schema":{"@context":"https:\/\/schema.org","@graph":[{"@type":"WebPage","@id":"https:\/\/tenerifecenter.com\/uk\/pro-kompaniju\/","url":"https:\/\/tenerifecenter.com\/uk\/pro-kompaniju\/","name":"About Vym Canarias Real Estate Agency","isPartOf":{"@id":"https:\/\/tenerifecenter.com\/uk\/#website"},"primaryImageOfPage":{"@id":"https:\/\/tenerifecenter.com\/uk\/pro-kompaniju\/#primaryimage"},"image":{"@id":"https:\/\/tenerifecenter.com\/uk\/pro-kompaniju\/#primaryimage"},"thumbnailUrl":"https:\/\/tenerifecenter.com\/wp-content\/uploads\/2023\/03\/vym-canarias-office-2.jpeg","datePublished":"2019-07-27T19:37:43+00:00","dateModified":"2023-09-25T14:22:25+00:00","description":"Who are we? About Vym Canarias Real Estate Agency. We help to buy housing in Tenerife (Canary Islands, Spain): an impeccable reputation since 2010.","breadcrumb":{"@id":"https:\/\/tenerifecenter.com\/uk\/pro-kompaniju\/#breadcrumb"},"inLanguage":"uk","potentialAction":[{"@type":"ReadAction","target":["https:\/\/tenerifecenter.com\/uk\/pro-kompaniju\/"]}]},{"@type":"ImageObject","inLanguage":"uk","@id":"https:\/\/tenerifecenter.com\/uk\/pro-kompaniju\/#primaryimage","url":"https:\/\/tenerifecenter.com\/wp-content\/uploads\/2023\/03\/vym-canarias-office-2.jpeg","contentUrl":"https:\/\/tenerifecenter.com\/wp-content\/uploads\/2023\/03\/vym-canarias-office-2.jpeg","width":1920,"height":350},{"@type":"BreadcrumbList","@id":"https:\/\/tenerifecenter.com\/uk\/pro-kompaniju\/#breadcrumb","itemListElement":[{"@type":"ListItem","position":1,"name":"Home","item":"https:\/\/tenerifecenter.com\/uk\/"},{"@type":"ListItem","position":2,"name":"\u041f\u0440\u043e \u043a\u043e\u043c\u043f\u0430\u043d\u0456\u044e"}]},{"@type":"WebSite","@id":"https:\/\/tenerifecenter.com\/uk\/#website","url":"https:\/\/tenerifecenter.com\/uk\/","name":"VYM Canarias","description":"Real Estate - Tenerife","potentialAction":[{"@type":"SearchAction","target":{"@type":"EntryPoint","urlTemplate":"https:\/\/tenerifecenter.com\/uk\/?s={search_term_string}"},"query-input":{"@type":"PropertyValueSpecification","valueRequired":true,"valueName":"search_term_string"}}],"inLanguage":"uk"}]}},"_links":{"self":[{"href":"https:\/\/tenerifecenter.com\/uk\/wp-json\/wp\/v2\/pages\/211773","targetHints":{"allow":["GET"]}}],"collection":[{"href":"https:\/\/tenerifecenter.com\/uk\/wp-json\/wp\/v2\/pages"}],"about":[{"href":"https:\/\/tenerifecenter.com\/uk\/wp-json\/wp\/v2\/types\/page"}],"author":[{"embeddable":true,"href":"https:\/\/tenerifecenter.com\/uk\/wp-json\/wp\/v2\/users\/1"}],"replies":[{"embeddable":true,"href":"https:\/\/tenerifecenter.com\/uk\/wp-json\/wp\/v2\/comments?post=211773"}],"version-history":[{"count":0,"href":"https:\/\/tenerifecenter.com\/uk\/wp-json\/wp\/v2\/pages\/211773\/revisions"}],"wp:featuredmedia":[{"embeddable":true,"href":"https:\/\/tenerifecenter.com\/uk\/wp-json\/wp\/v2\/media\/445604"}],"wp:attachment":[{"href":"https:\/\/tenerifecenter.com\/uk\/wp-json\/wp\/v2\/media?parent=211773"}],"curies":[{"name":"wp","href":"https:\/\/api.w.org\/{rel}","templated":true}]}}