{"id":5049,"date":"2019-10-29T21:06:12","date_gmt":"2019-10-29T21:06:12","guid":{"rendered":"https:\/\/tenerifecenter.dev-evocode.net\/?page_id=5049"},"modified":"2023-03-13T17:29:37","modified_gmt":"2023-03-13T17:29:37","slug":"dokumenty","status":"publish","type":"page","link":"https:\/\/tenerifecenter.com\/pl\/info\/dokumenty\/","title":{"rendered":"Dokumenty"},"content":{"rendered":"<h2>Uzyskanie numeru NIE (TIN)\r\n<\/h2>\r\n\r\n<ul>\r\n  <li>wype\u0142niony wniosek NIE;<\/li>\r\n  <li>potwierdzenie zap\u0142aty za z\u0142o\u017cenie wniosku ostemplowane przez bank;<\/li>\r\n  <li>orygina\u0142 i kserokopia paszportu lub innego dokumentu to\u017csamo\u015bci;<\/li>\r\n  <li>w przypadku pe\u0142nomocnika wszystkie wymagane dokumenty musz\u0105 zosta\u0107 przedstawione;<\/li>\r\n<\/ul>\r\n\r\n<p class=\"italic\">*Procedura sk\u0142adania wniosk\u00f3w NIE mo\u017ce ulega\u0107 zmianom.<\/p>\r\n\r\n<h2>Otwarcie rachunku bankowego w Hiszpanii<\/h2>\r\n\r\n<ul>\r\n  <li>wa\u017cny paszport,<\/li>\r\n  <li>kopia numeru NIE,<\/li>\r\n  <li>dokument potwierdzaj\u0105cy kupno lub sprzeda\u017c nieruchomo\u015bci b\u0105d\u017a potwierdzenie rezerwacji wykonanej na\r\n    nieruchomo\u015bci (mo\u017ce by\u0107 wymagane na specjaln\u0105 pro\u015bb\u0119 banku),\r\n  <\/li>\r\n  <li>dow\u00f3d dokument\u00f3w dochodowych.<\/li>\r\n<\/ul>\r\n\r\n<h2>Dokumenty wymagane w momencie ubiegania si\u0119 o kredyt hipoteczny w Hiszpanii:<\/h2>\r\n\r\n<ul>\r\n  <li>2 indywidualne zeznania podatkowe.<\/li>\r\n  <li>Umowa o prac\u0119 (minimum 5 lat).<\/li>\r\n  <li>Wykaz aktywno\u015bci konta bankowego z ostatnich 12 miesi\u0119cy.<\/li>\r\n  <li>Za\u015bwiadczenie o wolno\u015bci od kredytu hipotecznego w kraju zamieszkania.<\/li>\r\n  <li>Dane osobowe pracodawcy i\/lub kontakt do miejsca zatrudnienia.<\/li>\r\n  <li>Roczne sprawozdanie finansowe.<\/li>\r\n  <li>W niekt\u00f3rych przypadkach mo\u017ce by\u0107 r\u00f3wnie\u017c konieczna referencja z banku.<\/li>\r\n  <li>Inne dokumenty potwierdzaj\u0105ce dodatkowe \u017ar\u00f3d\u0142a dochod\u00f3w, takie jak: umowy leasingu, \u015bwiadectw i innych\r\n    dokument\u00f3w o dochodach, kt\u00f3re bank mo\u017ce uzna\u0107 za konieczne przy ubieganiu si\u0119 o kredyt hipoteczny ponad\r\n    500.000 \u20ac.\r\n  <\/li>\r\n<\/ul>\r\n\r\n<p class=\"italic\">\r\n  Banki zastrzegaj\u0105 sobie prawo do \u017c\u0105dania wszelkich dokument\u00f3w, kt\u00f3re uznaj\u0105 za niezb\u0119dne.\r\n<\/p>\r\n\r\n<p>Wszystkie dokumenty musz\u0105 by\u0107 przet\u0142umaczone na j\u0119zyk hiszpa\u0144ski z odpowiednim apostille (forma po\u015bwiadczania\r\n  dokument\u00f3w, zgodnie z postanowieniem Konwencji Haskiej z dnia 5 pa\u017adziernika 1961 r), lub musz\u0105 by\u0107\r\n  zalegalizowane przez hiszpa\u0144ski konsulat lub przez certyfikowanego hiszpa\u0144skiego t\u0142umacza (traductor Jurado).\r\n  Osobi\u015bcie polecamy ten ostatni. Orygina\u0142y wszystkich dokument\u00f3w musz\u0105 zosta\u0107 dostarczone do notariusza przed\r\n  rozpocz\u0119ciem rejestracji.\r\n<\/p>","protected":false},"excerpt":{"rendered":"<p>Uzyskanie numeru NIE (TIN) wype\u0142niony wniosek NIE; potwierdzenie zap\u0142aty za z\u0142o\u017cenie wniosku ostemplowane przez bank; orygina\u0142 i kserokopia paszportu lub innego dokumentu to\u017csamo\u015bci; w przypadku pe\u0142nomocnika wszystkie wymagane dokumenty musz\u0105 zosta\u0107 przedstawione; *Procedura sk\u0142adania wniosk\u00f3w NIE mo\u017ce ulega\u0107 zmianom. Otwarcie rachunku bankowego w Hiszpanii wa\u017cny paszport, kopia numeru NIE, dokument potwierdzaj\u0105cy kupno lub sprzeda\u017c nieruchomo\u015bci [&hellip;]<\/p>\n","protected":false},"author":1,"featured_media":445601,"parent":3296,"menu_order":0,"comment_status":"closed","ping_status":"closed","template":"","meta":{"_acf_changed":false,"footnotes":""},"class_list":["post-5049","page","type-page","status-publish","has-post-thumbnail","hentry"],"acf":[],"yoast_head":"<!-- This site is optimized with the Yoast SEO plugin v27.4 - https:\/\/yoast.com\/product\/yoast-seo-wordpress\/ -->\n<title>Dokumenty przy zakupie nieruchomo\u015bci na Teneryfie (Wyspy Kanaryjskie, Hiszpania)<\/title>\n<meta name=\"description\" content=\"Jakie dokumenty b\u0119d\u0105 potrzebne przy zakupie domu na Teneryfie (Wyspy Kanaryjskie)? Szczeg\u00f3\u0142owy przewodnik od agencji nieruchomo\u015bci VYM Canarias.\" \/>\n<meta name=\"robots\" content=\"index, follow, max-snippet:-1, max-image-preview:large, max-video-preview:-1\" \/>\n<link rel=\"canonical\" href=\"https:\/\/tenerifecenter.com\/pl\/info\/dokumenty\/\" \/>\n<meta property=\"og:locale\" content=\"pl_PL\" \/>\n<meta property=\"og:type\" content=\"article\" \/>\n<meta property=\"og:title\" content=\"Dokumenty przy zakupie nieruchomo\u015bci na Teneryfie (Wyspy Kanaryjskie, Hiszpania)\" \/>\n<meta property=\"og:description\" content=\"Jakie dokumenty b\u0119d\u0105 potrzebne przy zakupie domu na Teneryfie (Wyspy Kanaryjskie)? Szczeg\u00f3\u0142owy przewodnik od agencji nieruchomo\u015bci VYM Canarias.\" \/>\n<meta property=\"og:url\" content=\"https:\/\/tenerifecenter.com\/pl\/info\/dokumenty\/\" \/>\n<meta property=\"og:site_name\" content=\"VYM Canarias\" \/>\n<meta property=\"article:publisher\" content=\"https:\/\/www.facebook.com\/vym.canarias\" \/>\n<meta property=\"article:modified_time\" content=\"2023-03-13T17:29:37+00:00\" \/>\n<meta property=\"og:image\" content=\"https:\/\/tenerifecenter.com\/wp-content\/uploads\/2023\/03\/vym-canarias-office-2.jpeg\" \/>\n\t<meta property=\"og:image:width\" content=\"1920\" \/>\n\t<meta property=\"og:image:height\" content=\"350\" \/>\n\t<meta property=\"og:image:type\" content=\"image\/jpeg\" \/>\n<meta name=\"twitter:card\" content=\"summary_large_image\" \/>\n<meta name=\"twitter:label1\" content=\"Szacowany czas czytania\" \/>\n\t<meta name=\"twitter:data1\" content=\"1 minuta\" \/>\n<script type=\"application\/ld+json\" class=\"yoast-schema-graph\">{\"@context\":\"https:\\\/\\\/schema.org\",\"@graph\":[{\"@type\":\"WebPage\",\"@id\":\"https:\\\/\\\/tenerifecenter.com\\\/pl\\\/info\\\/dokumenty\\\/\",\"url\":\"https:\\\/\\\/tenerifecenter.com\\\/pl\\\/info\\\/dokumenty\\\/\",\"name\":\"Dokumenty przy zakupie nieruchomo\u015bci na Teneryfie (Wyspy Kanaryjskie, Hiszpania)\",\"isPartOf\":{\"@id\":\"https:\\\/\\\/tenerifecenter.com\\\/pl\\\/#website\"},\"primaryImageOfPage\":{\"@id\":\"https:\\\/\\\/tenerifecenter.com\\\/pl\\\/info\\\/dokumenty\\\/#primaryimage\"},\"image\":{\"@id\":\"https:\\\/\\\/tenerifecenter.com\\\/pl\\\/info\\\/dokumenty\\\/#primaryimage\"},\"thumbnailUrl\":\"https:\\\/\\\/tenerifecenter.com\\\/wp-content\\\/uploads\\\/2023\\\/03\\\/vym-canarias-office-2.jpeg\",\"datePublished\":\"2019-10-29T21:06:12+00:00\",\"dateModified\":\"2023-03-13T17:29:37+00:00\",\"description\":\"Jakie dokumenty b\u0119d\u0105 potrzebne przy zakupie domu na Teneryfie (Wyspy Kanaryjskie)? Szczeg\u00f3\u0142owy przewodnik od agencji nieruchomo\u015bci VYM Canarias.\",\"breadcrumb\":{\"@id\":\"https:\\\/\\\/tenerifecenter.com\\\/pl\\\/info\\\/dokumenty\\\/#breadcrumb\"},\"inLanguage\":\"pl-PL\",\"potentialAction\":[{\"@type\":\"ReadAction\",\"target\":[\"https:\\\/\\\/tenerifecenter.com\\\/pl\\\/info\\\/dokumenty\\\/\"]}]},{\"@type\":\"ImageObject\",\"inLanguage\":\"pl-PL\",\"@id\":\"https:\\\/\\\/tenerifecenter.com\\\/pl\\\/info\\\/dokumenty\\\/#primaryimage\",\"url\":\"https:\\\/\\\/tenerifecenter.com\\\/wp-content\\\/uploads\\\/2023\\\/03\\\/vym-canarias-office-2.jpeg\",\"contentUrl\":\"https:\\\/\\\/tenerifecenter.com\\\/wp-content\\\/uploads\\\/2023\\\/03\\\/vym-canarias-office-2.jpeg\",\"width\":1920,\"height\":350},{\"@type\":\"BreadcrumbList\",\"@id\":\"https:\\\/\\\/tenerifecenter.com\\\/pl\\\/info\\\/dokumenty\\\/#breadcrumb\",\"itemListElement\":[{\"@type\":\"ListItem\",\"position\":1,\"name\":\"Home\",\"item\":\"https:\\\/\\\/tenerifecenter.com\\\/pl\\\/\"},{\"@type\":\"ListItem\",\"position\":2,\"name\":\"Informacja\",\"item\":\"https:\\\/\\\/tenerifecenter.com\\\/pl\\\/info\\\/\"},{\"@type\":\"ListItem\",\"position\":3,\"name\":\"Dokumenty\"}]},{\"@type\":\"WebSite\",\"@id\":\"https:\\\/\\\/tenerifecenter.com\\\/pl\\\/#website\",\"url\":\"https:\\\/\\\/tenerifecenter.com\\\/pl\\\/\",\"name\":\"VYM Canarias\",\"description\":\"Real Estate - Tenerife\",\"potentialAction\":[{\"@type\":\"SearchAction\",\"target\":{\"@type\":\"EntryPoint\",\"urlTemplate\":\"https:\\\/\\\/tenerifecenter.com\\\/pl\\\/?s={search_term_string}\"},\"query-input\":{\"@type\":\"PropertyValueSpecification\",\"valueRequired\":true,\"valueName\":\"search_term_string\"}}],\"inLanguage\":\"pl-PL\"}]}<\/script>\n<!-- \/ Yoast SEO plugin. -->","yoast_head_json":{"title":"Dokumenty przy zakupie nieruchomo\u015bci na Teneryfie (Wyspy Kanaryjskie, Hiszpania)","description":"Jakie dokumenty b\u0119d\u0105 potrzebne przy zakupie domu na Teneryfie (Wyspy Kanaryjskie)? Szczeg\u00f3\u0142owy przewodnik od agencji nieruchomo\u015bci VYM Canarias.","robots":{"index":"index","follow":"follow","max-snippet":"max-snippet:-1","max-image-preview":"max-image-preview:large","max-video-preview":"max-video-preview:-1"},"canonical":"https:\/\/tenerifecenter.com\/pl\/info\/dokumenty\/","og_locale":"pl_PL","og_type":"article","og_title":"Dokumenty przy zakupie nieruchomo\u015bci na Teneryfie (Wyspy Kanaryjskie, Hiszpania)","og_description":"Jakie dokumenty b\u0119d\u0105 potrzebne przy zakupie domu na Teneryfie (Wyspy Kanaryjskie)? Szczeg\u00f3\u0142owy przewodnik od agencji nieruchomo\u015bci VYM Canarias.","og_url":"https:\/\/tenerifecenter.com\/pl\/info\/dokumenty\/","og_site_name":"VYM Canarias","article_publisher":"https:\/\/www.facebook.com\/vym.canarias","article_modified_time":"2023-03-13T17:29:37+00:00","og_image":[{"width":1920,"height":350,"url":"https:\/\/tenerifecenter.com\/wp-content\/uploads\/2023\/03\/vym-canarias-office-2.jpeg","type":"image\/jpeg"}],"twitter_card":"summary_large_image","twitter_misc":{"Szacowany czas czytania":"1 minuta"},"schema":{"@context":"https:\/\/schema.org","@graph":[{"@type":"WebPage","@id":"https:\/\/tenerifecenter.com\/pl\/info\/dokumenty\/","url":"https:\/\/tenerifecenter.com\/pl\/info\/dokumenty\/","name":"Dokumenty przy zakupie nieruchomo\u015bci na Teneryfie (Wyspy Kanaryjskie, Hiszpania)","isPartOf":{"@id":"https:\/\/tenerifecenter.com\/pl\/#website"},"primaryImageOfPage":{"@id":"https:\/\/tenerifecenter.com\/pl\/info\/dokumenty\/#primaryimage"},"image":{"@id":"https:\/\/tenerifecenter.com\/pl\/info\/dokumenty\/#primaryimage"},"thumbnailUrl":"https:\/\/tenerifecenter.com\/wp-content\/uploads\/2023\/03\/vym-canarias-office-2.jpeg","datePublished":"2019-10-29T21:06:12+00:00","dateModified":"2023-03-13T17:29:37+00:00","description":"Jakie dokumenty b\u0119d\u0105 potrzebne przy zakupie domu na Teneryfie (Wyspy Kanaryjskie)? Szczeg\u00f3\u0142owy przewodnik od agencji nieruchomo\u015bci VYM Canarias.","breadcrumb":{"@id":"https:\/\/tenerifecenter.com\/pl\/info\/dokumenty\/#breadcrumb"},"inLanguage":"pl-PL","potentialAction":[{"@type":"ReadAction","target":["https:\/\/tenerifecenter.com\/pl\/info\/dokumenty\/"]}]},{"@type":"ImageObject","inLanguage":"pl-PL","@id":"https:\/\/tenerifecenter.com\/pl\/info\/dokumenty\/#primaryimage","url":"https:\/\/tenerifecenter.com\/wp-content\/uploads\/2023\/03\/vym-canarias-office-2.jpeg","contentUrl":"https:\/\/tenerifecenter.com\/wp-content\/uploads\/2023\/03\/vym-canarias-office-2.jpeg","width":1920,"height":350},{"@type":"BreadcrumbList","@id":"https:\/\/tenerifecenter.com\/pl\/info\/dokumenty\/#breadcrumb","itemListElement":[{"@type":"ListItem","position":1,"name":"Home","item":"https:\/\/tenerifecenter.com\/pl\/"},{"@type":"ListItem","position":2,"name":"Informacja","item":"https:\/\/tenerifecenter.com\/pl\/info\/"},{"@type":"ListItem","position":3,"name":"Dokumenty"}]},{"@type":"WebSite","@id":"https:\/\/tenerifecenter.com\/pl\/#website","url":"https:\/\/tenerifecenter.com\/pl\/","name":"VYM Canarias","description":"Real Estate - Tenerife","potentialAction":[{"@type":"SearchAction","target":{"@type":"EntryPoint","urlTemplate":"https:\/\/tenerifecenter.com\/pl\/?s={search_term_string}"},"query-input":{"@type":"PropertyValueSpecification","valueRequired":true,"valueName":"search_term_string"}}],"inLanguage":"pl-PL"}]}},"_links":{"self":[{"href":"https:\/\/tenerifecenter.com\/pl\/wp-json\/wp\/v2\/pages\/5049","targetHints":{"allow":["GET"]}}],"collection":[{"href":"https:\/\/tenerifecenter.com\/pl\/wp-json\/wp\/v2\/pages"}],"about":[{"href":"https:\/\/tenerifecenter.com\/pl\/wp-json\/wp\/v2\/types\/page"}],"author":[{"embeddable":true,"href":"https:\/\/tenerifecenter.com\/pl\/wp-json\/wp\/v2\/users\/1"}],"replies":[{"embeddable":true,"href":"https:\/\/tenerifecenter.com\/pl\/wp-json\/wp\/v2\/comments?post=5049"}],"version-history":[{"count":0,"href":"https:\/\/tenerifecenter.com\/pl\/wp-json\/wp\/v2\/pages\/5049\/revisions"}],"up":[{"embeddable":true,"href":"https:\/\/tenerifecenter.com\/pl\/wp-json\/wp\/v2\/pages\/3296"}],"wp:featuredmedia":[{"embeddable":true,"href":"https:\/\/tenerifecenter.com\/pl\/wp-json\/wp\/v2\/media\/445601"}],"wp:attachment":[{"href":"https:\/\/tenerifecenter.com\/pl\/wp-json\/wp\/v2\/media?parent=5049"}],"curies":[{"name":"wp","href":"https:\/\/api.w.org\/{rel}","templated":true}]}}