{"id":5037,"date":"2019-10-29T21:04:15","date_gmt":"2019-10-29T21:04:15","guid":{"rendered":"https:\/\/tenerifecenter.dev-evocode.net\/?page_id=5037"},"modified":"2023-03-13T17:26:21","modified_gmt":"2023-03-13T17:26:21","slug":"rejestracja-nieruchomosci","status":"publish","type":"page","link":"https:\/\/tenerifecenter.com\/pl\/info\/rejestracja-nieruchomosci\/","title":{"rendered":"Rejestracja nieruchomo\u015bci"},"content":{"rendered":"<p>\r\n  Prawo hiszpa\u0144skie pozwala na zakup nieruchomo\u015bci tak\u017ce nierezydentom kraju.\r\n  Gama wyboru nieruchomo\u015bci jest ogromna, i dlatego tak wa\u017cne jest to, aby wybra\u0107 odpowiedni\u0105 nieruchomo\u015b\u0107,\r\n  kt\u00f3ra spe\u0142nia wszystkie wymagania i preferencje klienta.\r\n<\/p>\r\n\r\n<h2>Kupno nieruchomo\u015bci krok-po-kroku:<\/h2>\r\n\r\n<ol>\r\n  <li>\r\n    Wyb\u00f3r nieruchomo\u015bci jest pierwszym, najwa\u017cniejszym krokiem.\r\n    Zesp\u00f3\u0142 Vym Canarias ch\u0119tnie pomo\u017ce Ci wybra\u0107 najlepsz\u0105 opcj\u0119, kt\u00f3ra spe\u0142ni wszystkie twoje oczekiwania.\r\n  <\/li>\r\n  <li>\r\n    Rezerwacja nieruchomo\u015bci \u2013 po wyborze idealnego domu, nale\u017cy podpisa\u0107 prywatn\u0105 umow\u0119,\r\n    kt\u00f3ra zastrzega wszelkie prawa do nieruchomo\u015bci a nast\u0119pnie nale\u017cy zap\u0142aci\u0107 ustalon\u0105 w kontrakcie kaucj\u0119,\r\n    kt\u00f3ra w dalszym ci\u0105gu transakcji zostanie odci\u0105gni\u0119ta od ca\u0142kowitej ceny zakupu.\r\n  <\/li>\r\n  <li>\r\n    Otwarcie hiszpa\u0144skiego konta bankowego.\r\n  <\/li>\r\n  <li>\r\n    Uzyskanie numeru NIE, o kt\u00f3ry trzeba wyst\u0105pi\u0107 najbli\u017cszym, miejscowym komisariacie.\r\n  <\/li>\r\n  <li>\r\n    Podpisanie aktu notarialnego \u2013 akta podpisywane s\u0105 przez sprzedaj\u0105cego i kupuj\u0105cego przed notariuszem.\r\n    Jest to r\u00f3wnie\u017c moment, w kt\u00f3rym zazwyczaj przekazywany jest czek oraz klucze do nieruchomo\u015bci.\r\n    Jeszcze w tym samym dniu po podpisaniu umowy aktu publicznego, notariusz za pomoc\u0105 drogi elektronicznej wysy\u0142a informacj\u0119 o Rejestru,\r\n    kt\u00f3ry wpisuj\u0119 transakcj\u0119 do Ksi\u0119gi Wieczystej.\r\n  <\/li>\r\n  <li>\r\n    Ostateczny krok, to zmiana oraz rejestracja wszystkich rachunk\u00f3w za media oraz zap\u0142ata podatk\u00f3w w imieniu nowego nabywcy.\r\n  <\/li>\r\n<\/ol>\r\n\r\n<h2>Koszta i op\u0142aty prawne:<\/h2>\r\n\r\n<table>\r\n  <thead>\r\n    <tr>\r\n      <th>\r\n        <p><\/p>\r\n      <\/th>\r\n      <th>\r\n        <p>Nowa nieruchomo\u015b\u0107<\/p>\r\n      <\/th>\r\n      <th>\r\n        <p>Istniej\u0105ca nieruchomo\u015b\u0107<\/p>\r\n      <\/th>\r\n    <\/tr>\r\n  <\/thead>\r\n\r\n  <tbody>\r\n    <tr>\r\n      <th>\r\n        <p>Bez kredytu<\/p>\r\n      <\/th>\r\n      <td>\r\n        <p>*IGIC \u2013 <strong>7%<\/strong><\/p>\r\n        <p>*Notariusz i rejestracja w przybli\u017ceniu 2000\u20ac<\/p>\r\n        <p>*podatek od zakupu nieruchomo\u015b\u0107i \u2014 1%<\/p>\r\n      <\/td>\r\n      <td>\r\n        <p>*podatek od zakupu nieruchomo\u015bci \u2014 6,5%<\/p>\r\n        <p>*Notariusz i rejestracja w przybli\u017ceniu 2000\u20ac<\/p>\r\n      <\/td>\r\n    <\/tr>\r\n    <tr>\r\n      <th>\r\n        <p>Z kredytem<\/p>\r\n      <\/th>\r\n      <td>\r\n        <p>*IGIC \u2013 <strong>7%<\/strong><\/p>\r\n        <p>*Notariusz i rejestracja w przybli\u017ceniu 2000\u20ac<\/p>\r\n        <p>Prowizja dla Banku za otwarcie hipoteki \u2014 1%<\/p>\r\n        <p>Bank oferuje \u2013 ubezpieczenie na \u017cycie, ubezpieczenie domu, <br>\r\n          fundusze \/ depozyty, wycen\u0119 nieruchomo\u015bci<\/p>\r\n        <p>podatek od zakupu nieruchomo\u015bci \u2013 1%<\/p>\r\n      <\/td>\r\n      <td>\r\n        <p>*podatek od zakupu nieruchomo\u015bci \u2013 6.5%<\/p>\r\n        <p>*Notariusz i rejestracja w przybli\u017ceniu 2000\u20ac<\/p>\r\n        <p>Prowizja dla Banku za otwarcie hipoteki \u2014 1%<\/p>\r\n        <p>Bank oferuje \u2013 ubezpieczenie na \u017cycie, ubezpieczenie domu, <br>\r\n          fundusze \/ depozyty, wycen\u0119 nieruchomo\u015bci<\/p>\r\n      <\/td>\r\n    <\/tr>\r\n  <\/tbody>\r\n<\/table>\r\n\r\n<p>Opis nieruchomo\u015bci ma charakter orientacyjny i mo\u017ce r\u00f3\u017cni\u0107 si\u0119 niekt\u00f3rymi danymi.<\/p>","protected":false},"excerpt":{"rendered":"<p>Prawo hiszpa\u0144skie pozwala na zakup nieruchomo\u015bci tak\u017ce nierezydentom kraju. Gama wyboru nieruchomo\u015bci jest ogromna, i dlatego tak wa\u017cne jest to, aby wybra\u0107 odpowiedni\u0105 nieruchomo\u015b\u0107, kt\u00f3ra spe\u0142nia wszystkie wymagania i preferencje klienta. Kupno nieruchomo\u015bci krok-po-kroku: Wyb\u00f3r nieruchomo\u015bci jest pierwszym, najwa\u017cniejszym krokiem. Zesp\u00f3\u0142 Vym Canarias ch\u0119tnie pomo\u017ce Ci wybra\u0107 najlepsz\u0105 opcj\u0119, kt\u00f3ra spe\u0142ni wszystkie twoje oczekiwania. Rezerwacja [&hellip;]<\/p>\n","protected":false},"author":1,"featured_media":445601,"parent":3296,"menu_order":0,"comment_status":"closed","ping_status":"closed","template":"","meta":{"_acf_changed":false,"footnotes":""},"class_list":["post-5037","page","type-page","status-publish","has-post-thumbnail","hentry"],"acf":[],"yoast_head":"<!-- This site is optimized with the Yoast SEO plugin v27.4 - https:\/\/yoast.com\/product\/yoast-seo-wordpress\/ -->\n<title>Procedura rejestracji transakcji dotycz\u0105cych nieruchomo\u015bci na Teneryfie<\/title>\n<meta name=\"description\" content=\"Planujesz kupi\u0107 nieruchomo\u015b\u0107 na Teneryfie (Hiszpania)? Procedura przetwarzania transakcji: instrukcje z VYM Canarias. Etapy zakupu, podatki i op\u0142aty.\" \/>\n<meta name=\"robots\" content=\"index, follow, max-snippet:-1, max-image-preview:large, max-video-preview:-1\" \/>\n<link rel=\"canonical\" href=\"https:\/\/tenerifecenter.com\/pl\/info\/rejestracja-nieruchomosci\/\" \/>\n<meta property=\"og:locale\" content=\"pl_PL\" \/>\n<meta property=\"og:type\" content=\"article\" \/>\n<meta property=\"og:title\" content=\"Procedura rejestracji transakcji dotycz\u0105cych nieruchomo\u015bci na Teneryfie\" \/>\n<meta property=\"og:description\" content=\"Planujesz kupi\u0107 nieruchomo\u015b\u0107 na Teneryfie (Hiszpania)? Procedura przetwarzania transakcji: instrukcje z VYM Canarias. Etapy zakupu, podatki i op\u0142aty.\" \/>\n<meta property=\"og:url\" content=\"https:\/\/tenerifecenter.com\/pl\/info\/rejestracja-nieruchomosci\/\" \/>\n<meta property=\"og:site_name\" content=\"VYM Canarias\" \/>\n<meta property=\"article:publisher\" content=\"https:\/\/www.facebook.com\/vym.canarias\" \/>\n<meta property=\"article:modified_time\" content=\"2023-03-13T17:26:21+00:00\" \/>\n<meta property=\"og:image\" content=\"https:\/\/tenerifecenter.com\/wp-content\/uploads\/2023\/03\/vym-canarias-office-2.jpeg\" \/>\n\t<meta property=\"og:image:width\" content=\"1920\" \/>\n\t<meta property=\"og:image:height\" content=\"350\" \/>\n\t<meta property=\"og:image:type\" content=\"image\/jpeg\" \/>\n<meta name=\"twitter:card\" content=\"summary_large_image\" \/>\n<meta name=\"twitter:label1\" content=\"Szacowany czas czytania\" \/>\n\t<meta name=\"twitter:data1\" content=\"2 minuty\" \/>\n<script type=\"application\/ld+json\" class=\"yoast-schema-graph\">{\"@context\":\"https:\\\/\\\/schema.org\",\"@graph\":[{\"@type\":\"WebPage\",\"@id\":\"https:\\\/\\\/tenerifecenter.com\\\/pl\\\/info\\\/rejestracja-nieruchomosci\\\/\",\"url\":\"https:\\\/\\\/tenerifecenter.com\\\/pl\\\/info\\\/rejestracja-nieruchomosci\\\/\",\"name\":\"Procedura rejestracji transakcji dotycz\u0105cych nieruchomo\u015bci na Teneryfie\",\"isPartOf\":{\"@id\":\"https:\\\/\\\/tenerifecenter.com\\\/pl\\\/#website\"},\"primaryImageOfPage\":{\"@id\":\"https:\\\/\\\/tenerifecenter.com\\\/pl\\\/info\\\/rejestracja-nieruchomosci\\\/#primaryimage\"},\"image\":{\"@id\":\"https:\\\/\\\/tenerifecenter.com\\\/pl\\\/info\\\/rejestracja-nieruchomosci\\\/#primaryimage\"},\"thumbnailUrl\":\"https:\\\/\\\/tenerifecenter.com\\\/wp-content\\\/uploads\\\/2023\\\/03\\\/vym-canarias-office-2.jpeg\",\"datePublished\":\"2019-10-29T21:04:15+00:00\",\"dateModified\":\"2023-03-13T17:26:21+00:00\",\"description\":\"Planujesz kupi\u0107 nieruchomo\u015b\u0107 na Teneryfie (Hiszpania)? Procedura przetwarzania transakcji: instrukcje z VYM Canarias. Etapy zakupu, podatki i op\u0142aty.\",\"breadcrumb\":{\"@id\":\"https:\\\/\\\/tenerifecenter.com\\\/pl\\\/info\\\/rejestracja-nieruchomosci\\\/#breadcrumb\"},\"inLanguage\":\"pl-PL\",\"potentialAction\":[{\"@type\":\"ReadAction\",\"target\":[\"https:\\\/\\\/tenerifecenter.com\\\/pl\\\/info\\\/rejestracja-nieruchomosci\\\/\"]}]},{\"@type\":\"ImageObject\",\"inLanguage\":\"pl-PL\",\"@id\":\"https:\\\/\\\/tenerifecenter.com\\\/pl\\\/info\\\/rejestracja-nieruchomosci\\\/#primaryimage\",\"url\":\"https:\\\/\\\/tenerifecenter.com\\\/wp-content\\\/uploads\\\/2023\\\/03\\\/vym-canarias-office-2.jpeg\",\"contentUrl\":\"https:\\\/\\\/tenerifecenter.com\\\/wp-content\\\/uploads\\\/2023\\\/03\\\/vym-canarias-office-2.jpeg\",\"width\":1920,\"height\":350},{\"@type\":\"BreadcrumbList\",\"@id\":\"https:\\\/\\\/tenerifecenter.com\\\/pl\\\/info\\\/rejestracja-nieruchomosci\\\/#breadcrumb\",\"itemListElement\":[{\"@type\":\"ListItem\",\"position\":1,\"name\":\"Home\",\"item\":\"https:\\\/\\\/tenerifecenter.com\\\/pl\\\/\"},{\"@type\":\"ListItem\",\"position\":2,\"name\":\"Informacja\",\"item\":\"https:\\\/\\\/tenerifecenter.com\\\/pl\\\/info\\\/\"},{\"@type\":\"ListItem\",\"position\":3,\"name\":\"Rejestracja nieruchomo\u015bci\"}]},{\"@type\":\"WebSite\",\"@id\":\"https:\\\/\\\/tenerifecenter.com\\\/pl\\\/#website\",\"url\":\"https:\\\/\\\/tenerifecenter.com\\\/pl\\\/\",\"name\":\"VYM Canarias\",\"description\":\"Real Estate - Tenerife\",\"potentialAction\":[{\"@type\":\"SearchAction\",\"target\":{\"@type\":\"EntryPoint\",\"urlTemplate\":\"https:\\\/\\\/tenerifecenter.com\\\/pl\\\/?s={search_term_string}\"},\"query-input\":{\"@type\":\"PropertyValueSpecification\",\"valueRequired\":true,\"valueName\":\"search_term_string\"}}],\"inLanguage\":\"pl-PL\"}]}<\/script>\n<!-- \/ Yoast SEO plugin. -->","yoast_head_json":{"title":"Procedura rejestracji transakcji dotycz\u0105cych nieruchomo\u015bci na Teneryfie","description":"Planujesz kupi\u0107 nieruchomo\u015b\u0107 na Teneryfie (Hiszpania)? Procedura przetwarzania transakcji: instrukcje z VYM Canarias. Etapy zakupu, podatki i op\u0142aty.","robots":{"index":"index","follow":"follow","max-snippet":"max-snippet:-1","max-image-preview":"max-image-preview:large","max-video-preview":"max-video-preview:-1"},"canonical":"https:\/\/tenerifecenter.com\/pl\/info\/rejestracja-nieruchomosci\/","og_locale":"pl_PL","og_type":"article","og_title":"Procedura rejestracji transakcji dotycz\u0105cych nieruchomo\u015bci na Teneryfie","og_description":"Planujesz kupi\u0107 nieruchomo\u015b\u0107 na Teneryfie (Hiszpania)? Procedura przetwarzania transakcji: instrukcje z VYM Canarias. Etapy zakupu, podatki i op\u0142aty.","og_url":"https:\/\/tenerifecenter.com\/pl\/info\/rejestracja-nieruchomosci\/","og_site_name":"VYM Canarias","article_publisher":"https:\/\/www.facebook.com\/vym.canarias","article_modified_time":"2023-03-13T17:26:21+00:00","og_image":[{"width":1920,"height":350,"url":"https:\/\/tenerifecenter.com\/wp-content\/uploads\/2023\/03\/vym-canarias-office-2.jpeg","type":"image\/jpeg"}],"twitter_card":"summary_large_image","twitter_misc":{"Szacowany czas czytania":"2 minuty"},"schema":{"@context":"https:\/\/schema.org","@graph":[{"@type":"WebPage","@id":"https:\/\/tenerifecenter.com\/pl\/info\/rejestracja-nieruchomosci\/","url":"https:\/\/tenerifecenter.com\/pl\/info\/rejestracja-nieruchomosci\/","name":"Procedura rejestracji transakcji dotycz\u0105cych nieruchomo\u015bci na Teneryfie","isPartOf":{"@id":"https:\/\/tenerifecenter.com\/pl\/#website"},"primaryImageOfPage":{"@id":"https:\/\/tenerifecenter.com\/pl\/info\/rejestracja-nieruchomosci\/#primaryimage"},"image":{"@id":"https:\/\/tenerifecenter.com\/pl\/info\/rejestracja-nieruchomosci\/#primaryimage"},"thumbnailUrl":"https:\/\/tenerifecenter.com\/wp-content\/uploads\/2023\/03\/vym-canarias-office-2.jpeg","datePublished":"2019-10-29T21:04:15+00:00","dateModified":"2023-03-13T17:26:21+00:00","description":"Planujesz kupi\u0107 nieruchomo\u015b\u0107 na Teneryfie (Hiszpania)? Procedura przetwarzania transakcji: instrukcje z VYM Canarias. Etapy zakupu, podatki i op\u0142aty.","breadcrumb":{"@id":"https:\/\/tenerifecenter.com\/pl\/info\/rejestracja-nieruchomosci\/#breadcrumb"},"inLanguage":"pl-PL","potentialAction":[{"@type":"ReadAction","target":["https:\/\/tenerifecenter.com\/pl\/info\/rejestracja-nieruchomosci\/"]}]},{"@type":"ImageObject","inLanguage":"pl-PL","@id":"https:\/\/tenerifecenter.com\/pl\/info\/rejestracja-nieruchomosci\/#primaryimage","url":"https:\/\/tenerifecenter.com\/wp-content\/uploads\/2023\/03\/vym-canarias-office-2.jpeg","contentUrl":"https:\/\/tenerifecenter.com\/wp-content\/uploads\/2023\/03\/vym-canarias-office-2.jpeg","width":1920,"height":350},{"@type":"BreadcrumbList","@id":"https:\/\/tenerifecenter.com\/pl\/info\/rejestracja-nieruchomosci\/#breadcrumb","itemListElement":[{"@type":"ListItem","position":1,"name":"Home","item":"https:\/\/tenerifecenter.com\/pl\/"},{"@type":"ListItem","position":2,"name":"Informacja","item":"https:\/\/tenerifecenter.com\/pl\/info\/"},{"@type":"ListItem","position":3,"name":"Rejestracja nieruchomo\u015bci"}]},{"@type":"WebSite","@id":"https:\/\/tenerifecenter.com\/pl\/#website","url":"https:\/\/tenerifecenter.com\/pl\/","name":"VYM Canarias","description":"Real Estate - Tenerife","potentialAction":[{"@type":"SearchAction","target":{"@type":"EntryPoint","urlTemplate":"https:\/\/tenerifecenter.com\/pl\/?s={search_term_string}"},"query-input":{"@type":"PropertyValueSpecification","valueRequired":true,"valueName":"search_term_string"}}],"inLanguage":"pl-PL"}]}},"_links":{"self":[{"href":"https:\/\/tenerifecenter.com\/pl\/wp-json\/wp\/v2\/pages\/5037","targetHints":{"allow":["GET"]}}],"collection":[{"href":"https:\/\/tenerifecenter.com\/pl\/wp-json\/wp\/v2\/pages"}],"about":[{"href":"https:\/\/tenerifecenter.com\/pl\/wp-json\/wp\/v2\/types\/page"}],"author":[{"embeddable":true,"href":"https:\/\/tenerifecenter.com\/pl\/wp-json\/wp\/v2\/users\/1"}],"replies":[{"embeddable":true,"href":"https:\/\/tenerifecenter.com\/pl\/wp-json\/wp\/v2\/comments?post=5037"}],"version-history":[{"count":0,"href":"https:\/\/tenerifecenter.com\/pl\/wp-json\/wp\/v2\/pages\/5037\/revisions"}],"up":[{"embeddable":true,"href":"https:\/\/tenerifecenter.com\/pl\/wp-json\/wp\/v2\/pages\/3296"}],"wp:featuredmedia":[{"embeddable":true,"href":"https:\/\/tenerifecenter.com\/pl\/wp-json\/wp\/v2\/media\/445601"}],"wp:attachment":[{"href":"https:\/\/tenerifecenter.com\/pl\/wp-json\/wp\/v2\/media?parent=5037"}],"curies":[{"name":"wp","href":"https:\/\/api.w.org\/{rel}","templated":true}]}}