{"id":3271,"date":"2019-07-21T18:37:16","date_gmt":"2019-07-21T18:37:16","guid":{"rendered":"http:\/\/vym-wp.local\/services\/legal-services\/"},"modified":"2021-04-10T12:01:08","modified_gmt":"2021-04-10T12:01:08","slug":"wsparcie-prawne","status":"publish","type":"page","link":"https:\/\/tenerifecenter.com\/pl\/uslugi\/wsparcie-prawne\/","title":{"rendered":"Wsparcie prawne"},"content":{"rendered":"<p>Zastanawiasz si\u0119 o <b>zakupie nieruchomo\u015bci na Teneryfie<\/b>? Ju\u017c zdecydowa\u0142e\u015b i szukasz opcji? Znalaz\u0142e\u015b to, co Ci si\u0119 podoba, ale nie jeste\u015b pewien co do prawnej czysto\u015bci obiektu? Pomo\u017cemy Ci na ka\u017cdym etapie przygotowa\u0144 do zakupu i zapewnimy pe\u0142n\u0105 prawn\u0105 obs\u0142ug\u0119 transakcji.<\/p>\r\n\r\n<h2>Konsultacje dotycz\u0105ce procesu zakupu nieruchomo\u015bci w Hiszpanii<\/h2>\r\n\r\n<p>Podczas konsultacji prawnej poznasz zasady rejestracji transakcji dotycz\u0105cej nieruchomo\u015bci w Hiszpanii. Poinformujemy Ci\u0119 o niezb\u0119dnych dokumentach, prawach i obowi\u0105zkach <b> w\u0142a\u015bciciela nieruchomo\u015bci na Teneryfie <\/b>, podatkach oraz procedurze uzyskania <b> kredytu hipotecznego w Hiszpanii <\/b>. Mo\u017cesz przyj\u015b\u0107 na spotkanie z prawnikiem w jednej z <a href=\"\/pl\/kontakt\/\"> naszych kancelarii<\/a> lub zam\u00f3wi\u0107 konsultacj\u0119 telefoniczn\u0105.<\/p>\r\n\r\n<h2>Pomoc przy rejestracji NIE i otwarciu konta bankowego<\/h2>\r\n\r\n<p>Mo\u017cesz <a href=\"\/pl\/sale\/\">kupi\u0107 nieruchomo\u015b\u0107 w Hiszpanii<\/a> tylko wtedy, gdy masz NIE (numer podatkowy cudzoziemca) i konto w hiszpa\u0144skim banku. Pomo\u017cemy Ci uzyska\u0107 NIE i otworzy\u0107 konto bankowe.<\/p>\r\n\r\n<h2>Analiza prawna i niezale\u017cna wycena nieruchomo\u015bci<\/h2>\r\n\r\n<p>Aby upewni\u0107 si\u0119, \u017ce transakcja jest czysta, sprawdzamy obiekt pod k\u0105tem d\u0142ug\u00f3w i obci\u0105\u017ce\u0144, por\u00f3wnujemy rzeczywiste informacje z tymi, kt\u00f3re znajduj\u0105 si\u0119 w rejestrze nieruchomo\u015bci oraz sprawdzamy legalno\u015b\u0107 przedmiotu. Prowadzimy r\u00f3wnie\u017c niezale\u017cn\u0105 wycen\u0119 nieruchomo\u015bci oraz wystawiamy ekspertyz\u0119 dotycz\u0105c\u0105 warto\u015bci nieruchomo\u015bci.<\/p>\r\n\r\n<h2>Przygotowanie dokument\u00f3w do realizacji transakcji<\/h2>\r\n\r\n<ul>\r\n  <li>Sporz\u0105dzamy przedwst\u0119pn\u0105 umow\u0119 sprzeda\u017cy<\/li>\r\n  <li>Organizujemy transakcj\u0119 u notariusza z udzia\u0142em t\u0142umacza<\/li>\r\n  <li>Towarzyszymy przy transakcji, doradzamy w procesie i jeste\u015bmy obecni przy podpisywaniu aktu<\/li>\r\n<\/ul>\r\n\r\n<h2>Us\u0142ugi zarz\u0105dzania nieruchomo\u015bciami<\/h2>\r\n\r\n<p>Oferujemy szeroki zakres us\u0142ug zarz\u0105dzania nieruchomo\u015bci\u0105 : od pomocy z op\u0142acaniem podatk\u00f3w i rachunk\u00f3w do <a href=\"\/pl\/rent\/\">wynajmu mieszkania<\/a>. Teneryfa, podobnie jak wsz\u0119dzie indziej, ma swoj\u0105 w\u0142asn\u0105 charakterystyk\u0119 rynku wynajmu. Znajomo\u015b\u0107 niuans\u00f3w rynkowych i zawi\u0142o\u015bci prawodawstwa regionalnego chroni przed ryzykownymi decyzjami.<\/p>\r\n\r\n<p>Zaufaj profesjonalistom, a Twoja nieruchomo\u015b\u0107 przyniesie Ci sta\u0142y doch\u00f3d.<\/p>\r\n","protected":false},"excerpt":{"rendered":"<p>Zastanawiasz si\u0119 o zakupie nieruchomo\u015bci na Teneryfie? Ju\u017c zdecydowa\u0142e\u015b i szukasz opcji? Znalaz\u0142e\u015b to, co Ci si\u0119 podoba, ale nie jeste\u015b pewien co do prawnej czysto\u015bci obiektu? Pomo\u017cemy Ci na ka\u017cdym etapie przygotowa\u0144 do zakupu i zapewnimy pe\u0142n\u0105 prawn\u0105 obs\u0142ug\u0119 transakcji. Konsultacje dotycz\u0105ce procesu zakupu nieruchomo\u015bci w Hiszpanii Podczas konsultacji prawnej poznasz zasady rejestracji transakcji [&hellip;]<\/p>\n","protected":false},"author":1,"featured_media":445601,"parent":619,"menu_order":0,"comment_status":"closed","ping_status":"closed","template":"","meta":{"_acf_changed":false,"footnotes":""},"class_list":["post-3271","page","type-page","status-publish","has-post-thumbnail","hentry"],"acf":[],"yoast_head":"<!-- This site is optimized with the Yoast SEO plugin v27.3 - https:\/\/yoast.com\/product\/yoast-seo-wordpress\/ -->\n<title>Us\u0142ugi prawne nieruchomo\u015bci na Teneryfie - VYM Canarias<\/title>\n<meta name=\"description\" content=\"Jak kupi\u0107 mieszkanie na Teneryfie (Wyspy Kanaryjskie) i chroni\u0107 si\u0119? Pomoc prawnik\u00f3w: dokumenty, ekspertyza, zarz\u0105dzanie nieruchomo\u015bciami.\" \/>\n<meta name=\"robots\" content=\"index, follow, max-snippet:-1, max-image-preview:large, max-video-preview:-1\" \/>\n<link rel=\"canonical\" href=\"https:\/\/tenerifecenter.com\/pl\/uslugi\/wsparcie-prawne\/\" \/>\n<meta property=\"og:locale\" content=\"pl_PL\" \/>\n<meta property=\"og:type\" content=\"article\" \/>\n<meta property=\"og:title\" content=\"Us\u0142ugi prawne nieruchomo\u015bci na Teneryfie - VYM Canarias\" \/>\n<meta property=\"og:description\" content=\"Jak kupi\u0107 mieszkanie na Teneryfie (Wyspy Kanaryjskie) i chroni\u0107 si\u0119? Pomoc prawnik\u00f3w: dokumenty, ekspertyza, zarz\u0105dzanie nieruchomo\u015bciami.\" \/>\n<meta property=\"og:url\" content=\"https:\/\/tenerifecenter.com\/pl\/uslugi\/wsparcie-prawne\/\" \/>\n<meta property=\"og:site_name\" content=\"VYM Canarias\" \/>\n<meta property=\"article:publisher\" content=\"https:\/\/www.facebook.com\/vym.canarias\" \/>\n<meta property=\"article:modified_time\" content=\"2021-04-10T12:01:08+00:00\" \/>\n<meta property=\"og:image\" content=\"https:\/\/tenerifecenter.com\/wp-content\/uploads\/2019\/09\/vym-canarias-office-1.jpg\" \/>\n\t<meta property=\"og:image:width\" content=\"1920\" \/>\n\t<meta property=\"og:image:height\" content=\"350\" \/>\n\t<meta property=\"og:image:type\" content=\"image\/jpeg\" \/>\n<meta name=\"twitter:card\" content=\"summary_large_image\" \/>\n<meta name=\"twitter:label1\" content=\"Szacowany czas czytania\" \/>\n\t<meta name=\"twitter:data1\" content=\"2 minuty\" \/>\n<script type=\"application\/ld+json\" class=\"yoast-schema-graph\">{\"@context\":\"https:\\\/\\\/schema.org\",\"@graph\":[{\"@type\":\"WebPage\",\"@id\":\"https:\\\/\\\/tenerifecenter.com\\\/pl\\\/uslugi\\\/wsparcie-prawne\\\/\",\"url\":\"https:\\\/\\\/tenerifecenter.com\\\/pl\\\/uslugi\\\/wsparcie-prawne\\\/\",\"name\":\"Us\u0142ugi prawne nieruchomo\u015bci na Teneryfie - VYM Canarias\",\"isPartOf\":{\"@id\":\"https:\\\/\\\/tenerifecenter.com\\\/pl\\\/#website\"},\"primaryImageOfPage\":{\"@id\":\"https:\\\/\\\/tenerifecenter.com\\\/pl\\\/uslugi\\\/wsparcie-prawne\\\/#primaryimage\"},\"image\":{\"@id\":\"https:\\\/\\\/tenerifecenter.com\\\/pl\\\/uslugi\\\/wsparcie-prawne\\\/#primaryimage\"},\"thumbnailUrl\":\"https:\\\/\\\/tenerifecenter.com\\\/wp-content\\\/uploads\\\/2023\\\/03\\\/vym-canarias-office-2.jpeg\",\"datePublished\":\"2019-07-21T18:37:16+00:00\",\"dateModified\":\"2021-04-10T12:01:08+00:00\",\"description\":\"Jak kupi\u0107 mieszkanie na Teneryfie (Wyspy Kanaryjskie) i chroni\u0107 si\u0119? Pomoc prawnik\u00f3w: dokumenty, ekspertyza, zarz\u0105dzanie nieruchomo\u015bciami.\",\"breadcrumb\":{\"@id\":\"https:\\\/\\\/tenerifecenter.com\\\/pl\\\/uslugi\\\/wsparcie-prawne\\\/#breadcrumb\"},\"inLanguage\":\"pl-PL\",\"potentialAction\":[{\"@type\":\"ReadAction\",\"target\":[\"https:\\\/\\\/tenerifecenter.com\\\/pl\\\/uslugi\\\/wsparcie-prawne\\\/\"]}]},{\"@type\":\"ImageObject\",\"inLanguage\":\"pl-PL\",\"@id\":\"https:\\\/\\\/tenerifecenter.com\\\/pl\\\/uslugi\\\/wsparcie-prawne\\\/#primaryimage\",\"url\":\"https:\\\/\\\/tenerifecenter.com\\\/wp-content\\\/uploads\\\/2023\\\/03\\\/vym-canarias-office-2.jpeg\",\"contentUrl\":\"https:\\\/\\\/tenerifecenter.com\\\/wp-content\\\/uploads\\\/2023\\\/03\\\/vym-canarias-office-2.jpeg\",\"width\":1920,\"height\":350},{\"@type\":\"BreadcrumbList\",\"@id\":\"https:\\\/\\\/tenerifecenter.com\\\/pl\\\/uslugi\\\/wsparcie-prawne\\\/#breadcrumb\",\"itemListElement\":[{\"@type\":\"ListItem\",\"position\":1,\"name\":\"Home\",\"item\":\"https:\\\/\\\/tenerifecenter.com\\\/pl\\\/\"},{\"@type\":\"ListItem\",\"position\":2,\"name\":\"Us\u0142ugi\",\"item\":\"https:\\\/\\\/tenerifecenter.com\\\/pl\\\/uslugi\\\/\"},{\"@type\":\"ListItem\",\"position\":3,\"name\":\"Wsparcie prawne\"}]},{\"@type\":\"WebSite\",\"@id\":\"https:\\\/\\\/tenerifecenter.com\\\/pl\\\/#website\",\"url\":\"https:\\\/\\\/tenerifecenter.com\\\/pl\\\/\",\"name\":\"VYM Canarias\",\"description\":\"Real Estate - Tenerife\",\"potentialAction\":[{\"@type\":\"SearchAction\",\"target\":{\"@type\":\"EntryPoint\",\"urlTemplate\":\"https:\\\/\\\/tenerifecenter.com\\\/pl\\\/?s={search_term_string}\"},\"query-input\":{\"@type\":\"PropertyValueSpecification\",\"valueRequired\":true,\"valueName\":\"search_term_string\"}}],\"inLanguage\":\"pl-PL\"}]}<\/script>\n<!-- \/ Yoast SEO plugin. -->","yoast_head_json":{"title":"Us\u0142ugi prawne nieruchomo\u015bci na Teneryfie - VYM Canarias","description":"Jak kupi\u0107 mieszkanie na Teneryfie (Wyspy Kanaryjskie) i chroni\u0107 si\u0119? Pomoc prawnik\u00f3w: dokumenty, ekspertyza, zarz\u0105dzanie nieruchomo\u015bciami.","robots":{"index":"index","follow":"follow","max-snippet":"max-snippet:-1","max-image-preview":"max-image-preview:large","max-video-preview":"max-video-preview:-1"},"canonical":"https:\/\/tenerifecenter.com\/pl\/uslugi\/wsparcie-prawne\/","og_locale":"pl_PL","og_type":"article","og_title":"Us\u0142ugi prawne nieruchomo\u015bci na Teneryfie - VYM Canarias","og_description":"Jak kupi\u0107 mieszkanie na Teneryfie (Wyspy Kanaryjskie) i chroni\u0107 si\u0119? Pomoc prawnik\u00f3w: dokumenty, ekspertyza, zarz\u0105dzanie nieruchomo\u015bciami.","og_url":"https:\/\/tenerifecenter.com\/pl\/uslugi\/wsparcie-prawne\/","og_site_name":"VYM Canarias","article_publisher":"https:\/\/www.facebook.com\/vym.canarias","article_modified_time":"2021-04-10T12:01:08+00:00","og_image":[{"width":1920,"height":350,"url":"https:\/\/tenerifecenter.com\/wp-content\/uploads\/2019\/09\/vym-canarias-office-1.jpg","type":"image\/jpeg"}],"twitter_card":"summary_large_image","twitter_misc":{"Szacowany czas czytania":"2 minuty"},"schema":{"@context":"https:\/\/schema.org","@graph":[{"@type":"WebPage","@id":"https:\/\/tenerifecenter.com\/pl\/uslugi\/wsparcie-prawne\/","url":"https:\/\/tenerifecenter.com\/pl\/uslugi\/wsparcie-prawne\/","name":"Us\u0142ugi prawne nieruchomo\u015bci na Teneryfie - VYM Canarias","isPartOf":{"@id":"https:\/\/tenerifecenter.com\/pl\/#website"},"primaryImageOfPage":{"@id":"https:\/\/tenerifecenter.com\/pl\/uslugi\/wsparcie-prawne\/#primaryimage"},"image":{"@id":"https:\/\/tenerifecenter.com\/pl\/uslugi\/wsparcie-prawne\/#primaryimage"},"thumbnailUrl":"https:\/\/tenerifecenter.com\/wp-content\/uploads\/2023\/03\/vym-canarias-office-2.jpeg","datePublished":"2019-07-21T18:37:16+00:00","dateModified":"2021-04-10T12:01:08+00:00","description":"Jak kupi\u0107 mieszkanie na Teneryfie (Wyspy Kanaryjskie) i chroni\u0107 si\u0119? Pomoc prawnik\u00f3w: dokumenty, ekspertyza, zarz\u0105dzanie nieruchomo\u015bciami.","breadcrumb":{"@id":"https:\/\/tenerifecenter.com\/pl\/uslugi\/wsparcie-prawne\/#breadcrumb"},"inLanguage":"pl-PL","potentialAction":[{"@type":"ReadAction","target":["https:\/\/tenerifecenter.com\/pl\/uslugi\/wsparcie-prawne\/"]}]},{"@type":"ImageObject","inLanguage":"pl-PL","@id":"https:\/\/tenerifecenter.com\/pl\/uslugi\/wsparcie-prawne\/#primaryimage","url":"https:\/\/tenerifecenter.com\/wp-content\/uploads\/2023\/03\/vym-canarias-office-2.jpeg","contentUrl":"https:\/\/tenerifecenter.com\/wp-content\/uploads\/2023\/03\/vym-canarias-office-2.jpeg","width":1920,"height":350},{"@type":"BreadcrumbList","@id":"https:\/\/tenerifecenter.com\/pl\/uslugi\/wsparcie-prawne\/#breadcrumb","itemListElement":[{"@type":"ListItem","position":1,"name":"Home","item":"https:\/\/tenerifecenter.com\/pl\/"},{"@type":"ListItem","position":2,"name":"Us\u0142ugi","item":"https:\/\/tenerifecenter.com\/pl\/uslugi\/"},{"@type":"ListItem","position":3,"name":"Wsparcie prawne"}]},{"@type":"WebSite","@id":"https:\/\/tenerifecenter.com\/pl\/#website","url":"https:\/\/tenerifecenter.com\/pl\/","name":"VYM Canarias","description":"Real Estate - Tenerife","potentialAction":[{"@type":"SearchAction","target":{"@type":"EntryPoint","urlTemplate":"https:\/\/tenerifecenter.com\/pl\/?s={search_term_string}"},"query-input":{"@type":"PropertyValueSpecification","valueRequired":true,"valueName":"search_term_string"}}],"inLanguage":"pl-PL"}]}},"_links":{"self":[{"href":"https:\/\/tenerifecenter.com\/pl\/wp-json\/wp\/v2\/pages\/3271","targetHints":{"allow":["GET"]}}],"collection":[{"href":"https:\/\/tenerifecenter.com\/pl\/wp-json\/wp\/v2\/pages"}],"about":[{"href":"https:\/\/tenerifecenter.com\/pl\/wp-json\/wp\/v2\/types\/page"}],"author":[{"embeddable":true,"href":"https:\/\/tenerifecenter.com\/pl\/wp-json\/wp\/v2\/users\/1"}],"replies":[{"embeddable":true,"href":"https:\/\/tenerifecenter.com\/pl\/wp-json\/wp\/v2\/comments?post=3271"}],"version-history":[{"count":0,"href":"https:\/\/tenerifecenter.com\/pl\/wp-json\/wp\/v2\/pages\/3271\/revisions"}],"up":[{"embeddable":true,"href":"https:\/\/tenerifecenter.com\/pl\/wp-json\/wp\/v2\/pages\/619"}],"wp:featuredmedia":[{"embeddable":true,"href":"https:\/\/tenerifecenter.com\/pl\/wp-json\/wp\/v2\/media\/445601"}],"wp:attachment":[{"href":"https:\/\/tenerifecenter.com\/pl\/wp-json\/wp\/v2\/media?parent=3271"}],"curies":[{"name":"wp","href":"https:\/\/api.w.org\/{rel}","templated":true}]}}