{"id":3168,"date":"2019-07-27T19:37:43","date_gmt":"2019-07-27T19:37:43","guid":{"rendered":"http:\/\/vym-wp.local\/about-us\/about-company\/"},"modified":"2023-09-25T14:21:55","modified_gmt":"2023-09-25T14:21:55","slug":"o-firmie","status":"publish","type":"page","link":"https:\/\/tenerifecenter.com\/pl\/o-firmie\/","title":{"rendered":"O firmie"},"content":{"rendered":"<p class=\"mb-40\">Vym Canarias to jedna z najwi\u0119kszych agencji nieruchomo\u015bci na po\u0142udniowym wybrze\u017cu Teneryfy. Dzia\u0142amy od 2010 roku i specjalizujemy si\u0119 w <b>sprzeda\u017cy nieruchomo\u015bci mieszkalnych i komercyjnych<\/b> na Teneryfie: apartament\u00f3w, kamienic, willi i dzia\u0142ek, a tak\u017ce lokali biurowych i handlowych.<\/p>\r\n\r\n<div class=\"row mb-30\">\r\n<iframe loading=\"lazy\" width=\"100%\" height=\"425\" src=\"https:\/\/www.youtube.com\/embed\/C7xNhgxodZQ\" frameborder=\"0\" allow=\"accelerometer; autoplay; encrypted-media; gyroscope; picture-in-picture\" allowfullscreen><\/iframe>\r\n<\/div>\r\n\r\n<h2>Nasza praca<\/h2>\r\n\r\n<p>Pomagamy klientom znale\u017a\u0107 idealny dom na Teneryfie. Firma wsp\u00f3\u0142pracuje ze wszystkimi profesjonalnymi agencjami nieruchomo\u015bci na wyspie i ma dost\u0119p do najwi\u0119kszej bazy danych nieruchomo\u015bci na Wyspach Kanaryjskich.<\/p>\r\n\r\n<p>Nasza g\u0142\u00f3wna warto\u015b\u0107 &#8211; to reputacja, dlatego wsp\u00f3\u0142pracujemy tylko z renomowanymi prawnikami i notariuszami. Nasze obiekty przechodz\u0105 profesjonaln\u0105 weryfikacj\u0119, co pozwala nam zagwarantowa\u0107 ich prawnicz\u0105 czysto\u015b\u0107.<\/p>\r\n\r\n<p>Pomagamy w sporz\u0105dzaniu dokument\u00f3w dotycz\u0105cych zakupu nieruchomo\u015bci, a tak\u017ce w za\u0142atwianiu hipotek, zapewniamy obs\u0142ug\u0119 prawn\u0105 transakcji oraz zajmujemy si\u0119 obs\u0142ug\u0105 posprzeda\u017cow\u0105 klient\u00f3w.<\/p>\r\n\r\n<h2>Why Vym Canarias<\/h2>\r\n\r\n<p>It is convenient and profitable to work with us:<\/p>\r\n\r\n<ul>\r\n  <li>We guarantee the purity of the transaction.<\/li>\r\n  <li>We work openly and inform customers about all the details of the transaction.<\/li>\r\n  <li>We have the largest selection of real estate.<\/li>\r\n  <li>Posiadamy biura na Teneryfie oraz w Alicante zlokalizowane w g\u0142\u00f3wnych rejonach kurortu.<\/li>\r\n  <li>Our staff speak 9 languages.<\/li>\r\n<\/ul>\r\n\r\n<p>The real estate market in Spain is our professional environment. <a href=\"\/\">Vym Canarias<\/a> participates in international real estate exhibitions in various countries. We help our clients navigate new trends and changes in legislation.<\/p>\r\n\r\n<p>Our task is stability and phased development.<\/p>\r\n\r\n<p>Our mission is to find you a house in the Canaries. Calmly. Reliable. Joyfully.<\/p>\r\n\r\n<table>\r\n  <thead>\r\n    <th><\/th>\r\n    <th><\/th>\r\n  <\/thead>\r\n  <tbody>\r\n    <tr>\r\n      <td valign=\"top\">\r\n        <img decoding=\"async\" src=\"\/wp-content\/uploads\/2020\/02\/CEST.jpg\" alt=\"\" width=\"125\">\r\n      <\/td>\r\n      <td>\r\n        <h6>CEST<\/h6>\r\n        <p>El Circulo de Empresarios y Profesionales del Sur de Tenerife (CEST) es una asociacion multisectorial sin animo de lucro compuesta por empresas y profesionales establecidos en el Sur de Tenerife o que tienen intereses y relaciones comerciales en esta Comarca.<\/p>\r\n      <\/td>\r\n    <\/tr>\r\n    <tr>\r\n      <td valign=\"top\">\r\n        <img decoding=\"async\" src=\"\/wp-content\/uploads\/2020\/02\/TSREA-logo.jpeg\" alt=\"\" width=\"125\">\r\n      <\/td>\r\n      <td>\r\n        <h6>TSREA<\/h6>\r\n        <p>Tenerife South Real Estate Asociaci\u00f3n nace por la iniciativa de un amplio grupo de expertos del sector inmobiliario, que han decidido aunar sus a\u00f1os de experiencia y profesionalidad, para crear una red de Agencias Inmobiliarias.<\/p>\r\n      <\/td>\r\n    <\/tr>\r\n    <tr>\r\n      <td valign=\"top\">\r\n        <img decoding=\"async\" src=\"\/wp-content\/uploads\/2020\/02\/Fast-1.jpg\" alt=\"\" width=\"125\">\r\n      <\/td>\r\n      <td>\r\n        <h6>FAST<\/h6>\r\n        <p>FAST La Asociaci\u00f3n Foro de Amigos del Sur de Tenerife perseguir\u00e1 fines de inter\u00e9s general para la comarca del sur de Tenerife, de car\u00e1cter social, cultural, deportivo, medioambiental, educativo, y de promoci\u00f3n tur\u00edstica.<\/p>\r\n      <\/td>\r\n    <\/tr>\r\n    <tr>\r\n      <td valign=\"top\">\r\n        <img decoding=\"async\" src=\"\/wp-content\/uploads\/2020\/02\/FEPECO-logo.jpeg\" alt=\"\" width=\"125\">\r\n      <\/td>\r\n      <td>\r\n        <h6>FEPECO<\/h6>\r\n        <p>FEPECO Federaci\u00f3n Provincial de Entidades de la Construcci\u00f3n de Santa Cruz de Tenerife.<\/p>\r\n      <\/td>\r\n    <\/tr>\r\n    <tr>\r\n      <td valign=\"top\">\r\n        <img decoding=\"async\" src=\"\/wp-content\/uploads\/2020\/02\/Expertos.jpg\" alt=\"\" width=\"125\">\r\n      <\/td>\r\n      <td>\r\n        <h6>EXPERTOS INMOBILIARIOS<\/h6>\r\n        <p>EXPERTOS INMOBILIARIOS: es una asociaci\u00f3n que agrupa a profesionales y empresarios del Sector Inmobiliario y se halla implantada en todo el territorio nacional. Se trata de una asociaci\u00f3n sin \u00e1nimo de lucro, debidamente inscrita en el Ministerio de Trabajo con el n\u00famero 4507.<\/p>\r\n      <\/td>\r\n    <\/tr>\r\n  <\/tbody>\r\n<\/table>\r\n","protected":false},"excerpt":{"rendered":"<p>Vym Canarias to jedna z najwi\u0119kszych agencji nieruchomo\u015bci na po\u0142udniowym wybrze\u017cu Teneryfy. Dzia\u0142amy od 2010 roku i specjalizujemy si\u0119 w sprzeda\u017cy nieruchomo\u015bci mieszkalnych i komercyjnych na Teneryfie: apartament\u00f3w, kamienic, willi i dzia\u0142ek, a tak\u017ce lokali biurowych i handlowych. Nasza praca Pomagamy klientom znale\u017a\u0107 idealny dom na Teneryfie. Firma wsp\u00f3\u0142pracuje ze wszystkimi profesjonalnymi agencjami nieruchomo\u015bci na [&hellip;]<\/p>\n","protected":false},"author":1,"featured_media":445601,"parent":0,"menu_order":0,"comment_status":"closed","ping_status":"closed","template":"","meta":{"_acf_changed":false,"footnotes":""},"class_list":["post-3168","page","type-page","status-publish","has-post-thumbnail","hentry"],"acf":[],"yoast_head":"<!-- This site is optimized with the Yoast SEO plugin v27.4 - https:\/\/yoast.com\/product\/yoast-seo-wordpress\/ -->\n<title>O agencji nieruchomo\u015bci Vym Canarias<\/title>\n<meta name=\"description\" content=\"Kim jeste\u015bmy O agencji nieruchomo\u015bci Vym Canarias. Pomagamy w zakupie mieszka\u0144 na Teneryfie (Wyspy Kanaryjskie, Hiszpania): nienaganna reputacja od 2010 roku.\" \/>\n<meta name=\"robots\" content=\"index, follow, max-snippet:-1, max-image-preview:large, max-video-preview:-1\" \/>\n<link rel=\"canonical\" href=\"https:\/\/tenerifecenter.com\/pl\/o-firmie\/\" \/>\n<meta property=\"og:locale\" content=\"pl_PL\" \/>\n<meta property=\"og:type\" content=\"article\" \/>\n<meta property=\"og:title\" content=\"O agencji nieruchomo\u015bci Vym Canarias\" \/>\n<meta property=\"og:description\" content=\"Kim jeste\u015bmy O agencji nieruchomo\u015bci Vym Canarias. Pomagamy w zakupie mieszka\u0144 na Teneryfie (Wyspy Kanaryjskie, Hiszpania): nienaganna reputacja od 2010 roku.\" \/>\n<meta property=\"og:url\" content=\"https:\/\/tenerifecenter.com\/pl\/o-firmie\/\" \/>\n<meta property=\"og:site_name\" content=\"VYM Canarias\" \/>\n<meta property=\"article:publisher\" content=\"https:\/\/www.facebook.com\/vym.canarias\" \/>\n<meta property=\"article:modified_time\" content=\"2023-09-25T14:21:55+00:00\" \/>\n<meta property=\"og:image\" content=\"https:\/\/tenerifecenter.com\/wp-content\/uploads\/2023\/03\/vym-canarias-office-2.jpeg\" \/>\n\t<meta property=\"og:image:width\" content=\"1920\" \/>\n\t<meta property=\"og:image:height\" content=\"350\" \/>\n\t<meta property=\"og:image:type\" content=\"image\/jpeg\" \/>\n<meta name=\"twitter:card\" content=\"summary_large_image\" \/>\n<meta name=\"twitter:label1\" content=\"Szacowany czas czytania\" \/>\n\t<meta name=\"twitter:data1\" content=\"4 minuty\" \/>\n<script type=\"application\/ld+json\" class=\"yoast-schema-graph\">{\"@context\":\"https:\\\/\\\/schema.org\",\"@graph\":[{\"@type\":\"WebPage\",\"@id\":\"https:\\\/\\\/tenerifecenter.com\\\/pl\\\/o-firmie\\\/\",\"url\":\"https:\\\/\\\/tenerifecenter.com\\\/pl\\\/o-firmie\\\/\",\"name\":\"O agencji nieruchomo\u015bci Vym Canarias\",\"isPartOf\":{\"@id\":\"https:\\\/\\\/tenerifecenter.com\\\/pl\\\/#website\"},\"primaryImageOfPage\":{\"@id\":\"https:\\\/\\\/tenerifecenter.com\\\/pl\\\/o-firmie\\\/#primaryimage\"},\"image\":{\"@id\":\"https:\\\/\\\/tenerifecenter.com\\\/pl\\\/o-firmie\\\/#primaryimage\"},\"thumbnailUrl\":\"https:\\\/\\\/tenerifecenter.com\\\/wp-content\\\/uploads\\\/2023\\\/03\\\/vym-canarias-office-2.jpeg\",\"datePublished\":\"2019-07-27T19:37:43+00:00\",\"dateModified\":\"2023-09-25T14:21:55+00:00\",\"description\":\"Kim jeste\u015bmy O agencji nieruchomo\u015bci Vym Canarias. Pomagamy w zakupie mieszka\u0144 na Teneryfie (Wyspy Kanaryjskie, Hiszpania): nienaganna reputacja od 2010 roku.\",\"breadcrumb\":{\"@id\":\"https:\\\/\\\/tenerifecenter.com\\\/pl\\\/o-firmie\\\/#breadcrumb\"},\"inLanguage\":\"pl-PL\",\"potentialAction\":[{\"@type\":\"ReadAction\",\"target\":[\"https:\\\/\\\/tenerifecenter.com\\\/pl\\\/o-firmie\\\/\"]}]},{\"@type\":\"ImageObject\",\"inLanguage\":\"pl-PL\",\"@id\":\"https:\\\/\\\/tenerifecenter.com\\\/pl\\\/o-firmie\\\/#primaryimage\",\"url\":\"https:\\\/\\\/tenerifecenter.com\\\/wp-content\\\/uploads\\\/2023\\\/03\\\/vym-canarias-office-2.jpeg\",\"contentUrl\":\"https:\\\/\\\/tenerifecenter.com\\\/wp-content\\\/uploads\\\/2023\\\/03\\\/vym-canarias-office-2.jpeg\",\"width\":1920,\"height\":350},{\"@type\":\"BreadcrumbList\",\"@id\":\"https:\\\/\\\/tenerifecenter.com\\\/pl\\\/o-firmie\\\/#breadcrumb\",\"itemListElement\":[{\"@type\":\"ListItem\",\"position\":1,\"name\":\"Home\",\"item\":\"https:\\\/\\\/tenerifecenter.com\\\/pl\\\/\"},{\"@type\":\"ListItem\",\"position\":2,\"name\":\"O firmie\"}]},{\"@type\":\"WebSite\",\"@id\":\"https:\\\/\\\/tenerifecenter.com\\\/pl\\\/#website\",\"url\":\"https:\\\/\\\/tenerifecenter.com\\\/pl\\\/\",\"name\":\"VYM Canarias\",\"description\":\"Real Estate - Tenerife\",\"potentialAction\":[{\"@type\":\"SearchAction\",\"target\":{\"@type\":\"EntryPoint\",\"urlTemplate\":\"https:\\\/\\\/tenerifecenter.com\\\/pl\\\/?s={search_term_string}\"},\"query-input\":{\"@type\":\"PropertyValueSpecification\",\"valueRequired\":true,\"valueName\":\"search_term_string\"}}],\"inLanguage\":\"pl-PL\"}]}<\/script>\n<!-- \/ Yoast SEO plugin. -->","yoast_head_json":{"title":"O agencji nieruchomo\u015bci Vym Canarias","description":"Kim jeste\u015bmy O agencji nieruchomo\u015bci Vym Canarias. Pomagamy w zakupie mieszka\u0144 na Teneryfie (Wyspy Kanaryjskie, Hiszpania): nienaganna reputacja od 2010 roku.","robots":{"index":"index","follow":"follow","max-snippet":"max-snippet:-1","max-image-preview":"max-image-preview:large","max-video-preview":"max-video-preview:-1"},"canonical":"https:\/\/tenerifecenter.com\/pl\/o-firmie\/","og_locale":"pl_PL","og_type":"article","og_title":"O agencji nieruchomo\u015bci Vym Canarias","og_description":"Kim jeste\u015bmy O agencji nieruchomo\u015bci Vym Canarias. Pomagamy w zakupie mieszka\u0144 na Teneryfie (Wyspy Kanaryjskie, Hiszpania): nienaganna reputacja od 2010 roku.","og_url":"https:\/\/tenerifecenter.com\/pl\/o-firmie\/","og_site_name":"VYM Canarias","article_publisher":"https:\/\/www.facebook.com\/vym.canarias","article_modified_time":"2023-09-25T14:21:55+00:00","og_image":[{"width":1920,"height":350,"url":"https:\/\/tenerifecenter.com\/wp-content\/uploads\/2023\/03\/vym-canarias-office-2.jpeg","type":"image\/jpeg"}],"twitter_card":"summary_large_image","twitter_misc":{"Szacowany czas czytania":"4 minuty"},"schema":{"@context":"https:\/\/schema.org","@graph":[{"@type":"WebPage","@id":"https:\/\/tenerifecenter.com\/pl\/o-firmie\/","url":"https:\/\/tenerifecenter.com\/pl\/o-firmie\/","name":"O agencji nieruchomo\u015bci Vym Canarias","isPartOf":{"@id":"https:\/\/tenerifecenter.com\/pl\/#website"},"primaryImageOfPage":{"@id":"https:\/\/tenerifecenter.com\/pl\/o-firmie\/#primaryimage"},"image":{"@id":"https:\/\/tenerifecenter.com\/pl\/o-firmie\/#primaryimage"},"thumbnailUrl":"https:\/\/tenerifecenter.com\/wp-content\/uploads\/2023\/03\/vym-canarias-office-2.jpeg","datePublished":"2019-07-27T19:37:43+00:00","dateModified":"2023-09-25T14:21:55+00:00","description":"Kim jeste\u015bmy O agencji nieruchomo\u015bci Vym Canarias. Pomagamy w zakupie mieszka\u0144 na Teneryfie (Wyspy Kanaryjskie, Hiszpania): nienaganna reputacja od 2010 roku.","breadcrumb":{"@id":"https:\/\/tenerifecenter.com\/pl\/o-firmie\/#breadcrumb"},"inLanguage":"pl-PL","potentialAction":[{"@type":"ReadAction","target":["https:\/\/tenerifecenter.com\/pl\/o-firmie\/"]}]},{"@type":"ImageObject","inLanguage":"pl-PL","@id":"https:\/\/tenerifecenter.com\/pl\/o-firmie\/#primaryimage","url":"https:\/\/tenerifecenter.com\/wp-content\/uploads\/2023\/03\/vym-canarias-office-2.jpeg","contentUrl":"https:\/\/tenerifecenter.com\/wp-content\/uploads\/2023\/03\/vym-canarias-office-2.jpeg","width":1920,"height":350},{"@type":"BreadcrumbList","@id":"https:\/\/tenerifecenter.com\/pl\/o-firmie\/#breadcrumb","itemListElement":[{"@type":"ListItem","position":1,"name":"Home","item":"https:\/\/tenerifecenter.com\/pl\/"},{"@type":"ListItem","position":2,"name":"O firmie"}]},{"@type":"WebSite","@id":"https:\/\/tenerifecenter.com\/pl\/#website","url":"https:\/\/tenerifecenter.com\/pl\/","name":"VYM Canarias","description":"Real Estate - Tenerife","potentialAction":[{"@type":"SearchAction","target":{"@type":"EntryPoint","urlTemplate":"https:\/\/tenerifecenter.com\/pl\/?s={search_term_string}"},"query-input":{"@type":"PropertyValueSpecification","valueRequired":true,"valueName":"search_term_string"}}],"inLanguage":"pl-PL"}]}},"_links":{"self":[{"href":"https:\/\/tenerifecenter.com\/pl\/wp-json\/wp\/v2\/pages\/3168","targetHints":{"allow":["GET"]}}],"collection":[{"href":"https:\/\/tenerifecenter.com\/pl\/wp-json\/wp\/v2\/pages"}],"about":[{"href":"https:\/\/tenerifecenter.com\/pl\/wp-json\/wp\/v2\/types\/page"}],"author":[{"embeddable":true,"href":"https:\/\/tenerifecenter.com\/pl\/wp-json\/wp\/v2\/users\/1"}],"replies":[{"embeddable":true,"href":"https:\/\/tenerifecenter.com\/pl\/wp-json\/wp\/v2\/comments?post=3168"}],"version-history":[{"count":0,"href":"https:\/\/tenerifecenter.com\/pl\/wp-json\/wp\/v2\/pages\/3168\/revisions"}],"wp:featuredmedia":[{"embeddable":true,"href":"https:\/\/tenerifecenter.com\/pl\/wp-json\/wp\/v2\/media\/445601"}],"wp:attachment":[{"href":"https:\/\/tenerifecenter.com\/pl\/wp-json\/wp\/v2\/media?parent=3168"}],"curies":[{"name":"wp","href":"https:\/\/api.w.org\/{rel}","templated":true}]}}