{"id":10253,"date":"2019-11-03T14:30:17","date_gmt":"2019-11-03T14:30:17","guid":{"rendered":"https:\/\/tenerifecenter.dev-evocode.net\/?page_id=10253"},"modified":"2023-03-13T19:32:30","modified_gmt":"2023-03-13T19:32:30","slug":"galeria","status":"publish","type":"page","link":"https:\/\/tenerifecenter.com\/pl\/galeria\/","title":{"rendered":"Galeria"},"content":{"rendered":"","protected":false},"excerpt":{"rendered":"","protected":false},"author":1,"featured_media":445601,"parent":0,"menu_order":0,"comment_status":"closed","ping_status":"closed","template":"template-pages\/gallery.php","meta":{"_acf_changed":false,"footnotes":""},"class_list":["post-10253","page","type-page","status-publish","has-post-thumbnail","hentry"],"acf":[],"yoast_head":"<!-- This site is optimized with the Yoast SEO plugin v27.3 - https:\/\/yoast.com\/product\/yoast-seo-wordpress\/ -->\n<title>VYM Canarias Real Estate Agency Galeria zdj\u0119\u0107<\/title>\n<meta name=\"description\" content=\"T\u0119tni\u0105ce \u017cyciem codzienne biuro nieruchomo\u015bci VYM Canarias w naszej galerii zdj\u0119\u0107: w jaki spos\u00f3b pomagamy klientom w zakupie wymarzonego domu na Teneryfie.\" \/>\n<meta name=\"robots\" content=\"index, follow, max-snippet:-1, max-image-preview:large, max-video-preview:-1\" \/>\n<link rel=\"canonical\" href=\"https:\/\/tenerifecenter.com\/pl\/galeria\/\" \/>\n<meta property=\"og:locale\" content=\"pl_PL\" \/>\n<meta property=\"og:type\" content=\"article\" \/>\n<meta property=\"og:title\" content=\"VYM Canarias Real Estate Agency Galeria zdj\u0119\u0107\" \/>\n<meta property=\"og:description\" content=\"T\u0119tni\u0105ce \u017cyciem codzienne biuro nieruchomo\u015bci VYM Canarias w naszej galerii zdj\u0119\u0107: w jaki spos\u00f3b pomagamy klientom w zakupie wymarzonego domu na Teneryfie.\" \/>\n<meta property=\"og:url\" content=\"https:\/\/tenerifecenter.com\/pl\/galeria\/\" \/>\n<meta property=\"og:site_name\" content=\"VYM Canarias\" \/>\n<meta property=\"article:publisher\" content=\"https:\/\/www.facebook.com\/vym.canarias\" \/>\n<meta property=\"article:modified_time\" content=\"2023-03-13T19:32:30+00:00\" \/>\n<meta property=\"og:image\" content=\"https:\/\/tenerifecenter.com\/wp-content\/uploads\/2023\/03\/vym-canarias-office-2.jpeg\" \/>\n\t<meta property=\"og:image:width\" content=\"1920\" \/>\n\t<meta property=\"og:image:height\" content=\"350\" \/>\n\t<meta property=\"og:image:type\" content=\"image\/jpeg\" \/>\n<meta name=\"twitter:card\" content=\"summary_large_image\" \/>\n<script type=\"application\/ld+json\" class=\"yoast-schema-graph\">{\"@context\":\"https:\\\/\\\/schema.org\",\"@graph\":[{\"@type\":\"WebPage\",\"@id\":\"https:\\\/\\\/tenerifecenter.com\\\/pl\\\/galeria\\\/\",\"url\":\"https:\\\/\\\/tenerifecenter.com\\\/pl\\\/galeria\\\/\",\"name\":\"VYM Canarias Real Estate Agency Galeria zdj\u0119\u0107\",\"isPartOf\":{\"@id\":\"https:\\\/\\\/tenerifecenter.com\\\/pl\\\/#website\"},\"primaryImageOfPage\":{\"@id\":\"https:\\\/\\\/tenerifecenter.com\\\/pl\\\/galeria\\\/#primaryimage\"},\"image\":{\"@id\":\"https:\\\/\\\/tenerifecenter.com\\\/pl\\\/galeria\\\/#primaryimage\"},\"thumbnailUrl\":\"https:\\\/\\\/tenerifecenter.com\\\/wp-content\\\/uploads\\\/2023\\\/03\\\/vym-canarias-office-2.jpeg\",\"datePublished\":\"2019-11-03T14:30:17+00:00\",\"dateModified\":\"2023-03-13T19:32:30+00:00\",\"description\":\"T\u0119tni\u0105ce \u017cyciem codzienne biuro nieruchomo\u015bci VYM Canarias w naszej galerii zdj\u0119\u0107: w jaki spos\u00f3b pomagamy klientom w zakupie wymarzonego domu na Teneryfie.\",\"breadcrumb\":{\"@id\":\"https:\\\/\\\/tenerifecenter.com\\\/pl\\\/galeria\\\/#breadcrumb\"},\"inLanguage\":\"pl-PL\",\"potentialAction\":[{\"@type\":\"ReadAction\",\"target\":[\"https:\\\/\\\/tenerifecenter.com\\\/pl\\\/galeria\\\/\"]}]},{\"@type\":\"ImageObject\",\"inLanguage\":\"pl-PL\",\"@id\":\"https:\\\/\\\/tenerifecenter.com\\\/pl\\\/galeria\\\/#primaryimage\",\"url\":\"https:\\\/\\\/tenerifecenter.com\\\/wp-content\\\/uploads\\\/2023\\\/03\\\/vym-canarias-office-2.jpeg\",\"contentUrl\":\"https:\\\/\\\/tenerifecenter.com\\\/wp-content\\\/uploads\\\/2023\\\/03\\\/vym-canarias-office-2.jpeg\",\"width\":1920,\"height\":350},{\"@type\":\"BreadcrumbList\",\"@id\":\"https:\\\/\\\/tenerifecenter.com\\\/pl\\\/galeria\\\/#breadcrumb\",\"itemListElement\":[{\"@type\":\"ListItem\",\"position\":1,\"name\":\"Home\",\"item\":\"https:\\\/\\\/tenerifecenter.com\\\/pl\\\/\"},{\"@type\":\"ListItem\",\"position\":2,\"name\":\"Galeria\"}]},{\"@type\":\"WebSite\",\"@id\":\"https:\\\/\\\/tenerifecenter.com\\\/pl\\\/#website\",\"url\":\"https:\\\/\\\/tenerifecenter.com\\\/pl\\\/\",\"name\":\"VYM Canarias\",\"description\":\"Real Estate - Tenerife\",\"potentialAction\":[{\"@type\":\"SearchAction\",\"target\":{\"@type\":\"EntryPoint\",\"urlTemplate\":\"https:\\\/\\\/tenerifecenter.com\\\/pl\\\/?s={search_term_string}\"},\"query-input\":{\"@type\":\"PropertyValueSpecification\",\"valueRequired\":true,\"valueName\":\"search_term_string\"}}],\"inLanguage\":\"pl-PL\"}]}<\/script>\n<!-- \/ Yoast SEO plugin. -->","yoast_head_json":{"title":"VYM Canarias Real Estate Agency Galeria zdj\u0119\u0107","description":"T\u0119tni\u0105ce \u017cyciem codzienne biuro nieruchomo\u015bci VYM Canarias w naszej galerii zdj\u0119\u0107: w jaki spos\u00f3b pomagamy klientom w zakupie wymarzonego domu na Teneryfie.","robots":{"index":"index","follow":"follow","max-snippet":"max-snippet:-1","max-image-preview":"max-image-preview:large","max-video-preview":"max-video-preview:-1"},"canonical":"https:\/\/tenerifecenter.com\/pl\/galeria\/","og_locale":"pl_PL","og_type":"article","og_title":"VYM Canarias Real Estate Agency Galeria zdj\u0119\u0107","og_description":"T\u0119tni\u0105ce \u017cyciem codzienne biuro nieruchomo\u015bci VYM Canarias w naszej galerii zdj\u0119\u0107: w jaki spos\u00f3b pomagamy klientom w zakupie wymarzonego domu na Teneryfie.","og_url":"https:\/\/tenerifecenter.com\/pl\/galeria\/","og_site_name":"VYM Canarias","article_publisher":"https:\/\/www.facebook.com\/vym.canarias","article_modified_time":"2023-03-13T19:32:30+00:00","og_image":[{"width":1920,"height":350,"url":"https:\/\/tenerifecenter.com\/wp-content\/uploads\/2023\/03\/vym-canarias-office-2.jpeg","type":"image\/jpeg"}],"twitter_card":"summary_large_image","schema":{"@context":"https:\/\/schema.org","@graph":[{"@type":"WebPage","@id":"https:\/\/tenerifecenter.com\/pl\/galeria\/","url":"https:\/\/tenerifecenter.com\/pl\/galeria\/","name":"VYM Canarias Real Estate Agency Galeria zdj\u0119\u0107","isPartOf":{"@id":"https:\/\/tenerifecenter.com\/pl\/#website"},"primaryImageOfPage":{"@id":"https:\/\/tenerifecenter.com\/pl\/galeria\/#primaryimage"},"image":{"@id":"https:\/\/tenerifecenter.com\/pl\/galeria\/#primaryimage"},"thumbnailUrl":"https:\/\/tenerifecenter.com\/wp-content\/uploads\/2023\/03\/vym-canarias-office-2.jpeg","datePublished":"2019-11-03T14:30:17+00:00","dateModified":"2023-03-13T19:32:30+00:00","description":"T\u0119tni\u0105ce \u017cyciem codzienne biuro nieruchomo\u015bci VYM Canarias w naszej galerii zdj\u0119\u0107: w jaki spos\u00f3b pomagamy klientom w zakupie wymarzonego domu na Teneryfie.","breadcrumb":{"@id":"https:\/\/tenerifecenter.com\/pl\/galeria\/#breadcrumb"},"inLanguage":"pl-PL","potentialAction":[{"@type":"ReadAction","target":["https:\/\/tenerifecenter.com\/pl\/galeria\/"]}]},{"@type":"ImageObject","inLanguage":"pl-PL","@id":"https:\/\/tenerifecenter.com\/pl\/galeria\/#primaryimage","url":"https:\/\/tenerifecenter.com\/wp-content\/uploads\/2023\/03\/vym-canarias-office-2.jpeg","contentUrl":"https:\/\/tenerifecenter.com\/wp-content\/uploads\/2023\/03\/vym-canarias-office-2.jpeg","width":1920,"height":350},{"@type":"BreadcrumbList","@id":"https:\/\/tenerifecenter.com\/pl\/galeria\/#breadcrumb","itemListElement":[{"@type":"ListItem","position":1,"name":"Home","item":"https:\/\/tenerifecenter.com\/pl\/"},{"@type":"ListItem","position":2,"name":"Galeria"}]},{"@type":"WebSite","@id":"https:\/\/tenerifecenter.com\/pl\/#website","url":"https:\/\/tenerifecenter.com\/pl\/","name":"VYM Canarias","description":"Real Estate - Tenerife","potentialAction":[{"@type":"SearchAction","target":{"@type":"EntryPoint","urlTemplate":"https:\/\/tenerifecenter.com\/pl\/?s={search_term_string}"},"query-input":{"@type":"PropertyValueSpecification","valueRequired":true,"valueName":"search_term_string"}}],"inLanguage":"pl-PL"}]}},"_links":{"self":[{"href":"https:\/\/tenerifecenter.com\/pl\/wp-json\/wp\/v2\/pages\/10253","targetHints":{"allow":["GET"]}}],"collection":[{"href":"https:\/\/tenerifecenter.com\/pl\/wp-json\/wp\/v2\/pages"}],"about":[{"href":"https:\/\/tenerifecenter.com\/pl\/wp-json\/wp\/v2\/types\/page"}],"author":[{"embeddable":true,"href":"https:\/\/tenerifecenter.com\/pl\/wp-json\/wp\/v2\/users\/1"}],"replies":[{"embeddable":true,"href":"https:\/\/tenerifecenter.com\/pl\/wp-json\/wp\/v2\/comments?post=10253"}],"version-history":[{"count":0,"href":"https:\/\/tenerifecenter.com\/pl\/wp-json\/wp\/v2\/pages\/10253\/revisions"}],"wp:featuredmedia":[{"embeddable":true,"href":"https:\/\/tenerifecenter.com\/pl\/wp-json\/wp\/v2\/media\/445601"}],"wp:attachment":[{"href":"https:\/\/tenerifecenter.com\/pl\/wp-json\/wp\/v2\/media?parent=10253"}],"curies":[{"name":"wp","href":"https:\/\/api.w.org\/{rel}","templated":true}]}}