{"id":3301,"date":"2019-07-21T20:14:29","date_gmt":"2019-07-21T20:14:29","guid":{"rendered":"http:\/\/vym-wp.local\/info\/residence-permit-in-spain\/"},"modified":"2019-11-19T20:33:08","modified_gmt":"2019-11-19T20:33:08","slug":"permesso-di-soggiorno-in-spagna","status":"publish","type":"page","link":"https:\/\/tenerifecenter.com\/it\/info\/permesso-di-soggiorno-in-spagna\/","title":{"rendered":"Permesso di soggiorno in Spagna"},"content":{"rendered":"<p>Il diritto di ottenere un permesso di soggiorno in Spagna per gli stranieri \u00e8 regolato dalla legge 4\/2000 &#8220;Sui diritti e le libert\u00e0 degli stranieri in Spagna e la loro integrazione sociale&#8221;.<\/p>\r\n\r\n<p>La legge spagnola stabilisce diverse opzioni per ottenere un permesso di soggiorno. In questo articolo analizzeremo i motivi principali per cui \u00e8 possibile richiedere un permesso di soggiorno in Spagna.<\/p>\r\n\r\n<h2>Investimenti per il visto d&#8217;oro in Spagna<\/h2>\r\n\r\n<p>Nel 2013 \u00e8 stata approvata una legge in Spagna sul sostegno agli imprenditori grazie alla quale gli investitori stranieri hanno avuto l&#8217;opportunit\u00e0 non solo di investire nell&#8217;economia spagnola, ma anche di vivere e lavorare nel paese. La legge si applica alle seguenti categorie di investimento:<\/p>\r\n\r\n<ul>\r\n \t<li>investimenti in immobili residenziali o commerciali per un importo di 500.000 euro senza mutuo;<\/li>\r\n \t<li>versamento in una banca spagnola per 1.000.000 di euro;<\/li>\r\n \t<li>acquisto di azioni o contributo a fondi di investimento per un importo di 1.000.000 di euro;<\/li>\r\n \t<li>acquisto di titoli di stato per 2.000.000 di euro.<\/li>\r\n<\/ul>\r\n\r\n<p>Il permesso di soggiorno dell&#8217;investitore, nella vita quotidiana detto <b>&#8220;Visto d&#8217;oro&#8221;<\/b>, gli d\u00e0 il diritto di vivere e lavorare in Spagna per due anni. Alla fine di questo periodo, la residenza pu\u00f2 essere estesa. Il titolare di un visto per investitore pu\u00f2 anche aggiungere parenti stretti alla sua residenza: moglie \/ marito, figli, genitori, nipoti.<\/p>\r\n\r\n<p>Puoi richiedere un &#8220;visto d&#8217;oro&#8221; sia in Russia che in Spagna, a condizione che tu sia legalmente nel paese.<\/p>\r\n\r\n<h2>I principali documenti da richiedere per un visto per investitori presso un consolato nella Federazione Russa:<\/h2>\r\n\r\n<ul>\r\n \t<li>Passaporto straniero<\/li>\r\n \t<li>Passaporto interno di un cittadino della Federazione Russa<\/li>\r\n \t<li>Conferma dell&#8217;acquisto di immobili per un importo di 500 mila euro \/ o un documento a conferma della propriet\u00e0 di azioni \/ obbligazioni \/ investimenti in azioni.<\/li>\r\n \t<li>Conferma della disponibilit\u00e0 di fondi per l&#8217;alloggio nel conto in una banca spagnola.<\/li>\r\n \t<li>Assicurazione medica<\/li>\r\n \t<li>Certificato di autorizzazione della polizia con apostille<\/li>\r\n \t<li>Possono essere richiesti anche documenti fiscali e certificati di disponibilit\u00e0 di immobili al di fuori della Spagna.<\/li>\r\n<\/ul>\r\n\r\n<p>Per richiedere un &#8220;visto d&#8217;oro&#8221; in Spagna, oltre al pacchetto principale di documenti, \u00e8 necessario il <a href=\"\/#\/\">NIE<\/a>.<\/p>\r\n\r\n<h2>Vantaggi di un permesso di soggiorno per investitori o di un &#8220;visto d&#8217;oro&#8221;:<\/h2>\r\n\r\n<ul>\r\n \t<li>Possibilit\u00e0 di ottenere un permesso di soggiorno in Spagna<\/li>\r\n \t<li>Validit\u00e0 del &#8220;visto&#8221; &#8211; 2 anni, dopo di che pu\u00f2 essere prorogato per 5 anni<\/li>\r\n \t<li>Per estendere il permesso di soggiorno in futuro non \u00e8 necessario rimanere continuamente nel Paese per 183 giorni all&#8217;anno<\/li>\r\n \t<li>Mancanza di residenza fiscale in Spagna. Non \u00e8 necessario presentare una dichiarazione dei redditi in Spagna se si \u00e8 nel paese per meno di 183 giorni all&#8217;anno.<\/li>\r\n \t<li>Diritto al lavoro<\/li>\r\n<\/ul>\r\n\r\n<h2>Permesso di soggiorno per un imprenditore con diritto al lavoro <small class=\"block\">(permesso di soggiorno e di lavoro)<\/small><\/h2>\r\n\r\n<p>La stessa legge sugli investimenti offre agli stranieri l&#8217;opportunit\u00e0 di aprire un&#8217;attivit\u00e0 in proprio o di partecipare a un progetto imprenditoriale di interesse socioeconomico. I requisiti principali per ottenere il permesso di soggiorno di un imprenditore sono:<\/p>\r\n\r\n<ul>\r\n \t<li>Fornire un progetto commerciale dettagliato, un piano di finanziamento e un piano di sviluppo aziendale per i prossimi anni.<\/li>\r\n \t<li>Creazione di lavoro in Spagna.<\/li>\r\n \t<li>Potenziale per l&#8217;economia del paese in termini di innovazione e investimenti.<\/li>\r\n<\/ul>\r\n\r\n<p>Oltre al pacchetto principale di documenti, per ottenere il permesso di soggiorno di un imprenditore, \u00e8 necessario ottenere l&#8217;approvazione del progetto dal Ministero dell&#8217;Economia della Spagna.<\/p>\r\n\r\n<h2>Permesso di soggiorno senza diritto al lavoro <small class=\"block\">(permesso di soggiorno senza scopo di lucro)<\/small><\/h2>\r\n\r\n<p>L&#8217;acquisto di un immobile in Spagna consente di ottenere un permesso di soggiorno senza diritto al lavoro &#8211; Permesso di soggiorno senza scopo di lucro. Questa residenza viene rilasciata per un periodo di un anno, quindi viene prorogata due volte con un intervallo di due anni e al raggiungimento di cinque anni diventa permanente. \u00c8 possibile richiedere un permesso di soggiorno senza diritto al lavoro non solo dopo l&#8217;acquisto, ma anche nel caso di alloggi in affitto in Spagna. Un prerequisito per ottenere un permesso di soggiorno senza diritto al lavoro \u00e8 la conferma di solvibilit\u00e0. Il reddito minimo del richiedente deve essere almeno il 400% IPREM (costo della vita) pi\u00f9 il 100% IPREM per ogni membro della famiglia ogni mese. Nel 2019, l&#8217;indice IPREM \u00e8 di \u20ac 537,84.<\/p>\r\n\r\n<h2>Permesso di soggiorno per ricongiungimento familiare<\/h2>\r\n\r\n<p>Gli stranieri che hanno ottenuto un permesso di soggiorno in Spagna hanno il diritto di aggiungere familiari alla loro residenza. Pu\u00f2 essere un coniuge, figli, genitori e altri parenti, se dipendono economicamente dal residente. La validit\u00e0 di tale permesso di soggiorno, nonch\u00e9 il pacchetto di documenti richiesti per la registrazione, dipendono dal tipo di residenza di uno straniero e sono specificati su richiesta.<\/p>\r\n\r\n<h2>Permesso di soggiorno per studiare<\/h2>\r\n\r\n<p>Per ottenere un permesso di soggiorno basato sullo studio, sono richiesti i seguenti documenti:<\/p>\r\n\r\n<ul>\r\n \t<li>Passaporto straniero<\/li>\r\n \t<li>Certificato DSE internazionale che conferma la conoscenza dello spagnolo o l&#8217;ammissione ai corsi di lingua accreditati dall&#8217;Istituto Cervantes<\/li>\r\n \t<li>Conferma dell&#8217;ammissione a un istituto di istruzione<\/li>\r\n \t<li>Certificato di disponibilit\u00e0 di fondi per studio e alloggio<\/li>\r\n \t<li>Per minori: permesso di genitori o tutori<\/li>\r\n<\/ul>\r\n\r\n<h2>Permesso di soggiorno permanente in Spagna. <small class=\"block\">(Residenza a lungo termine)<\/small><\/h2>\r\n\r\n<p>Motivi per ottenere la residenza permanente:<\/p>\r\n\r\n<ul>\r\n \t<li>Residenza legale in Spagna per 5 anni.<\/li>\r\n \t<li>Matrimonio con un cittadino spagnolo.<\/li>\r\n<\/ul>\r\n\r\n<p>Unresidente permanente o residenza permanente in Spagna non pu\u00f2 vivere fuori dalla Spagna per pi\u00f9 di sei mesi consecutivi. Il titolare di una residenza permanente ha quasi gli stessi diritti di un cittadino spagnolo, tranne la possibilit\u00e0 di partecipare alle elezioni, al servizio militare o entrare in polizia.<\/p>","protected":false},"excerpt":{"rendered":"<p>Il diritto di ottenere un permesso di soggiorno in Spagna per gli stranieri \u00e8 regolato dalla legge 4\/2000 &#8220;Sui diritti e le libert\u00e0 degli stranieri in Spagna e la loro integrazione sociale&#8221;. La legge spagnola stabilisce diverse opzioni per ottenere un permesso di soggiorno. In questo articolo analizzeremo i motivi principali per cui \u00e8 possibile [&hellip;]<\/p>\n","protected":false},"author":1,"featured_media":445600,"parent":3295,"menu_order":0,"comment_status":"closed","ping_status":"closed","template":"","meta":{"_acf_changed":false,"footnotes":""},"class_list":["post-3301","page","type-page","status-publish","has-post-thumbnail","hentry"],"acf":[],"yoast_head":"<!-- This site is optimized with the Yoast SEO plugin v27.3 - https:\/\/yoast.com\/product\/yoast-seo-wordpress\/ -->\n<title>Permesso di soggiorno in Spagna: come ottenere un permesso di soggiorno.<\/title>\n<meta name=\"description\" content=\"Tutto quello che volevi sapere su come ottenere un permesso di soggiorno in Spagna. Registrazione di un permesso di soggiorno - informazioni dall&#039;agenzia immobiliare VYM Canarias.\" \/>\n<meta name=\"robots\" content=\"index, follow, max-snippet:-1, max-image-preview:large, max-video-preview:-1\" \/>\n<link rel=\"canonical\" href=\"https:\/\/tenerifecenter.com\/it\/info\/permesso-di-soggiorno-in-spagna\/\" \/>\n<meta property=\"og:locale\" content=\"it_IT\" \/>\n<meta property=\"og:type\" content=\"article\" \/>\n<meta property=\"og:title\" content=\"Permesso di soggiorno in Spagna: come ottenere un permesso di soggiorno.\" \/>\n<meta property=\"og:description\" content=\"Tutto quello che volevi sapere su come ottenere un permesso di soggiorno in Spagna. Registrazione di un permesso di soggiorno - informazioni dall&#039;agenzia immobiliare VYM Canarias.\" \/>\n<meta property=\"og:url\" content=\"https:\/\/tenerifecenter.com\/it\/info\/permesso-di-soggiorno-in-spagna\/\" \/>\n<meta property=\"og:site_name\" content=\"VYM Canarias\" \/>\n<meta property=\"article:publisher\" content=\"https:\/\/www.facebook.com\/vym.canarias\" \/>\n<meta property=\"article:modified_time\" content=\"2019-11-19T20:33:08+00:00\" \/>\n<meta property=\"og:image\" content=\"https:\/\/tenerifecenter.com\/wp-content\/uploads\/2019\/09\/vym-canarias-office-1.jpg\" \/>\n\t<meta property=\"og:image:width\" content=\"1920\" \/>\n\t<meta property=\"og:image:height\" content=\"350\" \/>\n\t<meta property=\"og:image:type\" content=\"image\/jpeg\" \/>\n<meta name=\"twitter:card\" content=\"summary_large_image\" \/>\n<meta name=\"twitter:label1\" content=\"Tempo di lettura stimato\" \/>\n\t<meta name=\"twitter:data1\" content=\"4 minuti\" \/>\n<script type=\"application\/ld+json\" class=\"yoast-schema-graph\">{\"@context\":\"https:\\\/\\\/schema.org\",\"@graph\":[{\"@type\":\"WebPage\",\"@id\":\"https:\\\/\\\/tenerifecenter.com\\\/it\\\/info\\\/permesso-di-soggiorno-in-spagna\\\/\",\"url\":\"https:\\\/\\\/tenerifecenter.com\\\/it\\\/info\\\/permesso-di-soggiorno-in-spagna\\\/\",\"name\":\"Permesso di soggiorno in Spagna: come ottenere un permesso di soggiorno.\",\"isPartOf\":{\"@id\":\"https:\\\/\\\/tenerifecenter.com\\\/it\\\/#website\"},\"primaryImageOfPage\":{\"@id\":\"https:\\\/\\\/tenerifecenter.com\\\/it\\\/info\\\/permesso-di-soggiorno-in-spagna\\\/#primaryimage\"},\"image\":{\"@id\":\"https:\\\/\\\/tenerifecenter.com\\\/it\\\/info\\\/permesso-di-soggiorno-in-spagna\\\/#primaryimage\"},\"thumbnailUrl\":\"https:\\\/\\\/tenerifecenter.com\\\/wp-content\\\/uploads\\\/2023\\\/03\\\/vym-canarias-office-2.jpeg\",\"datePublished\":\"2019-07-21T20:14:29+00:00\",\"dateModified\":\"2019-11-19T20:33:08+00:00\",\"description\":\"Tutto quello che volevi sapere su come ottenere un permesso di soggiorno in Spagna. Registrazione di un permesso di soggiorno - informazioni dall'agenzia immobiliare VYM Canarias.\",\"breadcrumb\":{\"@id\":\"https:\\\/\\\/tenerifecenter.com\\\/it\\\/info\\\/permesso-di-soggiorno-in-spagna\\\/#breadcrumb\"},\"inLanguage\":\"it-IT\",\"potentialAction\":[{\"@type\":\"ReadAction\",\"target\":[\"https:\\\/\\\/tenerifecenter.com\\\/it\\\/info\\\/permesso-di-soggiorno-in-spagna\\\/\"]}]},{\"@type\":\"ImageObject\",\"inLanguage\":\"it-IT\",\"@id\":\"https:\\\/\\\/tenerifecenter.com\\\/it\\\/info\\\/permesso-di-soggiorno-in-spagna\\\/#primaryimage\",\"url\":\"https:\\\/\\\/tenerifecenter.com\\\/wp-content\\\/uploads\\\/2023\\\/03\\\/vym-canarias-office-2.jpeg\",\"contentUrl\":\"https:\\\/\\\/tenerifecenter.com\\\/wp-content\\\/uploads\\\/2023\\\/03\\\/vym-canarias-office-2.jpeg\",\"width\":1920,\"height\":350},{\"@type\":\"BreadcrumbList\",\"@id\":\"https:\\\/\\\/tenerifecenter.com\\\/it\\\/info\\\/permesso-di-soggiorno-in-spagna\\\/#breadcrumb\",\"itemListElement\":[{\"@type\":\"ListItem\",\"position\":1,\"name\":\"Home\",\"item\":\"https:\\\/\\\/tenerifecenter.com\\\/it\\\/\"},{\"@type\":\"ListItem\",\"position\":2,\"name\":\"Informazione\",\"item\":\"https:\\\/\\\/tenerifecenter.com\\\/it\\\/info\\\/\"},{\"@type\":\"ListItem\",\"position\":3,\"name\":\"Permesso di soggiorno in Spagna\"}]},{\"@type\":\"WebSite\",\"@id\":\"https:\\\/\\\/tenerifecenter.com\\\/it\\\/#website\",\"url\":\"https:\\\/\\\/tenerifecenter.com\\\/it\\\/\",\"name\":\"VYM Canarias\",\"description\":\"Real Estate - Tenerife\",\"potentialAction\":[{\"@type\":\"SearchAction\",\"target\":{\"@type\":\"EntryPoint\",\"urlTemplate\":\"https:\\\/\\\/tenerifecenter.com\\\/it\\\/?s={search_term_string}\"},\"query-input\":{\"@type\":\"PropertyValueSpecification\",\"valueRequired\":true,\"valueName\":\"search_term_string\"}}],\"inLanguage\":\"it-IT\"}]}<\/script>\n<!-- \/ Yoast SEO plugin. -->","yoast_head_json":{"title":"Permesso di soggiorno in Spagna: come ottenere un permesso di soggiorno.","description":"Tutto quello che volevi sapere su come ottenere un permesso di soggiorno in Spagna. Registrazione di un permesso di soggiorno - informazioni dall'agenzia immobiliare VYM Canarias.","robots":{"index":"index","follow":"follow","max-snippet":"max-snippet:-1","max-image-preview":"max-image-preview:large","max-video-preview":"max-video-preview:-1"},"canonical":"https:\/\/tenerifecenter.com\/it\/info\/permesso-di-soggiorno-in-spagna\/","og_locale":"it_IT","og_type":"article","og_title":"Permesso di soggiorno in Spagna: come ottenere un permesso di soggiorno.","og_description":"Tutto quello che volevi sapere su come ottenere un permesso di soggiorno in Spagna. Registrazione di un permesso di soggiorno - informazioni dall'agenzia immobiliare VYM Canarias.","og_url":"https:\/\/tenerifecenter.com\/it\/info\/permesso-di-soggiorno-in-spagna\/","og_site_name":"VYM Canarias","article_publisher":"https:\/\/www.facebook.com\/vym.canarias","article_modified_time":"2019-11-19T20:33:08+00:00","og_image":[{"width":1920,"height":350,"url":"https:\/\/tenerifecenter.com\/wp-content\/uploads\/2019\/09\/vym-canarias-office-1.jpg","type":"image\/jpeg"}],"twitter_card":"summary_large_image","twitter_misc":{"Tempo di lettura stimato":"4 minuti"},"schema":{"@context":"https:\/\/schema.org","@graph":[{"@type":"WebPage","@id":"https:\/\/tenerifecenter.com\/it\/info\/permesso-di-soggiorno-in-spagna\/","url":"https:\/\/tenerifecenter.com\/it\/info\/permesso-di-soggiorno-in-spagna\/","name":"Permesso di soggiorno in Spagna: come ottenere un permesso di soggiorno.","isPartOf":{"@id":"https:\/\/tenerifecenter.com\/it\/#website"},"primaryImageOfPage":{"@id":"https:\/\/tenerifecenter.com\/it\/info\/permesso-di-soggiorno-in-spagna\/#primaryimage"},"image":{"@id":"https:\/\/tenerifecenter.com\/it\/info\/permesso-di-soggiorno-in-spagna\/#primaryimage"},"thumbnailUrl":"https:\/\/tenerifecenter.com\/wp-content\/uploads\/2023\/03\/vym-canarias-office-2.jpeg","datePublished":"2019-07-21T20:14:29+00:00","dateModified":"2019-11-19T20:33:08+00:00","description":"Tutto quello che volevi sapere su come ottenere un permesso di soggiorno in Spagna. Registrazione di un permesso di soggiorno - informazioni dall'agenzia immobiliare VYM Canarias.","breadcrumb":{"@id":"https:\/\/tenerifecenter.com\/it\/info\/permesso-di-soggiorno-in-spagna\/#breadcrumb"},"inLanguage":"it-IT","potentialAction":[{"@type":"ReadAction","target":["https:\/\/tenerifecenter.com\/it\/info\/permesso-di-soggiorno-in-spagna\/"]}]},{"@type":"ImageObject","inLanguage":"it-IT","@id":"https:\/\/tenerifecenter.com\/it\/info\/permesso-di-soggiorno-in-spagna\/#primaryimage","url":"https:\/\/tenerifecenter.com\/wp-content\/uploads\/2023\/03\/vym-canarias-office-2.jpeg","contentUrl":"https:\/\/tenerifecenter.com\/wp-content\/uploads\/2023\/03\/vym-canarias-office-2.jpeg","width":1920,"height":350},{"@type":"BreadcrumbList","@id":"https:\/\/tenerifecenter.com\/it\/info\/permesso-di-soggiorno-in-spagna\/#breadcrumb","itemListElement":[{"@type":"ListItem","position":1,"name":"Home","item":"https:\/\/tenerifecenter.com\/it\/"},{"@type":"ListItem","position":2,"name":"Informazione","item":"https:\/\/tenerifecenter.com\/it\/info\/"},{"@type":"ListItem","position":3,"name":"Permesso di soggiorno in Spagna"}]},{"@type":"WebSite","@id":"https:\/\/tenerifecenter.com\/it\/#website","url":"https:\/\/tenerifecenter.com\/it\/","name":"VYM Canarias","description":"Real Estate - Tenerife","potentialAction":[{"@type":"SearchAction","target":{"@type":"EntryPoint","urlTemplate":"https:\/\/tenerifecenter.com\/it\/?s={search_term_string}"},"query-input":{"@type":"PropertyValueSpecification","valueRequired":true,"valueName":"search_term_string"}}],"inLanguage":"it-IT"}]}},"_links":{"self":[{"href":"https:\/\/tenerifecenter.com\/it\/wp-json\/wp\/v2\/pages\/3301","targetHints":{"allow":["GET"]}}],"collection":[{"href":"https:\/\/tenerifecenter.com\/it\/wp-json\/wp\/v2\/pages"}],"about":[{"href":"https:\/\/tenerifecenter.com\/it\/wp-json\/wp\/v2\/types\/page"}],"author":[{"embeddable":true,"href":"https:\/\/tenerifecenter.com\/it\/wp-json\/wp\/v2\/users\/1"}],"replies":[{"embeddable":true,"href":"https:\/\/tenerifecenter.com\/it\/wp-json\/wp\/v2\/comments?post=3301"}],"version-history":[{"count":0,"href":"https:\/\/tenerifecenter.com\/it\/wp-json\/wp\/v2\/pages\/3301\/revisions"}],"up":[{"embeddable":true,"href":"https:\/\/tenerifecenter.com\/it\/wp-json\/wp\/v2\/pages\/3295"}],"wp:featuredmedia":[{"embeddable":true,"href":"https:\/\/tenerifecenter.com\/it\/wp-json\/wp\/v2\/media\/445600"}],"wp:attachment":[{"href":"https:\/\/tenerifecenter.com\/it\/wp-json\/wp\/v2\/media?parent=3301"}],"curies":[{"name":"wp","href":"https:\/\/api.w.org\/{rel}","templated":true}]}}