{"id":3277,"date":"2019-07-21T18:56:54","date_gmt":"2019-07-21T18:56:54","guid":{"rendered":"http:\/\/vym-wp.local\/services\/insurance-assistance\/"},"modified":"2019-11-19T14:20:47","modified_gmt":"2019-11-19T14:20:47","slug":"assicurazione","status":"publish","type":"page","link":"https:\/\/tenerifecenter.com\/it\/servizi\/assicurazione\/","title":{"rendered":"Assicurazione"},"content":{"rendered":"<p>Una delle prime domande che si presentano quando si acquista una casa in Spagna \u00e8 la questione sicurezza e l\u2019assicurazione della propriet\u00e0. Il sistema assicurativo spagnolo comprende un&#8217;assicurazione obbligatoria e volontaria. Il primo tipo di assicurazione comprende l&#8217;assicurazione auto e casa quando si acquista con un mutuo, nonch\u00e9 alcuni tipi di assicurazione per persone fisiche e giuridiche, ad esempio l&#8217;assicurazione di responsabilit\u00e0 civile per avvocati e medici privati. L&#8217;assicurazione volontaria comprende tutti i tipi di assicurazione medica, sulla vita e sanitaria contro gli infortuni.<\/p>\r\n\r\n<p>I tipi di assicurazione in Spagna possono essere suddivisi in tre grandi gruppi:<\/p>\r\n\r\n<ul>\r\n  <li>assicurazione auto<\/li>\r\n  <li>assicurazione immobiliare<\/li>\r\n  <li>assicurazione sanitaria<\/li>\r\n<\/ul>\r\n\r\n<h2>Assicurazione auto<\/h2>\r\n\r\n<p>In Spagna, qualsiasi veicolo deve essere assicurato. Esistono due tipi di assicurazione in questa categoria:<\/p>\r\n\r\n<ul>\r\n  <li>Assicurazione obbligatoria di responsabilit\u00e0 civile (equivalente all&#8217;assicurazione CTP). Questa \u00e8 una polizza assicurativa in base alla quale la compagnia assicurativa si impegna a risarcire i danni causati alla propriet\u00e0 o alla salute di terzi. Il costo di una polizza assicurativa in Spagna dipende dalla durata del servizio, dall&#8217;et\u00e0 del conducente, dall&#8217;et\u00e0 dell&#8217;auto, dal marchio, dal tasso di incidenti, ecc.<\/li>\r\n  <li>Assicurazione volontaria (analoga a CASCO). Oltre alla responsabilit\u00e0 verso terzi, include l&#8217;assicurazione auto contro furto e danni, nonch\u00e9 l&#8217;assicurazione per il conducente e i passeggeri contro gli incidenti.<\/li>\r\n<\/ul>\r\n\r\n<h2>Assicurazione sulla propriet\u00e0<\/h2>\r\n\r\n<p>Come nel caso dell&#8217;assicurazione auto, si divide in due categorie:<\/p>\r\n\r\n<ul>\r\n  <li>Assicurazione immobiliare obbligatoria quando si acquista una casa con un mutuo e si richiede un mutuo. In questo caso, l&#8217;assicurazione \u00e8 obbligatoria.<\/li>\r\n  <li>Le restanti opzioni per l&#8217;assicurazione immobiliare ai sensi della legge spagnola sono volontarie e comprendono l&#8217;assicurazione sulla casa contro vari danni, catastrofi naturali, furti, incendi, guasti di elettrodomestici, ecc.<\/li>\r\n<\/ul>\r\n\r\n<h2>Assicurazione sanitaria<\/h2>\r\n\r\n<ul>\r\n  <li>L&#8217;assicurazione sanitaria pubblica si applica a tutti i minori di 18 anni che vivono in Spagna, indipendentemente dal loro status giuridico, nonch\u00e9 ai residenti in Spagna che danno contributi al sistema di sicurezza sociale, ovvero lavorano ufficialmente in Spagna o sono registrati nel servizio occupazione. In alcune regioni della Spagna, l&#8217;assistenza medica statale \u00e8 fornita a tutte le categorie della popolazione, compresi i migranti irregolari.<\/li>\r\n  <li>L&#8217;assicurazione sanitaria privata in Spagna offre la pi\u00f9 ampia selezione di programmi, medici e strutture mediche. A seconda del tipo di categoria, \u00e8 possibile ottenere una gamma molto diversificata di servizi, tra cui esami speciali, interventi chirurgici e ricovero in ospedale. Il prezzo varier\u00e0 a seconda del tipo di assicurazione stipulata.<\/li>\r\n<\/ul>\r\n\r\n<p>L&#8217;assicurazione in Spagna pu\u00f2 essere stipulata con molte compagnie. Non \u00e8 facile comprendere le polizze assicurative e capire quali servizi sono necessari e quali sono opzionali senza la conoscenza della legge spagnola e delle diverse sfumature che l&#8217;assicurazione offre. Ecco perch\u00e9 la nostra compagnia ti aiuter\u00e0 a scegliere il tipo di assicurazione pi\u00f9 adatto alle tue esigenze e quindi essere in grado di prendere una decisione corretta e risparmiare tempo e denaro.<\/p>\r\n","protected":false},"excerpt":{"rendered":"<p>Una delle prime domande che si presentano quando si acquista una casa in Spagna \u00e8 la questione sicurezza e l\u2019assicurazione della propriet\u00e0. Il sistema assicurativo spagnolo comprende un&#8217;assicurazione obbligatoria e volontaria. Il primo tipo di assicurazione comprende l&#8217;assicurazione auto e casa quando si acquista con un mutuo, nonch\u00e9 alcuni tipi di assicurazione per persone fisiche [&hellip;]<\/p>\n","protected":false},"author":1,"featured_media":445600,"parent":618,"menu_order":0,"comment_status":"closed","ping_status":"closed","template":"","meta":{"_acf_changed":false,"footnotes":""},"class_list":["post-3277","page","type-page","status-publish","has-post-thumbnail","hentry"],"acf":[],"yoast_head":"<!-- This site is optimized with the Yoast SEO plugin v27.3 - https:\/\/yoast.com\/product\/yoast-seo-wordpress\/ -->\n<title>Assicurazione a Tenerife (Isole Canarie): assistenza assicurativa - VYM Canarias<\/title>\n<meta name=\"description\" content=\"Hai bisogno di un&#039;assicurazione affidabile a Tenerife (Isole Canarie, Spagna)? Aiuteremo con i documenti e il design. Ti faremo risparmiare tempo e denaro nell&#039;assicurazione.\" \/>\n<meta name=\"robots\" content=\"index, follow, max-snippet:-1, max-image-preview:large, max-video-preview:-1\" \/>\n<link rel=\"canonical\" href=\"https:\/\/tenerifecenter.com\/it\/servizi\/assicurazione\/\" \/>\n<meta property=\"og:locale\" content=\"it_IT\" \/>\n<meta property=\"og:type\" content=\"article\" \/>\n<meta property=\"og:title\" content=\"Assicurazione a Tenerife (Isole Canarie): assistenza assicurativa - VYM Canarias\" \/>\n<meta property=\"og:description\" content=\"Hai bisogno di un&#039;assicurazione affidabile a Tenerife (Isole Canarie, Spagna)? Aiuteremo con i documenti e il design. Ti faremo risparmiare tempo e denaro nell&#039;assicurazione.\" \/>\n<meta property=\"og:url\" content=\"https:\/\/tenerifecenter.com\/it\/servizi\/assicurazione\/\" \/>\n<meta property=\"og:site_name\" content=\"VYM Canarias\" \/>\n<meta property=\"article:publisher\" content=\"https:\/\/www.facebook.com\/vym.canarias\" \/>\n<meta property=\"article:modified_time\" content=\"2019-11-19T14:20:47+00:00\" \/>\n<meta property=\"og:image\" content=\"https:\/\/tenerifecenter.com\/wp-content\/uploads\/2019\/09\/vym-canarias-office-1.jpg\" \/>\n\t<meta property=\"og:image:width\" content=\"1920\" \/>\n\t<meta property=\"og:image:height\" content=\"350\" \/>\n\t<meta property=\"og:image:type\" content=\"image\/jpeg\" \/>\n<meta name=\"twitter:card\" content=\"summary_large_image\" \/>\n<meta name=\"twitter:label1\" content=\"Tempo di lettura stimato\" \/>\n\t<meta name=\"twitter:data1\" content=\"2 minuti\" \/>\n<script type=\"application\/ld+json\" class=\"yoast-schema-graph\">{\"@context\":\"https:\\\/\\\/schema.org\",\"@graph\":[{\"@type\":\"WebPage\",\"@id\":\"https:\\\/\\\/tenerifecenter.com\\\/it\\\/servizi\\\/assicurazione\\\/\",\"url\":\"https:\\\/\\\/tenerifecenter.com\\\/it\\\/servizi\\\/assicurazione\\\/\",\"name\":\"Assicurazione a Tenerife (Isole Canarie): assistenza assicurativa - VYM Canarias\",\"isPartOf\":{\"@id\":\"https:\\\/\\\/tenerifecenter.com\\\/it\\\/#website\"},\"primaryImageOfPage\":{\"@id\":\"https:\\\/\\\/tenerifecenter.com\\\/it\\\/servizi\\\/assicurazione\\\/#primaryimage\"},\"image\":{\"@id\":\"https:\\\/\\\/tenerifecenter.com\\\/it\\\/servizi\\\/assicurazione\\\/#primaryimage\"},\"thumbnailUrl\":\"https:\\\/\\\/tenerifecenter.com\\\/wp-content\\\/uploads\\\/2023\\\/03\\\/vym-canarias-office-2.jpeg\",\"datePublished\":\"2019-07-21T18:56:54+00:00\",\"dateModified\":\"2019-11-19T14:20:47+00:00\",\"description\":\"Hai bisogno di un'assicurazione affidabile a Tenerife (Isole Canarie, Spagna)? Aiuteremo con i documenti e il design. Ti faremo risparmiare tempo e denaro nell'assicurazione.\",\"breadcrumb\":{\"@id\":\"https:\\\/\\\/tenerifecenter.com\\\/it\\\/servizi\\\/assicurazione\\\/#breadcrumb\"},\"inLanguage\":\"it-IT\",\"potentialAction\":[{\"@type\":\"ReadAction\",\"target\":[\"https:\\\/\\\/tenerifecenter.com\\\/it\\\/servizi\\\/assicurazione\\\/\"]}]},{\"@type\":\"ImageObject\",\"inLanguage\":\"it-IT\",\"@id\":\"https:\\\/\\\/tenerifecenter.com\\\/it\\\/servizi\\\/assicurazione\\\/#primaryimage\",\"url\":\"https:\\\/\\\/tenerifecenter.com\\\/wp-content\\\/uploads\\\/2023\\\/03\\\/vym-canarias-office-2.jpeg\",\"contentUrl\":\"https:\\\/\\\/tenerifecenter.com\\\/wp-content\\\/uploads\\\/2023\\\/03\\\/vym-canarias-office-2.jpeg\",\"width\":1920,\"height\":350},{\"@type\":\"BreadcrumbList\",\"@id\":\"https:\\\/\\\/tenerifecenter.com\\\/it\\\/servizi\\\/assicurazione\\\/#breadcrumb\",\"itemListElement\":[{\"@type\":\"ListItem\",\"position\":1,\"name\":\"Home\",\"item\":\"https:\\\/\\\/tenerifecenter.com\\\/it\\\/\"},{\"@type\":\"ListItem\",\"position\":2,\"name\":\"Servizi\",\"item\":\"https:\\\/\\\/tenerifecenter.com\\\/it\\\/servizi\\\/\"},{\"@type\":\"ListItem\",\"position\":3,\"name\":\"Assicurazione\"}]},{\"@type\":\"WebSite\",\"@id\":\"https:\\\/\\\/tenerifecenter.com\\\/it\\\/#website\",\"url\":\"https:\\\/\\\/tenerifecenter.com\\\/it\\\/\",\"name\":\"VYM Canarias\",\"description\":\"Real Estate - Tenerife\",\"potentialAction\":[{\"@type\":\"SearchAction\",\"target\":{\"@type\":\"EntryPoint\",\"urlTemplate\":\"https:\\\/\\\/tenerifecenter.com\\\/it\\\/?s={search_term_string}\"},\"query-input\":{\"@type\":\"PropertyValueSpecification\",\"valueRequired\":true,\"valueName\":\"search_term_string\"}}],\"inLanguage\":\"it-IT\"}]}<\/script>\n<!-- \/ Yoast SEO plugin. -->","yoast_head_json":{"title":"Assicurazione a Tenerife (Isole Canarie): assistenza assicurativa - VYM Canarias","description":"Hai bisogno di un'assicurazione affidabile a Tenerife (Isole Canarie, Spagna)? Aiuteremo con i documenti e il design. Ti faremo risparmiare tempo e denaro nell'assicurazione.","robots":{"index":"index","follow":"follow","max-snippet":"max-snippet:-1","max-image-preview":"max-image-preview:large","max-video-preview":"max-video-preview:-1"},"canonical":"https:\/\/tenerifecenter.com\/it\/servizi\/assicurazione\/","og_locale":"it_IT","og_type":"article","og_title":"Assicurazione a Tenerife (Isole Canarie): assistenza assicurativa - VYM Canarias","og_description":"Hai bisogno di un'assicurazione affidabile a Tenerife (Isole Canarie, Spagna)? Aiuteremo con i documenti e il design. Ti faremo risparmiare tempo e denaro nell'assicurazione.","og_url":"https:\/\/tenerifecenter.com\/it\/servizi\/assicurazione\/","og_site_name":"VYM Canarias","article_publisher":"https:\/\/www.facebook.com\/vym.canarias","article_modified_time":"2019-11-19T14:20:47+00:00","og_image":[{"width":1920,"height":350,"url":"https:\/\/tenerifecenter.com\/wp-content\/uploads\/2019\/09\/vym-canarias-office-1.jpg","type":"image\/jpeg"}],"twitter_card":"summary_large_image","twitter_misc":{"Tempo di lettura stimato":"2 minuti"},"schema":{"@context":"https:\/\/schema.org","@graph":[{"@type":"WebPage","@id":"https:\/\/tenerifecenter.com\/it\/servizi\/assicurazione\/","url":"https:\/\/tenerifecenter.com\/it\/servizi\/assicurazione\/","name":"Assicurazione a Tenerife (Isole Canarie): assistenza assicurativa - VYM Canarias","isPartOf":{"@id":"https:\/\/tenerifecenter.com\/it\/#website"},"primaryImageOfPage":{"@id":"https:\/\/tenerifecenter.com\/it\/servizi\/assicurazione\/#primaryimage"},"image":{"@id":"https:\/\/tenerifecenter.com\/it\/servizi\/assicurazione\/#primaryimage"},"thumbnailUrl":"https:\/\/tenerifecenter.com\/wp-content\/uploads\/2023\/03\/vym-canarias-office-2.jpeg","datePublished":"2019-07-21T18:56:54+00:00","dateModified":"2019-11-19T14:20:47+00:00","description":"Hai bisogno di un'assicurazione affidabile a Tenerife (Isole Canarie, Spagna)? Aiuteremo con i documenti e il design. Ti faremo risparmiare tempo e denaro nell'assicurazione.","breadcrumb":{"@id":"https:\/\/tenerifecenter.com\/it\/servizi\/assicurazione\/#breadcrumb"},"inLanguage":"it-IT","potentialAction":[{"@type":"ReadAction","target":["https:\/\/tenerifecenter.com\/it\/servizi\/assicurazione\/"]}]},{"@type":"ImageObject","inLanguage":"it-IT","@id":"https:\/\/tenerifecenter.com\/it\/servizi\/assicurazione\/#primaryimage","url":"https:\/\/tenerifecenter.com\/wp-content\/uploads\/2023\/03\/vym-canarias-office-2.jpeg","contentUrl":"https:\/\/tenerifecenter.com\/wp-content\/uploads\/2023\/03\/vym-canarias-office-2.jpeg","width":1920,"height":350},{"@type":"BreadcrumbList","@id":"https:\/\/tenerifecenter.com\/it\/servizi\/assicurazione\/#breadcrumb","itemListElement":[{"@type":"ListItem","position":1,"name":"Home","item":"https:\/\/tenerifecenter.com\/it\/"},{"@type":"ListItem","position":2,"name":"Servizi","item":"https:\/\/tenerifecenter.com\/it\/servizi\/"},{"@type":"ListItem","position":3,"name":"Assicurazione"}]},{"@type":"WebSite","@id":"https:\/\/tenerifecenter.com\/it\/#website","url":"https:\/\/tenerifecenter.com\/it\/","name":"VYM Canarias","description":"Real Estate - Tenerife","potentialAction":[{"@type":"SearchAction","target":{"@type":"EntryPoint","urlTemplate":"https:\/\/tenerifecenter.com\/it\/?s={search_term_string}"},"query-input":{"@type":"PropertyValueSpecification","valueRequired":true,"valueName":"search_term_string"}}],"inLanguage":"it-IT"}]}},"_links":{"self":[{"href":"https:\/\/tenerifecenter.com\/it\/wp-json\/wp\/v2\/pages\/3277","targetHints":{"allow":["GET"]}}],"collection":[{"href":"https:\/\/tenerifecenter.com\/it\/wp-json\/wp\/v2\/pages"}],"about":[{"href":"https:\/\/tenerifecenter.com\/it\/wp-json\/wp\/v2\/types\/page"}],"author":[{"embeddable":true,"href":"https:\/\/tenerifecenter.com\/it\/wp-json\/wp\/v2\/users\/1"}],"replies":[{"embeddable":true,"href":"https:\/\/tenerifecenter.com\/it\/wp-json\/wp\/v2\/comments?post=3277"}],"version-history":[{"count":0,"href":"https:\/\/tenerifecenter.com\/it\/wp-json\/wp\/v2\/pages\/3277\/revisions"}],"up":[{"embeddable":true,"href":"https:\/\/tenerifecenter.com\/it\/wp-json\/wp\/v2\/pages\/618"}],"wp:featuredmedia":[{"embeddable":true,"href":"https:\/\/tenerifecenter.com\/it\/wp-json\/wp\/v2\/media\/445600"}],"wp:attachment":[{"href":"https:\/\/tenerifecenter.com\/it\/wp-json\/wp\/v2\/media?parent=3277"}],"curies":[{"name":"wp","href":"https:\/\/api.w.org\/{rel}","templated":true}]}}