{"id":3270,"date":"2019-07-21T18:37:16","date_gmt":"2019-07-21T18:37:16","guid":{"rendered":"http:\/\/vym-wp.local\/services\/legal-services\/"},"modified":"2019-11-19T14:16:49","modified_gmt":"2019-11-19T14:16:49","slug":"servizi-giuridici","status":"publish","type":"page","link":"https:\/\/tenerifecenter.com\/it\/servizi\/servizi-giuridici\/","title":{"rendered":"Servizi giuridici"},"content":{"rendered":"<p>Stai pensando di acquistare una propriet\u00e0 a Tenerife? Hai gi\u00e0 deciso e cerchi opzioni? Hai trovato quello che ti piace ma non sei sicuro della legalit\u00e0 della propriet\u00e0? Ti aiuteremo in qualsiasi fase della preparazione all&#8217;acquisto e forniremo pieno supporto legale per la transazione.<\/p>\r\n\r\n<h2>Consultazione sul processo di acquisto di immobili in Spagna<\/h2>\r\n\r\n<p>In una consulenza legale imparerai le regole per la registrazione di una transazione immobiliare in Spagna. Ti informeremo sui documenti necessari, i diritti e gli obblighi di un proprietario a Tenerife, le tasse e la procedura per ottenere un mutuo in Spagna. Puoi partecipare a una riunione con un avvocato in uno dei nostri uffici o richiedere una consulenza per telefono.<\/p>\r\n\r\n<h2>Aiuto per la richiesta del NIE e l&#8217;apertura di un conto bancario<\/h2>\r\n\r\n<p>Per acquistare una propriet\u00e0 in Spagna \u00e8 necessario solo un NIE (codice fiscale straniero) e un conto presso una banca spagnola. Ti aiuteremo a ottenere un NIE e ad aprire un conto bancario in pochi giorni.<\/p>\r\n\r\n<h2>Verifica legale e valutazione indipendente di beni immobili<\/h2>\r\n\r\n<p>Per garantire che la transazione sia corretta verifichiamo l&#8217;immobile per debiti ed ingombri, confrontiamo le informazioni effettive con quelle riflesse nel registro delle propriet\u00e0 e verifichiamo la legalit\u00e0 dell&#8217;oggetto. Effettuiamo anche una valutazione indipendente degli immobili e forniamo un parere di esperti sul valore dello stesso.<\/p>\r\n\r\n<h2>Preparazione dei documenti per elaborare una transazione<\/h2>\r\n\r\n<ul>\r\n  <li>Prepariamo un contratto di vendita preliminare.<\/li>\r\n  <li>Organizziamo la transazione in un notaio con la partecipazione di un interprete.<\/li>\r\n  <li>Vi accompagniamo nella transazione, forniamo consulenza sulla procedura e siamo presenti alla firma dell&#8217;atto..<\/li>\r\n<\/ul>\r\n\r\n<h2>Servizi di gestione della propriet\u00e0<\/h2>\r\n\r\n<p>Offriamo una vasta gamma di servizi di gestione immobiliare: dall&#8217;assistenza con il pagamento di tasse e bollette all\u2019 affitto dell\u2019immobile. Tenerife, come in altri luoghi, ha le sue caratteristiche di mercato per quanto riguarda gli affitti. Conoscere le sfumature del mercato e le complessit\u00e0 della legislazione regionale protegge dalle decisioni sui rischi.<\/p>\r\n\r\n<p>Fidati dei professionisti e la tua propriet\u00e0 ti fornir\u00e0 un reddito stabile.<\/p>","protected":false},"excerpt":{"rendered":"<p>Stai pensando di acquistare una propriet\u00e0 a Tenerife? Hai gi\u00e0 deciso e cerchi opzioni? Hai trovato quello che ti piace ma non sei sicuro della legalit\u00e0 della propriet\u00e0? Ti aiuteremo in qualsiasi fase della preparazione all&#8217;acquisto e forniremo pieno supporto legale per la transazione. Consultazione sul processo di acquisto di immobili in Spagna In una [&hellip;]<\/p>\n","protected":false},"author":1,"featured_media":445600,"parent":618,"menu_order":0,"comment_status":"closed","ping_status":"closed","template":"","meta":{"_acf_changed":false,"footnotes":""},"class_list":["post-3270","page","type-page","status-publish","has-post-thumbnail","hentry"],"acf":[],"yoast_head":"<!-- This site is optimized with the Yoast SEO plugin v27.3 - https:\/\/yoast.com\/product\/yoast-seo-wordpress\/ -->\n<title>Servizi legali immobiliari di Tenerife - VYM Canarias<\/title>\n<meta name=\"description\" content=\"Come acquistare alloggi a Tenerife (Isole Canarie) e proteggersi? Aiuto di avvocati: documenti, perizia, gestione immobiliare.\" \/>\n<meta name=\"robots\" content=\"index, follow, max-snippet:-1, max-image-preview:large, max-video-preview:-1\" \/>\n<link rel=\"canonical\" href=\"https:\/\/tenerifecenter.com\/it\/servizi\/servizi-giuridici\/\" \/>\n<meta property=\"og:locale\" content=\"it_IT\" \/>\n<meta property=\"og:type\" content=\"article\" \/>\n<meta property=\"og:title\" content=\"Servizi legali immobiliari di Tenerife - VYM Canarias\" \/>\n<meta property=\"og:description\" content=\"Come acquistare alloggi a Tenerife (Isole Canarie) e proteggersi? Aiuto di avvocati: documenti, perizia, gestione immobiliare.\" \/>\n<meta property=\"og:url\" content=\"https:\/\/tenerifecenter.com\/it\/servizi\/servizi-giuridici\/\" \/>\n<meta property=\"og:site_name\" content=\"VYM Canarias\" \/>\n<meta property=\"article:publisher\" content=\"https:\/\/www.facebook.com\/vym.canarias\" \/>\n<meta property=\"article:modified_time\" content=\"2019-11-19T14:16:49+00:00\" \/>\n<meta property=\"og:image\" content=\"https:\/\/tenerifecenter.com\/wp-content\/uploads\/2019\/09\/vym-canarias-office-1.jpg\" \/>\n\t<meta property=\"og:image:width\" content=\"1920\" \/>\n\t<meta property=\"og:image:height\" content=\"350\" \/>\n\t<meta property=\"og:image:type\" content=\"image\/jpeg\" \/>\n<meta name=\"twitter:card\" content=\"summary_large_image\" \/>\n<meta name=\"twitter:label1\" content=\"Tempo di lettura stimato\" \/>\n\t<meta name=\"twitter:data1\" content=\"2 minuti\" \/>\n<script type=\"application\/ld+json\" class=\"yoast-schema-graph\">{\"@context\":\"https:\\\/\\\/schema.org\",\"@graph\":[{\"@type\":\"WebPage\",\"@id\":\"https:\\\/\\\/tenerifecenter.com\\\/it\\\/servizi\\\/servizi-giuridici\\\/\",\"url\":\"https:\\\/\\\/tenerifecenter.com\\\/it\\\/servizi\\\/servizi-giuridici\\\/\",\"name\":\"Servizi legali immobiliari di Tenerife - VYM Canarias\",\"isPartOf\":{\"@id\":\"https:\\\/\\\/tenerifecenter.com\\\/it\\\/#website\"},\"primaryImageOfPage\":{\"@id\":\"https:\\\/\\\/tenerifecenter.com\\\/it\\\/servizi\\\/servizi-giuridici\\\/#primaryimage\"},\"image\":{\"@id\":\"https:\\\/\\\/tenerifecenter.com\\\/it\\\/servizi\\\/servizi-giuridici\\\/#primaryimage\"},\"thumbnailUrl\":\"https:\\\/\\\/tenerifecenter.com\\\/wp-content\\\/uploads\\\/2023\\\/03\\\/vym-canarias-office-2.jpeg\",\"datePublished\":\"2019-07-21T18:37:16+00:00\",\"dateModified\":\"2019-11-19T14:16:49+00:00\",\"description\":\"Come acquistare alloggi a Tenerife (Isole Canarie) e proteggersi? Aiuto di avvocati: documenti, perizia, gestione immobiliare.\",\"breadcrumb\":{\"@id\":\"https:\\\/\\\/tenerifecenter.com\\\/it\\\/servizi\\\/servizi-giuridici\\\/#breadcrumb\"},\"inLanguage\":\"it-IT\",\"potentialAction\":[{\"@type\":\"ReadAction\",\"target\":[\"https:\\\/\\\/tenerifecenter.com\\\/it\\\/servizi\\\/servizi-giuridici\\\/\"]}]},{\"@type\":\"ImageObject\",\"inLanguage\":\"it-IT\",\"@id\":\"https:\\\/\\\/tenerifecenter.com\\\/it\\\/servizi\\\/servizi-giuridici\\\/#primaryimage\",\"url\":\"https:\\\/\\\/tenerifecenter.com\\\/wp-content\\\/uploads\\\/2023\\\/03\\\/vym-canarias-office-2.jpeg\",\"contentUrl\":\"https:\\\/\\\/tenerifecenter.com\\\/wp-content\\\/uploads\\\/2023\\\/03\\\/vym-canarias-office-2.jpeg\",\"width\":1920,\"height\":350},{\"@type\":\"BreadcrumbList\",\"@id\":\"https:\\\/\\\/tenerifecenter.com\\\/it\\\/servizi\\\/servizi-giuridici\\\/#breadcrumb\",\"itemListElement\":[{\"@type\":\"ListItem\",\"position\":1,\"name\":\"Home\",\"item\":\"https:\\\/\\\/tenerifecenter.com\\\/it\\\/\"},{\"@type\":\"ListItem\",\"position\":2,\"name\":\"Servizi\",\"item\":\"https:\\\/\\\/tenerifecenter.com\\\/it\\\/servizi\\\/\"},{\"@type\":\"ListItem\",\"position\":3,\"name\":\"Servizi giuridici\"}]},{\"@type\":\"WebSite\",\"@id\":\"https:\\\/\\\/tenerifecenter.com\\\/it\\\/#website\",\"url\":\"https:\\\/\\\/tenerifecenter.com\\\/it\\\/\",\"name\":\"VYM Canarias\",\"description\":\"Real Estate - Tenerife\",\"potentialAction\":[{\"@type\":\"SearchAction\",\"target\":{\"@type\":\"EntryPoint\",\"urlTemplate\":\"https:\\\/\\\/tenerifecenter.com\\\/it\\\/?s={search_term_string}\"},\"query-input\":{\"@type\":\"PropertyValueSpecification\",\"valueRequired\":true,\"valueName\":\"search_term_string\"}}],\"inLanguage\":\"it-IT\"}]}<\/script>\n<!-- \/ Yoast SEO plugin. -->","yoast_head_json":{"title":"Servizi legali immobiliari di Tenerife - VYM Canarias","description":"Come acquistare alloggi a Tenerife (Isole Canarie) e proteggersi? Aiuto di avvocati: documenti, perizia, gestione immobiliare.","robots":{"index":"index","follow":"follow","max-snippet":"max-snippet:-1","max-image-preview":"max-image-preview:large","max-video-preview":"max-video-preview:-1"},"canonical":"https:\/\/tenerifecenter.com\/it\/servizi\/servizi-giuridici\/","og_locale":"it_IT","og_type":"article","og_title":"Servizi legali immobiliari di Tenerife - VYM Canarias","og_description":"Come acquistare alloggi a Tenerife (Isole Canarie) e proteggersi? Aiuto di avvocati: documenti, perizia, gestione immobiliare.","og_url":"https:\/\/tenerifecenter.com\/it\/servizi\/servizi-giuridici\/","og_site_name":"VYM Canarias","article_publisher":"https:\/\/www.facebook.com\/vym.canarias","article_modified_time":"2019-11-19T14:16:49+00:00","og_image":[{"width":1920,"height":350,"url":"https:\/\/tenerifecenter.com\/wp-content\/uploads\/2019\/09\/vym-canarias-office-1.jpg","type":"image\/jpeg"}],"twitter_card":"summary_large_image","twitter_misc":{"Tempo di lettura stimato":"2 minuti"},"schema":{"@context":"https:\/\/schema.org","@graph":[{"@type":"WebPage","@id":"https:\/\/tenerifecenter.com\/it\/servizi\/servizi-giuridici\/","url":"https:\/\/tenerifecenter.com\/it\/servizi\/servizi-giuridici\/","name":"Servizi legali immobiliari di Tenerife - VYM Canarias","isPartOf":{"@id":"https:\/\/tenerifecenter.com\/it\/#website"},"primaryImageOfPage":{"@id":"https:\/\/tenerifecenter.com\/it\/servizi\/servizi-giuridici\/#primaryimage"},"image":{"@id":"https:\/\/tenerifecenter.com\/it\/servizi\/servizi-giuridici\/#primaryimage"},"thumbnailUrl":"https:\/\/tenerifecenter.com\/wp-content\/uploads\/2023\/03\/vym-canarias-office-2.jpeg","datePublished":"2019-07-21T18:37:16+00:00","dateModified":"2019-11-19T14:16:49+00:00","description":"Come acquistare alloggi a Tenerife (Isole Canarie) e proteggersi? Aiuto di avvocati: documenti, perizia, gestione immobiliare.","breadcrumb":{"@id":"https:\/\/tenerifecenter.com\/it\/servizi\/servizi-giuridici\/#breadcrumb"},"inLanguage":"it-IT","potentialAction":[{"@type":"ReadAction","target":["https:\/\/tenerifecenter.com\/it\/servizi\/servizi-giuridici\/"]}]},{"@type":"ImageObject","inLanguage":"it-IT","@id":"https:\/\/tenerifecenter.com\/it\/servizi\/servizi-giuridici\/#primaryimage","url":"https:\/\/tenerifecenter.com\/wp-content\/uploads\/2023\/03\/vym-canarias-office-2.jpeg","contentUrl":"https:\/\/tenerifecenter.com\/wp-content\/uploads\/2023\/03\/vym-canarias-office-2.jpeg","width":1920,"height":350},{"@type":"BreadcrumbList","@id":"https:\/\/tenerifecenter.com\/it\/servizi\/servizi-giuridici\/#breadcrumb","itemListElement":[{"@type":"ListItem","position":1,"name":"Home","item":"https:\/\/tenerifecenter.com\/it\/"},{"@type":"ListItem","position":2,"name":"Servizi","item":"https:\/\/tenerifecenter.com\/it\/servizi\/"},{"@type":"ListItem","position":3,"name":"Servizi giuridici"}]},{"@type":"WebSite","@id":"https:\/\/tenerifecenter.com\/it\/#website","url":"https:\/\/tenerifecenter.com\/it\/","name":"VYM Canarias","description":"Real Estate - Tenerife","potentialAction":[{"@type":"SearchAction","target":{"@type":"EntryPoint","urlTemplate":"https:\/\/tenerifecenter.com\/it\/?s={search_term_string}"},"query-input":{"@type":"PropertyValueSpecification","valueRequired":true,"valueName":"search_term_string"}}],"inLanguage":"it-IT"}]}},"_links":{"self":[{"href":"https:\/\/tenerifecenter.com\/it\/wp-json\/wp\/v2\/pages\/3270","targetHints":{"allow":["GET"]}}],"collection":[{"href":"https:\/\/tenerifecenter.com\/it\/wp-json\/wp\/v2\/pages"}],"about":[{"href":"https:\/\/tenerifecenter.com\/it\/wp-json\/wp\/v2\/types\/page"}],"author":[{"embeddable":true,"href":"https:\/\/tenerifecenter.com\/it\/wp-json\/wp\/v2\/users\/1"}],"replies":[{"embeddable":true,"href":"https:\/\/tenerifecenter.com\/it\/wp-json\/wp\/v2\/comments?post=3270"}],"version-history":[{"count":0,"href":"https:\/\/tenerifecenter.com\/it\/wp-json\/wp\/v2\/pages\/3270\/revisions"}],"up":[{"embeddable":true,"href":"https:\/\/tenerifecenter.com\/it\/wp-json\/wp\/v2\/pages\/618"}],"wp:featuredmedia":[{"embeddable":true,"href":"https:\/\/tenerifecenter.com\/it\/wp-json\/wp\/v2\/media\/445600"}],"wp:attachment":[{"href":"https:\/\/tenerifecenter.com\/it\/wp-json\/wp\/v2\/media?parent=3270"}],"curies":[{"name":"wp","href":"https:\/\/api.w.org\/{rel}","templated":true}]}}