{"id":3248,"date":"2019-07-21T18:55:13","date_gmt":"2019-07-21T18:55:13","guid":{"rendered":"http:\/\/vym-wp.local\/services\/post-sales-support\/"},"modified":"2019-11-19T14:22:42","modified_gmt":"2019-11-19T14:22:42","slug":"post-vendita","status":"publish","type":"page","link":"https:\/\/tenerifecenter.com\/it\/servizi\/post-vendita\/","title":{"rendered":"Post vendita"},"content":{"rendered":"<p>Quando il processo di acquisto di una propriet\u00e0 a Tenerife \u00e8 gi\u00e0 stato completato, e tutte le pratiche burocratiche associate all&#8217;acquisto vengono lasciat indietro, \u00e8 tempo di occuparsi della nuova propriet\u00e0.<\/p>\r\n\r\n<p>Assistenza domiciliare, pagamento puntuale di tasse e bollette, risoluzione dei problemi di sicurezza: la garanzia che il tuo acquisto sar\u00e0 un investimento redditizio.<\/p>\r\n\r\n<p>La nostra azienda offre una vasta gamma di servizi post-vendita per immobili a Tenerife. Aiutiamo a preparare documenti per la manutenzione aggiuntiva di alloggi e alloggi in Spagna. Ci occupiamo di problemi riguardanti affitti a lungo termine.<\/p>\r\n\r\n<p>Aiutiamo i nostri clienti gratuitamente nelle comunicazioni con banche, autorit\u00e0 fiscali e amministrazioni locali.<\/p>\r\n\r\n<p>RACCOMANDIAMO aziende  per riparazione, decorazione, pulizia, manutenzione di piscine e giardini, progettazione del paesaggio, connessione a Internet, ecc. NON addebitiamo commissioni per la raccomandazione: il nostro compito \u00e8 fornirti informazioni utili e appaltatori verificati in modo che tu possa scegliere quelli con cui sarai felice di collaborare.<\/p>","protected":false},"excerpt":{"rendered":"<p>Quando il processo di acquisto di una propriet\u00e0 a Tenerife \u00e8 gi\u00e0 stato completato, e tutte le pratiche burocratiche associate all&#8217;acquisto vengono lasciat indietro, \u00e8 tempo di occuparsi della nuova propriet\u00e0. Assistenza domiciliare, pagamento puntuale di tasse e bollette, risoluzione dei problemi di sicurezza: la garanzia che il tuo acquisto sar\u00e0 un investimento redditizio. La [&hellip;]<\/p>\n","protected":false},"author":1,"featured_media":445600,"parent":618,"menu_order":0,"comment_status":"closed","ping_status":"closed","template":"","meta":{"_acf_changed":false,"footnotes":""},"class_list":["post-3248","page","type-page","status-publish","has-post-thumbnail","hentry"],"acf":[],"yoast_head":"<!-- This site is optimized with the Yoast SEO plugin v27.3 - https:\/\/yoast.com\/product\/yoast-seo-wordpress\/ -->\n<title>Servizio post-vendita di immobili a Tenerife (Canarie, Spagna)<\/title>\n<meta name=\"description\" content=\"Tutti i tipi di servizio post-vendita per immobili: ci prenderemo cura del tuo alloggio a Tenerife. Cura, documenti, tasse, affitto.\" \/>\n<meta name=\"robots\" content=\"index, follow, max-snippet:-1, max-image-preview:large, max-video-preview:-1\" \/>\n<link rel=\"canonical\" href=\"https:\/\/tenerifecenter.com\/it\/servizi\/post-vendita\/\" \/>\n<meta property=\"og:locale\" content=\"it_IT\" \/>\n<meta property=\"og:type\" content=\"article\" \/>\n<meta property=\"og:title\" content=\"Servizio post-vendita di immobili a Tenerife (Canarie, Spagna)\" \/>\n<meta property=\"og:description\" content=\"Tutti i tipi di servizio post-vendita per immobili: ci prenderemo cura del tuo alloggio a Tenerife. Cura, documenti, tasse, affitto.\" \/>\n<meta property=\"og:url\" content=\"https:\/\/tenerifecenter.com\/it\/servizi\/post-vendita\/\" \/>\n<meta property=\"og:site_name\" content=\"VYM Canarias\" \/>\n<meta property=\"article:publisher\" content=\"https:\/\/www.facebook.com\/vym.canarias\" \/>\n<meta property=\"article:modified_time\" content=\"2019-11-19T14:22:42+00:00\" \/>\n<meta property=\"og:image\" content=\"https:\/\/tenerifecenter.com\/wp-content\/uploads\/2019\/09\/vym-canarias-office-1.jpg\" \/>\n\t<meta property=\"og:image:width\" content=\"1920\" \/>\n\t<meta property=\"og:image:height\" content=\"350\" \/>\n\t<meta property=\"og:image:type\" content=\"image\/jpeg\" \/>\n<meta name=\"twitter:card\" content=\"summary_large_image\" \/>\n<meta name=\"twitter:label1\" content=\"Tempo di lettura stimato\" \/>\n\t<meta name=\"twitter:data1\" content=\"1 minuto\" \/>\n<script type=\"application\/ld+json\" class=\"yoast-schema-graph\">{\"@context\":\"https:\\\/\\\/schema.org\",\"@graph\":[{\"@type\":\"WebPage\",\"@id\":\"https:\\\/\\\/tenerifecenter.com\\\/it\\\/servizi\\\/post-vendita\\\/\",\"url\":\"https:\\\/\\\/tenerifecenter.com\\\/it\\\/servizi\\\/post-vendita\\\/\",\"name\":\"Servizio post-vendita di immobili a Tenerife (Canarie, Spagna)\",\"isPartOf\":{\"@id\":\"https:\\\/\\\/tenerifecenter.com\\\/it\\\/#website\"},\"primaryImageOfPage\":{\"@id\":\"https:\\\/\\\/tenerifecenter.com\\\/it\\\/servizi\\\/post-vendita\\\/#primaryimage\"},\"image\":{\"@id\":\"https:\\\/\\\/tenerifecenter.com\\\/it\\\/servizi\\\/post-vendita\\\/#primaryimage\"},\"thumbnailUrl\":\"https:\\\/\\\/tenerifecenter.com\\\/wp-content\\\/uploads\\\/2023\\\/03\\\/vym-canarias-office-2.jpeg\",\"datePublished\":\"2019-07-21T18:55:13+00:00\",\"dateModified\":\"2019-11-19T14:22:42+00:00\",\"description\":\"Tutti i tipi di servizio post-vendita per immobili: ci prenderemo cura del tuo alloggio a Tenerife. Cura, documenti, tasse, affitto.\",\"breadcrumb\":{\"@id\":\"https:\\\/\\\/tenerifecenter.com\\\/it\\\/servizi\\\/post-vendita\\\/#breadcrumb\"},\"inLanguage\":\"it-IT\",\"potentialAction\":[{\"@type\":\"ReadAction\",\"target\":[\"https:\\\/\\\/tenerifecenter.com\\\/it\\\/servizi\\\/post-vendita\\\/\"]}]},{\"@type\":\"ImageObject\",\"inLanguage\":\"it-IT\",\"@id\":\"https:\\\/\\\/tenerifecenter.com\\\/it\\\/servizi\\\/post-vendita\\\/#primaryimage\",\"url\":\"https:\\\/\\\/tenerifecenter.com\\\/wp-content\\\/uploads\\\/2023\\\/03\\\/vym-canarias-office-2.jpeg\",\"contentUrl\":\"https:\\\/\\\/tenerifecenter.com\\\/wp-content\\\/uploads\\\/2023\\\/03\\\/vym-canarias-office-2.jpeg\",\"width\":1920,\"height\":350},{\"@type\":\"BreadcrumbList\",\"@id\":\"https:\\\/\\\/tenerifecenter.com\\\/it\\\/servizi\\\/post-vendita\\\/#breadcrumb\",\"itemListElement\":[{\"@type\":\"ListItem\",\"position\":1,\"name\":\"Home\",\"item\":\"https:\\\/\\\/tenerifecenter.com\\\/it\\\/\"},{\"@type\":\"ListItem\",\"position\":2,\"name\":\"Servizi\",\"item\":\"https:\\\/\\\/tenerifecenter.com\\\/it\\\/servizi\\\/\"},{\"@type\":\"ListItem\",\"position\":3,\"name\":\"Post vendita\"}]},{\"@type\":\"WebSite\",\"@id\":\"https:\\\/\\\/tenerifecenter.com\\\/it\\\/#website\",\"url\":\"https:\\\/\\\/tenerifecenter.com\\\/it\\\/\",\"name\":\"VYM Canarias\",\"description\":\"Real Estate - Tenerife\",\"potentialAction\":[{\"@type\":\"SearchAction\",\"target\":{\"@type\":\"EntryPoint\",\"urlTemplate\":\"https:\\\/\\\/tenerifecenter.com\\\/it\\\/?s={search_term_string}\"},\"query-input\":{\"@type\":\"PropertyValueSpecification\",\"valueRequired\":true,\"valueName\":\"search_term_string\"}}],\"inLanguage\":\"it-IT\"}]}<\/script>\n<!-- \/ Yoast SEO plugin. -->","yoast_head_json":{"title":"Servizio post-vendita di immobili a Tenerife (Canarie, Spagna)","description":"Tutti i tipi di servizio post-vendita per immobili: ci prenderemo cura del tuo alloggio a Tenerife. Cura, documenti, tasse, affitto.","robots":{"index":"index","follow":"follow","max-snippet":"max-snippet:-1","max-image-preview":"max-image-preview:large","max-video-preview":"max-video-preview:-1"},"canonical":"https:\/\/tenerifecenter.com\/it\/servizi\/post-vendita\/","og_locale":"it_IT","og_type":"article","og_title":"Servizio post-vendita di immobili a Tenerife (Canarie, Spagna)","og_description":"Tutti i tipi di servizio post-vendita per immobili: ci prenderemo cura del tuo alloggio a Tenerife. Cura, documenti, tasse, affitto.","og_url":"https:\/\/tenerifecenter.com\/it\/servizi\/post-vendita\/","og_site_name":"VYM Canarias","article_publisher":"https:\/\/www.facebook.com\/vym.canarias","article_modified_time":"2019-11-19T14:22:42+00:00","og_image":[{"width":1920,"height":350,"url":"https:\/\/tenerifecenter.com\/wp-content\/uploads\/2019\/09\/vym-canarias-office-1.jpg","type":"image\/jpeg"}],"twitter_card":"summary_large_image","twitter_misc":{"Tempo di lettura stimato":"1 minuto"},"schema":{"@context":"https:\/\/schema.org","@graph":[{"@type":"WebPage","@id":"https:\/\/tenerifecenter.com\/it\/servizi\/post-vendita\/","url":"https:\/\/tenerifecenter.com\/it\/servizi\/post-vendita\/","name":"Servizio post-vendita di immobili a Tenerife (Canarie, Spagna)","isPartOf":{"@id":"https:\/\/tenerifecenter.com\/it\/#website"},"primaryImageOfPage":{"@id":"https:\/\/tenerifecenter.com\/it\/servizi\/post-vendita\/#primaryimage"},"image":{"@id":"https:\/\/tenerifecenter.com\/it\/servizi\/post-vendita\/#primaryimage"},"thumbnailUrl":"https:\/\/tenerifecenter.com\/wp-content\/uploads\/2023\/03\/vym-canarias-office-2.jpeg","datePublished":"2019-07-21T18:55:13+00:00","dateModified":"2019-11-19T14:22:42+00:00","description":"Tutti i tipi di servizio post-vendita per immobili: ci prenderemo cura del tuo alloggio a Tenerife. Cura, documenti, tasse, affitto.","breadcrumb":{"@id":"https:\/\/tenerifecenter.com\/it\/servizi\/post-vendita\/#breadcrumb"},"inLanguage":"it-IT","potentialAction":[{"@type":"ReadAction","target":["https:\/\/tenerifecenter.com\/it\/servizi\/post-vendita\/"]}]},{"@type":"ImageObject","inLanguage":"it-IT","@id":"https:\/\/tenerifecenter.com\/it\/servizi\/post-vendita\/#primaryimage","url":"https:\/\/tenerifecenter.com\/wp-content\/uploads\/2023\/03\/vym-canarias-office-2.jpeg","contentUrl":"https:\/\/tenerifecenter.com\/wp-content\/uploads\/2023\/03\/vym-canarias-office-2.jpeg","width":1920,"height":350},{"@type":"BreadcrumbList","@id":"https:\/\/tenerifecenter.com\/it\/servizi\/post-vendita\/#breadcrumb","itemListElement":[{"@type":"ListItem","position":1,"name":"Home","item":"https:\/\/tenerifecenter.com\/it\/"},{"@type":"ListItem","position":2,"name":"Servizi","item":"https:\/\/tenerifecenter.com\/it\/servizi\/"},{"@type":"ListItem","position":3,"name":"Post vendita"}]},{"@type":"WebSite","@id":"https:\/\/tenerifecenter.com\/it\/#website","url":"https:\/\/tenerifecenter.com\/it\/","name":"VYM Canarias","description":"Real Estate - Tenerife","potentialAction":[{"@type":"SearchAction","target":{"@type":"EntryPoint","urlTemplate":"https:\/\/tenerifecenter.com\/it\/?s={search_term_string}"},"query-input":{"@type":"PropertyValueSpecification","valueRequired":true,"valueName":"search_term_string"}}],"inLanguage":"it-IT"}]}},"_links":{"self":[{"href":"https:\/\/tenerifecenter.com\/it\/wp-json\/wp\/v2\/pages\/3248","targetHints":{"allow":["GET"]}}],"collection":[{"href":"https:\/\/tenerifecenter.com\/it\/wp-json\/wp\/v2\/pages"}],"about":[{"href":"https:\/\/tenerifecenter.com\/it\/wp-json\/wp\/v2\/types\/page"}],"author":[{"embeddable":true,"href":"https:\/\/tenerifecenter.com\/it\/wp-json\/wp\/v2\/users\/1"}],"replies":[{"embeddable":true,"href":"https:\/\/tenerifecenter.com\/it\/wp-json\/wp\/v2\/comments?post=3248"}],"version-history":[{"count":0,"href":"https:\/\/tenerifecenter.com\/it\/wp-json\/wp\/v2\/pages\/3248\/revisions"}],"up":[{"embeddable":true,"href":"https:\/\/tenerifecenter.com\/it\/wp-json\/wp\/v2\/pages\/618"}],"wp:featuredmedia":[{"embeddable":true,"href":"https:\/\/tenerifecenter.com\/it\/wp-json\/wp\/v2\/media\/445600"}],"wp:attachment":[{"href":"https:\/\/tenerifecenter.com\/it\/wp-json\/wp\/v2\/media?parent=3248"}],"curies":[{"name":"wp","href":"https:\/\/api.w.org\/{rel}","templated":true}]}}