{"id":3230,"date":"2019-07-21T20:11:14","date_gmt":"2019-07-21T20:11:14","guid":{"rendered":"http:\/\/vym-wp.local\/visas-to-spain\/"},"modified":"2023-02-09T16:00:00","modified_gmt":"2023-02-09T16:00:00","slug":"visti-per-la-spagna","status":"publish","type":"page","link":"https:\/\/tenerifecenter.com\/it\/info\/visti-per-la-spagna\/","title":{"rendered":"Visti per la Spagna"},"content":{"rendered":"<p>Nel 2018 1,2 milioni di turisti dalla Russia hanno visitato la Spagna. Inoltre, secondo i dati del 2018, 77.379 immigrati dalla Russia vivono permanentemente in Spagna. Allo stesso tempo, sia i turisti che gli immigrati dalla Russia alla Spagna stanno aumentando sempre di pi\u00f9 ogni anno. In questo articolo ti diremo quali tipi di visti sono richiesti per le visite individuali e regolari in Spagna, nonch\u00e9 per la residenza legale nel paese.<\/p>\r\n\r\n<p>La Spagna fa parte dell&#8217;area Schengen che attualmente \u00e8 composta da 26 stati. Quasi tutti, ad eccezione di Islanda, Norvegia, Svizzera e Liechtenstein, sono membri dell&#8217;UE. Se hai un visto turistico standard all&#8217;interno dell&#8217;area Schengen, puoi spostarti senza restrizioni.<\/p>\r\n\r\n<h2>Visti a breve termine per la Spagna<\/h2>\r\n\r\n<p>Il visto pi\u00f9 comune richiesto dai viaggiatori in Spagna \u00e8 un visto Schengen di categoria C. Ti d\u00e0 il diritto di rimanere nel paese per non pi\u00f9 di 90 giorni ogni 6 mesi. Inoltre, ci sono visti di transito e di lunga durata per la Spagna.<\/p>\r\n\r\n<table>\r\n  <tbody>\r\n    <tr>\r\n      <td>Categoria A<\/td>\r\n      <td>\r\n        <p>Un visto di categoria A \u00e8 richiesto solo per i cittadini di Afghanistan, Bangladesh, Ghana, Repubblica Democratica del Congo, Iran, Iraq, Liberia, Nigeria, Pakistan, Somalia, Sri Lanka, Eritrea ed Etiopia. Questo \u00e8 un visto di transito che garantisce il diritto di rimanere solo nella zona internazionale dell&#8217;aeroporto.<\/p>\r\n        <p>La sua validit\u00e0 \u00e8 limitata a 48 ore.<\/p>\r\n      <\/td>\r\n    <\/tr>\r\n    <tr>\r\n      <td>Categoria B<\/td>\r\n      <td>\r\n        <p>Un visto di transito progettato per l&#8217;ingresso 1-2 nell&#8217;area Schengen quando si viaggia verso un paese terzo. Validit\u00e0 &#8211; 5 giorni.<\/p>\r\n      <\/td>\r\n    <\/tr>\r\n    <tr>\r\n      <td>Categoria B<\/td>\r\n      <td>\r\n        <p>Visto turistico standard per una o pi\u00f9 visite nei paesi Schengen. Validit\u00e0: 90 giorni, ogni 6 mesi (180 giorni).<\/p>\r\n      <\/td>\r\n    <\/tr>\r\n  <\/tbody>\r\n<\/table>\r\n\r\n<p>I visti Schengen sono singoli, doppi e multipli (visto multiplo). I primi due tipi sono limitati sia dal numero di voci consentite sia da rigorosi periodi di validit\u00e0. Il multivisado \u00e8 valido da 1 anno a 5 anni e garantisce il diritto a un numero illimitato di ingressi nel paese che ha rilasciato il visto, nonch\u00e9 alla libera circolazione nell&#8217;area Schengen. La durata del soggiorno \u00e8 limitata a 180 giorni all&#8217;anno. Pertanto, il multivisado in Spagna ti consentir\u00e0 di rimanere nel paese per non pi\u00f9 di 90 giorni in ogni semestre.<\/p>\r\n\r\n<p>Come regola generale \u00e8 possibile ottenere un visto Schengen per un anno senza alcun problema. Schengen viene rilasciato per 2 o 5 anni gi\u00e0 a determinate condizioni: ad esempio se viaggi spesso attraverso l&#8217;area Schengen e hai gi\u00e0 diversi visti annuali. Inoltre, un visto multiplo per la Spagna \u00e8 concesso per un periodo di 5 anni ai proprietari di immobili in Spagna fornendo un estratto del catasto immobiliare. Oltre al proprietario stesso, i familiari possono richiedere un multivisado: mogli \/ mariti, figli, genitori e nipoti.<\/p>\r\n\r\n<h2>Documenti di visto per la Spagna<\/h2>\r\n\r\n<p>Per ottenere un visto per la Spagna \u00e8 necessario fornire i seguenti documenti:<\/p>\r\n\r\n<ul>\r\n  <li>modulo di domanda di visto compilato;<\/li>\r\n  <li>passaporto straniero;<\/li>\r\n  <li>una copia di un passaporto straniero (compresa la prima pagina e tutte le pagine con visti precedenti);<\/li>\r\n  <li>l&#8217;originale e le copie di tutti i passaporti precedenti;<\/li>\r\n  <li>l&#8217;originale e una copia del passaporto interno (tutte le pagine completate);<\/li>\r\n  <li>2 fotografie a colori di 3,5 x 4,5 cm su uno sfondo bianco;<\/li>\r\n  <li>assicurazione medica con una copertura assicurativa minima di 30 mila euro;<\/li>\r\n  <li>tassa di visto (il costo varia)<\/li>\r\n  <li>per minori: l&#8217;originale e una copia del certificato di nascita<\/li>\r\n<\/ul>\r\n\r\n<p>A seconda dello scopo del viaggio \u00e8 necessario fornire anche documenti aggiuntivi:<\/p>\r\n\r\n<ul>\r\n  <li>un viaggio turistico: prova di residenza (prenotazione di un hotel o di un appartamento) e conferma del percorso (prenotazione di una compagnia aerea), un documento che attesta la solvibilit\u00e0 (certificato di assunzione, estratto conto bancario);<\/li>\r\n  <li>viaggio d&#8217;affari: una richiesta scritta dell&#8217;host (ad esempio dalla societ\u00e0 che ha organizzato l&#8217;evento);<\/li>\r\n  <li>studio: una richiesta scritta di un istituto di istruzione;<\/li>\r\n  <li>in relazione ai parenti in visita: un invito dell&#8217;ospite, la conferma della legalit\u00e0 della loro residenza nel paese, la conferma dei legami familiari e un certificato di reddito.<\/li>\r\n<\/ul>\r\n\r\n<h2>Visti a lungo termine per la Spagna<\/h2>\r\n\r\n<p>Per un soggiorno di lunga durata in Spagna che supera i 90 giorni durante un semestre, \u00e8 richiesto un visto di tipo D. Come regola generale, la richiesta di un visto di categoria D richiede un permesso di soggiorno. Dopo aver ottenuto un visto D, il richiedente pu\u00f2 richiedere una carta di soggiorno spagnola che pu\u00f2 essere rinnovata senza lasciare il paese.<\/p>\r\n\r\n<p>In conformit\u00e0 con le regole generali \u00e8 possibile richiedere la residenza permanente in Spagna dopo 5 anni di soggiorno legale nel paese. Pertanto, il visto D \u00e8 il primo passo per ottenere un permesso di soggiorno permanente in Spagna.<\/p>\r\n\r\n<p>Categorie di permessi di soggiorno in Spagna in base allo scopo del soggiorno:<\/p>\r\n\r\n<ul>\r\n  <li><a href=\"\/it\/info\/permesso-di-soggiorno-in-spagna\/\">Visto per investitori o Visto Oro<\/a><\/li>\r\n  <li>Permesso di soggiorno con diritto al lavoro<\/li>\r\n  <li>Visto di studio<\/li>\r\n  <li>Permesso di soggiorno senza diritto al lavoro<\/li>\r\n  <li>Permesso di soggiorno per il gruppo familiare<\/li>\r\n<\/ul>\r\n\r\n<p>Puoi richiedere un permesso di soggiorno in Spagna con o senza diritto al lavoro, studiare nelle universit\u00e0 spagnole o incontrare la famiglia.<\/p>\r\n\r\n<p>Maggiori informazioni sul permesso di soggiorno in Spagna, su come ottenerlo e sui documenti necessari sul nostro sito Web.<\/p>","protected":false},"excerpt":{"rendered":"<p>Nel 2018 1,2 milioni di turisti dalla Russia hanno visitato la Spagna. Inoltre, secondo i dati del 2018, 77.379 immigrati dalla Russia vivono permanentemente in Spagna. Allo stesso tempo, sia i turisti che gli immigrati dalla Russia alla Spagna stanno aumentando sempre di pi\u00f9 ogni anno. In questo articolo ti diremo quali tipi di visti [&hellip;]<\/p>\n","protected":false},"author":1,"featured_media":445600,"parent":3295,"menu_order":0,"comment_status":"closed","ping_status":"closed","template":"","meta":{"_acf_changed":false,"footnotes":""},"class_list":["post-3230","page","type-page","status-publish","has-post-thumbnail","hentry"],"acf":[],"yoast_head":"<!-- This site is optimized with the Yoast SEO plugin v27.3 - https:\/\/yoast.com\/product\/yoast-seo-wordpress\/ -->\n<title>Come ottenere un visto per la Spagna. Istruzioni dettagliate.<\/title>\n<meta name=\"description\" content=\"Come ottenere un visto per la Spagna? VYM Canarias Real Estate Visa Memo (Tenerife, Isole Canarie).\" \/>\n<meta name=\"robots\" content=\"index, follow, max-snippet:-1, max-image-preview:large, max-video-preview:-1\" \/>\n<link rel=\"canonical\" href=\"https:\/\/tenerifecenter.com\/it\/info\/visti-per-la-spagna\/\" \/>\n<meta property=\"og:locale\" content=\"it_IT\" \/>\n<meta property=\"og:type\" content=\"article\" \/>\n<meta property=\"og:title\" content=\"Come ottenere un visto per la Spagna. Istruzioni dettagliate.\" \/>\n<meta property=\"og:description\" content=\"Come ottenere un visto per la Spagna? VYM Canarias Real Estate Visa Memo (Tenerife, Isole Canarie).\" \/>\n<meta property=\"og:url\" content=\"https:\/\/tenerifecenter.com\/it\/info\/visti-per-la-spagna\/\" \/>\n<meta property=\"og:site_name\" content=\"VYM Canarias\" \/>\n<meta property=\"article:publisher\" content=\"https:\/\/www.facebook.com\/vym.canarias\" \/>\n<meta property=\"article:modified_time\" content=\"2023-02-09T16:00:00+00:00\" \/>\n<meta property=\"og:image\" content=\"https:\/\/tenerifecenter.com\/wp-content\/uploads\/2019\/09\/vym-canarias-office-1.jpg\" \/>\n\t<meta property=\"og:image:width\" content=\"1920\" \/>\n\t<meta property=\"og:image:height\" content=\"350\" \/>\n\t<meta property=\"og:image:type\" content=\"image\/jpeg\" \/>\n<meta name=\"twitter:card\" content=\"summary_large_image\" \/>\n<meta name=\"twitter:label1\" content=\"Tempo di lettura stimato\" \/>\n\t<meta name=\"twitter:data1\" content=\"4 minuti\" \/>\n<script type=\"application\/ld+json\" class=\"yoast-schema-graph\">{\"@context\":\"https:\\\/\\\/schema.org\",\"@graph\":[{\"@type\":\"WebPage\",\"@id\":\"https:\\\/\\\/tenerifecenter.com\\\/it\\\/info\\\/visti-per-la-spagna\\\/\",\"url\":\"https:\\\/\\\/tenerifecenter.com\\\/it\\\/info\\\/visti-per-la-spagna\\\/\",\"name\":\"Come ottenere un visto per la Spagna. Istruzioni dettagliate.\",\"isPartOf\":{\"@id\":\"https:\\\/\\\/tenerifecenter.com\\\/it\\\/#website\"},\"primaryImageOfPage\":{\"@id\":\"https:\\\/\\\/tenerifecenter.com\\\/it\\\/info\\\/visti-per-la-spagna\\\/#primaryimage\"},\"image\":{\"@id\":\"https:\\\/\\\/tenerifecenter.com\\\/it\\\/info\\\/visti-per-la-spagna\\\/#primaryimage\"},\"thumbnailUrl\":\"https:\\\/\\\/tenerifecenter.com\\\/wp-content\\\/uploads\\\/2023\\\/03\\\/vym-canarias-office-2.jpeg\",\"datePublished\":\"2019-07-21T20:11:14+00:00\",\"dateModified\":\"2023-02-09T16:00:00+00:00\",\"description\":\"Come ottenere un visto per la Spagna? VYM Canarias Real Estate Visa Memo (Tenerife, Isole Canarie).\",\"breadcrumb\":{\"@id\":\"https:\\\/\\\/tenerifecenter.com\\\/it\\\/info\\\/visti-per-la-spagna\\\/#breadcrumb\"},\"inLanguage\":\"it-IT\",\"potentialAction\":[{\"@type\":\"ReadAction\",\"target\":[\"https:\\\/\\\/tenerifecenter.com\\\/it\\\/info\\\/visti-per-la-spagna\\\/\"]}]},{\"@type\":\"ImageObject\",\"inLanguage\":\"it-IT\",\"@id\":\"https:\\\/\\\/tenerifecenter.com\\\/it\\\/info\\\/visti-per-la-spagna\\\/#primaryimage\",\"url\":\"https:\\\/\\\/tenerifecenter.com\\\/wp-content\\\/uploads\\\/2023\\\/03\\\/vym-canarias-office-2.jpeg\",\"contentUrl\":\"https:\\\/\\\/tenerifecenter.com\\\/wp-content\\\/uploads\\\/2023\\\/03\\\/vym-canarias-office-2.jpeg\",\"width\":1920,\"height\":350},{\"@type\":\"BreadcrumbList\",\"@id\":\"https:\\\/\\\/tenerifecenter.com\\\/it\\\/info\\\/visti-per-la-spagna\\\/#breadcrumb\",\"itemListElement\":[{\"@type\":\"ListItem\",\"position\":1,\"name\":\"Home\",\"item\":\"https:\\\/\\\/tenerifecenter.com\\\/it\\\/\"},{\"@type\":\"ListItem\",\"position\":2,\"name\":\"Informazione\",\"item\":\"https:\\\/\\\/tenerifecenter.com\\\/it\\\/info\\\/\"},{\"@type\":\"ListItem\",\"position\":3,\"name\":\"Visti per la Spagna\"}]},{\"@type\":\"WebSite\",\"@id\":\"https:\\\/\\\/tenerifecenter.com\\\/it\\\/#website\",\"url\":\"https:\\\/\\\/tenerifecenter.com\\\/it\\\/\",\"name\":\"VYM Canarias\",\"description\":\"Real Estate - Tenerife\",\"potentialAction\":[{\"@type\":\"SearchAction\",\"target\":{\"@type\":\"EntryPoint\",\"urlTemplate\":\"https:\\\/\\\/tenerifecenter.com\\\/it\\\/?s={search_term_string}\"},\"query-input\":{\"@type\":\"PropertyValueSpecification\",\"valueRequired\":true,\"valueName\":\"search_term_string\"}}],\"inLanguage\":\"it-IT\"}]}<\/script>\n<!-- \/ Yoast SEO plugin. -->","yoast_head_json":{"title":"Come ottenere un visto per la Spagna. Istruzioni dettagliate.","description":"Come ottenere un visto per la Spagna? VYM Canarias Real Estate Visa Memo (Tenerife, Isole Canarie).","robots":{"index":"index","follow":"follow","max-snippet":"max-snippet:-1","max-image-preview":"max-image-preview:large","max-video-preview":"max-video-preview:-1"},"canonical":"https:\/\/tenerifecenter.com\/it\/info\/visti-per-la-spagna\/","og_locale":"it_IT","og_type":"article","og_title":"Come ottenere un visto per la Spagna. Istruzioni dettagliate.","og_description":"Come ottenere un visto per la Spagna? VYM Canarias Real Estate Visa Memo (Tenerife, Isole Canarie).","og_url":"https:\/\/tenerifecenter.com\/it\/info\/visti-per-la-spagna\/","og_site_name":"VYM Canarias","article_publisher":"https:\/\/www.facebook.com\/vym.canarias","article_modified_time":"2023-02-09T16:00:00+00:00","og_image":[{"width":1920,"height":350,"url":"https:\/\/tenerifecenter.com\/wp-content\/uploads\/2019\/09\/vym-canarias-office-1.jpg","type":"image\/jpeg"}],"twitter_card":"summary_large_image","twitter_misc":{"Tempo di lettura stimato":"4 minuti"},"schema":{"@context":"https:\/\/schema.org","@graph":[{"@type":"WebPage","@id":"https:\/\/tenerifecenter.com\/it\/info\/visti-per-la-spagna\/","url":"https:\/\/tenerifecenter.com\/it\/info\/visti-per-la-spagna\/","name":"Come ottenere un visto per la Spagna. Istruzioni dettagliate.","isPartOf":{"@id":"https:\/\/tenerifecenter.com\/it\/#website"},"primaryImageOfPage":{"@id":"https:\/\/tenerifecenter.com\/it\/info\/visti-per-la-spagna\/#primaryimage"},"image":{"@id":"https:\/\/tenerifecenter.com\/it\/info\/visti-per-la-spagna\/#primaryimage"},"thumbnailUrl":"https:\/\/tenerifecenter.com\/wp-content\/uploads\/2023\/03\/vym-canarias-office-2.jpeg","datePublished":"2019-07-21T20:11:14+00:00","dateModified":"2023-02-09T16:00:00+00:00","description":"Come ottenere un visto per la Spagna? VYM Canarias Real Estate Visa Memo (Tenerife, Isole Canarie).","breadcrumb":{"@id":"https:\/\/tenerifecenter.com\/it\/info\/visti-per-la-spagna\/#breadcrumb"},"inLanguage":"it-IT","potentialAction":[{"@type":"ReadAction","target":["https:\/\/tenerifecenter.com\/it\/info\/visti-per-la-spagna\/"]}]},{"@type":"ImageObject","inLanguage":"it-IT","@id":"https:\/\/tenerifecenter.com\/it\/info\/visti-per-la-spagna\/#primaryimage","url":"https:\/\/tenerifecenter.com\/wp-content\/uploads\/2023\/03\/vym-canarias-office-2.jpeg","contentUrl":"https:\/\/tenerifecenter.com\/wp-content\/uploads\/2023\/03\/vym-canarias-office-2.jpeg","width":1920,"height":350},{"@type":"BreadcrumbList","@id":"https:\/\/tenerifecenter.com\/it\/info\/visti-per-la-spagna\/#breadcrumb","itemListElement":[{"@type":"ListItem","position":1,"name":"Home","item":"https:\/\/tenerifecenter.com\/it\/"},{"@type":"ListItem","position":2,"name":"Informazione","item":"https:\/\/tenerifecenter.com\/it\/info\/"},{"@type":"ListItem","position":3,"name":"Visti per la Spagna"}]},{"@type":"WebSite","@id":"https:\/\/tenerifecenter.com\/it\/#website","url":"https:\/\/tenerifecenter.com\/it\/","name":"VYM Canarias","description":"Real Estate - Tenerife","potentialAction":[{"@type":"SearchAction","target":{"@type":"EntryPoint","urlTemplate":"https:\/\/tenerifecenter.com\/it\/?s={search_term_string}"},"query-input":{"@type":"PropertyValueSpecification","valueRequired":true,"valueName":"search_term_string"}}],"inLanguage":"it-IT"}]}},"_links":{"self":[{"href":"https:\/\/tenerifecenter.com\/it\/wp-json\/wp\/v2\/pages\/3230","targetHints":{"allow":["GET"]}}],"collection":[{"href":"https:\/\/tenerifecenter.com\/it\/wp-json\/wp\/v2\/pages"}],"about":[{"href":"https:\/\/tenerifecenter.com\/it\/wp-json\/wp\/v2\/types\/page"}],"author":[{"embeddable":true,"href":"https:\/\/tenerifecenter.com\/it\/wp-json\/wp\/v2\/users\/1"}],"replies":[{"embeddable":true,"href":"https:\/\/tenerifecenter.com\/it\/wp-json\/wp\/v2\/comments?post=3230"}],"version-history":[{"count":0,"href":"https:\/\/tenerifecenter.com\/it\/wp-json\/wp\/v2\/pages\/3230\/revisions"}],"up":[{"embeddable":true,"href":"https:\/\/tenerifecenter.com\/it\/wp-json\/wp\/v2\/pages\/3295"}],"wp:featuredmedia":[{"embeddable":true,"href":"https:\/\/tenerifecenter.com\/it\/wp-json\/wp\/v2\/media\/445600"}],"wp:attachment":[{"href":"https:\/\/tenerifecenter.com\/it\/wp-json\/wp\/v2\/media?parent=3230"}],"curies":[{"name":"wp","href":"https:\/\/api.w.org\/{rel}","templated":true}]}}