{"id":3220,"date":"2019-07-21T20:27:07","date_gmt":"2019-07-21T20:27:07","guid":{"rendered":"http:\/\/vym-wp.local\/business-in-spain\/"},"modified":"2019-11-19T20:35:06","modified_gmt":"2019-11-19T20:35:06","slug":"negozios-en-espan","status":"publish","type":"page","link":"https:\/\/tenerifecenter.com\/it\/info\/negozios-en-espan\/","title":{"rendered":"Negozios en Espan\u0303a"},"content":{"rendered":"<p>La Spagna ha creato condizioni confortevoli per fare affari. La crisi \u00e8 stata lasciata alle spalle e l&#8217;economia del paese si \u00e8 stabilizzata. La percentuale di liberi professionisti stranieri \u00e8 aumentata. Secondo la legge, sia un residente che un non residente possono aprire un&#8217;attivit\u00e0 in Spagna. La procedura per creare e registrare nuove societ\u00e0 non \u00e8 molto complicata. Inoltre, l&#8217;apertura di un&#8217;attivit\u00e0 e la creazione di nuovi posti di lavoro in Spagna offre agli stranieri l&#8217;opportunit\u00e0 di ottenere un permesso di soggiorno. Il fattore pi\u00f9 importante per fare affari in Spagna \u00e8 la stabilit\u00e0 e una buona prospettiva economica.<\/p>\r\n\r\n<p>L&#8217;economia spagnola nel 2018 \u00e8 cresciuta del 2,5%. Questo indicatore \u00e8 superiore alla media dell\u2019 UE. Ad esempio, il PIL tedesco nello stesso anno era dell&#8217;1,5%. L&#8217;alto tasso di crescita, secondo gli esperti, continuer\u00e0 nei prossimi anni, sebbene, soggetto al processo economico globale, potrebbe diminuire leggermente.<\/p>\r\n\r\n<h2>I vantaggi di fare affari in Spagna<\/h2>\r\n\r\n<ul>\r\n  <li>Stabilit\u00e0 dei sistemi statali ed economici.<\/li>\r\n  <li>Semplicit\u00e0 della nuova procedura di registrazione della societ\u00e0.<\/li>\r\n  <li>Condizioni favorevoli per le piccole e medie imprese.<\/li>\r\n<\/ul>\r\n\r\n<h2>Quali tipi di societ\u00e0 esistono in Spagna?<\/h2>\r\n\r\n<p><b>Inc. (societ\u00e0 per azioni aperta)<\/b>: analogo di una societ\u00e0 per azioni italiana (SPA). Inc. implica la presenza di un gran numero di azionisti. Capitale minimo autorizzato S.A. \u00e8 di 60 101, 21 euro. Quando si registra una societ\u00e0 S.A. \u00e8 sufficiente inserire il 25% del capitale autorizzato nel conto corrente della societ\u00e0. Al fine di gestire questo tipo di societ\u00e0, sono previste procedure speciali che tutelano i diritti dei fondatori, ad esempio la convocazione di assemblee obbligatorie degli azionisti che viene effettuata attraverso la pubblicazione sulla stampa e nella Gazzetta ufficiale del registro mercantile. Inc. a differenza di S.L. \u00c8 possibile emettere obbligazioni e altri titoli.<\/p>\r\n\r\n<p><b>S.L. (Societ\u00e0 a responsabilit\u00e0 limitata)<\/b>: un analogo delle italiane SRL (societ\u00e0 a responsabilit\u00e0 limitata). S.L. In confronto a S.A. ha uno schema di controllo pi\u00f9 semplice. Il capitale sociale \u00e8 di 3.006, 06 euro. Aziende S.L. non possono emettere obbligazioni, le quotazioni dei co-fondatori non sono quotate in borsa.<\/p>\r\n\r\n<p>Questi due tipi di societ\u00e0 sono i pi\u00f9 comuni in Spagna. Sia una che l\u2019altra societ\u00e0 hanno una responsabilit\u00e0 limitata che rientra nei limiti dei contributi dei co-fondatori nel capitale autorizzato e paga le stesse tasse.<\/p>\r\n\r\n<h2>Apri un&#8217;attivit\u00e0 in Spagna<\/h2>\r\n\r\n<ul>\r\n  <li>Per registrare una societ\u00e0 in Spagna non \u00e8 necessaria la residenza ma si il <a href=\"#\">NIE<\/a> e registrarsi con l&#8217;agenzia fiscale.<\/li>\r\n  <li>Un non residente non pu\u00f2 essere un dirigente di una societ\u00e0 di gestione stabilita in Spagna.<\/li>\r\n  <li>Conto in una banca spagnola. Per registrare una societ\u00e0 \u00e8 necessario apportare un contributo al capitale sociale.<\/li>\r\n  <li>Preparazione di documenti costitutivi che contengono informazioni sullo statuto sociale: il nome e l&#8217;indirizzo della persona giuridica, la procedura per gestire le sue attivit\u00e0 e altre informazioni.<\/li>\r\n  <li>Realizzazione notarile della costituzione della societ\u00e0.<\/li>\r\n  <li>Pagamento del privilegio fiscale nella societ\u00e0 per un importo dell&#8217;1% del capitale conferito.<\/li>\r\n  <li>Registrazione di una societ\u00e0 presso la Camera di commercio Spagnola e presente nel registro mercantile dello stato.<\/li>\r\n  <li>Ottenere un numero di identificazione della societ\u00e0 a fini fiscali.<\/li>\r\n  <li>Pagamento di imposte e tasse comunali.<\/li>\r\n<\/ul>\r\n\r\n<h2>I tre modi pi\u00f9 comuni per avviare un&#8217;attivit\u00e0 in Spagna sono:<\/h2>\r\n\r\n<ol>\r\n  <li>Apri una nuova societ\u00e0.<\/li>\r\n  <li>Acquistare un&#8217;attivit\u00e0 gi\u00e0 avviata.<\/li>\r\n  <li>Apertura di un franchising.<\/li>\r\n<\/ol>\r\n\r\n<h2>Che attivit\u00e0 aprire a Tenerife<\/h2>\r\n\r\n<p>La fiscalit\u00e0 preferenziale nelle Isole Canarie \u00e8 un sistema fiscale speciale creato per promuovere lo sviluppo economico nelle Isole Canarie. Questo fatto richiede il supporto di imprenditori nella regione e il rispetto delle normative.<\/p>\r\n\r\n<blockquote>L&#8217;imposta sul reddito delle societ\u00e0 delle Isole Canarie \u00e8 del 4%, a condizione che l&#8217;aliquota sia pari al 25%.<\/blockquote>\r\n\r\n<p>Le Isole Canarie sono una zona economica speciale (ZEC) dal 2000. La misura \u00e8 stabilita per un periodo fino al 31 dicembre 2019.<\/p>\r\n\r\n<h2>Tipi di imprese accettate nella zona ZEC <small class=\"block\">(Zona Economica Speciale)<\/small><\/h2>\r\n\r\n<p>I crediti d&#8217;imposta delle Isole Canarie coprono una vasta gamma di attivit\u00e0 commerciali: industria, servizi e commercio. Tuttavia, ci sono diversi settori che rappresentano nicchie commerciali promettenti, il cui sviluppo \u00e8 particolarmente apprezzato nelle Isole Canarie, poich\u00e9 ha un grande potenziale per la modernizzazione della regione.<\/p>\r\n\r\n<ul>\r\n  <li>Turismo: tour operator e agenzie di viaggio, servizi di prenotazione ed escursioni, produzione di tutti i tipi di prodotti turistici per hotel e ristoranti, ampliamento attivit\u00e1 per il tempo libero, manutenzione di complessi di intrattenimento, ecc.<\/li>\r\n  <li>Servizio commerciale e outsourcing: consulenza e gestione aziendale, ingegneria, architettura, design, marketing e comunicazione.<\/li>\r\n  <li>Tecnologie digitali: software, informatica, elaborazione dati, tecnologie Internet.<\/li>\r\n  <li>Trasporto: deposito e consegna della merce.<\/li>\r\n  <li>Settore marittimo: riparazione, manutenzione, trasporto, logistica, fornitura, ecc.<\/li>\r\n<\/ul>","protected":false},"excerpt":{"rendered":"<p>La Spagna ha creato condizioni confortevoli per fare affari. La crisi \u00e8 stata lasciata alle spalle e l&#8217;economia del paese si \u00e8 stabilizzata. La percentuale di liberi professionisti stranieri \u00e8 aumentata. Secondo la legge, sia un residente che un non residente possono aprire un&#8217;attivit\u00e0 in Spagna. La procedura per creare e registrare nuove societ\u00e0 non [&hellip;]<\/p>\n","protected":false},"author":1,"featured_media":445600,"parent":3295,"menu_order":0,"comment_status":"closed","ping_status":"closed","template":"","meta":{"_acf_changed":false,"footnotes":""},"class_list":["post-3220","page","type-page","status-publish","has-post-thumbnail","hentry"],"acf":[],"yoast_head":"<!-- This site is optimized with the Yoast SEO plugin v27.4 - https:\/\/yoast.com\/product\/yoast-seo-wordpress\/ -->\n<title>Come aprire un&#039;attivit\u00e0 in Spagna - tutti i modi per fare impresa<\/title>\n<meta name=\"description\" content=\"Vuoi aprire o acquistare un&#039;attivit\u00e0 gi\u00e0 pronta in Spagna? Una guida dettagliata in russo dell&#039;agenzia immobiliare VYM Canarias (Tenerife, Spagna).\" \/>\n<meta name=\"robots\" content=\"index, follow, max-snippet:-1, max-image-preview:large, max-video-preview:-1\" \/>\n<link rel=\"canonical\" href=\"https:\/\/tenerifecenter.com\/it\/info\/negozios-en-espan\/\" \/>\n<meta property=\"og:locale\" content=\"it_IT\" \/>\n<meta property=\"og:type\" content=\"article\" \/>\n<meta property=\"og:title\" content=\"Come aprire un&#039;attivit\u00e0 in Spagna - tutti i modi per fare impresa\" \/>\n<meta property=\"og:description\" content=\"Vuoi aprire o acquistare un&#039;attivit\u00e0 gi\u00e0 pronta in Spagna? Una guida dettagliata in russo dell&#039;agenzia immobiliare VYM Canarias (Tenerife, Spagna).\" \/>\n<meta property=\"og:url\" content=\"https:\/\/tenerifecenter.com\/it\/info\/negozios-en-espan\/\" \/>\n<meta property=\"og:site_name\" content=\"VYM Canarias\" \/>\n<meta property=\"article:publisher\" content=\"https:\/\/www.facebook.com\/vym.canarias\" \/>\n<meta property=\"article:modified_time\" content=\"2019-11-19T20:35:06+00:00\" \/>\n<meta property=\"og:image\" content=\"https:\/\/tenerifecenter.com\/wp-content\/uploads\/2019\/09\/vym-canarias-office-1.jpg\" \/>\n\t<meta property=\"og:image:width\" content=\"1920\" \/>\n\t<meta property=\"og:image:height\" content=\"350\" \/>\n\t<meta property=\"og:image:type\" content=\"image\/jpeg\" \/>\n<meta name=\"twitter:card\" content=\"summary_large_image\" \/>\n<meta name=\"twitter:label1\" content=\"Tempo di lettura stimato\" \/>\n\t<meta name=\"twitter:data1\" content=\"4 minuti\" \/>\n<script type=\"application\/ld+json\" class=\"yoast-schema-graph\">{\"@context\":\"https:\\\/\\\/schema.org\",\"@graph\":[{\"@type\":\"WebPage\",\"@id\":\"https:\\\/\\\/tenerifecenter.com\\\/it\\\/info\\\/negozios-en-espan\\\/\",\"url\":\"https:\\\/\\\/tenerifecenter.com\\\/it\\\/info\\\/negozios-en-espan\\\/\",\"name\":\"Come aprire un'attivit\u00e0 in Spagna - tutti i modi per fare impresa\",\"isPartOf\":{\"@id\":\"https:\\\/\\\/tenerifecenter.com\\\/it\\\/#website\"},\"primaryImageOfPage\":{\"@id\":\"https:\\\/\\\/tenerifecenter.com\\\/it\\\/info\\\/negozios-en-espan\\\/#primaryimage\"},\"image\":{\"@id\":\"https:\\\/\\\/tenerifecenter.com\\\/it\\\/info\\\/negozios-en-espan\\\/#primaryimage\"},\"thumbnailUrl\":\"https:\\\/\\\/tenerifecenter.com\\\/wp-content\\\/uploads\\\/2023\\\/03\\\/vym-canarias-office-2.jpeg\",\"datePublished\":\"2019-07-21T20:27:07+00:00\",\"dateModified\":\"2019-11-19T20:35:06+00:00\",\"description\":\"Vuoi aprire o acquistare un'attivit\u00e0 gi\u00e0 pronta in Spagna? Una guida dettagliata in russo dell'agenzia immobiliare VYM Canarias (Tenerife, Spagna).\",\"breadcrumb\":{\"@id\":\"https:\\\/\\\/tenerifecenter.com\\\/it\\\/info\\\/negozios-en-espan\\\/#breadcrumb\"},\"inLanguage\":\"it-IT\",\"potentialAction\":[{\"@type\":\"ReadAction\",\"target\":[\"https:\\\/\\\/tenerifecenter.com\\\/it\\\/info\\\/negozios-en-espan\\\/\"]}]},{\"@type\":\"ImageObject\",\"inLanguage\":\"it-IT\",\"@id\":\"https:\\\/\\\/tenerifecenter.com\\\/it\\\/info\\\/negozios-en-espan\\\/#primaryimage\",\"url\":\"https:\\\/\\\/tenerifecenter.com\\\/wp-content\\\/uploads\\\/2023\\\/03\\\/vym-canarias-office-2.jpeg\",\"contentUrl\":\"https:\\\/\\\/tenerifecenter.com\\\/wp-content\\\/uploads\\\/2023\\\/03\\\/vym-canarias-office-2.jpeg\",\"width\":1920,\"height\":350},{\"@type\":\"BreadcrumbList\",\"@id\":\"https:\\\/\\\/tenerifecenter.com\\\/it\\\/info\\\/negozios-en-espan\\\/#breadcrumb\",\"itemListElement\":[{\"@type\":\"ListItem\",\"position\":1,\"name\":\"Home\",\"item\":\"https:\\\/\\\/tenerifecenter.com\\\/it\\\/\"},{\"@type\":\"ListItem\",\"position\":2,\"name\":\"Informazione\",\"item\":\"https:\\\/\\\/tenerifecenter.com\\\/it\\\/info\\\/\"},{\"@type\":\"ListItem\",\"position\":3,\"name\":\"Negozios en Espan\u0303a\"}]},{\"@type\":\"WebSite\",\"@id\":\"https:\\\/\\\/tenerifecenter.com\\\/it\\\/#website\",\"url\":\"https:\\\/\\\/tenerifecenter.com\\\/it\\\/\",\"name\":\"VYM Canarias\",\"description\":\"Real Estate - Tenerife\",\"potentialAction\":[{\"@type\":\"SearchAction\",\"target\":{\"@type\":\"EntryPoint\",\"urlTemplate\":\"https:\\\/\\\/tenerifecenter.com\\\/it\\\/?s={search_term_string}\"},\"query-input\":{\"@type\":\"PropertyValueSpecification\",\"valueRequired\":true,\"valueName\":\"search_term_string\"}}],\"inLanguage\":\"it-IT\"}]}<\/script>\n<!-- \/ Yoast SEO plugin. -->","yoast_head_json":{"title":"Come aprire un'attivit\u00e0 in Spagna - tutti i modi per fare impresa","description":"Vuoi aprire o acquistare un'attivit\u00e0 gi\u00e0 pronta in Spagna? Una guida dettagliata in russo dell'agenzia immobiliare VYM Canarias (Tenerife, Spagna).","robots":{"index":"index","follow":"follow","max-snippet":"max-snippet:-1","max-image-preview":"max-image-preview:large","max-video-preview":"max-video-preview:-1"},"canonical":"https:\/\/tenerifecenter.com\/it\/info\/negozios-en-espan\/","og_locale":"it_IT","og_type":"article","og_title":"Come aprire un'attivit\u00e0 in Spagna - tutti i modi per fare impresa","og_description":"Vuoi aprire o acquistare un'attivit\u00e0 gi\u00e0 pronta in Spagna? Una guida dettagliata in russo dell'agenzia immobiliare VYM Canarias (Tenerife, Spagna).","og_url":"https:\/\/tenerifecenter.com\/it\/info\/negozios-en-espan\/","og_site_name":"VYM Canarias","article_publisher":"https:\/\/www.facebook.com\/vym.canarias","article_modified_time":"2019-11-19T20:35:06+00:00","og_image":[{"width":1920,"height":350,"url":"https:\/\/tenerifecenter.com\/wp-content\/uploads\/2019\/09\/vym-canarias-office-1.jpg","type":"image\/jpeg"}],"twitter_card":"summary_large_image","twitter_misc":{"Tempo di lettura stimato":"4 minuti"},"schema":{"@context":"https:\/\/schema.org","@graph":[{"@type":"WebPage","@id":"https:\/\/tenerifecenter.com\/it\/info\/negozios-en-espan\/","url":"https:\/\/tenerifecenter.com\/it\/info\/negozios-en-espan\/","name":"Come aprire un'attivit\u00e0 in Spagna - tutti i modi per fare impresa","isPartOf":{"@id":"https:\/\/tenerifecenter.com\/it\/#website"},"primaryImageOfPage":{"@id":"https:\/\/tenerifecenter.com\/it\/info\/negozios-en-espan\/#primaryimage"},"image":{"@id":"https:\/\/tenerifecenter.com\/it\/info\/negozios-en-espan\/#primaryimage"},"thumbnailUrl":"https:\/\/tenerifecenter.com\/wp-content\/uploads\/2023\/03\/vym-canarias-office-2.jpeg","datePublished":"2019-07-21T20:27:07+00:00","dateModified":"2019-11-19T20:35:06+00:00","description":"Vuoi aprire o acquistare un'attivit\u00e0 gi\u00e0 pronta in Spagna? Una guida dettagliata in russo dell'agenzia immobiliare VYM Canarias (Tenerife, Spagna).","breadcrumb":{"@id":"https:\/\/tenerifecenter.com\/it\/info\/negozios-en-espan\/#breadcrumb"},"inLanguage":"it-IT","potentialAction":[{"@type":"ReadAction","target":["https:\/\/tenerifecenter.com\/it\/info\/negozios-en-espan\/"]}]},{"@type":"ImageObject","inLanguage":"it-IT","@id":"https:\/\/tenerifecenter.com\/it\/info\/negozios-en-espan\/#primaryimage","url":"https:\/\/tenerifecenter.com\/wp-content\/uploads\/2023\/03\/vym-canarias-office-2.jpeg","contentUrl":"https:\/\/tenerifecenter.com\/wp-content\/uploads\/2023\/03\/vym-canarias-office-2.jpeg","width":1920,"height":350},{"@type":"BreadcrumbList","@id":"https:\/\/tenerifecenter.com\/it\/info\/negozios-en-espan\/#breadcrumb","itemListElement":[{"@type":"ListItem","position":1,"name":"Home","item":"https:\/\/tenerifecenter.com\/it\/"},{"@type":"ListItem","position":2,"name":"Informazione","item":"https:\/\/tenerifecenter.com\/it\/info\/"},{"@type":"ListItem","position":3,"name":"Negozios en Espan\u0303a"}]},{"@type":"WebSite","@id":"https:\/\/tenerifecenter.com\/it\/#website","url":"https:\/\/tenerifecenter.com\/it\/","name":"VYM Canarias","description":"Real Estate - Tenerife","potentialAction":[{"@type":"SearchAction","target":{"@type":"EntryPoint","urlTemplate":"https:\/\/tenerifecenter.com\/it\/?s={search_term_string}"},"query-input":{"@type":"PropertyValueSpecification","valueRequired":true,"valueName":"search_term_string"}}],"inLanguage":"it-IT"}]}},"_links":{"self":[{"href":"https:\/\/tenerifecenter.com\/it\/wp-json\/wp\/v2\/pages\/3220","targetHints":{"allow":["GET"]}}],"collection":[{"href":"https:\/\/tenerifecenter.com\/it\/wp-json\/wp\/v2\/pages"}],"about":[{"href":"https:\/\/tenerifecenter.com\/it\/wp-json\/wp\/v2\/types\/page"}],"author":[{"embeddable":true,"href":"https:\/\/tenerifecenter.com\/it\/wp-json\/wp\/v2\/users\/1"}],"replies":[{"embeddable":true,"href":"https:\/\/tenerifecenter.com\/it\/wp-json\/wp\/v2\/comments?post=3220"}],"version-history":[{"count":0,"href":"https:\/\/tenerifecenter.com\/it\/wp-json\/wp\/v2\/pages\/3220\/revisions"}],"up":[{"embeddable":true,"href":"https:\/\/tenerifecenter.com\/it\/wp-json\/wp\/v2\/pages\/3295"}],"wp:featuredmedia":[{"embeddable":true,"href":"https:\/\/tenerifecenter.com\/it\/wp-json\/wp\/v2\/media\/445600"}],"wp:attachment":[{"href":"https:\/\/tenerifecenter.com\/it\/wp-json\/wp\/v2\/media?parent=3220"}],"curies":[{"name":"wp","href":"https:\/\/api.w.org\/{rel}","templated":true}]}}