{"id":3167,"date":"2019-07-27T19:37:43","date_gmt":"2019-07-27T19:37:43","guid":{"rendered":"http:\/\/vym-wp.local\/about-us\/about-company\/"},"modified":"2023-09-25T14:21:45","modified_gmt":"2023-09-25T14:21:45","slug":"circa-la-societa","status":"publish","type":"page","link":"https:\/\/tenerifecenter.com\/it\/circa-la-societa\/","title":{"rendered":"Circa la societ\u00e0"},"content":{"rendered":"<p class=\"mb-40\">Vym Canarias \u00e8 una delle pi\u00f9 grandi agenzie immobiliari sulla costa meridionale di Tenerife. Lavoriamo dal 2010 e siamo specializzati nella vendita di immobili residenziali e commerciali a Tenerife: appartamenti, case a schiera, ville e terreni, nonch\u00e9 uffici e locali commerciali.<\/p>\r\n\r\n<div class=\"row mb-30\">\r\n    <iframe loading=\"lazy\" width=\"100%\" height=\"425\" src=\"https:\/\/www.youtube.com\/embed\/C7xNhgxodZQ\" frameborder=\"0\" allow=\"accelerometer; autoplay; encrypted-media; gyroscope; picture-in-picture\" allowfullscreen><\/iframe>\r\n<\/div>\r\n\r\n<h2>Il nostro lavoro<\/h2>\r\n\r\n<p>Aiutiamo i clienti a trovare la loro casa a Tenerife. La societ\u00e0 collabora con tutte le agenzie immobiliari professionali dell&#8217;isola e ha accesso al pi\u00f9 grande database di propriet\u00e0 immobiliari delle Isole Canarie.<\/p>\r\n\r\n<p>La reputazione \u00e8 il nostro valore principale, quindi lavoriamo solo con avvocati e notai accreditati. Le nostre strutture sono sottoposte a una verifica professionale che ci consente di garantire la loro legalit\u00e1.<\/p>\r\n\r\n<p>Aiutiamo a preparare documenti per l&#8217;acquisto di beni immobili con o senza mutuo, forniamo assistenza legale per la transazione e ci occupiamo dell&#8217;assistenza post-vendita per i clienti.<\/p>\r\n\r\n<h2>Perch\u00e9 Vym Canarias<\/h2>\r\n\r\n<p>Lavorare con noi \u00e8 conveniente e redditizio:<\/p>\r\n\r\n<ul>\r\n  <li>Garantiamo la legalit\u00e0 della transazione.<\/li>\r\n  <li>Lavoriamo apertamente e informiamo i clienti su tutti i dettagli della transazione.<\/li>\r\n  <li>Abbiamo una vasta selezione di immobili.<\/li>\r\n  <li>Abbiamo uffici a Tenerife e ad Alicante situati nelle principali localit\u00e0 turistiche.<\/li>\r\n  <li>Il nostro staff parla 9 lingue.<\/li>\r\n<\/ul>\r\n\r\n<p>Il mercato immobiliare in Spagna \u00e8 il nostro ambiente professionale. <a href=\"\/\">Vym Canarias<\/a> partecipa a mostre immobiliari internazionali in diversi paesi. Aiutiamo i nostri clienti a conoscere le nuove tendenze e i cambiamenti nella legislazione<\/p>\r\n\r\n<p>Il nostro compito \u00e8 la stabilit\u00e0 e lo sviluppo graduale.<\/p>\r\n\r\n<p>La nostra missione \u00e8 di trovarti una casa nelle Isole Canarie.<\/p>\r\n\r\n<table>\r\n  <thead>\r\n    <th><\/th>\r\n    <th><\/th>\r\n  <\/thead>\r\n  <tbody>\r\n    <tr>\r\n      <td valign=\"top\">\r\n        <img decoding=\"async\" src=\"\/wp-content\/uploads\/2020\/02\/CEST.jpg\" alt=\"\" width=\"125\">\r\n      <\/td>\r\n      <td>\r\n        <h6>CEST<\/h6>\r\n        <p>El Circulo de Empresarios y Profesionales del Sur de Tenerife (CEST) es una asociacion multisectorial sin animo de lucro compuesta por empresas y profesionales establecidos en el Sur de Tenerife o que tienen intereses y relaciones comerciales en esta Comarca.<\/p>\r\n      <\/td>\r\n    <\/tr>\r\n    <tr>\r\n      <td valign=\"top\">\r\n        <img decoding=\"async\" src=\"\/wp-content\/uploads\/2020\/02\/TSREA-logo.jpeg\" alt=\"\" width=\"125\">\r\n      <\/td>\r\n      <td>\r\n        <h6>TSREA<\/h6>\r\n        <p>Tenerife South Real Estate Asociaci\u00f3n nace por la iniciativa de un amplio grupo de expertos del sector inmobiliario, que han decidido aunar sus a\u00f1os de experiencia y profesionalidad, para crear una red de Agencias Inmobiliarias.<\/p>\r\n      <\/td>\r\n    <\/tr>\r\n    <tr>\r\n      <td valign=\"top\">\r\n        <img decoding=\"async\" src=\"\/wp-content\/uploads\/2020\/02\/Fast-1.jpg\" alt=\"\" width=\"125\">\r\n      <\/td>\r\n      <td>\r\n        <h6>FAST<\/h6>\r\n        <p>FAST La Asociaci\u00f3n Foro de Amigos del Sur de Tenerife perseguir\u00e1 fines de inter\u00e9s general para la comarca del sur de Tenerife, de car\u00e1cter social, cultural, deportivo, medioambiental, educativo, y de promoci\u00f3n tur\u00edstica.<\/p>\r\n      <\/td>\r\n    <\/tr>\r\n    <tr>\r\n      <td valign=\"top\">\r\n        <img decoding=\"async\" src=\"\/wp-content\/uploads\/2020\/02\/FEPECO-logo.jpeg\" alt=\"\" width=\"125\">\r\n      <\/td>\r\n      <td>\r\n        <h6>FEPECO<\/h6>\r\n        <p>FEPECO Federaci\u00f3n Provincial de Entidades de la Construcci\u00f3n de Santa Cruz de Tenerife.<\/p>\r\n      <\/td>\r\n    <\/tr>\r\n    <tr>\r\n      <td valign=\"top\">\r\n        <img decoding=\"async\" src=\"\/wp-content\/uploads\/2020\/02\/Expertos.jpg\" alt=\"\" width=\"125\">\r\n      <\/td>\r\n      <td>\r\n        <h6>EXPERTOS INMOBILIARIOS<\/h6>\r\n        <p>EXPERTOS INMOBILIARIOS: es una asociaci\u00f3n que agrupa a profesionales y empresarios del Sector Inmobiliario y se halla implantada en todo el territorio nacional. Se trata de una asociaci\u00f3n sin \u00e1nimo de lucro, debidamente inscrita en el Ministerio de Trabajo con el n\u00famero 4507.<\/p>\r\n      <\/td>\r\n    <\/tr>\r\n  <\/tbody>\r\n<\/table>\r\n","protected":false},"excerpt":{"rendered":"<p>Vym Canarias \u00e8 una delle pi\u00f9 grandi agenzie immobiliari sulla costa meridionale di Tenerife. Lavoriamo dal 2010 e siamo specializzati nella vendita di immobili residenziali e commerciali a Tenerife: appartamenti, case a schiera, ville e terreni, nonch\u00e9 uffici e locali commerciali. Il nostro lavoro Aiutiamo i clienti a trovare la loro casa a Tenerife. La [&hellip;]<\/p>\n","protected":false},"author":1,"featured_media":445600,"parent":0,"menu_order":0,"comment_status":"closed","ping_status":"closed","template":"","meta":{"_acf_changed":false,"footnotes":""},"class_list":["post-3167","page","type-page","status-publish","has-post-thumbnail","hentry"],"acf":[],"yoast_head":"<!-- This site is optimized with the Yoast SEO plugin v27.4 - https:\/\/yoast.com\/product\/yoast-seo-wordpress\/ -->\n<title>Informazioni sull&#039;agenzia immobiliare Vym Canarias<\/title>\n<meta name=\"description\" content=\"Chi siamo Informazioni sull&#039;agenzia immobiliare Vym Canarias. Aiutiamo a comprare abitazioni a Tenerife (Isole Canarie, Spagna): una reputazione impeccabile dal 2010.\" \/>\n<meta name=\"robots\" content=\"index, follow, max-snippet:-1, max-image-preview:large, max-video-preview:-1\" \/>\n<link rel=\"canonical\" href=\"https:\/\/tenerifecenter.com\/it\/circa-la-societa\/\" \/>\n<meta property=\"og:locale\" content=\"it_IT\" \/>\n<meta property=\"og:type\" content=\"article\" \/>\n<meta property=\"og:title\" content=\"Informazioni sull&#039;agenzia immobiliare Vym Canarias\" \/>\n<meta property=\"og:description\" content=\"Chi siamo Informazioni sull&#039;agenzia immobiliare Vym Canarias. Aiutiamo a comprare abitazioni a Tenerife (Isole Canarie, Spagna): una reputazione impeccabile dal 2010.\" \/>\n<meta property=\"og:url\" content=\"https:\/\/tenerifecenter.com\/it\/circa-la-societa\/\" \/>\n<meta property=\"og:site_name\" content=\"VYM Canarias\" \/>\n<meta property=\"article:publisher\" content=\"https:\/\/www.facebook.com\/vym.canarias\" \/>\n<meta property=\"article:modified_time\" content=\"2023-09-25T14:21:45+00:00\" \/>\n<meta property=\"og:image\" content=\"https:\/\/tenerifecenter.com\/wp-content\/uploads\/2023\/03\/vym-canarias-office-2.jpeg\" \/>\n\t<meta property=\"og:image:width\" content=\"1920\" \/>\n\t<meta property=\"og:image:height\" content=\"350\" \/>\n\t<meta property=\"og:image:type\" content=\"image\/jpeg\" \/>\n<meta name=\"twitter:card\" content=\"summary_large_image\" \/>\n<meta name=\"twitter:label1\" content=\"Tempo di lettura stimato\" \/>\n\t<meta name=\"twitter:data1\" content=\"4 minuti\" \/>\n<script type=\"application\/ld+json\" class=\"yoast-schema-graph\">{\"@context\":\"https:\\\/\\\/schema.org\",\"@graph\":[{\"@type\":\"WebPage\",\"@id\":\"https:\\\/\\\/tenerifecenter.com\\\/it\\\/circa-la-societa\\\/\",\"url\":\"https:\\\/\\\/tenerifecenter.com\\\/it\\\/circa-la-societa\\\/\",\"name\":\"Informazioni sull'agenzia immobiliare Vym Canarias\",\"isPartOf\":{\"@id\":\"https:\\\/\\\/tenerifecenter.com\\\/it\\\/#website\"},\"primaryImageOfPage\":{\"@id\":\"https:\\\/\\\/tenerifecenter.com\\\/it\\\/circa-la-societa\\\/#primaryimage\"},\"image\":{\"@id\":\"https:\\\/\\\/tenerifecenter.com\\\/it\\\/circa-la-societa\\\/#primaryimage\"},\"thumbnailUrl\":\"https:\\\/\\\/tenerifecenter.com\\\/wp-content\\\/uploads\\\/2023\\\/03\\\/vym-canarias-office-2.jpeg\",\"datePublished\":\"2019-07-27T19:37:43+00:00\",\"dateModified\":\"2023-09-25T14:21:45+00:00\",\"description\":\"Chi siamo Informazioni sull'agenzia immobiliare Vym Canarias. Aiutiamo a comprare abitazioni a Tenerife (Isole Canarie, Spagna): una reputazione impeccabile dal 2010.\",\"breadcrumb\":{\"@id\":\"https:\\\/\\\/tenerifecenter.com\\\/it\\\/circa-la-societa\\\/#breadcrumb\"},\"inLanguage\":\"it-IT\",\"potentialAction\":[{\"@type\":\"ReadAction\",\"target\":[\"https:\\\/\\\/tenerifecenter.com\\\/it\\\/circa-la-societa\\\/\"]}]},{\"@type\":\"ImageObject\",\"inLanguage\":\"it-IT\",\"@id\":\"https:\\\/\\\/tenerifecenter.com\\\/it\\\/circa-la-societa\\\/#primaryimage\",\"url\":\"https:\\\/\\\/tenerifecenter.com\\\/wp-content\\\/uploads\\\/2023\\\/03\\\/vym-canarias-office-2.jpeg\",\"contentUrl\":\"https:\\\/\\\/tenerifecenter.com\\\/wp-content\\\/uploads\\\/2023\\\/03\\\/vym-canarias-office-2.jpeg\",\"width\":1920,\"height\":350},{\"@type\":\"BreadcrumbList\",\"@id\":\"https:\\\/\\\/tenerifecenter.com\\\/it\\\/circa-la-societa\\\/#breadcrumb\",\"itemListElement\":[{\"@type\":\"ListItem\",\"position\":1,\"name\":\"Home\",\"item\":\"https:\\\/\\\/tenerifecenter.com\\\/it\\\/\"},{\"@type\":\"ListItem\",\"position\":2,\"name\":\"Circa la societ\u00e0\"}]},{\"@type\":\"WebSite\",\"@id\":\"https:\\\/\\\/tenerifecenter.com\\\/it\\\/#website\",\"url\":\"https:\\\/\\\/tenerifecenter.com\\\/it\\\/\",\"name\":\"VYM Canarias\",\"description\":\"Real Estate - Tenerife\",\"potentialAction\":[{\"@type\":\"SearchAction\",\"target\":{\"@type\":\"EntryPoint\",\"urlTemplate\":\"https:\\\/\\\/tenerifecenter.com\\\/it\\\/?s={search_term_string}\"},\"query-input\":{\"@type\":\"PropertyValueSpecification\",\"valueRequired\":true,\"valueName\":\"search_term_string\"}}],\"inLanguage\":\"it-IT\"}]}<\/script>\n<!-- \/ Yoast SEO plugin. -->","yoast_head_json":{"title":"Informazioni sull'agenzia immobiliare Vym Canarias","description":"Chi siamo Informazioni sull'agenzia immobiliare Vym Canarias. Aiutiamo a comprare abitazioni a Tenerife (Isole Canarie, Spagna): una reputazione impeccabile dal 2010.","robots":{"index":"index","follow":"follow","max-snippet":"max-snippet:-1","max-image-preview":"max-image-preview:large","max-video-preview":"max-video-preview:-1"},"canonical":"https:\/\/tenerifecenter.com\/it\/circa-la-societa\/","og_locale":"it_IT","og_type":"article","og_title":"Informazioni sull'agenzia immobiliare Vym Canarias","og_description":"Chi siamo Informazioni sull'agenzia immobiliare Vym Canarias. Aiutiamo a comprare abitazioni a Tenerife (Isole Canarie, Spagna): una reputazione impeccabile dal 2010.","og_url":"https:\/\/tenerifecenter.com\/it\/circa-la-societa\/","og_site_name":"VYM Canarias","article_publisher":"https:\/\/www.facebook.com\/vym.canarias","article_modified_time":"2023-09-25T14:21:45+00:00","og_image":[{"width":1920,"height":350,"url":"https:\/\/tenerifecenter.com\/wp-content\/uploads\/2023\/03\/vym-canarias-office-2.jpeg","type":"image\/jpeg"}],"twitter_card":"summary_large_image","twitter_misc":{"Tempo di lettura stimato":"4 minuti"},"schema":{"@context":"https:\/\/schema.org","@graph":[{"@type":"WebPage","@id":"https:\/\/tenerifecenter.com\/it\/circa-la-societa\/","url":"https:\/\/tenerifecenter.com\/it\/circa-la-societa\/","name":"Informazioni sull'agenzia immobiliare Vym Canarias","isPartOf":{"@id":"https:\/\/tenerifecenter.com\/it\/#website"},"primaryImageOfPage":{"@id":"https:\/\/tenerifecenter.com\/it\/circa-la-societa\/#primaryimage"},"image":{"@id":"https:\/\/tenerifecenter.com\/it\/circa-la-societa\/#primaryimage"},"thumbnailUrl":"https:\/\/tenerifecenter.com\/wp-content\/uploads\/2023\/03\/vym-canarias-office-2.jpeg","datePublished":"2019-07-27T19:37:43+00:00","dateModified":"2023-09-25T14:21:45+00:00","description":"Chi siamo Informazioni sull'agenzia immobiliare Vym Canarias. Aiutiamo a comprare abitazioni a Tenerife (Isole Canarie, Spagna): una reputazione impeccabile dal 2010.","breadcrumb":{"@id":"https:\/\/tenerifecenter.com\/it\/circa-la-societa\/#breadcrumb"},"inLanguage":"it-IT","potentialAction":[{"@type":"ReadAction","target":["https:\/\/tenerifecenter.com\/it\/circa-la-societa\/"]}]},{"@type":"ImageObject","inLanguage":"it-IT","@id":"https:\/\/tenerifecenter.com\/it\/circa-la-societa\/#primaryimage","url":"https:\/\/tenerifecenter.com\/wp-content\/uploads\/2023\/03\/vym-canarias-office-2.jpeg","contentUrl":"https:\/\/tenerifecenter.com\/wp-content\/uploads\/2023\/03\/vym-canarias-office-2.jpeg","width":1920,"height":350},{"@type":"BreadcrumbList","@id":"https:\/\/tenerifecenter.com\/it\/circa-la-societa\/#breadcrumb","itemListElement":[{"@type":"ListItem","position":1,"name":"Home","item":"https:\/\/tenerifecenter.com\/it\/"},{"@type":"ListItem","position":2,"name":"Circa la societ\u00e0"}]},{"@type":"WebSite","@id":"https:\/\/tenerifecenter.com\/it\/#website","url":"https:\/\/tenerifecenter.com\/it\/","name":"VYM Canarias","description":"Real Estate - Tenerife","potentialAction":[{"@type":"SearchAction","target":{"@type":"EntryPoint","urlTemplate":"https:\/\/tenerifecenter.com\/it\/?s={search_term_string}"},"query-input":{"@type":"PropertyValueSpecification","valueRequired":true,"valueName":"search_term_string"}}],"inLanguage":"it-IT"}]}},"_links":{"self":[{"href":"https:\/\/tenerifecenter.com\/it\/wp-json\/wp\/v2\/pages\/3167","targetHints":{"allow":["GET"]}}],"collection":[{"href":"https:\/\/tenerifecenter.com\/it\/wp-json\/wp\/v2\/pages"}],"about":[{"href":"https:\/\/tenerifecenter.com\/it\/wp-json\/wp\/v2\/types\/page"}],"author":[{"embeddable":true,"href":"https:\/\/tenerifecenter.com\/it\/wp-json\/wp\/v2\/users\/1"}],"replies":[{"embeddable":true,"href":"https:\/\/tenerifecenter.com\/it\/wp-json\/wp\/v2\/comments?post=3167"}],"version-history":[{"count":0,"href":"https:\/\/tenerifecenter.com\/it\/wp-json\/wp\/v2\/pages\/3167\/revisions"}],"wp:featuredmedia":[{"embeddable":true,"href":"https:\/\/tenerifecenter.com\/it\/wp-json\/wp\/v2\/media\/445600"}],"wp:attachment":[{"href":"https:\/\/tenerifecenter.com\/it\/wp-json\/wp\/v2\/media?parent=3167"}],"curies":[{"name":"wp","href":"https:\/\/api.w.org\/{rel}","templated":true}]}}