{"id":172327,"date":"2019-07-21T18:55:13","date_gmt":"2019-07-21T18:55:13","guid":{"rendered":"https:\/\/tenerifecenter.com\/service\/post-sales-support\/"},"modified":"2021-10-19T14:25:05","modified_gmt":"2021-10-19T14:25:05","slug":"assistance-apres-vente","status":"publish","type":"page","link":"https:\/\/tenerifecenter.com\/fr\/service\/assistance-apres-vente\/","title":{"rendered":"Assistance apr\u00e8s-vente"},"content":{"rendered":"<p>Notre soci\u00e9t\u00e9 offre une large gamme de services apr\u00e8s-vente pour <a href=\"\/fr\/sale\/\">l\u2019immobilier<\/a> \u00e0 Tenerife. Nous aidons \u00e0 r\u00e9diger des documents pour l\u2019entretien ult\u00e9rieur du logement et du logement en Espagne. Nous traitons des probl\u00e8mes de location \u00e0 long terme.<\/p>\r\n\r\n<p>Nous aidons nos clients gratuitement dans les communications avec les banques, les autorit\u00e9s fiscales et les gouvernements locaux.<\/p>\r\n\r\n<p>Nous RECOMMANDONS des entreprises \u00e9prouv\u00e9es pour la r\u00e9paration, la d\u00e9coration, le nettoyage, l\u2019entretien des piscines et des jardins, l\u2019am\u00e9nagement paysager, la connexion Internet, etc. Nous ne facturons PAS de commission pour la recommandation &#8211; notre t\u00e2che est de vous fournir des informations utiles et des entrepreneurs v\u00e9rifi\u00e9s afin que vous puissiez choisir vous-m\u00eame ceux avec qui vous serez heureux de coop\u00e9rer.<\/p>\r\n\r\n<p>Soins du logement, paiement en temps opportun des taxes et des factures de services publics, r\u00e9solution des probl\u00e8mes de s\u00e9curit\u00e9 &#8211; la garantie que votre achat sera un investissement rentable dans l\u2019immobilier \u00e9tranger.<\/p>","protected":false},"excerpt":{"rendered":"<p>Notre soci\u00e9t\u00e9 offre une large gamme de services apr\u00e8s-vente pour l\u2019immobilier \u00e0 Tenerife. Nous aidons \u00e0 r\u00e9diger des documents pour l\u2019entretien ult\u00e9rieur du logement et du logement en Espagne. Nous traitons des probl\u00e8mes de location \u00e0 long terme. Nous aidons nos clients gratuitement dans les communications avec les banques, les autorit\u00e9s fiscales et les gouvernements [&hellip;]<\/p>\n","protected":false},"author":1,"featured_media":445598,"parent":172304,"menu_order":0,"comment_status":"closed","ping_status":"closed","template":"","meta":{"_acf_changed":false,"footnotes":""},"class_list":["post-172327","page","type-page","status-publish","has-post-thumbnail","hentry"],"acf":[],"yoast_head":"<!-- This site is optimized with the Yoast SEO plugin v27.3 - https:\/\/yoast.com\/product\/yoast-seo-wordpress\/ -->\n<title>After-sales service for real estate in Tenerife (Canary, Spain)<\/title>\n<meta name=\"description\" content=\"All types of after-sales service for real estate: we will take care of your housing in Tenerife. Care, documents, taxes, rent.\" \/>\n<meta name=\"robots\" content=\"index, follow, max-snippet:-1, max-image-preview:large, max-video-preview:-1\" \/>\n<link rel=\"canonical\" href=\"https:\/\/tenerifecenter.com\/fr\/service\/assistance-apres-vente\/\" \/>\n<meta property=\"og:locale\" content=\"fr_FR\" \/>\n<meta property=\"og:type\" content=\"article\" \/>\n<meta property=\"og:title\" content=\"After-sales service for real estate in Tenerife (Canary, Spain)\" \/>\n<meta property=\"og:description\" content=\"All types of after-sales service for real estate: we will take care of your housing in Tenerife. Care, documents, taxes, rent.\" \/>\n<meta property=\"og:url\" content=\"https:\/\/tenerifecenter.com\/fr\/service\/assistance-apres-vente\/\" \/>\n<meta property=\"og:site_name\" content=\"VYM Canarias\" \/>\n<meta property=\"article:publisher\" content=\"https:\/\/www.facebook.com\/vym.canarias\" \/>\n<meta property=\"article:modified_time\" content=\"2021-10-19T14:25:05+00:00\" \/>\n<meta property=\"og:image\" content=\"https:\/\/tenerifecenter.com\/wp-content\/uploads\/2019\/09\/vym-canarias-office-1.jpg\" \/>\n\t<meta property=\"og:image:width\" content=\"1920\" \/>\n\t<meta property=\"og:image:height\" content=\"350\" \/>\n\t<meta property=\"og:image:type\" content=\"image\/jpeg\" \/>\n<meta name=\"twitter:card\" content=\"summary_large_image\" \/>\n<meta name=\"twitter:label1\" content=\"Dur\u00e9e de lecture estim\u00e9e\" \/>\n\t<meta name=\"twitter:data1\" content=\"1 minute\" \/>\n<script type=\"application\/ld+json\" class=\"yoast-schema-graph\">{\"@context\":\"https:\\\/\\\/schema.org\",\"@graph\":[{\"@type\":\"WebPage\",\"@id\":\"https:\\\/\\\/tenerifecenter.com\\\/fr\\\/service\\\/assistance-apres-vente\\\/\",\"url\":\"https:\\\/\\\/tenerifecenter.com\\\/fr\\\/service\\\/assistance-apres-vente\\\/\",\"name\":\"After-sales service for real estate in Tenerife (Canary, Spain)\",\"isPartOf\":{\"@id\":\"https:\\\/\\\/tenerifecenter.com\\\/fr\\\/#website\"},\"primaryImageOfPage\":{\"@id\":\"https:\\\/\\\/tenerifecenter.com\\\/fr\\\/service\\\/assistance-apres-vente\\\/#primaryimage\"},\"image\":{\"@id\":\"https:\\\/\\\/tenerifecenter.com\\\/fr\\\/service\\\/assistance-apres-vente\\\/#primaryimage\"},\"thumbnailUrl\":\"https:\\\/\\\/tenerifecenter.com\\\/wp-content\\\/uploads\\\/2023\\\/03\\\/vym-canarias-office-2.jpeg\",\"datePublished\":\"2019-07-21T18:55:13+00:00\",\"dateModified\":\"2021-10-19T14:25:05+00:00\",\"description\":\"All types of after-sales service for real estate: we will take care of your housing in Tenerife. Care, documents, taxes, rent.\",\"breadcrumb\":{\"@id\":\"https:\\\/\\\/tenerifecenter.com\\\/fr\\\/service\\\/assistance-apres-vente\\\/#breadcrumb\"},\"inLanguage\":\"fr-FR\",\"potentialAction\":[{\"@type\":\"ReadAction\",\"target\":[\"https:\\\/\\\/tenerifecenter.com\\\/fr\\\/service\\\/assistance-apres-vente\\\/\"]}]},{\"@type\":\"ImageObject\",\"inLanguage\":\"fr-FR\",\"@id\":\"https:\\\/\\\/tenerifecenter.com\\\/fr\\\/service\\\/assistance-apres-vente\\\/#primaryimage\",\"url\":\"https:\\\/\\\/tenerifecenter.com\\\/wp-content\\\/uploads\\\/2023\\\/03\\\/vym-canarias-office-2.jpeg\",\"contentUrl\":\"https:\\\/\\\/tenerifecenter.com\\\/wp-content\\\/uploads\\\/2023\\\/03\\\/vym-canarias-office-2.jpeg\",\"width\":1920,\"height\":350},{\"@type\":\"BreadcrumbList\",\"@id\":\"https:\\\/\\\/tenerifecenter.com\\\/fr\\\/service\\\/assistance-apres-vente\\\/#breadcrumb\",\"itemListElement\":[{\"@type\":\"ListItem\",\"position\":1,\"name\":\"Home\",\"item\":\"https:\\\/\\\/tenerifecenter.com\\\/fr\\\/\"},{\"@type\":\"ListItem\",\"position\":2,\"name\":\"Service\",\"item\":\"https:\\\/\\\/tenerifecenter.com\\\/fr\\\/service\\\/\"},{\"@type\":\"ListItem\",\"position\":3,\"name\":\"Assistance apr\u00e8s-vente\"}]},{\"@type\":\"WebSite\",\"@id\":\"https:\\\/\\\/tenerifecenter.com\\\/fr\\\/#website\",\"url\":\"https:\\\/\\\/tenerifecenter.com\\\/fr\\\/\",\"name\":\"VYM Canarias\",\"description\":\"Real Estate - Tenerife\",\"potentialAction\":[{\"@type\":\"SearchAction\",\"target\":{\"@type\":\"EntryPoint\",\"urlTemplate\":\"https:\\\/\\\/tenerifecenter.com\\\/fr\\\/?s={search_term_string}\"},\"query-input\":{\"@type\":\"PropertyValueSpecification\",\"valueRequired\":true,\"valueName\":\"search_term_string\"}}],\"inLanguage\":\"fr-FR\"}]}<\/script>\n<!-- \/ Yoast SEO plugin. -->","yoast_head_json":{"title":"After-sales service for real estate in Tenerife (Canary, Spain)","description":"All types of after-sales service for real estate: we will take care of your housing in Tenerife. Care, documents, taxes, rent.","robots":{"index":"index","follow":"follow","max-snippet":"max-snippet:-1","max-image-preview":"max-image-preview:large","max-video-preview":"max-video-preview:-1"},"canonical":"https:\/\/tenerifecenter.com\/fr\/service\/assistance-apres-vente\/","og_locale":"fr_FR","og_type":"article","og_title":"After-sales service for real estate in Tenerife (Canary, Spain)","og_description":"All types of after-sales service for real estate: we will take care of your housing in Tenerife. Care, documents, taxes, rent.","og_url":"https:\/\/tenerifecenter.com\/fr\/service\/assistance-apres-vente\/","og_site_name":"VYM Canarias","article_publisher":"https:\/\/www.facebook.com\/vym.canarias","article_modified_time":"2021-10-19T14:25:05+00:00","og_image":[{"width":1920,"height":350,"url":"https:\/\/tenerifecenter.com\/wp-content\/uploads\/2019\/09\/vym-canarias-office-1.jpg","type":"image\/jpeg"}],"twitter_card":"summary_large_image","twitter_misc":{"Dur\u00e9e de lecture estim\u00e9e":"1 minute"},"schema":{"@context":"https:\/\/schema.org","@graph":[{"@type":"WebPage","@id":"https:\/\/tenerifecenter.com\/fr\/service\/assistance-apres-vente\/","url":"https:\/\/tenerifecenter.com\/fr\/service\/assistance-apres-vente\/","name":"After-sales service for real estate in Tenerife (Canary, Spain)","isPartOf":{"@id":"https:\/\/tenerifecenter.com\/fr\/#website"},"primaryImageOfPage":{"@id":"https:\/\/tenerifecenter.com\/fr\/service\/assistance-apres-vente\/#primaryimage"},"image":{"@id":"https:\/\/tenerifecenter.com\/fr\/service\/assistance-apres-vente\/#primaryimage"},"thumbnailUrl":"https:\/\/tenerifecenter.com\/wp-content\/uploads\/2023\/03\/vym-canarias-office-2.jpeg","datePublished":"2019-07-21T18:55:13+00:00","dateModified":"2021-10-19T14:25:05+00:00","description":"All types of after-sales service for real estate: we will take care of your housing in Tenerife. Care, documents, taxes, rent.","breadcrumb":{"@id":"https:\/\/tenerifecenter.com\/fr\/service\/assistance-apres-vente\/#breadcrumb"},"inLanguage":"fr-FR","potentialAction":[{"@type":"ReadAction","target":["https:\/\/tenerifecenter.com\/fr\/service\/assistance-apres-vente\/"]}]},{"@type":"ImageObject","inLanguage":"fr-FR","@id":"https:\/\/tenerifecenter.com\/fr\/service\/assistance-apres-vente\/#primaryimage","url":"https:\/\/tenerifecenter.com\/wp-content\/uploads\/2023\/03\/vym-canarias-office-2.jpeg","contentUrl":"https:\/\/tenerifecenter.com\/wp-content\/uploads\/2023\/03\/vym-canarias-office-2.jpeg","width":1920,"height":350},{"@type":"BreadcrumbList","@id":"https:\/\/tenerifecenter.com\/fr\/service\/assistance-apres-vente\/#breadcrumb","itemListElement":[{"@type":"ListItem","position":1,"name":"Home","item":"https:\/\/tenerifecenter.com\/fr\/"},{"@type":"ListItem","position":2,"name":"Service","item":"https:\/\/tenerifecenter.com\/fr\/service\/"},{"@type":"ListItem","position":3,"name":"Assistance apr\u00e8s-vente"}]},{"@type":"WebSite","@id":"https:\/\/tenerifecenter.com\/fr\/#website","url":"https:\/\/tenerifecenter.com\/fr\/","name":"VYM Canarias","description":"Real Estate - Tenerife","potentialAction":[{"@type":"SearchAction","target":{"@type":"EntryPoint","urlTemplate":"https:\/\/tenerifecenter.com\/fr\/?s={search_term_string}"},"query-input":{"@type":"PropertyValueSpecification","valueRequired":true,"valueName":"search_term_string"}}],"inLanguage":"fr-FR"}]}},"_links":{"self":[{"href":"https:\/\/tenerifecenter.com\/fr\/wp-json\/wp\/v2\/pages\/172327","targetHints":{"allow":["GET"]}}],"collection":[{"href":"https:\/\/tenerifecenter.com\/fr\/wp-json\/wp\/v2\/pages"}],"about":[{"href":"https:\/\/tenerifecenter.com\/fr\/wp-json\/wp\/v2\/types\/page"}],"author":[{"embeddable":true,"href":"https:\/\/tenerifecenter.com\/fr\/wp-json\/wp\/v2\/users\/1"}],"replies":[{"embeddable":true,"href":"https:\/\/tenerifecenter.com\/fr\/wp-json\/wp\/v2\/comments?post=172327"}],"version-history":[{"count":0,"href":"https:\/\/tenerifecenter.com\/fr\/wp-json\/wp\/v2\/pages\/172327\/revisions"}],"up":[{"embeddable":true,"href":"https:\/\/tenerifecenter.com\/fr\/wp-json\/wp\/v2\/pages\/172304"}],"wp:featuredmedia":[{"embeddable":true,"href":"https:\/\/tenerifecenter.com\/fr\/wp-json\/wp\/v2\/media\/445598"}],"wp:attachment":[{"href":"https:\/\/tenerifecenter.com\/fr\/wp-json\/wp\/v2\/media?parent=172327"}],"curies":[{"name":"wp","href":"https:\/\/api.w.org\/{rel}","templated":true}]}}