{"id":172326,"date":"2019-07-21T18:37:16","date_gmt":"2019-07-21T18:37:16","guid":{"rendered":"https:\/\/tenerifecenter.com\/service\/legal-support\/"},"modified":"2021-10-19T14:24:53","modified_gmt":"2021-10-19T14:24:53","slug":"support-legal","status":"publish","type":"page","link":"https:\/\/tenerifecenter.com\/fr\/service\/support-legal\/","title":{"rendered":"Support l\u00e9gal"},"content":{"rendered":"<p>Vous songez <b>\u00e0 acheter une propri\u00e9t\u00e9 \u00e0 Tenerife<\/b>? Vous avez d\u00e9j\u00e0 d\u00e9cid\u00e9 et vous cherchez des options? Vous avez trouv\u00e9 ce que vous aimez, mais vous n\u2019\u00eates pas s\u00fbr de la puret\u00e9 juridique de l\u2019objet? Nous vous aiderons \u00e0 n\u2019importe quelle \u00e9tape de la pr\u00e9paration de l\u2019achat et fournirons un soutien juridique complet pour la transaction.<\/p>\r\n\r\n<h2>Consultation sur le processus d\u2019achat d\u2019une propri\u00e9t\u00e9 en Espagne<\/h2>\r\n\r\n<p>Lors d\u2019une consultation juridique, vous d\u00e9couvrirez les r\u00e8gles d\u2019enregistrement d\u2019une transaction immobili\u00e8re en Espagne. Nous vous informerons des documents n\u00e9cessaires, des droits et des obligations d\u2019un <b>propri\u00e9taire \u00e0 Tenerife<\/b>,des taxes et de la proc\u00e9dure d\u2019obtention d\u2019un <b>pr\u00eat hypoth\u00e9caire en Espagne<\/b>. Vous pouvez venir \u00e0 une r\u00e9union avec un avocat dans l\u2019un de nos bureaux ou ordonner une consultation par t\u00e9l\u00e9phone.<\/p>\r\n\r\n<h2>Aide \u00e0 l\u2019enregistrement NIE et \u00e0 l\u2019ouverture d\u2019un compte bancaire<\/h2>\r\n\r\n<p>Vous ne pouvez <a href=\"\/fr\/sale\/\">acheter une propri\u00e9t\u00e9 en Espagne<\/a> que si vous avez un NIE (num\u00e9ro fiscal de l\u2019\u00e9tranger) et un compte aupr\u00e8s d\u2019une banque espagnole. Nous vous aiderons \u00e0 obtenir un NIE et \u00e0 ouvrir un compte bancaire.<\/p>\r\n\r\n<h2>Due diligence juridique et \u00e9valuation immobili\u00e8re ind\u00e9pendante<\/h2>\r\n\r\n<p>Pour nous assurer que la transaction est propre, nous v\u00e9rifions l\u2019objet pour les dettes et les charges, comparons les informations r\u00e9elles avec celles refl\u00e9t\u00e9es dans le registre de la propri\u00e9t\u00e9 et v\u00e9rifions la l\u00e9galit\u00e9 de l\u2019objet. Nous effectuons \u00e9galement une \u00e9valuation ind\u00e9pendante des biens immobiliers et fournissons une opinion d\u2019expert sur la valeur de la propri\u00e9t\u00e9.<\/p>\r\n\r\n<h2>Pr\u00e9paration de documents pour le traitement d\u2019une transaction<\/h2>\r\n\r\n<ul>\r\n  <li>Nous \u00e9tablissons un avant-contrat de vente<\/li>\r\n  <li>Nous organisons une transaction chez un notaire avec la participation d\u2019un interpr\u00e8te<\/li>\r\n  <li>Nous accompagnons la transaction, conseillons dans le processus et sommes pr\u00e9sents \u00e0 la signature de l\u2019acte<\/li>\r\n<\/ul>\r\n\r\n<h2>Services de gestion immobili\u00e8re<\/h2>\r\n\r\n<p>Nous fournissons une gamme de services de gestion immobili\u00e8re: de l\u2019aide au paiement des taxes et des factures de services publics \u00e0 la location d\u2019un appartement. Tenerife, comme ailleurs, a ses propres caract\u00e9ristiques du march\u00e9 locatif. Conna\u00eetre les nuances du march\u00e9 et les subtilit\u00e9s de la l\u00e9gislation r\u00e9gionale prot\u00e8ge contre les d\u00e9cisions risqu\u00e9es.<\/p>\r\n\r\n<p>Faites confiance aux professionnels, et votre propri\u00e9t\u00e9 vous apportera un revenu stable.<\/p>\r\n","protected":false},"excerpt":{"rendered":"<p>Vous songez \u00e0 acheter une propri\u00e9t\u00e9 \u00e0 Tenerife? Vous avez d\u00e9j\u00e0 d\u00e9cid\u00e9 et vous cherchez des options? Vous avez trouv\u00e9 ce que vous aimez, mais vous n\u2019\u00eates pas s\u00fbr de la puret\u00e9 juridique de l\u2019objet? Nous vous aiderons \u00e0 n\u2019importe quelle \u00e9tape de la pr\u00e9paration de l\u2019achat et fournirons un soutien juridique complet pour la [&hellip;]<\/p>\n","protected":false},"author":1,"featured_media":445598,"parent":172304,"menu_order":0,"comment_status":"closed","ping_status":"closed","template":"","meta":{"_acf_changed":false,"footnotes":""},"class_list":["post-172326","page","type-page","status-publish","has-post-thumbnail","hentry"],"acf":[],"yoast_head":"<!-- This site is optimized with the Yoast SEO plugin v27.3 - https:\/\/yoast.com\/product\/yoast-seo-wordpress\/ -->\n<title>Tenerife Real Estate Legal Services - VYM Canarias<\/title>\n<meta name=\"description\" content=\"How to buy housing in Tenerife (Canary Islands) and protect yourself? Help of lawyers: documents, expert review, real estate management.\" \/>\n<meta name=\"robots\" content=\"index, follow, max-snippet:-1, max-image-preview:large, max-video-preview:-1\" \/>\n<link rel=\"canonical\" href=\"https:\/\/tenerifecenter.com\/fr\/service\/support-legal\/\" \/>\n<meta property=\"og:locale\" content=\"fr_FR\" \/>\n<meta property=\"og:type\" content=\"article\" \/>\n<meta property=\"og:title\" content=\"Tenerife Real Estate Legal Services - VYM Canarias\" \/>\n<meta property=\"og:description\" content=\"How to buy housing in Tenerife (Canary Islands) and protect yourself? Help of lawyers: documents, expert review, real estate management.\" \/>\n<meta property=\"og:url\" content=\"https:\/\/tenerifecenter.com\/fr\/service\/support-legal\/\" \/>\n<meta property=\"og:site_name\" content=\"VYM Canarias\" \/>\n<meta property=\"article:publisher\" content=\"https:\/\/www.facebook.com\/vym.canarias\" \/>\n<meta property=\"article:modified_time\" content=\"2021-10-19T14:24:53+00:00\" \/>\n<meta property=\"og:image\" content=\"https:\/\/tenerifecenter.com\/wp-content\/uploads\/2019\/09\/vym-canarias-office-1.jpg\" \/>\n\t<meta property=\"og:image:width\" content=\"1920\" \/>\n\t<meta property=\"og:image:height\" content=\"350\" \/>\n\t<meta property=\"og:image:type\" content=\"image\/jpeg\" \/>\n<meta name=\"twitter:card\" content=\"summary_large_image\" \/>\n<meta name=\"twitter:label1\" content=\"Dur\u00e9e de lecture estim\u00e9e\" \/>\n\t<meta name=\"twitter:data1\" content=\"2 minutes\" \/>\n<script type=\"application\/ld+json\" class=\"yoast-schema-graph\">{\"@context\":\"https:\\\/\\\/schema.org\",\"@graph\":[{\"@type\":\"WebPage\",\"@id\":\"https:\\\/\\\/tenerifecenter.com\\\/fr\\\/service\\\/support-legal\\\/\",\"url\":\"https:\\\/\\\/tenerifecenter.com\\\/fr\\\/service\\\/support-legal\\\/\",\"name\":\"Tenerife Real Estate Legal Services - VYM Canarias\",\"isPartOf\":{\"@id\":\"https:\\\/\\\/tenerifecenter.com\\\/fr\\\/#website\"},\"primaryImageOfPage\":{\"@id\":\"https:\\\/\\\/tenerifecenter.com\\\/fr\\\/service\\\/support-legal\\\/#primaryimage\"},\"image\":{\"@id\":\"https:\\\/\\\/tenerifecenter.com\\\/fr\\\/service\\\/support-legal\\\/#primaryimage\"},\"thumbnailUrl\":\"https:\\\/\\\/tenerifecenter.com\\\/wp-content\\\/uploads\\\/2023\\\/03\\\/vym-canarias-office-2.jpeg\",\"datePublished\":\"2019-07-21T18:37:16+00:00\",\"dateModified\":\"2021-10-19T14:24:53+00:00\",\"description\":\"How to buy housing in Tenerife (Canary Islands) and protect yourself? Help of lawyers: documents, expert review, real estate management.\",\"breadcrumb\":{\"@id\":\"https:\\\/\\\/tenerifecenter.com\\\/fr\\\/service\\\/support-legal\\\/#breadcrumb\"},\"inLanguage\":\"fr-FR\",\"potentialAction\":[{\"@type\":\"ReadAction\",\"target\":[\"https:\\\/\\\/tenerifecenter.com\\\/fr\\\/service\\\/support-legal\\\/\"]}]},{\"@type\":\"ImageObject\",\"inLanguage\":\"fr-FR\",\"@id\":\"https:\\\/\\\/tenerifecenter.com\\\/fr\\\/service\\\/support-legal\\\/#primaryimage\",\"url\":\"https:\\\/\\\/tenerifecenter.com\\\/wp-content\\\/uploads\\\/2023\\\/03\\\/vym-canarias-office-2.jpeg\",\"contentUrl\":\"https:\\\/\\\/tenerifecenter.com\\\/wp-content\\\/uploads\\\/2023\\\/03\\\/vym-canarias-office-2.jpeg\",\"width\":1920,\"height\":350},{\"@type\":\"BreadcrumbList\",\"@id\":\"https:\\\/\\\/tenerifecenter.com\\\/fr\\\/service\\\/support-legal\\\/#breadcrumb\",\"itemListElement\":[{\"@type\":\"ListItem\",\"position\":1,\"name\":\"Home\",\"item\":\"https:\\\/\\\/tenerifecenter.com\\\/fr\\\/\"},{\"@type\":\"ListItem\",\"position\":2,\"name\":\"Service\",\"item\":\"https:\\\/\\\/tenerifecenter.com\\\/fr\\\/service\\\/\"},{\"@type\":\"ListItem\",\"position\":3,\"name\":\"Support l\u00e9gal\"}]},{\"@type\":\"WebSite\",\"@id\":\"https:\\\/\\\/tenerifecenter.com\\\/fr\\\/#website\",\"url\":\"https:\\\/\\\/tenerifecenter.com\\\/fr\\\/\",\"name\":\"VYM Canarias\",\"description\":\"Real Estate - Tenerife\",\"potentialAction\":[{\"@type\":\"SearchAction\",\"target\":{\"@type\":\"EntryPoint\",\"urlTemplate\":\"https:\\\/\\\/tenerifecenter.com\\\/fr\\\/?s={search_term_string}\"},\"query-input\":{\"@type\":\"PropertyValueSpecification\",\"valueRequired\":true,\"valueName\":\"search_term_string\"}}],\"inLanguage\":\"fr-FR\"}]}<\/script>\n<!-- \/ Yoast SEO plugin. -->","yoast_head_json":{"title":"Tenerife Real Estate Legal Services - VYM Canarias","description":"How to buy housing in Tenerife (Canary Islands) and protect yourself? Help of lawyers: documents, expert review, real estate management.","robots":{"index":"index","follow":"follow","max-snippet":"max-snippet:-1","max-image-preview":"max-image-preview:large","max-video-preview":"max-video-preview:-1"},"canonical":"https:\/\/tenerifecenter.com\/fr\/service\/support-legal\/","og_locale":"fr_FR","og_type":"article","og_title":"Tenerife Real Estate Legal Services - VYM Canarias","og_description":"How to buy housing in Tenerife (Canary Islands) and protect yourself? Help of lawyers: documents, expert review, real estate management.","og_url":"https:\/\/tenerifecenter.com\/fr\/service\/support-legal\/","og_site_name":"VYM Canarias","article_publisher":"https:\/\/www.facebook.com\/vym.canarias","article_modified_time":"2021-10-19T14:24:53+00:00","og_image":[{"width":1920,"height":350,"url":"https:\/\/tenerifecenter.com\/wp-content\/uploads\/2019\/09\/vym-canarias-office-1.jpg","type":"image\/jpeg"}],"twitter_card":"summary_large_image","twitter_misc":{"Dur\u00e9e de lecture estim\u00e9e":"2 minutes"},"schema":{"@context":"https:\/\/schema.org","@graph":[{"@type":"WebPage","@id":"https:\/\/tenerifecenter.com\/fr\/service\/support-legal\/","url":"https:\/\/tenerifecenter.com\/fr\/service\/support-legal\/","name":"Tenerife Real Estate Legal Services - VYM Canarias","isPartOf":{"@id":"https:\/\/tenerifecenter.com\/fr\/#website"},"primaryImageOfPage":{"@id":"https:\/\/tenerifecenter.com\/fr\/service\/support-legal\/#primaryimage"},"image":{"@id":"https:\/\/tenerifecenter.com\/fr\/service\/support-legal\/#primaryimage"},"thumbnailUrl":"https:\/\/tenerifecenter.com\/wp-content\/uploads\/2023\/03\/vym-canarias-office-2.jpeg","datePublished":"2019-07-21T18:37:16+00:00","dateModified":"2021-10-19T14:24:53+00:00","description":"How to buy housing in Tenerife (Canary Islands) and protect yourself? Help of lawyers: documents, expert review, real estate management.","breadcrumb":{"@id":"https:\/\/tenerifecenter.com\/fr\/service\/support-legal\/#breadcrumb"},"inLanguage":"fr-FR","potentialAction":[{"@type":"ReadAction","target":["https:\/\/tenerifecenter.com\/fr\/service\/support-legal\/"]}]},{"@type":"ImageObject","inLanguage":"fr-FR","@id":"https:\/\/tenerifecenter.com\/fr\/service\/support-legal\/#primaryimage","url":"https:\/\/tenerifecenter.com\/wp-content\/uploads\/2023\/03\/vym-canarias-office-2.jpeg","contentUrl":"https:\/\/tenerifecenter.com\/wp-content\/uploads\/2023\/03\/vym-canarias-office-2.jpeg","width":1920,"height":350},{"@type":"BreadcrumbList","@id":"https:\/\/tenerifecenter.com\/fr\/service\/support-legal\/#breadcrumb","itemListElement":[{"@type":"ListItem","position":1,"name":"Home","item":"https:\/\/tenerifecenter.com\/fr\/"},{"@type":"ListItem","position":2,"name":"Service","item":"https:\/\/tenerifecenter.com\/fr\/service\/"},{"@type":"ListItem","position":3,"name":"Support l\u00e9gal"}]},{"@type":"WebSite","@id":"https:\/\/tenerifecenter.com\/fr\/#website","url":"https:\/\/tenerifecenter.com\/fr\/","name":"VYM Canarias","description":"Real Estate - Tenerife","potentialAction":[{"@type":"SearchAction","target":{"@type":"EntryPoint","urlTemplate":"https:\/\/tenerifecenter.com\/fr\/?s={search_term_string}"},"query-input":{"@type":"PropertyValueSpecification","valueRequired":true,"valueName":"search_term_string"}}],"inLanguage":"fr-FR"}]}},"_links":{"self":[{"href":"https:\/\/tenerifecenter.com\/fr\/wp-json\/wp\/v2\/pages\/172326","targetHints":{"allow":["GET"]}}],"collection":[{"href":"https:\/\/tenerifecenter.com\/fr\/wp-json\/wp\/v2\/pages"}],"about":[{"href":"https:\/\/tenerifecenter.com\/fr\/wp-json\/wp\/v2\/types\/page"}],"author":[{"embeddable":true,"href":"https:\/\/tenerifecenter.com\/fr\/wp-json\/wp\/v2\/users\/1"}],"replies":[{"embeddable":true,"href":"https:\/\/tenerifecenter.com\/fr\/wp-json\/wp\/v2\/comments?post=172326"}],"version-history":[{"count":0,"href":"https:\/\/tenerifecenter.com\/fr\/wp-json\/wp\/v2\/pages\/172326\/revisions"}],"up":[{"embeddable":true,"href":"https:\/\/tenerifecenter.com\/fr\/wp-json\/wp\/v2\/pages\/172304"}],"wp:featuredmedia":[{"embeddable":true,"href":"https:\/\/tenerifecenter.com\/fr\/wp-json\/wp\/v2\/media\/445598"}],"wp:attachment":[{"href":"https:\/\/tenerifecenter.com\/fr\/wp-json\/wp\/v2\/media?parent=172326"}],"curies":[{"name":"wp","href":"https:\/\/api.w.org\/{rel}","templated":true}]}}