{"id":172320,"date":"2019-07-21T20:14:29","date_gmt":"2019-07-21T20:14:29","guid":{"rendered":"https:\/\/tenerifecenter.com\/info\/residence-permit-in-spain\/"},"modified":"2021-10-19T14:23:11","modified_gmt":"2021-10-19T14:23:11","slug":"permis-de-sejour-en-espagne","status":"publish","type":"page","link":"https:\/\/tenerifecenter.com\/fr\/informations\/permis-de-sejour-en-espagne\/","title":{"rendered":"Permis de s\u00e9jour en Espagne"},"content":{"rendered":"<h2>Permis de s\u00e9jour pour un entrepreneur ayant le droit de travailler <small class=\"block\">(Permiso de Residencia y Trabajo)<\/small><\/h2>\r\n\r\n<p>La m\u00eame loi sur l\u2019investissement offre aux \u00e9trangers la possibilit\u00e9 d\u2019ouvrir leur propre entreprise ou de participer \u00e0 un projet d\u2019entreprise pouvant pr\u00e9senter un int\u00e9r\u00eat socio-\u00e9conomique. Les principales conditions pour obtenir un permis de s\u00e9jour d\u2019entrepreneur sont:<\/p>\r\n\r\n<ul>\r\n \t<li>Fournir un projet d\u2019affaires d\u00e9taill\u00e9, un plan de financement et un plan de d\u00e9veloppement des affaires pour les prochaines ann\u00e9es<\/li>\r\n \t<li>Cr\u00e9ation d\u2019emplois en Espagne<\/li>\r\n \t<li>Potentiel pour l\u2019\u00e9conomie du pays en termes d\u2019innovation et d\u2019investissement<\/li>\r\n<\/ul>\r\n\r\n<p>En plus du paquet principal de documents, pour obtenir un permis de s\u00e9jour d\u2019entrepreneur, vous devrez obtenir l\u2019approbation du projet aupr\u00e8s du minist\u00e8re de l\u2019\u00c9conomie de l\u2019Espagne.<\/p>\r\n\r\n<h2>Permis de s\u00e9jour sans droit de travail <small class=\"block\">(Permiso de Residencia no lucrativo)<\/small><\/h2>\r\n\r\n<p>L\u2019achat d\u2019une propri\u00e9t\u00e9 en Espagne permet d\u2019obtenir un permis de s\u00e9jour sans droit de travail \u2013 Permiso de Residencia no lucrativo. Une telle r\u00e9sidence est d\u00e9livr\u00e9e pour une p\u00e9riode d\u2019un an, puis est prolong\u00e9e deux fois avec un intervalle de deux ans, et lorsqu\u2019elle atteint cinq ans, elle devient permanente. Vous pouvez demander un permis de s\u00e9jour sans droit de travailler, non seulement lors de l\u2019achat, mais \u00e9galement dans le cas d\u2019un logement locatif  en Espagne. Une condition pr\u00e9alable \u00e0 l\u2019obtention d\u2019un permis de s\u00e9jour sans droit de travail est la confirmation de la solvabilit\u00e9. Le revenu minimum du demandeur doit \u00eatre d\u2019au moins 400% IPREM (co\u00fbt de la vie) plus 100% IPREM pour chaque membre de la famille chaque mois. En 2019, l\u2019indice IPREM est de 537,84 \u20ac.<\/p>\r\n\r\n<h2>Permis de s\u00e9jour pour le regroupement familial<\/h2>\r\n\r\n<p>Les \u00e9trangers qui ont obtenu un permis de s\u00e9jour en Espagne ont le droit d\u2019ajouter des membres de leur famille \u00e0 leur r\u00e9sidence. Il peut s\u2019agir d\u2019un conjoint, d\u2019enfants, de parents et d\u2019autres membres de la famille, s\u2019ils sont financi\u00e8rement d\u00e9pendants du r\u00e9sident. La validit\u00e9 d\u2019un tel permis de s\u00e9jour, ainsi que le paquet de documents requis pour son enregistrement, d\u00e9pendent du type de r\u00e9sidence d\u2019un \u00e9tranger et sont sp\u00e9cifi\u00e9s <a href=\"https:\/\/tenerifecenter.com\/fr\/contacts\/\">sur demande<\/a>.<\/p>\r\n\r\n<h2>Permis de s\u00e9jour pour \u00e9tudes<\/h2>\r\n\r\n<p>Pour obtenir un permis de s\u00e9jour sur la base d\u2019\u00e9tudes, les documents suivants sont requis:<\/p>\r\n\r\n<ul>\r\n \t<li>Passeport international<\/li>\r\n \t<li>Certificat international DSE confirmant la connaissance de l\u2019espagnol ou l\u2019admission \u00e0 des cours de langue accr\u00e9dit\u00e9s par l\u2019Institut Cervantes<\/li>\r\n \t<li>Confirmation d\u2019admission dans un \u00e9tablissement d\u2019enseignement<\/li>\r\n \t<li>Certificat de disponibilit\u00e9 des fonds pour les \u00e9tudes et l\u2019h\u00e9bergement<\/li>\r\n \t<li>Pour les mineurs \u2013 autorisation des parents ou des tuteurs<\/li>\r\n<\/ul>\r\n\r\n<h2>Permis de r\u00e9sidence permanente en Espagne. <small class=\"block\">(R\u00e9sidence de longue dur\u00e9e)<\/small><\/h2>\r\n\r\n<p>Raisons d\u2019obtenir la r\u00e9sidence permanente:<\/p>\r\n\r\n<ul>\r\n \t<li>R\u00e9sidence l\u00e9gale en Espagne depuis 5 ans<\/li>\r\n \t<li>Mariage avec un citoyen espagnol<\/li>\r\n<\/ul>\r\n\r\n<p>Une r\u00e9sidence permanente ou permanente en Espagne ne vous permet pas de rester dans le pays pendant plus de six mois cons\u00e9cutifs. Sinon, le titulaire d\u2019une r\u00e9sidence permanente a presque les m\u00eames droits qu\u2019un citoyen espagnol, \u00e0 l\u2019exception de la possibilit\u00e9 de participer aux \u00e9lections, au service militaire ou \u00e0 la police.<\/p>","protected":false},"excerpt":{"rendered":"<p>Permis de s\u00e9jour pour un entrepreneur ayant le droit de travailler (Permiso de Residencia y Trabajo) La m\u00eame loi sur l\u2019investissement offre aux \u00e9trangers la possibilit\u00e9 d\u2019ouvrir leur propre entreprise ou de participer \u00e0 un projet d\u2019entreprise pouvant pr\u00e9senter un int\u00e9r\u00eat socio-\u00e9conomique. Les principales conditions pour obtenir un permis de s\u00e9jour d\u2019entrepreneur sont: Fournir un [&hellip;]<\/p>\n","protected":false},"author":1,"featured_media":445598,"parent":172316,"menu_order":0,"comment_status":"closed","ping_status":"closed","template":"","meta":{"_acf_changed":false,"footnotes":""},"class_list":["post-172320","page","type-page","status-publish","has-post-thumbnail","hentry"],"acf":[],"yoast_head":"<!-- This site is optimized with the Yoast SEO plugin v27.3 - https:\/\/yoast.com\/product\/yoast-seo-wordpress\/ -->\n<title>Residence permit in Spain: how to get a residence permit.<\/title>\n<meta name=\"description\" content=\"Everything you wanted to know about obtaining a residence permit in Spain. Registration of a residence permit - information from the real estate agency VYM Canarias.\" \/>\n<meta name=\"robots\" content=\"index, follow, max-snippet:-1, max-image-preview:large, max-video-preview:-1\" \/>\n<link rel=\"canonical\" href=\"https:\/\/tenerifecenter.com\/fr\/informations\/permis-de-sejour-en-espagne\/\" \/>\n<meta property=\"og:locale\" content=\"fr_FR\" \/>\n<meta property=\"og:type\" content=\"article\" \/>\n<meta property=\"og:title\" content=\"Residence permit in Spain: how to get a residence permit.\" \/>\n<meta property=\"og:description\" content=\"Everything you wanted to know about obtaining a residence permit in Spain. Registration of a residence permit - information from the real estate agency VYM Canarias.\" \/>\n<meta property=\"og:url\" content=\"https:\/\/tenerifecenter.com\/fr\/informations\/permis-de-sejour-en-espagne\/\" \/>\n<meta property=\"og:site_name\" content=\"VYM Canarias\" \/>\n<meta property=\"article:publisher\" content=\"https:\/\/www.facebook.com\/vym.canarias\" \/>\n<meta property=\"article:modified_time\" content=\"2021-10-19T14:23:11+00:00\" \/>\n<meta property=\"og:image\" content=\"https:\/\/tenerifecenter.com\/wp-content\/uploads\/2019\/09\/vym-canarias-office-1.jpg\" \/>\n\t<meta property=\"og:image:width\" content=\"1920\" \/>\n\t<meta property=\"og:image:height\" content=\"350\" \/>\n\t<meta property=\"og:image:type\" content=\"image\/jpeg\" \/>\n<meta name=\"twitter:card\" content=\"summary_large_image\" \/>\n<meta name=\"twitter:label1\" content=\"Dur\u00e9e de lecture estim\u00e9e\" \/>\n\t<meta name=\"twitter:data1\" content=\"3 minutes\" \/>\n<script type=\"application\/ld+json\" class=\"yoast-schema-graph\">{\"@context\":\"https:\\\/\\\/schema.org\",\"@graph\":[{\"@type\":\"WebPage\",\"@id\":\"https:\\\/\\\/tenerifecenter.com\\\/fr\\\/informations\\\/permis-de-sejour-en-espagne\\\/\",\"url\":\"https:\\\/\\\/tenerifecenter.com\\\/fr\\\/informations\\\/permis-de-sejour-en-espagne\\\/\",\"name\":\"Residence permit in Spain: how to get a residence permit.\",\"isPartOf\":{\"@id\":\"https:\\\/\\\/tenerifecenter.com\\\/fr\\\/#website\"},\"primaryImageOfPage\":{\"@id\":\"https:\\\/\\\/tenerifecenter.com\\\/fr\\\/informations\\\/permis-de-sejour-en-espagne\\\/#primaryimage\"},\"image\":{\"@id\":\"https:\\\/\\\/tenerifecenter.com\\\/fr\\\/informations\\\/permis-de-sejour-en-espagne\\\/#primaryimage\"},\"thumbnailUrl\":\"https:\\\/\\\/tenerifecenter.com\\\/wp-content\\\/uploads\\\/2023\\\/03\\\/vym-canarias-office-2.jpeg\",\"datePublished\":\"2019-07-21T20:14:29+00:00\",\"dateModified\":\"2021-10-19T14:23:11+00:00\",\"description\":\"Everything you wanted to know about obtaining a residence permit in Spain. Registration of a residence permit - information from the real estate agency VYM Canarias.\",\"breadcrumb\":{\"@id\":\"https:\\\/\\\/tenerifecenter.com\\\/fr\\\/informations\\\/permis-de-sejour-en-espagne\\\/#breadcrumb\"},\"inLanguage\":\"fr-FR\",\"potentialAction\":[{\"@type\":\"ReadAction\",\"target\":[\"https:\\\/\\\/tenerifecenter.com\\\/fr\\\/informations\\\/permis-de-sejour-en-espagne\\\/\"]}]},{\"@type\":\"ImageObject\",\"inLanguage\":\"fr-FR\",\"@id\":\"https:\\\/\\\/tenerifecenter.com\\\/fr\\\/informations\\\/permis-de-sejour-en-espagne\\\/#primaryimage\",\"url\":\"https:\\\/\\\/tenerifecenter.com\\\/wp-content\\\/uploads\\\/2023\\\/03\\\/vym-canarias-office-2.jpeg\",\"contentUrl\":\"https:\\\/\\\/tenerifecenter.com\\\/wp-content\\\/uploads\\\/2023\\\/03\\\/vym-canarias-office-2.jpeg\",\"width\":1920,\"height\":350},{\"@type\":\"BreadcrumbList\",\"@id\":\"https:\\\/\\\/tenerifecenter.com\\\/fr\\\/informations\\\/permis-de-sejour-en-espagne\\\/#breadcrumb\",\"itemListElement\":[{\"@type\":\"ListItem\",\"position\":1,\"name\":\"Home\",\"item\":\"https:\\\/\\\/tenerifecenter.com\\\/fr\\\/\"},{\"@type\":\"ListItem\",\"position\":2,\"name\":\"Informations\",\"item\":\"https:\\\/\\\/tenerifecenter.com\\\/fr\\\/informations\\\/\"},{\"@type\":\"ListItem\",\"position\":3,\"name\":\"Permis de s\u00e9jour en Espagne\"}]},{\"@type\":\"WebSite\",\"@id\":\"https:\\\/\\\/tenerifecenter.com\\\/fr\\\/#website\",\"url\":\"https:\\\/\\\/tenerifecenter.com\\\/fr\\\/\",\"name\":\"VYM Canarias\",\"description\":\"Real Estate - Tenerife\",\"potentialAction\":[{\"@type\":\"SearchAction\",\"target\":{\"@type\":\"EntryPoint\",\"urlTemplate\":\"https:\\\/\\\/tenerifecenter.com\\\/fr\\\/?s={search_term_string}\"},\"query-input\":{\"@type\":\"PropertyValueSpecification\",\"valueRequired\":true,\"valueName\":\"search_term_string\"}}],\"inLanguage\":\"fr-FR\"}]}<\/script>\n<!-- \/ Yoast SEO plugin. -->","yoast_head_json":{"title":"Residence permit in Spain: how to get a residence permit.","description":"Everything you wanted to know about obtaining a residence permit in Spain. Registration of a residence permit - information from the real estate agency VYM Canarias.","robots":{"index":"index","follow":"follow","max-snippet":"max-snippet:-1","max-image-preview":"max-image-preview:large","max-video-preview":"max-video-preview:-1"},"canonical":"https:\/\/tenerifecenter.com\/fr\/informations\/permis-de-sejour-en-espagne\/","og_locale":"fr_FR","og_type":"article","og_title":"Residence permit in Spain: how to get a residence permit.","og_description":"Everything you wanted to know about obtaining a residence permit in Spain. Registration of a residence permit - information from the real estate agency VYM Canarias.","og_url":"https:\/\/tenerifecenter.com\/fr\/informations\/permis-de-sejour-en-espagne\/","og_site_name":"VYM Canarias","article_publisher":"https:\/\/www.facebook.com\/vym.canarias","article_modified_time":"2021-10-19T14:23:11+00:00","og_image":[{"width":1920,"height":350,"url":"https:\/\/tenerifecenter.com\/wp-content\/uploads\/2019\/09\/vym-canarias-office-1.jpg","type":"image\/jpeg"}],"twitter_card":"summary_large_image","twitter_misc":{"Dur\u00e9e de lecture estim\u00e9e":"3 minutes"},"schema":{"@context":"https:\/\/schema.org","@graph":[{"@type":"WebPage","@id":"https:\/\/tenerifecenter.com\/fr\/informations\/permis-de-sejour-en-espagne\/","url":"https:\/\/tenerifecenter.com\/fr\/informations\/permis-de-sejour-en-espagne\/","name":"Residence permit in Spain: how to get a residence permit.","isPartOf":{"@id":"https:\/\/tenerifecenter.com\/fr\/#website"},"primaryImageOfPage":{"@id":"https:\/\/tenerifecenter.com\/fr\/informations\/permis-de-sejour-en-espagne\/#primaryimage"},"image":{"@id":"https:\/\/tenerifecenter.com\/fr\/informations\/permis-de-sejour-en-espagne\/#primaryimage"},"thumbnailUrl":"https:\/\/tenerifecenter.com\/wp-content\/uploads\/2023\/03\/vym-canarias-office-2.jpeg","datePublished":"2019-07-21T20:14:29+00:00","dateModified":"2021-10-19T14:23:11+00:00","description":"Everything you wanted to know about obtaining a residence permit in Spain. Registration of a residence permit - information from the real estate agency VYM Canarias.","breadcrumb":{"@id":"https:\/\/tenerifecenter.com\/fr\/informations\/permis-de-sejour-en-espagne\/#breadcrumb"},"inLanguage":"fr-FR","potentialAction":[{"@type":"ReadAction","target":["https:\/\/tenerifecenter.com\/fr\/informations\/permis-de-sejour-en-espagne\/"]}]},{"@type":"ImageObject","inLanguage":"fr-FR","@id":"https:\/\/tenerifecenter.com\/fr\/informations\/permis-de-sejour-en-espagne\/#primaryimage","url":"https:\/\/tenerifecenter.com\/wp-content\/uploads\/2023\/03\/vym-canarias-office-2.jpeg","contentUrl":"https:\/\/tenerifecenter.com\/wp-content\/uploads\/2023\/03\/vym-canarias-office-2.jpeg","width":1920,"height":350},{"@type":"BreadcrumbList","@id":"https:\/\/tenerifecenter.com\/fr\/informations\/permis-de-sejour-en-espagne\/#breadcrumb","itemListElement":[{"@type":"ListItem","position":1,"name":"Home","item":"https:\/\/tenerifecenter.com\/fr\/"},{"@type":"ListItem","position":2,"name":"Informations","item":"https:\/\/tenerifecenter.com\/fr\/informations\/"},{"@type":"ListItem","position":3,"name":"Permis de s\u00e9jour en Espagne"}]},{"@type":"WebSite","@id":"https:\/\/tenerifecenter.com\/fr\/#website","url":"https:\/\/tenerifecenter.com\/fr\/","name":"VYM Canarias","description":"Real Estate - Tenerife","potentialAction":[{"@type":"SearchAction","target":{"@type":"EntryPoint","urlTemplate":"https:\/\/tenerifecenter.com\/fr\/?s={search_term_string}"},"query-input":{"@type":"PropertyValueSpecification","valueRequired":true,"valueName":"search_term_string"}}],"inLanguage":"fr-FR"}]}},"_links":{"self":[{"href":"https:\/\/tenerifecenter.com\/fr\/wp-json\/wp\/v2\/pages\/172320","targetHints":{"allow":["GET"]}}],"collection":[{"href":"https:\/\/tenerifecenter.com\/fr\/wp-json\/wp\/v2\/pages"}],"about":[{"href":"https:\/\/tenerifecenter.com\/fr\/wp-json\/wp\/v2\/types\/page"}],"author":[{"embeddable":true,"href":"https:\/\/tenerifecenter.com\/fr\/wp-json\/wp\/v2\/users\/1"}],"replies":[{"embeddable":true,"href":"https:\/\/tenerifecenter.com\/fr\/wp-json\/wp\/v2\/comments?post=172320"}],"version-history":[{"count":0,"href":"https:\/\/tenerifecenter.com\/fr\/wp-json\/wp\/v2\/pages\/172320\/revisions"}],"up":[{"embeddable":true,"href":"https:\/\/tenerifecenter.com\/fr\/wp-json\/wp\/v2\/pages\/172316"}],"wp:featuredmedia":[{"embeddable":true,"href":"https:\/\/tenerifecenter.com\/fr\/wp-json\/wp\/v2\/media\/445598"}],"wp:attachment":[{"href":"https:\/\/tenerifecenter.com\/fr\/wp-json\/wp\/v2\/media?parent=172320"}],"curies":[{"name":"wp","href":"https:\/\/api.w.org\/{rel}","templated":true}]}}