{"id":172317,"date":"2019-07-21T20:27:07","date_gmt":"2019-07-21T20:27:07","guid":{"rendered":"https:\/\/tenerifecenter.com\/info\/business-in-spain\/"},"modified":"2021-10-19T14:22:39","modified_gmt":"2021-10-19T14:22:39","slug":"affaires-en-espagne","status":"publish","type":"page","link":"https:\/\/tenerifecenter.com\/fr\/informations\/affaires-en-espagne\/","title":{"rendered":"Affaires en Espagne"},"content":{"rendered":"<p>L\u2019Espagne a am\u00e9lior\u00e9 les conditions pour faire des affaires ici. Avec la crise derri\u00e8re elle, l\u2019\u00e9conomie du pays s\u2019est maintenant stabilis\u00e9e et le pourcentage d\u2019entrepreneurs \u00e9trangers ne cesse de cro\u00eetre. Selon les lois modernes, un r\u00e9sident et un non-r\u00e9sident peuvent ouvrir une entreprise en Espagne. La proc\u00e9dure d\u2019enregistrement d\u2019une nouvelle soci\u00e9t\u00e9 n\u2019est pas compliqu\u00e9e par des retards bureaucratiques inutiles. Le facteur le plus important pour faire des affaires en Espagne est \u00e9galement la stabilit\u00e9 et de bonnes perspectives \u00e9conomiques. En outre, l\u2019ouverture d\u2019une entreprise et la cr\u00e9ation de nouveaux emplois en Espagne, donne aux \u00e9trangers la possibilit\u00e9 d\u2019obtenir un  permis de s\u00e9jour.<\/p>\r\n\r\n<p>L\u2019\u00e9conomie de l\u2019Espagne en 2018 a augment\u00e9 de 2,5%. Cet indicateur est sup\u00e9rieur \u00e0 la moyenne de l\u2019UE. Par exemple, le PIB de l\u2019Allemagne la m\u00eame ann\u00e9e \u00e9tait de 1,5%. Le taux de croissance \u00e9lev\u00e9, selon les experts, se poursuivra dans les ann\u00e9es \u00e0 venir, bien que, sous r\u00e9serve du processus \u00e9conomique mondial, il puisse ralentir quelque peu.<\/p>\r\n\r\n<h2>Avantages de faire des affaires en Espagne<\/h2>\r\n\r\n<ul>\r\n  <li>Stabilit\u00e9 des syst\u00e8mes politiques et \u00e9conomiques<\/li>\r\n  <li>Simplicit\u00e9 de la proc\u00e9dure d\u2019enregistrement des nouvelles entreprises<\/li>\r\n  <li>Des conditions favorables pour les petites et moyennes entreprises<\/li>\r\n<\/ul>\r\n\r\n<h2>Quels types d\u2019entreprises existent en Espagne?<\/h2>\r\n\r\n<p><b>S.A. (Sociedad Anonima)<\/b> \u2013 un analogue de la soci\u00e9t\u00e9 par actions russe (soci\u00e9t\u00e9 par actions). S.A. implique la pr\u00e9sence d\u2019un grand nombre d\u2019actionnaires. Le capital minimum autoris\u00e9 S.A. est de 60 101,21 \u20ac (euros). Lors de l\u2019enregistrement d\u2019une soci\u00e9t\u00e9 de type S.A., il suffit de placer 25% du capital autoris\u00e9 sur le compte courant de la soci\u00e9t\u00e9. Pour g\u00e9rer ce type de soci\u00e9t\u00e9, des proc\u00e9dures sp\u00e9ciales sont envisag\u00e9es pour prot\u00e9ger les droits des fondateurs, par exemple la convocation d\u2019assembl\u00e9es obligatoires des actionnaires, qui s\u2019effectue par publication dans la presse et au Journal officiel du registre du commerce. S.A. contrairement \u00e0 S.L. peut \u00e9mettre des obligations et d\u2019autres titres.<\/p>\r\n\r\n<p><b>S.L. (Sociedad limitada)<\/b> \u2013 un analogue de la LLC russe (soci\u00e9t\u00e9 \u00e0 responsabilit\u00e9 limit\u00e9e). S.L. a un ou plusieurs propri\u00e9taires et, par rapport \u00e0 S.A., un sch\u00e9ma de gestion plus simple. Le capital autoris\u00e9 est de 3 006,06 \u20ac (euros), et ce montant doit \u00eatre re\u00e7u en totalit\u00e9 par le compte de la soci\u00e9t\u00e9. Company S.L. ne peut pas \u00e9mettre d\u2019obligations; les contributions des cofondateurs ne sont pas cot\u00e9es sur le march\u00e9 des valeurs mobili\u00e8res.<\/p>\r\n\r\n<p>Ces deux types d\u2019entreprises sont les plus courants en Espagne. Les deux soci\u00e9t\u00e9s ont une responsabilit\u00e9 limit\u00e9e, qui est dans la limite des contributions des cofondateurs au capital autoris\u00e9, et paient les m\u00eames imp\u00f4ts.<\/p>\r\n\r\n<h2>Ce dont vous avez besoin pour ouvrir une entreprise en Espagne<\/h2>\r\n\r\n<ul>\r\n  <li>Pour enregistrer une entreprise en Espagne, vous n\u2019avez pas besoin d\u2019une r\u00e9sidence, mais vous aurez certainement besoin d\u2019un NIE \u2013 num\u00e9ro fiscal d\u2019un \u00e9tranger.<\/li>\r\n  <li>Un non-r\u00e9sident ne peut pas \u00eatre le g\u00e9rant d\u2019une soci\u00e9t\u00e9 \u00e9tablie en Espagne. En cons\u00e9quence, pour g\u00e9rer la soci\u00e9t\u00e9, il sera n\u00e9cessaire de conclure un accord avec le g\u00e9rant r\u00e9sident ou la soci\u00e9t\u00e9 de gestion (gestor \/ gestoria).<\/li>\r\n  <li>Compte dans une banque espagnole. Pour enregistrer une soci\u00e9t\u00e9, il est n\u00e9cessaire de d\u00e9poser le capital autoris\u00e9 en fonction du type de personne morale (S.A. ou S.L.).<\/li>\r\n  <li>Pr\u00e9paration des documents constitutifs, qui contiennent des informations sur la charte de l\u2019entreprise: le nom et l\u2019adresse de la personne morale, la proc\u00e9dure de gestion de ses activit\u00e9s et d\u2019autres informations.<\/li>\r\n  <li>Notarisation des documents constitutifs.<\/li>\r\n  <li>Paiement de la taxe pour la cr\u00e9ation d\u2019une soci\u00e9t\u00e9 \u00e0 raison de 1% du capital autoris\u00e9.<\/li>\r\n  <li>Enregistrement d\u2019une entreprise \u00e0 la Chambre de commerce d\u2019Espagne et inscription au registre du commerce de l\u2019\u00c9tat.<\/li>\r\n  <li>Obtention d\u2019un num\u00e9ro d\u2019identification fiscale CIF.<\/li>\r\n  <li>Paiement des taxes et redevances municipales.<\/li>\r\n<\/ul>\r\n\r\n<h2>Les trois formes les plus courantes de cr\u00e9ation d\u2019entreprise en Espagne sont:<\/h2>\r\n\r\n<ol>\r\n  <li>Ouverture d\u2019une nouvelle entreprise<\/li>\r\n  <li>Achat d\u2019une entreprise finie<\/li>\r\n  <li>Ouverture d\u2019une soci\u00e9t\u00e9 franchis\u00e9e<\/li>\r\n<\/ol>\r\n\r\n<h2>Quelle entreprise ouvrir \u00e0 Tenerife<\/h2>\r\n\r\n<p>La fiscalit\u00e9 pr\u00e9f\u00e9rentielle dans les \u00eeles Canaries est un syst\u00e8me fiscal sp\u00e9cial cr\u00e9\u00e9 pour promouvoir le d\u00e9veloppement \u00e9conomique des \u00eeles Canaries. Cette mesure vise \u00e0 soutenir les entrepreneurs de la r\u00e9gion et \u00e0 compenser les difficult\u00e9s qui peuvent survenir en raison de l\u2019\u00e9loignement des march\u00e9s europ\u00e9ens.<\/p>\r\n\r\n<blockquote>Le taux d\u2019imposition des entreprises (Impuesto sobre Sociedades) dans les \u00eeles Canaries est de 4%, sous r\u00e9serve de la cr\u00e9ation d\u2019emplois et d\u2019investissements minimaux. En dehors de la zone pr\u00e9f\u00e9rentielle, ce taux est de 25%. L\u2019imp\u00f4t sur le revenu et les avantages fiscaux cr\u00e9ent un climat d\u2019investissement tr\u00e8s favorable dans les \u00eeles Canaries.<\/blockquote>\r\n\r\n<p>Les \u00eeles Canaries ont le statut de zone \u00e9conomique sp\u00e9ciale avec un faible taux d\u2019imposition depuis 2000. La mesure est fix\u00e9e pour une p\u00e9riode allant jusqu\u2019au 31 d\u00e9cembre 2019 et peut \u00eatre prolong\u00e9e par la Commission europ\u00e9enne.<\/p>\r\n\r\n<h2>Types d\u2019entreprises prometteuses dans la zone ZEC <small class=\"block\">(Zone \u00e9conomique sp\u00e9ciale)<\/small><\/h2>\r\n\r\n<p>Les cr\u00e9dits d\u2019imp\u00f4t des \u00eeles Canaries couvrent une grande vari\u00e9t\u00e9 d\u2019activit\u00e9s commerciales: industrie, services et commerce. N\u00e9anmoins, il existe plusieurs secteurs qui repr\u00e9sentent des niches d\u2019affaires prometteuses, dont le d\u00e9veloppement est particuli\u00e8rement bienvenu dans les \u00eeles Canaries, car il a un grand potentiel pour la modernisation de la r\u00e9gion.<\/p>\r\n\r\n<ul>\r\n  <li>Tourisme: voyagistes et agences de voyages, services de r\u00e9servation et d\u2019excursions, production de tous types de produits touristiques pour h\u00f4tels et restaurants, expansion du cr\u00e9neau des loisirs, entretien de complexes de divertissement, etc.<\/li>\r\n  <li>Service d\u2019entreprise et externalisation: conseil et gestion d\u2019entreprise, ing\u00e9nierie, architecture, design, marketing et communications.<\/li>\r\n  <li>Technologies num\u00e9riques : logiciels, informatique, informatique, informatique, technologies Internet.<\/li>\r\n  <li>Transport: stockage et livraison de marchandises.<\/li>\r\n  <li>Secteur maritime : r\u00e9paration, entretien, transport, logistique, approvisionnement, etc.<\/li>\r\n<\/ul>","protected":false},"excerpt":{"rendered":"<p>L\u2019Espagne a am\u00e9lior\u00e9 les conditions pour faire des affaires ici. Avec la crise derri\u00e8re elle, l\u2019\u00e9conomie du pays s\u2019est maintenant stabilis\u00e9e et le pourcentage d\u2019entrepreneurs \u00e9trangers ne cesse de cro\u00eetre. Selon les lois modernes, un r\u00e9sident et un non-r\u00e9sident peuvent ouvrir une entreprise en Espagne. La proc\u00e9dure d\u2019enregistrement d\u2019une nouvelle soci\u00e9t\u00e9 n\u2019est pas compliqu\u00e9e par [&hellip;]<\/p>\n","protected":false},"author":1,"featured_media":445598,"parent":172316,"menu_order":0,"comment_status":"closed","ping_status":"closed","template":"","meta":{"_acf_changed":false,"footnotes":""},"class_list":["post-172317","page","type-page","status-publish","has-post-thumbnail","hentry"],"acf":[],"yoast_head":"<!-- This site is optimized with the Yoast SEO plugin v27.4 - https:\/\/yoast.com\/product\/yoast-seo-wordpress\/ -->\n<title>How to open a business in Spain - all ways to do business<\/title>\n<meta name=\"description\" content=\"Want to open or buy a ready-made business in Spain? A detailed guide in Russian from the real estate agency VYM Canarias (Tenerife, Spain).\" \/>\n<meta name=\"robots\" content=\"index, follow, max-snippet:-1, max-image-preview:large, max-video-preview:-1\" \/>\n<link rel=\"canonical\" href=\"https:\/\/tenerifecenter.com\/fr\/informations\/affaires-en-espagne\/\" \/>\n<meta property=\"og:locale\" content=\"fr_FR\" \/>\n<meta property=\"og:type\" content=\"article\" \/>\n<meta property=\"og:title\" content=\"How to open a business in Spain - all ways to do business\" \/>\n<meta property=\"og:description\" content=\"Want to open or buy a ready-made business in Spain? A detailed guide in Russian from the real estate agency VYM Canarias (Tenerife, Spain).\" \/>\n<meta property=\"og:url\" content=\"https:\/\/tenerifecenter.com\/fr\/informations\/affaires-en-espagne\/\" \/>\n<meta property=\"og:site_name\" content=\"VYM Canarias\" \/>\n<meta property=\"article:publisher\" content=\"https:\/\/www.facebook.com\/vym.canarias\" \/>\n<meta property=\"article:modified_time\" content=\"2021-10-19T14:22:39+00:00\" \/>\n<meta property=\"og:image\" content=\"https:\/\/tenerifecenter.com\/wp-content\/uploads\/2019\/09\/vym-canarias-office-1.jpg\" \/>\n\t<meta property=\"og:image:width\" content=\"1920\" \/>\n\t<meta property=\"og:image:height\" content=\"350\" \/>\n\t<meta property=\"og:image:type\" content=\"image\/jpeg\" \/>\n<meta name=\"twitter:card\" content=\"summary_large_image\" \/>\n<meta name=\"twitter:label1\" content=\"Dur\u00e9e de lecture estim\u00e9e\" \/>\n\t<meta name=\"twitter:data1\" content=\"5 minutes\" \/>\n<script type=\"application\/ld+json\" class=\"yoast-schema-graph\">{\"@context\":\"https:\\\/\\\/schema.org\",\"@graph\":[{\"@type\":\"WebPage\",\"@id\":\"https:\\\/\\\/tenerifecenter.com\\\/fr\\\/informations\\\/affaires-en-espagne\\\/\",\"url\":\"https:\\\/\\\/tenerifecenter.com\\\/fr\\\/informations\\\/affaires-en-espagne\\\/\",\"name\":\"How to open a business in Spain - all ways to do business\",\"isPartOf\":{\"@id\":\"https:\\\/\\\/tenerifecenter.com\\\/fr\\\/#website\"},\"primaryImageOfPage\":{\"@id\":\"https:\\\/\\\/tenerifecenter.com\\\/fr\\\/informations\\\/affaires-en-espagne\\\/#primaryimage\"},\"image\":{\"@id\":\"https:\\\/\\\/tenerifecenter.com\\\/fr\\\/informations\\\/affaires-en-espagne\\\/#primaryimage\"},\"thumbnailUrl\":\"https:\\\/\\\/tenerifecenter.com\\\/wp-content\\\/uploads\\\/2023\\\/03\\\/vym-canarias-office-2.jpeg\",\"datePublished\":\"2019-07-21T20:27:07+00:00\",\"dateModified\":\"2021-10-19T14:22:39+00:00\",\"description\":\"Want to open or buy a ready-made business in Spain? A detailed guide in Russian from the real estate agency VYM Canarias (Tenerife, Spain).\",\"breadcrumb\":{\"@id\":\"https:\\\/\\\/tenerifecenter.com\\\/fr\\\/informations\\\/affaires-en-espagne\\\/#breadcrumb\"},\"inLanguage\":\"fr-FR\",\"potentialAction\":[{\"@type\":\"ReadAction\",\"target\":[\"https:\\\/\\\/tenerifecenter.com\\\/fr\\\/informations\\\/affaires-en-espagne\\\/\"]}]},{\"@type\":\"ImageObject\",\"inLanguage\":\"fr-FR\",\"@id\":\"https:\\\/\\\/tenerifecenter.com\\\/fr\\\/informations\\\/affaires-en-espagne\\\/#primaryimage\",\"url\":\"https:\\\/\\\/tenerifecenter.com\\\/wp-content\\\/uploads\\\/2023\\\/03\\\/vym-canarias-office-2.jpeg\",\"contentUrl\":\"https:\\\/\\\/tenerifecenter.com\\\/wp-content\\\/uploads\\\/2023\\\/03\\\/vym-canarias-office-2.jpeg\",\"width\":1920,\"height\":350},{\"@type\":\"BreadcrumbList\",\"@id\":\"https:\\\/\\\/tenerifecenter.com\\\/fr\\\/informations\\\/affaires-en-espagne\\\/#breadcrumb\",\"itemListElement\":[{\"@type\":\"ListItem\",\"position\":1,\"name\":\"Home\",\"item\":\"https:\\\/\\\/tenerifecenter.com\\\/fr\\\/\"},{\"@type\":\"ListItem\",\"position\":2,\"name\":\"Informations\",\"item\":\"https:\\\/\\\/tenerifecenter.com\\\/fr\\\/informations\\\/\"},{\"@type\":\"ListItem\",\"position\":3,\"name\":\"Affaires en Espagne\"}]},{\"@type\":\"WebSite\",\"@id\":\"https:\\\/\\\/tenerifecenter.com\\\/fr\\\/#website\",\"url\":\"https:\\\/\\\/tenerifecenter.com\\\/fr\\\/\",\"name\":\"VYM Canarias\",\"description\":\"Real Estate - Tenerife\",\"potentialAction\":[{\"@type\":\"SearchAction\",\"target\":{\"@type\":\"EntryPoint\",\"urlTemplate\":\"https:\\\/\\\/tenerifecenter.com\\\/fr\\\/?s={search_term_string}\"},\"query-input\":{\"@type\":\"PropertyValueSpecification\",\"valueRequired\":true,\"valueName\":\"search_term_string\"}}],\"inLanguage\":\"fr-FR\"}]}<\/script>\n<!-- \/ Yoast SEO plugin. -->","yoast_head_json":{"title":"How to open a business in Spain - all ways to do business","description":"Want to open or buy a ready-made business in Spain? A detailed guide in Russian from the real estate agency VYM Canarias (Tenerife, Spain).","robots":{"index":"index","follow":"follow","max-snippet":"max-snippet:-1","max-image-preview":"max-image-preview:large","max-video-preview":"max-video-preview:-1"},"canonical":"https:\/\/tenerifecenter.com\/fr\/informations\/affaires-en-espagne\/","og_locale":"fr_FR","og_type":"article","og_title":"How to open a business in Spain - all ways to do business","og_description":"Want to open or buy a ready-made business in Spain? A detailed guide in Russian from the real estate agency VYM Canarias (Tenerife, Spain).","og_url":"https:\/\/tenerifecenter.com\/fr\/informations\/affaires-en-espagne\/","og_site_name":"VYM Canarias","article_publisher":"https:\/\/www.facebook.com\/vym.canarias","article_modified_time":"2021-10-19T14:22:39+00:00","og_image":[{"width":1920,"height":350,"url":"https:\/\/tenerifecenter.com\/wp-content\/uploads\/2019\/09\/vym-canarias-office-1.jpg","type":"image\/jpeg"}],"twitter_card":"summary_large_image","twitter_misc":{"Dur\u00e9e de lecture estim\u00e9e":"5 minutes"},"schema":{"@context":"https:\/\/schema.org","@graph":[{"@type":"WebPage","@id":"https:\/\/tenerifecenter.com\/fr\/informations\/affaires-en-espagne\/","url":"https:\/\/tenerifecenter.com\/fr\/informations\/affaires-en-espagne\/","name":"How to open a business in Spain - all ways to do business","isPartOf":{"@id":"https:\/\/tenerifecenter.com\/fr\/#website"},"primaryImageOfPage":{"@id":"https:\/\/tenerifecenter.com\/fr\/informations\/affaires-en-espagne\/#primaryimage"},"image":{"@id":"https:\/\/tenerifecenter.com\/fr\/informations\/affaires-en-espagne\/#primaryimage"},"thumbnailUrl":"https:\/\/tenerifecenter.com\/wp-content\/uploads\/2023\/03\/vym-canarias-office-2.jpeg","datePublished":"2019-07-21T20:27:07+00:00","dateModified":"2021-10-19T14:22:39+00:00","description":"Want to open or buy a ready-made business in Spain? A detailed guide in Russian from the real estate agency VYM Canarias (Tenerife, Spain).","breadcrumb":{"@id":"https:\/\/tenerifecenter.com\/fr\/informations\/affaires-en-espagne\/#breadcrumb"},"inLanguage":"fr-FR","potentialAction":[{"@type":"ReadAction","target":["https:\/\/tenerifecenter.com\/fr\/informations\/affaires-en-espagne\/"]}]},{"@type":"ImageObject","inLanguage":"fr-FR","@id":"https:\/\/tenerifecenter.com\/fr\/informations\/affaires-en-espagne\/#primaryimage","url":"https:\/\/tenerifecenter.com\/wp-content\/uploads\/2023\/03\/vym-canarias-office-2.jpeg","contentUrl":"https:\/\/tenerifecenter.com\/wp-content\/uploads\/2023\/03\/vym-canarias-office-2.jpeg","width":1920,"height":350},{"@type":"BreadcrumbList","@id":"https:\/\/tenerifecenter.com\/fr\/informations\/affaires-en-espagne\/#breadcrumb","itemListElement":[{"@type":"ListItem","position":1,"name":"Home","item":"https:\/\/tenerifecenter.com\/fr\/"},{"@type":"ListItem","position":2,"name":"Informations","item":"https:\/\/tenerifecenter.com\/fr\/informations\/"},{"@type":"ListItem","position":3,"name":"Affaires en Espagne"}]},{"@type":"WebSite","@id":"https:\/\/tenerifecenter.com\/fr\/#website","url":"https:\/\/tenerifecenter.com\/fr\/","name":"VYM Canarias","description":"Real Estate - Tenerife","potentialAction":[{"@type":"SearchAction","target":{"@type":"EntryPoint","urlTemplate":"https:\/\/tenerifecenter.com\/fr\/?s={search_term_string}"},"query-input":{"@type":"PropertyValueSpecification","valueRequired":true,"valueName":"search_term_string"}}],"inLanguage":"fr-FR"}]}},"_links":{"self":[{"href":"https:\/\/tenerifecenter.com\/fr\/wp-json\/wp\/v2\/pages\/172317","targetHints":{"allow":["GET"]}}],"collection":[{"href":"https:\/\/tenerifecenter.com\/fr\/wp-json\/wp\/v2\/pages"}],"about":[{"href":"https:\/\/tenerifecenter.com\/fr\/wp-json\/wp\/v2\/types\/page"}],"author":[{"embeddable":true,"href":"https:\/\/tenerifecenter.com\/fr\/wp-json\/wp\/v2\/users\/1"}],"replies":[{"embeddable":true,"href":"https:\/\/tenerifecenter.com\/fr\/wp-json\/wp\/v2\/comments?post=172317"}],"version-history":[{"count":0,"href":"https:\/\/tenerifecenter.com\/fr\/wp-json\/wp\/v2\/pages\/172317\/revisions"}],"up":[{"embeddable":true,"href":"https:\/\/tenerifecenter.com\/fr\/wp-json\/wp\/v2\/pages\/172316"}],"wp:featuredmedia":[{"embeddable":true,"href":"https:\/\/tenerifecenter.com\/fr\/wp-json\/wp\/v2\/media\/445598"}],"wp:attachment":[{"href":"https:\/\/tenerifecenter.com\/fr\/wp-json\/wp\/v2\/media?parent=172317"}],"curies":[{"name":"wp","href":"https:\/\/api.w.org\/{rel}","templated":true}]}}