{"id":172308,"date":"2021-10-03T10:55:51","date_gmt":"2021-10-03T10:55:51","guid":{"rendered":"https:\/\/tenerifecenter.com\/about-company-fr\/"},"modified":"2023-09-25T14:21:20","modified_gmt":"2023-09-25T14:21:20","slug":"a-propos-de-la-societe","status":"publish","type":"page","link":"https:\/\/tenerifecenter.com\/fr\/a-propos-de-la-societe\/","title":{"rendered":"\u00c0 propos de la soci\u00e9t\u00e9"},"content":{"rendered":"<p class=\"mb-40\">Vym Canarias is one of the largest real estate agencies on the south coast of Tenerife. We have been working since 2010 and specialize in the sale of residential and commercial <b>real estate in Tenerife<\/b>: apartments, townhouses, villas and land plots, as well as office and retail premises.<\/p>\r\n\r\n<div class=\"row mb-30\">\r\n    <iframe loading=\"lazy\" width=\"100%\" height=\"425\" src=\"https:\/\/www.youtube.com\/embed\/C7xNhgxodZQ\" frameborder=\"0\" allow=\"accelerometer; autoplay; encrypted-media; gyroscope; picture-in-picture\" allowfullscreen><\/iframe>\r\n<\/div>\r\n\r\n<h2>Notre travail<\/h2>\r\n\r\n<p>Nous aidons les clients \u00e0 trouver leur maison id\u00e9ale \u00e0 Tenerife. La soci\u00e9t\u00e9 collabore avec toutes les agences immobili\u00e8res professionnelles de l\u2019\u00eele et a acc\u00e8s \u00e0 la plus grande base de donn\u00e9es immobili\u00e8re des  \u00eeles Canaries.<\/p>\r\n\r\n<p>La r\u00e9putation est notre principale valeur, nous ne travaillons donc qu\u2019avec des avocats et des notaires r\u00e9put\u00e9s. Nos installations font l\u2019objet d\u2019une v\u00e9rification professionnelle, ce qui nous permet de garantir leur propret\u00e9 l\u00e9gale.<\/p>\r\n\r\n<p>Nous aidons \u00e0 r\u00e9diger des documents pour l\u2019achat de biens immobiliers ainsi que l\u2019organisation d\u2019hypoth\u00e8ques, fournissons un soutien juridique pour la transaction et traitons avec le support apr\u00e8s-vente pour les clients.<\/p>\r\n\r\n<h2>Pourquoi Vym Canarias<\/h2>\r\n\r\n<p>Il est pratique et rentable de travailler avec nous:<\/p>\r\n\r\n<ul>\r\n  <li>Nous garantissons la puret\u00e9 de la transaction.<\/li>\r\n  <li>Nous travaillons ouvertement et informons les clients de tous les d\u00e9tails de la transaction.<\/li>\r\n  <li>Nous avons le plus grand choix de biens immobiliers.<\/li>\r\n  <li>Nous avons des bureaux \u00e0 Tenerife et \u00e0 Alicante situ\u00e9s dans les principales zones de vill\u00e9giature.<\/li>\r\n  <li>Notre personnel parle 9 langues.<\/li>\r\n<\/ul>\r\n\r\n<p>Le march\u00e9 immobilier en Espagne est notre environnement professionnel. <a href=\"\/\">Vym Canarias<\/a> participe \u00e0 des salons immobiliers internationaux dans divers pays. Nous aidons nos clients \u00e0 naviguer dans les nouvelles tendances et les changements dans la l\u00e9gislation.<\/p>\r\n\r\n<p>Notre t\u00e2che est la stabilit\u00e9 et le d\u00e9veloppement progressif.<\/p>\r\n\r\n<p>Notre mission est de vous trouver une maison aux Canaries. Calmement. Fiable. Joyeusement.<\/p>\r\n\r\n<table>\r\n  <thead>\r\n    <th><\/th>\r\n    <th><\/th>\r\n  <\/thead>\r\n  <tbody>\r\n    <tr>\r\n      <td valign=\"top\">\r\n        <img decoding=\"async\" src=\"\/wp-content\/uploads\/2020\/02\/CEST.jpg\" alt=\"\" width=\"125\">\r\n      <\/td>\r\n      <td>\r\n        <h6>CEST<\/h6>\r\n        <p>Le Circulo de Empresarios y Profesionales del Sur de Tenerife (CEST) est une association multisectorielle sans but lucratif compos\u00e9e d\u2019entreprises et de professionnels \u00e9tablis dans le sud de Tenerife ou ayant des int\u00e9r\u00eats et des relations commerciales dans cette r\u00e9gion.<\/p>\r\n      <\/td>\r\n    <\/tr>\r\n    <tr>\r\n      <td valign=\"top\">\r\n        <img decoding=\"async\" src=\"\/wp-content\/uploads\/2020\/02\/TSREA-logo.jpeg\" alt=\"\" width=\"125\">\r\n      <\/td>\r\n      <td>\r\n        <h6>TSREA<\/h6>\r\n        <p>Tenerife South Real Estate Association est n\u00e9e de l\u2019initiative d\u2019un large groupe d\u2019experts du secteur immobilier, qui ont d\u00e9cid\u00e9 de mettre en commun leurs ann\u00e9es d\u2019exp\u00e9rience et de professionnalisme, pour cr\u00e9er un r\u00e9seau d\u2019agences immobili\u00e8res.<\/p>\r\n      <\/td>\r\n    <\/tr>\r\n    <tr>\r\n      <td valign=\"top\">\r\n        <img decoding=\"async\" src=\"\/wp-content\/uploads\/2020\/02\/Fast-1.jpg\" alt=\"\" width=\"125\">\r\n      <\/td>\r\n      <td>\r\n        <h6>FAST<\/h6>\r\n        <p>FAST L\u2019Association Forum des Amis du Sud de Tenerife poursuivra des objectifs d\u2019int\u00e9r\u00eat g\u00e9n\u00e9ral pour la r\u00e9gion du sud de Tenerife, de nature sociale, culturelle, sportive, environnementale, \u00e9ducative et de promotion touristique.<\/p>\r\n      <\/td>\r\n    <\/tr>\r\n    <tr>\r\n      <td valign=\"top\">\r\n        <img decoding=\"async\" src=\"\/wp-content\/uploads\/2020\/02\/FEPECO-logo.jpeg\" alt=\"\" width=\"125\">\r\n      <\/td>\r\n      <td>\r\n        <h6>FEPECO<\/h6>\r\n        <p>FEPECO F\u00e9d\u00e9ration provinciale des entit\u00e9s de la construction de Santa Cruz de Tenerife.<\/p>\r\n      <\/td>\r\n    <\/tr>\r\n    <tr>\r\n      <td valign=\"top\">\r\n        <img decoding=\"async\" src=\"\/wp-content\/uploads\/2020\/02\/Expertos.jpg\" alt=\"\" width=\"125\">\r\n      <\/td>\r\n      <td>\r\n        <h6>EXPERTOS INMOBILIARIOS<\/h6>\r\n        <p>EXPERTS REAL ESTATE : c\u2019est une association qui regroupe des professionnels et des entrepreneurs du secteur immobilier et qui est implant\u00e9e sur tout le territoire national. Il s\u2019agit d\u2019une association sans but lucratif, d\u00fbment enregistr\u00e9e au minist\u00e8re du Travail sous le num\u00e9ro 4507.<\/p>\r\n      <\/td>\r\n    <\/tr>\r\n  <\/tbody>\r\n<\/table>","protected":false},"excerpt":{"rendered":"<p>Vym Canarias is one of the largest real estate agencies on the south coast of Tenerife. We have been working since 2010 and specialize in the sale of residential and commercial real estate in Tenerife: apartments, townhouses, villas and land plots, as well as office and retail premises. Notre travail Nous aidons les clients \u00e0 [&hellip;]<\/p>\n","protected":false},"author":1,"featured_media":445598,"parent":0,"menu_order":0,"comment_status":"closed","ping_status":"closed","template":"","meta":{"_acf_changed":false,"footnotes":""},"class_list":["post-172308","page","type-page","status-publish","has-post-thumbnail","hentry"],"acf":[],"yoast_head":"<!-- This site is optimized with the Yoast SEO plugin v27.3 - https:\/\/yoast.com\/product\/yoast-seo-wordpress\/ -->\n<title>About Vym Canarias Real Estate Agency<\/title>\n<meta name=\"description\" content=\"Who are we? About Vym Canarias Real Estate Agency. We help to buy housing in Tenerife (Canary Islands, Spain): an impeccable reputation since 2010.\" \/>\n<meta name=\"robots\" content=\"index, follow, max-snippet:-1, max-image-preview:large, max-video-preview:-1\" \/>\n<link rel=\"canonical\" href=\"https:\/\/tenerifecenter.com\/fr\/a-propos-de-la-societe\/\" \/>\n<meta property=\"og:locale\" content=\"fr_FR\" \/>\n<meta property=\"og:type\" content=\"article\" \/>\n<meta property=\"og:title\" content=\"About Vym Canarias Real Estate Agency\" \/>\n<meta property=\"og:description\" content=\"Who are we? About Vym Canarias Real Estate Agency. We help to buy housing in Tenerife (Canary Islands, Spain): an impeccable reputation since 2010.\" \/>\n<meta property=\"og:url\" content=\"https:\/\/tenerifecenter.com\/fr\/a-propos-de-la-societe\/\" \/>\n<meta property=\"og:site_name\" content=\"VYM Canarias\" \/>\n<meta property=\"article:publisher\" content=\"https:\/\/www.facebook.com\/vym.canarias\" \/>\n<meta property=\"article:modified_time\" content=\"2023-09-25T14:21:20+00:00\" \/>\n<meta property=\"og:image\" content=\"https:\/\/tenerifecenter.com\/wp-content\/uploads\/2023\/03\/vym-canarias-office-2.jpeg\" \/>\n\t<meta property=\"og:image:width\" content=\"1920\" \/>\n\t<meta property=\"og:image:height\" content=\"350\" \/>\n\t<meta property=\"og:image:type\" content=\"image\/jpeg\" \/>\n<meta name=\"twitter:card\" content=\"summary_large_image\" \/>\n<meta name=\"twitter:label1\" content=\"Dur\u00e9e de lecture estim\u00e9e\" \/>\n\t<meta name=\"twitter:data1\" content=\"4 minutes\" \/>\n<script type=\"application\/ld+json\" class=\"yoast-schema-graph\">{\"@context\":\"https:\\\/\\\/schema.org\",\"@graph\":[{\"@type\":\"WebPage\",\"@id\":\"https:\\\/\\\/tenerifecenter.com\\\/fr\\\/a-propos-de-la-societe\\\/\",\"url\":\"https:\\\/\\\/tenerifecenter.com\\\/fr\\\/a-propos-de-la-societe\\\/\",\"name\":\"About Vym Canarias Real Estate Agency\",\"isPartOf\":{\"@id\":\"https:\\\/\\\/tenerifecenter.com\\\/fr\\\/#website\"},\"primaryImageOfPage\":{\"@id\":\"https:\\\/\\\/tenerifecenter.com\\\/fr\\\/a-propos-de-la-societe\\\/#primaryimage\"},\"image\":{\"@id\":\"https:\\\/\\\/tenerifecenter.com\\\/fr\\\/a-propos-de-la-societe\\\/#primaryimage\"},\"thumbnailUrl\":\"https:\\\/\\\/tenerifecenter.com\\\/wp-content\\\/uploads\\\/2023\\\/03\\\/vym-canarias-office-2.jpeg\",\"datePublished\":\"2021-10-03T10:55:51+00:00\",\"dateModified\":\"2023-09-25T14:21:20+00:00\",\"description\":\"Who are we? About Vym Canarias Real Estate Agency. We help to buy housing in Tenerife (Canary Islands, Spain): an impeccable reputation since 2010.\",\"breadcrumb\":{\"@id\":\"https:\\\/\\\/tenerifecenter.com\\\/fr\\\/a-propos-de-la-societe\\\/#breadcrumb\"},\"inLanguage\":\"fr-FR\",\"potentialAction\":[{\"@type\":\"ReadAction\",\"target\":[\"https:\\\/\\\/tenerifecenter.com\\\/fr\\\/a-propos-de-la-societe\\\/\"]}]},{\"@type\":\"ImageObject\",\"inLanguage\":\"fr-FR\",\"@id\":\"https:\\\/\\\/tenerifecenter.com\\\/fr\\\/a-propos-de-la-societe\\\/#primaryimage\",\"url\":\"https:\\\/\\\/tenerifecenter.com\\\/wp-content\\\/uploads\\\/2023\\\/03\\\/vym-canarias-office-2.jpeg\",\"contentUrl\":\"https:\\\/\\\/tenerifecenter.com\\\/wp-content\\\/uploads\\\/2023\\\/03\\\/vym-canarias-office-2.jpeg\",\"width\":1920,\"height\":350},{\"@type\":\"BreadcrumbList\",\"@id\":\"https:\\\/\\\/tenerifecenter.com\\\/fr\\\/a-propos-de-la-societe\\\/#breadcrumb\",\"itemListElement\":[{\"@type\":\"ListItem\",\"position\":1,\"name\":\"Home\",\"item\":\"https:\\\/\\\/tenerifecenter.com\\\/fr\\\/\"},{\"@type\":\"ListItem\",\"position\":2,\"name\":\"\u00c0 propos de la soci\u00e9t\u00e9\"}]},{\"@type\":\"WebSite\",\"@id\":\"https:\\\/\\\/tenerifecenter.com\\\/fr\\\/#website\",\"url\":\"https:\\\/\\\/tenerifecenter.com\\\/fr\\\/\",\"name\":\"VYM Canarias\",\"description\":\"Real Estate - Tenerife\",\"potentialAction\":[{\"@type\":\"SearchAction\",\"target\":{\"@type\":\"EntryPoint\",\"urlTemplate\":\"https:\\\/\\\/tenerifecenter.com\\\/fr\\\/?s={search_term_string}\"},\"query-input\":{\"@type\":\"PropertyValueSpecification\",\"valueRequired\":true,\"valueName\":\"search_term_string\"}}],\"inLanguage\":\"fr-FR\"}]}<\/script>\n<!-- \/ Yoast SEO plugin. -->","yoast_head_json":{"title":"About Vym Canarias Real Estate Agency","description":"Who are we? About Vym Canarias Real Estate Agency. We help to buy housing in Tenerife (Canary Islands, Spain): an impeccable reputation since 2010.","robots":{"index":"index","follow":"follow","max-snippet":"max-snippet:-1","max-image-preview":"max-image-preview:large","max-video-preview":"max-video-preview:-1"},"canonical":"https:\/\/tenerifecenter.com\/fr\/a-propos-de-la-societe\/","og_locale":"fr_FR","og_type":"article","og_title":"About Vym Canarias Real Estate Agency","og_description":"Who are we? About Vym Canarias Real Estate Agency. We help to buy housing in Tenerife (Canary Islands, Spain): an impeccable reputation since 2010.","og_url":"https:\/\/tenerifecenter.com\/fr\/a-propos-de-la-societe\/","og_site_name":"VYM Canarias","article_publisher":"https:\/\/www.facebook.com\/vym.canarias","article_modified_time":"2023-09-25T14:21:20+00:00","og_image":[{"width":1920,"height":350,"url":"https:\/\/tenerifecenter.com\/wp-content\/uploads\/2023\/03\/vym-canarias-office-2.jpeg","type":"image\/jpeg"}],"twitter_card":"summary_large_image","twitter_misc":{"Dur\u00e9e de lecture estim\u00e9e":"4 minutes"},"schema":{"@context":"https:\/\/schema.org","@graph":[{"@type":"WebPage","@id":"https:\/\/tenerifecenter.com\/fr\/a-propos-de-la-societe\/","url":"https:\/\/tenerifecenter.com\/fr\/a-propos-de-la-societe\/","name":"About Vym Canarias Real Estate Agency","isPartOf":{"@id":"https:\/\/tenerifecenter.com\/fr\/#website"},"primaryImageOfPage":{"@id":"https:\/\/tenerifecenter.com\/fr\/a-propos-de-la-societe\/#primaryimage"},"image":{"@id":"https:\/\/tenerifecenter.com\/fr\/a-propos-de-la-societe\/#primaryimage"},"thumbnailUrl":"https:\/\/tenerifecenter.com\/wp-content\/uploads\/2023\/03\/vym-canarias-office-2.jpeg","datePublished":"2021-10-03T10:55:51+00:00","dateModified":"2023-09-25T14:21:20+00:00","description":"Who are we? About Vym Canarias Real Estate Agency. We help to buy housing in Tenerife (Canary Islands, Spain): an impeccable reputation since 2010.","breadcrumb":{"@id":"https:\/\/tenerifecenter.com\/fr\/a-propos-de-la-societe\/#breadcrumb"},"inLanguage":"fr-FR","potentialAction":[{"@type":"ReadAction","target":["https:\/\/tenerifecenter.com\/fr\/a-propos-de-la-societe\/"]}]},{"@type":"ImageObject","inLanguage":"fr-FR","@id":"https:\/\/tenerifecenter.com\/fr\/a-propos-de-la-societe\/#primaryimage","url":"https:\/\/tenerifecenter.com\/wp-content\/uploads\/2023\/03\/vym-canarias-office-2.jpeg","contentUrl":"https:\/\/tenerifecenter.com\/wp-content\/uploads\/2023\/03\/vym-canarias-office-2.jpeg","width":1920,"height":350},{"@type":"BreadcrumbList","@id":"https:\/\/tenerifecenter.com\/fr\/a-propos-de-la-societe\/#breadcrumb","itemListElement":[{"@type":"ListItem","position":1,"name":"Home","item":"https:\/\/tenerifecenter.com\/fr\/"},{"@type":"ListItem","position":2,"name":"\u00c0 propos de la soci\u00e9t\u00e9"}]},{"@type":"WebSite","@id":"https:\/\/tenerifecenter.com\/fr\/#website","url":"https:\/\/tenerifecenter.com\/fr\/","name":"VYM Canarias","description":"Real Estate - Tenerife","potentialAction":[{"@type":"SearchAction","target":{"@type":"EntryPoint","urlTemplate":"https:\/\/tenerifecenter.com\/fr\/?s={search_term_string}"},"query-input":{"@type":"PropertyValueSpecification","valueRequired":true,"valueName":"search_term_string"}}],"inLanguage":"fr-FR"}]}},"_links":{"self":[{"href":"https:\/\/tenerifecenter.com\/fr\/wp-json\/wp\/v2\/pages\/172308","targetHints":{"allow":["GET"]}}],"collection":[{"href":"https:\/\/tenerifecenter.com\/fr\/wp-json\/wp\/v2\/pages"}],"about":[{"href":"https:\/\/tenerifecenter.com\/fr\/wp-json\/wp\/v2\/types\/page"}],"author":[{"embeddable":true,"href":"https:\/\/tenerifecenter.com\/fr\/wp-json\/wp\/v2\/users\/1"}],"replies":[{"embeddable":true,"href":"https:\/\/tenerifecenter.com\/fr\/wp-json\/wp\/v2\/comments?post=172308"}],"version-history":[{"count":0,"href":"https:\/\/tenerifecenter.com\/fr\/wp-json\/wp\/v2\/pages\/172308\/revisions"}],"wp:featuredmedia":[{"embeddable":true,"href":"https:\/\/tenerifecenter.com\/fr\/wp-json\/wp\/v2\/media\/445598"}],"wp:attachment":[{"href":"https:\/\/tenerifecenter.com\/fr\/wp-json\/wp\/v2\/media?parent=172308"}],"curies":[{"name":"wp","href":"https:\/\/api.w.org\/{rel}","templated":true}]}}