{"id":172299,"date":"2019-07-21T20:11:14","date_gmt":"2019-07-21T20:11:14","guid":{"rendered":"https:\/\/tenerifecenter.com\/all-about-visas\/"},"modified":"2023-02-09T15:59:39","modified_gmt":"2023-02-09T15:59:39","slug":"tout-sur-les-visas","status":"publish","type":"page","link":"https:\/\/tenerifecenter.com\/fr\/informations\/tout-sur-les-visas\/","title":{"rendered":"Tout sur les visas"},"content":{"rendered":"<p>En 2018, 1,2 million de touristes russes ont visit\u00e9 l\u2019Espagne. En outre, selon les donn\u00e9es de 2018, 77 379 immigrants de Russie vivent en permanence en Espagne. Dans le m\u00eame temps, les touristes et les immigrants de Russie en Espagne deviennent de plus en plus chaque ann\u00e9e. Dans cet article, nous vous dirons quels types de visas sont requis pour les visites uniques et r\u00e9guli\u00e8res en Espagne, ainsi que pour la r\u00e9sidence l\u00e9gale dans le pays.<\/p>\r\n\r\n<p>L\u2019Espagne fait partie de l\u2019espace Schengen, qui se compose actuellement de 26 \u00c9tats. Presque tous, \u00e0 l\u2019exception de l\u2019Islande, de la Norv\u00e8ge, de la Suisse et du Liechtenstein, sont membres de l\u2019UE. Si vous avez un visa touristique Schengen standard \u00e0 l\u2019int\u00e9rieur de la zone Schengen, vous pouvez vous d\u00e9placer sans restrictions.<\/p>\r\n\r\n<h2>Visas de courte dur\u00e9e pour l\u2019Espagne<\/h2>\r\n\r\n<p>Le visa le plus couramment demand\u00e9 par les voyageurs en Espagne est un visa Schengen de cat\u00e9gorie C. Il donne le droit de rester dans le pays pour un nombre ne d\u00e9passant pas 90 jours par semestre. En plus de cela, il existe des visas de transit et de longue dur\u00e9e <b>vers l\u2019Espagne<\/b>.<\/p>\r\n\r\n<table>\r\n  <tbody>\r\n    <tr>\r\n      <td>Cat\u00e9gorie A<\/td>\r\n      <td>\r\n        <p>Un visa de cat\u00e9gorie n\u2019est requis que pour les citoyens de l\u2019Afghanistan, du Bangladesh, du Ghana, de la R\u00e9publique d\u00e9mocratique du Congo, de l\u2019Iran, de l\u2019Irak, du Lib\u00e9ria, du Nig\u00e9ria, du Pakistan, de la Somalie, du Sri Lanka, de l\u2019\u00c9rythr\u00e9e et de l\u2019\u00c9thiopie. Il s\u2019agit d\u2019un visa de transit, qui donne le droit de ne rester que dans la zone internationale de l\u2019a\u00e9roport.<\/p>\r\n        <p>Sa validit\u00e9 est limit\u00e9e \u00e0 48 heures.<\/p>\r\n      <\/td>\r\n    <\/tr>\r\n    <tr>\r\n      <td>Cat\u00e9gorie B<\/td>\r\n      <td>\r\n        <p>Un visa de transit, con\u00e7u pour 1-2 entr\u00e9es dans la zone Schengen lors d\u2019un voyage dans un \u00c9tat tiers. Validit\u00e9 \u2013 5 jours.<\/p>\r\n      <\/td>\r\n    <\/tr>\r\n    <tr>\r\n      <td>Cat\u00e9gorie B<\/td>\r\n      <td>\r\n        <p>Visa touristique standard pour une ou plusieurs visites dans les pays Schengen. Validit\u00e9 \u2013 90 jours par semestre (180 jours).<\/p>\r\n      <\/td>\r\n    <\/tr>\r\n  <\/tbody>\r\n<\/table>\r\n\r\n<p>Les visas Schengen sont simples, doubles et multiples (multi-visas). Les deux premiers types sont limit\u00e9s \u00e0 la fois par le nombre d\u2019entr\u00e9es autoris\u00e9es et par des p\u00e9riodes de validit\u00e9 strictes. Le multivisa est valable de 1 an \u00e0 5 ans et donne droit \u00e0 un nombre illimit\u00e9 d\u2019entr\u00e9es dans le pays qui a d\u00e9livr\u00e9 le visa, ainsi qu\u2019\u00e0 la libre circulation dans l\u2019espace Schengen. La dur\u00e9e du s\u00e9jour est limit\u00e9e \u00e0 180 jours par an. Ainsi, <b>multivisa en Espagne<\/b> vous permettra de rester dans le pays pendant pas plus de 90 jours par semestre.<\/p>\r\n\r\n<p>En r\u00e8gle g\u00e9n\u00e9rale, vous pouvez obtenir un visa Schengen pour un an sans aucun probl\u00e8me. Schengen est d\u00e9livr\u00e9 pour 2 ans ou 5 ans d\u00e9j\u00e0 sous certaines conditions: par exemple, si vous voyagez souvent dans l\u2019espace Schengen et que vous avez d\u00e9j\u00e0 plusieurs visas annuels. En outre, un <b>multi-visa pour l\u2019Espagne<\/b>  pour une p\u00e9riode de 5 ans est d\u00e9livr\u00e9 aux propri\u00e9taires de biens <a href=\"\/fr\/sale\/\">immobiliers en Espagne<\/a> sur fourniture d\u2019un extrait du cadastre immobilier. En plus du propri\u00e9taire lui-m\u00eame, les membres de sa famille peuvent demander une multivisa: \u00e9pouses \/ maris, enfants, parents et petits-enfants.<\/p>\r\n\r\n<h2>Documents de visa pour l\u2019Espagne<\/h2>\r\n\r\n<p>Pour obtenir un visa pour l\u2019Espagne, vous devrez fournir les documents suivants:<\/p>\r\n\r\n<ul>\r\n  <li>formulaire de demande de visa d\u00fbment rempli;<\/li>\r\n  <li>passeport international;<\/li>\r\n  <li>une copie d\u2019un passeport \u00e9tranger (y compris la premi\u00e8re page et toutes les pages avec visas);<\/li>\r\n  <li>l\u2019original et les copies de tous les passeports pr\u00e9c\u00e9dents;<\/li>\r\n  <li>l\u2019original et une copie du passeport interne (toutes les pages compl\u00e9t\u00e9es);<\/li>\r\n  <li>2 photographies couleur mesurant 3,5 x 4,5 cm sur fond blanc;<\/li>\r\n  <li>assurance m\u00e9dicale avec un montant minimum de couverture d\u2019assurance de 30 000 euros;<\/li>\r\n  <li>frais de visa (co\u00fbt variable)<\/li>\r\n  <li>pour les mineurs \u2013 l\u2019original et une copie de l\u2019acte de naissance<\/li>\r\n<\/ul>\r\n\r\n<p>Selon le but du voyage, vous devrez \u00e9galement fournir des documents suppl\u00e9mentaires:<\/p>\r\n\r\n<ul>\r\n  <li>un voyage touristique : preuve de r\u00e9sidence (r\u00e9servation d\u2019h\u00f4tel ou d\u2019appartement) et confirmation d\u2019itin\u00e9raire (r\u00e9servation de compagnie a\u00e9rienne), document attestant la solvabilit\u00e9 (certificat de travail, relev\u00e9 bancaire);<\/li>\r\n  <li>voyage d\u2019affaires : une demande \u00e9crite de l\u2019h\u00f4te (par exemple, de l\u2019entreprise qui a organis\u00e9 l\u2019\u00e9v\u00e9nement);<\/li>\r\n  <li>\u00e9tude : demande \u00e9crite d\u2019un \u00e9tablissement d\u2019enseignement;<\/li>\r\n  <li>des parents en visite : une invitation de l\u2019h\u00f4te, une confirmation de la l\u00e9galit\u00e9 de son s\u00e9jour dans le pays, une confirmation des liens familiaux et un certificat de revenus.<\/li>\r\n<\/ul>\r\n\r\n<h2>Visas de longue dur\u00e9e pour l\u2019Espagne<\/h2>\r\n\r\n<p>Pour un s\u00e9jour de longue dur\u00e9e en Espagne de plus de 90 jours pendant un semestre, un visa de type D est demand\u00e9. En r\u00e8gle g\u00e9n\u00e9rale, la demande d\u2019un visa de cat\u00e9gorie D n\u00e9cessite un permis de s\u00e9jour. Lors de l\u2019obtention d\u2019un visa D, le demandeur peut demander une carte de r\u00e9sident espagnol, qu\u2019il peut renouveler sans quitter le pays.<\/p>\r\n\r\n<p>Selon les r\u00e8gles g\u00e9n\u00e9rales, vous pouvez demander la r\u00e9sidence permanente en Espagne apr\u00e8s 5 ans de s\u00e9jour l\u00e9gal dans le pays. Ainsi, le visa D est la premi\u00e8re \u00e9tape pour obtenir un permis de s\u00e9jour permanent en Espagne.<\/p>\r\n\r\n<p>Cat\u00e9gories de permis de s\u00e9jour en Espagne en fonction du but du s\u00e9jour:<\/p>\r\n\r\n<ul>\r\n  <li>Visa d\u2019investisseur ou Visa d\u2019or<\/li>\r\n  <li>Permis de s\u00e9jour avec droit de travail<\/li>\r\n  <li>Visa d\u2019\u00e9tudes<\/li>\r\n  <li>Permis de s\u00e9jour sans droit de travail<\/li>\r\n  <li>Permis de s\u00e9jour pour la restauration familiale<\/li>\r\n<\/ul>\r\n\r\n<p>Un permis de s\u00e9jour en Espagne peut \u00eatre demand\u00e9 \u00e0 la fois avec un droit et sans droit de travailler, dans le but d\u2019\u00e9tudier dans les universit\u00e9s espagnoles ou pour le regroupement familial.<\/p>","protected":false},"excerpt":{"rendered":"<p>En 2018, 1,2 million de touristes russes ont visit\u00e9 l\u2019Espagne. En outre, selon les donn\u00e9es de 2018, 77 379 immigrants de Russie vivent en permanence en Espagne. Dans le m\u00eame temps, les touristes et les immigrants de Russie en Espagne deviennent de plus en plus chaque ann\u00e9e. Dans cet article, nous vous dirons quels types [&hellip;]<\/p>\n","protected":false},"author":1,"featured_media":445598,"parent":172316,"menu_order":0,"comment_status":"closed","ping_status":"closed","template":"","meta":{"_acf_changed":false,"footnotes":""},"class_list":["post-172299","page","type-page","status-publish","has-post-thumbnail","hentry"],"acf":[],"yoast_head":"<!-- This site is optimized with the Yoast SEO plugin v27.3 - https:\/\/yoast.com\/product\/yoast-seo-wordpress\/ -->\n<title>How to get a visa to Spain. Detailed instructions.<\/title>\n<meta name=\"description\" content=\"How to get a visa to Spain? VYM Canarias Real Estate Visa Memo (Tenerife, Canary Islands).\" \/>\n<meta name=\"robots\" content=\"index, follow, max-snippet:-1, max-image-preview:large, max-video-preview:-1\" \/>\n<link rel=\"canonical\" href=\"https:\/\/tenerifecenter.com\/fr\/informations\/tout-sur-les-visas\/\" \/>\n<meta property=\"og:locale\" content=\"fr_FR\" \/>\n<meta property=\"og:type\" content=\"article\" \/>\n<meta property=\"og:title\" content=\"How to get a visa to Spain. Detailed instructions.\" \/>\n<meta property=\"og:description\" content=\"How to get a visa to Spain? VYM Canarias Real Estate Visa Memo (Tenerife, Canary Islands).\" \/>\n<meta property=\"og:url\" content=\"https:\/\/tenerifecenter.com\/fr\/informations\/tout-sur-les-visas\/\" \/>\n<meta property=\"og:site_name\" content=\"VYM Canarias\" \/>\n<meta property=\"article:publisher\" content=\"https:\/\/www.facebook.com\/vym.canarias\" \/>\n<meta property=\"article:modified_time\" content=\"2023-02-09T15:59:39+00:00\" \/>\n<meta property=\"og:image\" content=\"https:\/\/tenerifecenter.com\/wp-content\/uploads\/2019\/09\/vym-canarias-office-1.jpg\" \/>\n\t<meta property=\"og:image:width\" content=\"1920\" \/>\n\t<meta property=\"og:image:height\" content=\"350\" \/>\n\t<meta property=\"og:image:type\" content=\"image\/jpeg\" \/>\n<meta name=\"twitter:card\" content=\"summary_large_image\" \/>\n<meta name=\"twitter:label1\" content=\"Dur\u00e9e de lecture estim\u00e9e\" \/>\n\t<meta name=\"twitter:data1\" content=\"4 minutes\" \/>\n<script type=\"application\/ld+json\" class=\"yoast-schema-graph\">{\"@context\":\"https:\\\/\\\/schema.org\",\"@graph\":[{\"@type\":\"WebPage\",\"@id\":\"https:\\\/\\\/tenerifecenter.com\\\/fr\\\/informations\\\/tout-sur-les-visas\\\/\",\"url\":\"https:\\\/\\\/tenerifecenter.com\\\/fr\\\/informations\\\/tout-sur-les-visas\\\/\",\"name\":\"How to get a visa to Spain. Detailed instructions.\",\"isPartOf\":{\"@id\":\"https:\\\/\\\/tenerifecenter.com\\\/fr\\\/#website\"},\"primaryImageOfPage\":{\"@id\":\"https:\\\/\\\/tenerifecenter.com\\\/fr\\\/informations\\\/tout-sur-les-visas\\\/#primaryimage\"},\"image\":{\"@id\":\"https:\\\/\\\/tenerifecenter.com\\\/fr\\\/informations\\\/tout-sur-les-visas\\\/#primaryimage\"},\"thumbnailUrl\":\"https:\\\/\\\/tenerifecenter.com\\\/wp-content\\\/uploads\\\/2023\\\/03\\\/vym-canarias-office-2.jpeg\",\"datePublished\":\"2019-07-21T20:11:14+00:00\",\"dateModified\":\"2023-02-09T15:59:39+00:00\",\"description\":\"How to get a visa to Spain? VYM Canarias Real Estate Visa Memo (Tenerife, Canary Islands).\",\"breadcrumb\":{\"@id\":\"https:\\\/\\\/tenerifecenter.com\\\/fr\\\/informations\\\/tout-sur-les-visas\\\/#breadcrumb\"},\"inLanguage\":\"fr-FR\",\"potentialAction\":[{\"@type\":\"ReadAction\",\"target\":[\"https:\\\/\\\/tenerifecenter.com\\\/fr\\\/informations\\\/tout-sur-les-visas\\\/\"]}]},{\"@type\":\"ImageObject\",\"inLanguage\":\"fr-FR\",\"@id\":\"https:\\\/\\\/tenerifecenter.com\\\/fr\\\/informations\\\/tout-sur-les-visas\\\/#primaryimage\",\"url\":\"https:\\\/\\\/tenerifecenter.com\\\/wp-content\\\/uploads\\\/2023\\\/03\\\/vym-canarias-office-2.jpeg\",\"contentUrl\":\"https:\\\/\\\/tenerifecenter.com\\\/wp-content\\\/uploads\\\/2023\\\/03\\\/vym-canarias-office-2.jpeg\",\"width\":1920,\"height\":350},{\"@type\":\"BreadcrumbList\",\"@id\":\"https:\\\/\\\/tenerifecenter.com\\\/fr\\\/informations\\\/tout-sur-les-visas\\\/#breadcrumb\",\"itemListElement\":[{\"@type\":\"ListItem\",\"position\":1,\"name\":\"Home\",\"item\":\"https:\\\/\\\/tenerifecenter.com\\\/fr\\\/\"},{\"@type\":\"ListItem\",\"position\":2,\"name\":\"Informations\",\"item\":\"https:\\\/\\\/tenerifecenter.com\\\/fr\\\/informations\\\/\"},{\"@type\":\"ListItem\",\"position\":3,\"name\":\"Tout sur les visas\"}]},{\"@type\":\"WebSite\",\"@id\":\"https:\\\/\\\/tenerifecenter.com\\\/fr\\\/#website\",\"url\":\"https:\\\/\\\/tenerifecenter.com\\\/fr\\\/\",\"name\":\"VYM Canarias\",\"description\":\"Real Estate - Tenerife\",\"potentialAction\":[{\"@type\":\"SearchAction\",\"target\":{\"@type\":\"EntryPoint\",\"urlTemplate\":\"https:\\\/\\\/tenerifecenter.com\\\/fr\\\/?s={search_term_string}\"},\"query-input\":{\"@type\":\"PropertyValueSpecification\",\"valueRequired\":true,\"valueName\":\"search_term_string\"}}],\"inLanguage\":\"fr-FR\"}]}<\/script>\n<!-- \/ Yoast SEO plugin. -->","yoast_head_json":{"title":"How to get a visa to Spain. Detailed instructions.","description":"How to get a visa to Spain? VYM Canarias Real Estate Visa Memo (Tenerife, Canary Islands).","robots":{"index":"index","follow":"follow","max-snippet":"max-snippet:-1","max-image-preview":"max-image-preview:large","max-video-preview":"max-video-preview:-1"},"canonical":"https:\/\/tenerifecenter.com\/fr\/informations\/tout-sur-les-visas\/","og_locale":"fr_FR","og_type":"article","og_title":"How to get a visa to Spain. Detailed instructions.","og_description":"How to get a visa to Spain? VYM Canarias Real Estate Visa Memo (Tenerife, Canary Islands).","og_url":"https:\/\/tenerifecenter.com\/fr\/informations\/tout-sur-les-visas\/","og_site_name":"VYM Canarias","article_publisher":"https:\/\/www.facebook.com\/vym.canarias","article_modified_time":"2023-02-09T15:59:39+00:00","og_image":[{"width":1920,"height":350,"url":"https:\/\/tenerifecenter.com\/wp-content\/uploads\/2019\/09\/vym-canarias-office-1.jpg","type":"image\/jpeg"}],"twitter_card":"summary_large_image","twitter_misc":{"Dur\u00e9e de lecture estim\u00e9e":"4 minutes"},"schema":{"@context":"https:\/\/schema.org","@graph":[{"@type":"WebPage","@id":"https:\/\/tenerifecenter.com\/fr\/informations\/tout-sur-les-visas\/","url":"https:\/\/tenerifecenter.com\/fr\/informations\/tout-sur-les-visas\/","name":"How to get a visa to Spain. Detailed instructions.","isPartOf":{"@id":"https:\/\/tenerifecenter.com\/fr\/#website"},"primaryImageOfPage":{"@id":"https:\/\/tenerifecenter.com\/fr\/informations\/tout-sur-les-visas\/#primaryimage"},"image":{"@id":"https:\/\/tenerifecenter.com\/fr\/informations\/tout-sur-les-visas\/#primaryimage"},"thumbnailUrl":"https:\/\/tenerifecenter.com\/wp-content\/uploads\/2023\/03\/vym-canarias-office-2.jpeg","datePublished":"2019-07-21T20:11:14+00:00","dateModified":"2023-02-09T15:59:39+00:00","description":"How to get a visa to Spain? VYM Canarias Real Estate Visa Memo (Tenerife, Canary Islands).","breadcrumb":{"@id":"https:\/\/tenerifecenter.com\/fr\/informations\/tout-sur-les-visas\/#breadcrumb"},"inLanguage":"fr-FR","potentialAction":[{"@type":"ReadAction","target":["https:\/\/tenerifecenter.com\/fr\/informations\/tout-sur-les-visas\/"]}]},{"@type":"ImageObject","inLanguage":"fr-FR","@id":"https:\/\/tenerifecenter.com\/fr\/informations\/tout-sur-les-visas\/#primaryimage","url":"https:\/\/tenerifecenter.com\/wp-content\/uploads\/2023\/03\/vym-canarias-office-2.jpeg","contentUrl":"https:\/\/tenerifecenter.com\/wp-content\/uploads\/2023\/03\/vym-canarias-office-2.jpeg","width":1920,"height":350},{"@type":"BreadcrumbList","@id":"https:\/\/tenerifecenter.com\/fr\/informations\/tout-sur-les-visas\/#breadcrumb","itemListElement":[{"@type":"ListItem","position":1,"name":"Home","item":"https:\/\/tenerifecenter.com\/fr\/"},{"@type":"ListItem","position":2,"name":"Informations","item":"https:\/\/tenerifecenter.com\/fr\/informations\/"},{"@type":"ListItem","position":3,"name":"Tout sur les visas"}]},{"@type":"WebSite","@id":"https:\/\/tenerifecenter.com\/fr\/#website","url":"https:\/\/tenerifecenter.com\/fr\/","name":"VYM Canarias","description":"Real Estate - Tenerife","potentialAction":[{"@type":"SearchAction","target":{"@type":"EntryPoint","urlTemplate":"https:\/\/tenerifecenter.com\/fr\/?s={search_term_string}"},"query-input":{"@type":"PropertyValueSpecification","valueRequired":true,"valueName":"search_term_string"}}],"inLanguage":"fr-FR"}]}},"_links":{"self":[{"href":"https:\/\/tenerifecenter.com\/fr\/wp-json\/wp\/v2\/pages\/172299","targetHints":{"allow":["GET"]}}],"collection":[{"href":"https:\/\/tenerifecenter.com\/fr\/wp-json\/wp\/v2\/pages"}],"about":[{"href":"https:\/\/tenerifecenter.com\/fr\/wp-json\/wp\/v2\/types\/page"}],"author":[{"embeddable":true,"href":"https:\/\/tenerifecenter.com\/fr\/wp-json\/wp\/v2\/users\/1"}],"replies":[{"embeddable":true,"href":"https:\/\/tenerifecenter.com\/fr\/wp-json\/wp\/v2\/comments?post=172299"}],"version-history":[{"count":0,"href":"https:\/\/tenerifecenter.com\/fr\/wp-json\/wp\/v2\/pages\/172299\/revisions"}],"up":[{"embeddable":true,"href":"https:\/\/tenerifecenter.com\/fr\/wp-json\/wp\/v2\/pages\/172316"}],"wp:featuredmedia":[{"embeddable":true,"href":"https:\/\/tenerifecenter.com\/fr\/wp-json\/wp\/v2\/media\/445598"}],"wp:attachment":[{"href":"https:\/\/tenerifecenter.com\/fr\/wp-json\/wp\/v2\/media?parent=172299"}],"curies":[{"name":"wp","href":"https:\/\/api.w.org\/{rel}","templated":true}]}}