{"id":5055,"date":"2019-10-30T17:38:11","date_gmt":"2019-10-30T17:38:11","guid":{"rendered":"https:\/\/tenerifecenter.dev-evocode.net\/?page_id=5055"},"modified":"2023-03-13T17:29:55","modified_gmt":"2023-03-13T17:29:55","slug":"documentos","status":"publish","type":"page","link":"https:\/\/tenerifecenter.com\/es\/info\/documentos\/","title":{"rendered":"Documentos"},"content":{"rendered":"<h2>Tramitaci\u00f3n del NIE (n\u00famero de identidad de extranjero)<\/h2>\r\n\r\n<ul>\r\n  <li>Impreso con sus datos;<\/li>\r\n  <li>Resguardo del pago de la tasa con el sello del banco;<\/li>\r\n  <li>Pasaporte u otro documento de identificaci\u00f3n y su fotocopia;<\/li>\r\n  <li>En caso de un apoderado \u2013 certificados correspondientes.<\/li>\r\n<\/ul>\r\n\r\n<p class=\"italic\">*En cualquier momento las autoridades pueden cambiar el orden de tramitaci\u00f3n del NIE<\/p>\r\n\r\n<h4>Apertura de una cuenta en un banco espa\u00f1ol<\/h4>\r\n\r\n<ul>\r\n  <li>pasaporte extranjero en vigor;<\/li>\r\n  <li>NIE \u2013 N\u00famero de Identidad de Extranjero<\/li>\r\n  <li>Escritura de compraventa o de reserva de la vivienda para la futura compra (a petici\u00f3n del banco)<\/li>\r\n  <li>Documentos que confirman las fuentes de origen del capital<\/li>\r\n<\/ul>\r\n\r\n<h2>Documentos para formalizar una hipoteca:<\/h2>\r\n\r\n<ul>\r\n  <li>Declaraciones de la renta de 2 \u00faltimos a\u00f1os;<\/li>\r\n  <li>Contrato laboral;<\/li>\r\n  <li>Extracto de movimientos bancarios de los \u00faltimos 12 meses;<\/li>\r\n  <li>Certificado de propiedad sin hipoteca en el pa\u00eds de su residencia;<\/li>\r\n  <li>Certificado de trabajo (indicando el cargo ocupado, salario,\r\n    con la menci\u00f3n de que est\u00e1 trabajando en la actualidad);\r\n  <\/li>\r\n  <li>Historial crediticio de las personas f\u00edsicas;<\/li>\r\n  <li>En algunos casos carta de recomendaci\u00f3n del banco;<\/li>\r\n  <li>Otros documentos que certifiquen la existencia de otras fuentes de ingresos tales como:\r\n    contratos de alquiler, certificados de dividendos y otra documentaci\u00f3n que puede ser solicitada por el banco\r\n    en el caso de cr\u00e9dito a partir de 500 000 euros.\r\n  <\/li>\r\n<\/ul>\r\n\r\n<p class=\"italic\">*Los bancos tienen derecho a solicitar otros documentos complementarios que sean necesarios.<\/p>\r\n\r\n<p>Todos los documentos deben ser traducidos a espa\u00f1ol y contener una apostilla (certificaci\u00f3n de los documentos de\r\n  acuerdo con las normas de la Convenci\u00f3n de la Haya del 5 de octubre de 1961), o legalizados por el Consulado de\r\n  Espa\u00f1a o traducidos por un int\u00e9rpete jurado en Espa\u00f1a (la forma de certificaci\u00f3n recomendada por nuestra\r\n  compa\u00f1\u00eda). Los originales de los documentos deben ser aportados antes de la firma de la escritura de compraventa\r\n  en la notar\u00eda.\r\n<\/p>","protected":false},"excerpt":{"rendered":"<p>Tramitaci\u00f3n del NIE (n\u00famero de identidad de extranjero) Impreso con sus datos; Resguardo del pago de la tasa con el sello del banco; Pasaporte u otro documento de identificaci\u00f3n y su fotocopia; En caso de un apoderado \u2013 certificados correspondientes. *En cualquier momento las autoridades pueden cambiar el orden de tramitaci\u00f3n del NIE Apertura de [&hellip;]<\/p>\n","protected":false},"author":1,"featured_media":445603,"parent":3298,"menu_order":0,"comment_status":"closed","ping_status":"closed","template":"","meta":{"_acf_changed":false,"footnotes":""},"class_list":["post-5055","page","type-page","status-publish","has-post-thumbnail","hentry"],"acf":[],"yoast_head":"<!-- This site is optimized with the Yoast SEO plugin v27.4 - https:\/\/yoast.com\/product\/yoast-seo-wordpress\/ -->\n<title>Documentos al comprar una propiedad en Tenerife (Islas Canarias, Espa\u00f1a)<\/title>\n<meta name=\"description\" content=\"\u00bfQu\u00e9 documentos necesitar\u00e1 para comprar una casa en Tenerife (Islas Canarias)? Una gu\u00eda detallada de la Agencia Inmobiliaria VYM Canarias.\" \/>\n<meta name=\"robots\" content=\"index, follow, max-snippet:-1, max-image-preview:large, max-video-preview:-1\" \/>\n<link rel=\"canonical\" href=\"https:\/\/tenerifecenter.com\/es\/info\/documentos\/\" \/>\n<meta property=\"og:locale\" content=\"es_ES\" \/>\n<meta property=\"og:type\" content=\"article\" \/>\n<meta property=\"og:title\" content=\"Documentos al comprar una propiedad en Tenerife (Islas Canarias, Espa\u00f1a)\" \/>\n<meta property=\"og:description\" content=\"\u00bfQu\u00e9 documentos necesitar\u00e1 para comprar una casa en Tenerife (Islas Canarias)? Una gu\u00eda detallada de la Agencia Inmobiliaria VYM Canarias.\" \/>\n<meta property=\"og:url\" content=\"https:\/\/tenerifecenter.com\/es\/info\/documentos\/\" \/>\n<meta property=\"og:site_name\" content=\"VYM Canarias\" \/>\n<meta property=\"article:publisher\" content=\"https:\/\/www.facebook.com\/vym.canarias\" \/>\n<meta property=\"article:modified_time\" content=\"2023-03-13T17:29:55+00:00\" \/>\n<meta property=\"og:image\" content=\"https:\/\/tenerifecenter.com\/wp-content\/uploads\/2023\/03\/vym-canarias-office-2.jpeg\" \/>\n\t<meta property=\"og:image:width\" content=\"1920\" \/>\n\t<meta property=\"og:image:height\" content=\"350\" \/>\n\t<meta property=\"og:image:type\" content=\"image\/jpeg\" \/>\n<meta name=\"twitter:card\" content=\"summary_large_image\" \/>\n<meta name=\"twitter:label1\" content=\"Tiempo de lectura\" \/>\n\t<meta name=\"twitter:data1\" content=\"2 minutos\" \/>\n<script type=\"application\/ld+json\" class=\"yoast-schema-graph\">{\"@context\":\"https:\\\/\\\/schema.org\",\"@graph\":[{\"@type\":\"WebPage\",\"@id\":\"https:\\\/\\\/tenerifecenter.com\\\/es\\\/info\\\/documentos\\\/\",\"url\":\"https:\\\/\\\/tenerifecenter.com\\\/es\\\/info\\\/documentos\\\/\",\"name\":\"Documentos al comprar una propiedad en Tenerife (Islas Canarias, Espa\u00f1a)\",\"isPartOf\":{\"@id\":\"https:\\\/\\\/tenerifecenter.com\\\/es\\\/#website\"},\"primaryImageOfPage\":{\"@id\":\"https:\\\/\\\/tenerifecenter.com\\\/es\\\/info\\\/documentos\\\/#primaryimage\"},\"image\":{\"@id\":\"https:\\\/\\\/tenerifecenter.com\\\/es\\\/info\\\/documentos\\\/#primaryimage\"},\"thumbnailUrl\":\"https:\\\/\\\/tenerifecenter.com\\\/wp-content\\\/uploads\\\/2023\\\/03\\\/vym-canarias-office-2.jpeg\",\"datePublished\":\"2019-10-30T17:38:11+00:00\",\"dateModified\":\"2023-03-13T17:29:55+00:00\",\"description\":\"\u00bfQu\u00e9 documentos necesitar\u00e1 para comprar una casa en Tenerife (Islas Canarias)? Una gu\u00eda detallada de la Agencia Inmobiliaria VYM Canarias.\",\"breadcrumb\":{\"@id\":\"https:\\\/\\\/tenerifecenter.com\\\/es\\\/info\\\/documentos\\\/#breadcrumb\"},\"inLanguage\":\"es\",\"potentialAction\":[{\"@type\":\"ReadAction\",\"target\":[\"https:\\\/\\\/tenerifecenter.com\\\/es\\\/info\\\/documentos\\\/\"]}]},{\"@type\":\"ImageObject\",\"inLanguage\":\"es\",\"@id\":\"https:\\\/\\\/tenerifecenter.com\\\/es\\\/info\\\/documentos\\\/#primaryimage\",\"url\":\"https:\\\/\\\/tenerifecenter.com\\\/wp-content\\\/uploads\\\/2023\\\/03\\\/vym-canarias-office-2.jpeg\",\"contentUrl\":\"https:\\\/\\\/tenerifecenter.com\\\/wp-content\\\/uploads\\\/2023\\\/03\\\/vym-canarias-office-2.jpeg\",\"width\":1920,\"height\":350},{\"@type\":\"BreadcrumbList\",\"@id\":\"https:\\\/\\\/tenerifecenter.com\\\/es\\\/info\\\/documentos\\\/#breadcrumb\",\"itemListElement\":[{\"@type\":\"ListItem\",\"position\":1,\"name\":\"Home\",\"item\":\"https:\\\/\\\/tenerifecenter.com\\\/es\\\/\"},{\"@type\":\"ListItem\",\"position\":2,\"name\":\"Informaci\u00f3n\",\"item\":\"https:\\\/\\\/tenerifecenter.com\\\/es\\\/info\\\/\"},{\"@type\":\"ListItem\",\"position\":3,\"name\":\"Documentos\"}]},{\"@type\":\"WebSite\",\"@id\":\"https:\\\/\\\/tenerifecenter.com\\\/es\\\/#website\",\"url\":\"https:\\\/\\\/tenerifecenter.com\\\/es\\\/\",\"name\":\"VYM Canarias\",\"description\":\"Real Estate - Tenerife\",\"potentialAction\":[{\"@type\":\"SearchAction\",\"target\":{\"@type\":\"EntryPoint\",\"urlTemplate\":\"https:\\\/\\\/tenerifecenter.com\\\/es\\\/?s={search_term_string}\"},\"query-input\":{\"@type\":\"PropertyValueSpecification\",\"valueRequired\":true,\"valueName\":\"search_term_string\"}}],\"inLanguage\":\"es\"}]}<\/script>\n<!-- \/ Yoast SEO plugin. -->","yoast_head_json":{"title":"Documentos al comprar una propiedad en Tenerife (Islas Canarias, Espa\u00f1a)","description":"\u00bfQu\u00e9 documentos necesitar\u00e1 para comprar una casa en Tenerife (Islas Canarias)? Una gu\u00eda detallada de la Agencia Inmobiliaria VYM Canarias.","robots":{"index":"index","follow":"follow","max-snippet":"max-snippet:-1","max-image-preview":"max-image-preview:large","max-video-preview":"max-video-preview:-1"},"canonical":"https:\/\/tenerifecenter.com\/es\/info\/documentos\/","og_locale":"es_ES","og_type":"article","og_title":"Documentos al comprar una propiedad en Tenerife (Islas Canarias, Espa\u00f1a)","og_description":"\u00bfQu\u00e9 documentos necesitar\u00e1 para comprar una casa en Tenerife (Islas Canarias)? Una gu\u00eda detallada de la Agencia Inmobiliaria VYM Canarias.","og_url":"https:\/\/tenerifecenter.com\/es\/info\/documentos\/","og_site_name":"VYM Canarias","article_publisher":"https:\/\/www.facebook.com\/vym.canarias","article_modified_time":"2023-03-13T17:29:55+00:00","og_image":[{"width":1920,"height":350,"url":"https:\/\/tenerifecenter.com\/wp-content\/uploads\/2023\/03\/vym-canarias-office-2.jpeg","type":"image\/jpeg"}],"twitter_card":"summary_large_image","twitter_misc":{"Tiempo de lectura":"2 minutos"},"schema":{"@context":"https:\/\/schema.org","@graph":[{"@type":"WebPage","@id":"https:\/\/tenerifecenter.com\/es\/info\/documentos\/","url":"https:\/\/tenerifecenter.com\/es\/info\/documentos\/","name":"Documentos al comprar una propiedad en Tenerife (Islas Canarias, Espa\u00f1a)","isPartOf":{"@id":"https:\/\/tenerifecenter.com\/es\/#website"},"primaryImageOfPage":{"@id":"https:\/\/tenerifecenter.com\/es\/info\/documentos\/#primaryimage"},"image":{"@id":"https:\/\/tenerifecenter.com\/es\/info\/documentos\/#primaryimage"},"thumbnailUrl":"https:\/\/tenerifecenter.com\/wp-content\/uploads\/2023\/03\/vym-canarias-office-2.jpeg","datePublished":"2019-10-30T17:38:11+00:00","dateModified":"2023-03-13T17:29:55+00:00","description":"\u00bfQu\u00e9 documentos necesitar\u00e1 para comprar una casa en Tenerife (Islas Canarias)? Una gu\u00eda detallada de la Agencia Inmobiliaria VYM Canarias.","breadcrumb":{"@id":"https:\/\/tenerifecenter.com\/es\/info\/documentos\/#breadcrumb"},"inLanguage":"es","potentialAction":[{"@type":"ReadAction","target":["https:\/\/tenerifecenter.com\/es\/info\/documentos\/"]}]},{"@type":"ImageObject","inLanguage":"es","@id":"https:\/\/tenerifecenter.com\/es\/info\/documentos\/#primaryimage","url":"https:\/\/tenerifecenter.com\/wp-content\/uploads\/2023\/03\/vym-canarias-office-2.jpeg","contentUrl":"https:\/\/tenerifecenter.com\/wp-content\/uploads\/2023\/03\/vym-canarias-office-2.jpeg","width":1920,"height":350},{"@type":"BreadcrumbList","@id":"https:\/\/tenerifecenter.com\/es\/info\/documentos\/#breadcrumb","itemListElement":[{"@type":"ListItem","position":1,"name":"Home","item":"https:\/\/tenerifecenter.com\/es\/"},{"@type":"ListItem","position":2,"name":"Informaci\u00f3n","item":"https:\/\/tenerifecenter.com\/es\/info\/"},{"@type":"ListItem","position":3,"name":"Documentos"}]},{"@type":"WebSite","@id":"https:\/\/tenerifecenter.com\/es\/#website","url":"https:\/\/tenerifecenter.com\/es\/","name":"VYM Canarias","description":"Real Estate - Tenerife","potentialAction":[{"@type":"SearchAction","target":{"@type":"EntryPoint","urlTemplate":"https:\/\/tenerifecenter.com\/es\/?s={search_term_string}"},"query-input":{"@type":"PropertyValueSpecification","valueRequired":true,"valueName":"search_term_string"}}],"inLanguage":"es"}]}},"_links":{"self":[{"href":"https:\/\/tenerifecenter.com\/es\/wp-json\/wp\/v2\/pages\/5055","targetHints":{"allow":["GET"]}}],"collection":[{"href":"https:\/\/tenerifecenter.com\/es\/wp-json\/wp\/v2\/pages"}],"about":[{"href":"https:\/\/tenerifecenter.com\/es\/wp-json\/wp\/v2\/types\/page"}],"author":[{"embeddable":true,"href":"https:\/\/tenerifecenter.com\/es\/wp-json\/wp\/v2\/users\/1"}],"replies":[{"embeddable":true,"href":"https:\/\/tenerifecenter.com\/es\/wp-json\/wp\/v2\/comments?post=5055"}],"version-history":[{"count":0,"href":"https:\/\/tenerifecenter.com\/es\/wp-json\/wp\/v2\/pages\/5055\/revisions"}],"up":[{"embeddable":true,"href":"https:\/\/tenerifecenter.com\/es\/wp-json\/wp\/v2\/pages\/3298"}],"wp:featuredmedia":[{"embeddable":true,"href":"https:\/\/tenerifecenter.com\/es\/wp-json\/wp\/v2\/media\/445603"}],"wp:attachment":[{"href":"https:\/\/tenerifecenter.com\/es\/wp-json\/wp\/v2\/media?parent=5055"}],"curies":[{"name":"wp","href":"https:\/\/api.w.org\/{rel}","templated":true}]}}