{"id":5038,"date":"2019-10-29T21:04:25","date_gmt":"2019-10-29T21:04:25","guid":{"rendered":"https:\/\/tenerifecenter.dev-evocode.net\/?page_id=5038"},"modified":"2023-03-13T17:26:40","modified_gmt":"2023-03-13T17:26:40","slug":"orden-de-formalizacion-de-las-transacciones-inmobiliarias","status":"publish","type":"page","link":"https:\/\/tenerifecenter.com\/es\/info\/orden-de-formalizacion-de-las-transacciones-inmobiliarias\/","title":{"rendered":"Orden de formalizaci\u00f3n de las transacciones inmobiliarias"},"content":{"rendered":"<p>\r\n  En Espa\u00f1a los inmuebles <span>pueden ser adquiridos<\/span> tanto por los <span>residentes<\/span> como por <span>no residentes<\/span>\r\n  del pa\u00eds.\r\n  Estas figuras tienen los mismos derechos en cuanto a la propiedad. El mercado inmobiliario en Espa\u00f1a es\r\n  sumamente variado,\r\n  por esta raz\u00f3n el trabajo de b\u00fasqueda y selecci\u00f3n de los inmiuebles empieza desde el momento de la recepci\u00f3n de\r\n  la solicitud del cliente,\r\n  teniendo en cuenta todas sus preferencias.\r\n<\/p>\r\n\r\n<h2>Etapas de la organizaci\u00f3n de una transacci\u00f3n:<\/h2>\r\n\r\n<ol>\r\n  <li>\r\n    <span>Selecci\u00f3n del inmueble.<\/span> El proceso de la compra de un inmueble empieza desde la selecci\u00f3n del\r\n    inmueble.\r\n    Los managers de la compa\u00f1\u00eda VYM Canarias seleccionar\u00e1n para Usted una opci\u00f3n \u00f3ptima teniendo en cuenta todas\r\n    los deseos del cliente.\r\n  <\/li>\r\n  <li>\r\n    <span>Reserva del inmueble<\/span> \u2013 despu\u00e9s de elegir un inmueble se firmar\u00e1 un contrato privado de reserva\r\n    con el abono de un dep\u00f3sito que forma parte del precio.\r\n  <\/li>\r\n  <li>\r\n    <span>Apertura de una cuenta en un banco espa\u00f1ol.<\/span>\r\n  <\/li>\r\n  <li>\r\n    <span>Tramitaci\u00f3n del NIE<\/span> (n\u00famero de extranjero, an\u00e1logo del NIF). Se formaliza en la polic\u00eda local.\r\n  <\/li>\r\n  <li>\r\n    <span>Firma de la escritura de compraventa en notar\u00eda. <\/span>\r\n    Este documento se firma en una notar\u00eda por el comprador y el vendedor en presencia de un notario espa\u00f1ol.\r\n    La entrega de llaves se realiza en la notar\u00eda durante la firma de la escritura.\r\n    Una vez firmada la escritura de compraventa, el notario env\u00eda un fax al Registro informando de la\r\n    transacci\u00f3n realizada.\r\n  <\/li>\r\n  <li>\r\n    <span>Traspaso de pagos<\/span> de los servicios y de impuestos a nombre del nuevo propietario\r\n  <\/li>\r\n<\/ol>\r\n\r\n\r\n<h2>Impuestos y tasas aplicadas a la compra de un inmueble:<\/h2>\r\n\r\n<table>\r\n  <thead>\r\n    <tr>\r\n      <th>\r\n        <p><\/p>\r\n      <\/th>\r\n      <th>\r\n        <p>Primera vivienda<\/p>\r\n      <\/th>\r\n      <th>\r\n        <p>Segunda vivienda<\/p>\r\n      <\/th>\r\n    <\/tr>\r\n  <\/thead>\r\n\r\n  <tbody>\r\n    <tr>\r\n      <th>\r\n        <p>Compra sin hipoteca<\/p>\r\n      <\/th>\r\n      <td>\r\n        <p>*IGIC \u2013 <strong>7%<\/strong><\/p>\r\n        <p>\r\n          *Notario, registro de propiedad y tramites de formalizaci\u00f3n \u2013 unos\r\n          <strong>2000 euros* <\/strong>\r\n          impuesto de transmisiones <strong> \u2014 1%<\/strong>\r\n        <\/p>\r\n      <\/td>\r\n      <td>\r\n        <p>*Impuesto de transmisiones \u2014 <strong>6,5%<\/strong><\/p>\r\n        <p>*Notario, registro de propiedad y tramites de formalizaci\u00f3n \u2013 unos. <strong>2000 euros*<\/strong><\/p>\r\n      <\/td>\r\n    <\/tr>\r\n    <tr>\r\n      <th>\r\n        <p>Compra con hipoteca<\/p>\r\n      <\/th>\r\n      <td>\r\n        <p>*IGIC \u2013 <strong>7%<\/strong><\/p>\r\n        <p>*Notario, registro de propiedad y tramites de formalizaci\u00f3n \u2013 unos. <strong>2000 euros*<\/strong><\/p>\r\n        <p>comisi\u00f3n bancaria para la apertura de una hipoteca \u2014 1%<\/p>\r\n        <p>Posibles productos bancarios \u2013 seguros de vida, seguros de hogar, fondos \/ dep\u00f3sitos, evaluaci\u00f3n de\r\n          la propiedad<\/p>\r\n        <p>impuesto de transmisiones <strong> \u2014 1%<\/strong><\/p>\r\n      <\/td>\r\n      <td>\r\n        <p>*Impuesto de transmisiones \u2014 <strong>6,5%<\/strong><\/p>\r\n        <p>*Notario, registro de propiedad y tramites de formalizaci\u00f3n \u2013 unos. <strong>2000\u20ac euros*<\/strong><\/p>\r\n        <p>comisi\u00f3n bancaria para la apertura de una hipoteca \u2014 1%<\/p>\r\n        <p>Posibles productos bancarios \u2013 seguros de vida, seguros de hogar, fondos \/ dep\u00f3sitos, evaluaci\u00f3n de\r\n          la propiedad<\/p>\r\n      <\/td>\r\n    <\/tr>\r\n  <\/tbody>\r\n<\/table>\r\n\r\n<p>La descripci\u00f3n de la vivienda es orientativa pudiendo variar alg\u00fan dato de la misma.<\/p>","protected":false},"excerpt":{"rendered":"<p>En Espa\u00f1a los inmuebles pueden ser adquiridos tanto por los residentes como por no residentes del pa\u00eds. Estas figuras tienen los mismos derechos en cuanto a la propiedad. El mercado inmobiliario en Espa\u00f1a es sumamente variado, por esta raz\u00f3n el trabajo de b\u00fasqueda y selecci\u00f3n de los inmiuebles empieza desde el momento de la recepci\u00f3n [&hellip;]<\/p>\n","protected":false},"author":1,"featured_media":445603,"parent":3298,"menu_order":0,"comment_status":"closed","ping_status":"closed","template":"","meta":{"_acf_changed":false,"footnotes":""},"class_list":["post-5038","page","type-page","status-publish","has-post-thumbnail","hentry"],"acf":[],"yoast_head":"<!-- This site is optimized with the Yoast SEO plugin v27.4 - https:\/\/yoast.com\/product\/yoast-seo-wordpress\/ -->\n<title>El procedimiento para el registro de transacciones inmobiliarias en Tenerife<\/title>\n<meta name=\"description\" content=\"\u00bfPlanea comprar una propiedad en Tenerife (Espa\u00f1a)? El procedimiento para procesar transacciones: instrucciones de VYM Canarias. Etapas de compra, impuestos y tasas.\" \/>\n<meta name=\"robots\" content=\"index, follow, max-snippet:-1, max-image-preview:large, max-video-preview:-1\" \/>\n<link rel=\"canonical\" href=\"https:\/\/tenerifecenter.com\/es\/info\/orden-de-formalizacion-de-las-transacciones-inmobiliarias\/\" \/>\n<meta property=\"og:locale\" content=\"es_ES\" \/>\n<meta property=\"og:type\" content=\"article\" \/>\n<meta property=\"og:title\" content=\"El procedimiento para el registro de transacciones inmobiliarias en Tenerife\" \/>\n<meta property=\"og:description\" content=\"\u00bfPlanea comprar una propiedad en Tenerife (Espa\u00f1a)? El procedimiento para procesar transacciones: instrucciones de VYM Canarias. Etapas de compra, impuestos y tasas.\" \/>\n<meta property=\"og:url\" content=\"https:\/\/tenerifecenter.com\/es\/info\/orden-de-formalizacion-de-las-transacciones-inmobiliarias\/\" \/>\n<meta property=\"og:site_name\" content=\"VYM Canarias\" \/>\n<meta property=\"article:publisher\" content=\"https:\/\/www.facebook.com\/vym.canarias\" \/>\n<meta property=\"article:modified_time\" content=\"2023-03-13T17:26:40+00:00\" \/>\n<meta property=\"og:image\" content=\"https:\/\/tenerifecenter.com\/wp-content\/uploads\/2023\/03\/vym-canarias-office-2.jpeg\" \/>\n\t<meta property=\"og:image:width\" content=\"1920\" \/>\n\t<meta property=\"og:image:height\" content=\"350\" \/>\n\t<meta property=\"og:image:type\" content=\"image\/jpeg\" \/>\n<meta name=\"twitter:card\" content=\"summary_large_image\" \/>\n<meta name=\"twitter:label1\" content=\"Tiempo de lectura\" \/>\n\t<meta name=\"twitter:data1\" content=\"2 minutos\" \/>\n<script type=\"application\/ld+json\" class=\"yoast-schema-graph\">{\"@context\":\"https:\\\/\\\/schema.org\",\"@graph\":[{\"@type\":\"WebPage\",\"@id\":\"https:\\\/\\\/tenerifecenter.com\\\/es\\\/info\\\/orden-de-formalizacion-de-las-transacciones-inmobiliarias\\\/\",\"url\":\"https:\\\/\\\/tenerifecenter.com\\\/es\\\/info\\\/orden-de-formalizacion-de-las-transacciones-inmobiliarias\\\/\",\"name\":\"El procedimiento para el registro de transacciones inmobiliarias en Tenerife\",\"isPartOf\":{\"@id\":\"https:\\\/\\\/tenerifecenter.com\\\/es\\\/#website\"},\"primaryImageOfPage\":{\"@id\":\"https:\\\/\\\/tenerifecenter.com\\\/es\\\/info\\\/orden-de-formalizacion-de-las-transacciones-inmobiliarias\\\/#primaryimage\"},\"image\":{\"@id\":\"https:\\\/\\\/tenerifecenter.com\\\/es\\\/info\\\/orden-de-formalizacion-de-las-transacciones-inmobiliarias\\\/#primaryimage\"},\"thumbnailUrl\":\"https:\\\/\\\/tenerifecenter.com\\\/wp-content\\\/uploads\\\/2023\\\/03\\\/vym-canarias-office-2.jpeg\",\"datePublished\":\"2019-10-29T21:04:25+00:00\",\"dateModified\":\"2023-03-13T17:26:40+00:00\",\"description\":\"\u00bfPlanea comprar una propiedad en Tenerife (Espa\u00f1a)? El procedimiento para procesar transacciones: instrucciones de VYM Canarias. Etapas de compra, impuestos y tasas.\",\"breadcrumb\":{\"@id\":\"https:\\\/\\\/tenerifecenter.com\\\/es\\\/info\\\/orden-de-formalizacion-de-las-transacciones-inmobiliarias\\\/#breadcrumb\"},\"inLanguage\":\"es\",\"potentialAction\":[{\"@type\":\"ReadAction\",\"target\":[\"https:\\\/\\\/tenerifecenter.com\\\/es\\\/info\\\/orden-de-formalizacion-de-las-transacciones-inmobiliarias\\\/\"]}]},{\"@type\":\"ImageObject\",\"inLanguage\":\"es\",\"@id\":\"https:\\\/\\\/tenerifecenter.com\\\/es\\\/info\\\/orden-de-formalizacion-de-las-transacciones-inmobiliarias\\\/#primaryimage\",\"url\":\"https:\\\/\\\/tenerifecenter.com\\\/wp-content\\\/uploads\\\/2023\\\/03\\\/vym-canarias-office-2.jpeg\",\"contentUrl\":\"https:\\\/\\\/tenerifecenter.com\\\/wp-content\\\/uploads\\\/2023\\\/03\\\/vym-canarias-office-2.jpeg\",\"width\":1920,\"height\":350},{\"@type\":\"BreadcrumbList\",\"@id\":\"https:\\\/\\\/tenerifecenter.com\\\/es\\\/info\\\/orden-de-formalizacion-de-las-transacciones-inmobiliarias\\\/#breadcrumb\",\"itemListElement\":[{\"@type\":\"ListItem\",\"position\":1,\"name\":\"Home\",\"item\":\"https:\\\/\\\/tenerifecenter.com\\\/es\\\/\"},{\"@type\":\"ListItem\",\"position\":2,\"name\":\"Informaci\u00f3n\",\"item\":\"https:\\\/\\\/tenerifecenter.com\\\/es\\\/info\\\/\"},{\"@type\":\"ListItem\",\"position\":3,\"name\":\"Orden de formalizaci\u00f3n de las transacciones inmobiliarias\"}]},{\"@type\":\"WebSite\",\"@id\":\"https:\\\/\\\/tenerifecenter.com\\\/es\\\/#website\",\"url\":\"https:\\\/\\\/tenerifecenter.com\\\/es\\\/\",\"name\":\"VYM Canarias\",\"description\":\"Real Estate - Tenerife\",\"potentialAction\":[{\"@type\":\"SearchAction\",\"target\":{\"@type\":\"EntryPoint\",\"urlTemplate\":\"https:\\\/\\\/tenerifecenter.com\\\/es\\\/?s={search_term_string}\"},\"query-input\":{\"@type\":\"PropertyValueSpecification\",\"valueRequired\":true,\"valueName\":\"search_term_string\"}}],\"inLanguage\":\"es\"}]}<\/script>\n<!-- \/ Yoast SEO plugin. -->","yoast_head_json":{"title":"El procedimiento para el registro de transacciones inmobiliarias en Tenerife","description":"\u00bfPlanea comprar una propiedad en Tenerife (Espa\u00f1a)? El procedimiento para procesar transacciones: instrucciones de VYM Canarias. Etapas de compra, impuestos y tasas.","robots":{"index":"index","follow":"follow","max-snippet":"max-snippet:-1","max-image-preview":"max-image-preview:large","max-video-preview":"max-video-preview:-1"},"canonical":"https:\/\/tenerifecenter.com\/es\/info\/orden-de-formalizacion-de-las-transacciones-inmobiliarias\/","og_locale":"es_ES","og_type":"article","og_title":"El procedimiento para el registro de transacciones inmobiliarias en Tenerife","og_description":"\u00bfPlanea comprar una propiedad en Tenerife (Espa\u00f1a)? El procedimiento para procesar transacciones: instrucciones de VYM Canarias. Etapas de compra, impuestos y tasas.","og_url":"https:\/\/tenerifecenter.com\/es\/info\/orden-de-formalizacion-de-las-transacciones-inmobiliarias\/","og_site_name":"VYM Canarias","article_publisher":"https:\/\/www.facebook.com\/vym.canarias","article_modified_time":"2023-03-13T17:26:40+00:00","og_image":[{"width":1920,"height":350,"url":"https:\/\/tenerifecenter.com\/wp-content\/uploads\/2023\/03\/vym-canarias-office-2.jpeg","type":"image\/jpeg"}],"twitter_card":"summary_large_image","twitter_misc":{"Tiempo de lectura":"2 minutos"},"schema":{"@context":"https:\/\/schema.org","@graph":[{"@type":"WebPage","@id":"https:\/\/tenerifecenter.com\/es\/info\/orden-de-formalizacion-de-las-transacciones-inmobiliarias\/","url":"https:\/\/tenerifecenter.com\/es\/info\/orden-de-formalizacion-de-las-transacciones-inmobiliarias\/","name":"El procedimiento para el registro de transacciones inmobiliarias en Tenerife","isPartOf":{"@id":"https:\/\/tenerifecenter.com\/es\/#website"},"primaryImageOfPage":{"@id":"https:\/\/tenerifecenter.com\/es\/info\/orden-de-formalizacion-de-las-transacciones-inmobiliarias\/#primaryimage"},"image":{"@id":"https:\/\/tenerifecenter.com\/es\/info\/orden-de-formalizacion-de-las-transacciones-inmobiliarias\/#primaryimage"},"thumbnailUrl":"https:\/\/tenerifecenter.com\/wp-content\/uploads\/2023\/03\/vym-canarias-office-2.jpeg","datePublished":"2019-10-29T21:04:25+00:00","dateModified":"2023-03-13T17:26:40+00:00","description":"\u00bfPlanea comprar una propiedad en Tenerife (Espa\u00f1a)? El procedimiento para procesar transacciones: instrucciones de VYM Canarias. Etapas de compra, impuestos y tasas.","breadcrumb":{"@id":"https:\/\/tenerifecenter.com\/es\/info\/orden-de-formalizacion-de-las-transacciones-inmobiliarias\/#breadcrumb"},"inLanguage":"es","potentialAction":[{"@type":"ReadAction","target":["https:\/\/tenerifecenter.com\/es\/info\/orden-de-formalizacion-de-las-transacciones-inmobiliarias\/"]}]},{"@type":"ImageObject","inLanguage":"es","@id":"https:\/\/tenerifecenter.com\/es\/info\/orden-de-formalizacion-de-las-transacciones-inmobiliarias\/#primaryimage","url":"https:\/\/tenerifecenter.com\/wp-content\/uploads\/2023\/03\/vym-canarias-office-2.jpeg","contentUrl":"https:\/\/tenerifecenter.com\/wp-content\/uploads\/2023\/03\/vym-canarias-office-2.jpeg","width":1920,"height":350},{"@type":"BreadcrumbList","@id":"https:\/\/tenerifecenter.com\/es\/info\/orden-de-formalizacion-de-las-transacciones-inmobiliarias\/#breadcrumb","itemListElement":[{"@type":"ListItem","position":1,"name":"Home","item":"https:\/\/tenerifecenter.com\/es\/"},{"@type":"ListItem","position":2,"name":"Informaci\u00f3n","item":"https:\/\/tenerifecenter.com\/es\/info\/"},{"@type":"ListItem","position":3,"name":"Orden de formalizaci\u00f3n de las transacciones inmobiliarias"}]},{"@type":"WebSite","@id":"https:\/\/tenerifecenter.com\/es\/#website","url":"https:\/\/tenerifecenter.com\/es\/","name":"VYM Canarias","description":"Real Estate - Tenerife","potentialAction":[{"@type":"SearchAction","target":{"@type":"EntryPoint","urlTemplate":"https:\/\/tenerifecenter.com\/es\/?s={search_term_string}"},"query-input":{"@type":"PropertyValueSpecification","valueRequired":true,"valueName":"search_term_string"}}],"inLanguage":"es"}]}},"_links":{"self":[{"href":"https:\/\/tenerifecenter.com\/es\/wp-json\/wp\/v2\/pages\/5038","targetHints":{"allow":["GET"]}}],"collection":[{"href":"https:\/\/tenerifecenter.com\/es\/wp-json\/wp\/v2\/pages"}],"about":[{"href":"https:\/\/tenerifecenter.com\/es\/wp-json\/wp\/v2\/types\/page"}],"author":[{"embeddable":true,"href":"https:\/\/tenerifecenter.com\/es\/wp-json\/wp\/v2\/users\/1"}],"replies":[{"embeddable":true,"href":"https:\/\/tenerifecenter.com\/es\/wp-json\/wp\/v2\/comments?post=5038"}],"version-history":[{"count":0,"href":"https:\/\/tenerifecenter.com\/es\/wp-json\/wp\/v2\/pages\/5038\/revisions"}],"up":[{"embeddable":true,"href":"https:\/\/tenerifecenter.com\/es\/wp-json\/wp\/v2\/pages\/3298"}],"wp:featuredmedia":[{"embeddable":true,"href":"https:\/\/tenerifecenter.com\/es\/wp-json\/wp\/v2\/media\/445603"}],"wp:attachment":[{"href":"https:\/\/tenerifecenter.com\/es\/wp-json\/wp\/v2\/media?parent=5038"}],"curies":[{"name":"wp","href":"https:\/\/api.w.org\/{rel}","templated":true}]}}