{"id":3310,"date":"2019-07-21T19:20:40","date_gmt":"2019-07-21T19:20:40","guid":{"rendered":"http:\/\/vym-wp.local\/info\/spanish-legislation\/"},"modified":"2019-11-19T20:36:10","modified_gmt":"2019-11-19T20:36:10","slug":"base-legislativa-en-espana","status":"publish","type":"page","link":"https:\/\/tenerifecenter.com\/es\/info\/base-legislativa-en-espana\/","title":{"rendered":"Base legislativa en Espa\u00f1a"},"content":{"rendered":"<h2>Derechos y obligaciones de los compradores extranjeros de viviendas en Espa\u00f1a<\/h2>\r\n\r\n<p>Seg\u00fan la ley espa\u00f1ola, cualquier extranjero puede convertirse en propietario de una propiedad en Espa\u00f1a. El Estado se asegura de que la econom\u00eda del pa\u00eds se incrementa atrayendo capital extranjero e inversiones en bienes ra\u00edces. A su vez, los extranjeros se sienten atra\u00eddos por Espa\u00f1a por los precios inmobiliarios razonables, la legislaci\u00f3n europea, un clima pol\u00edtico favorable y un buen pron\u00f3stico econ\u00f3mico.<\/p>\r\n\r\n<p>Espa\u00f1a se encuentra entre los 5 principales destinos europeos que lideran el mercado de inversi\u00f3n inmobiliaria. Tenerife, a su vez, est\u00e1 incluido en la lista de los centros tur\u00edsticos m\u00e1s populares de Espa\u00f1a. Las Canarias son atractivas por sus precios (aqu\u00ed puede encontrar un apartamento desde 50,000 euros), impuestos Bajos, seguridad  y muy buen clima durante todo el a\u00f1o.<\/p>\r\n\r\n<p>Por ley, los inversores extranjeros en Espa\u00f1a pueden comprar y revender cualquier propiedad sin restricciones.<\/p>\r\n\r\n<p class=\"italic\">*Excluyendo ciertos tipos de bienes inmuebles. T\u00edpicamente ubicado estrat\u00e9gicamente para un pa\u00eds.<\/p>\r\n\r\n<h2>Lo que necesitas saber si quieres comprar una casa en Espa\u00f1a<\/h2>\r\n\r\n<p>Cualquier extranjero puede comprar una propiedad en Espa\u00f1a, independientemente de si es residente del pa\u00eds o no. Para comprar, debe tener una cuenta en un banco espa\u00f1ol y NIE &#8211; n\u00famero de identificaci\u00f3n de un extranjero. Igual que los ciudadanos del pa\u00eds, los extranjeros en Espa\u00f1a pueden solicitar un pr\u00e9stamo para comprar una casa y solicitar una hipoteca, deben pagar los impuestos de compra y el impuesto sobre la renta. El porcentaje que se puede pedir de hipoteca  depende de la nacionalidad  del propietario: es residente de la UE o no.<\/p>\r\n\r\n<h2>C\u00f3mo abrir una cuenta en un banco espa\u00f1ol<\/h2>\r\n\r\n<p>Para abrir una cuenta en cualquiera de los bancos espa\u00f1oles necesitar\u00e1 los siguientes documentos:<\/p>\r\n\r\n<ul>\r\n \t<li>pasaporte extranjero<\/li>\r\n \t<li>NIE (N\u00famero de Identificaci\u00f3n de Extranjero)<\/li>\r\n \t<li>Un documento oficial que confirme la fuente de origen de los fondos: balance  de resultados, declaraci\u00f3n de impuestos, etc.<\/li>\r\n \t<li>Algunos bancos tambi\u00e9n solicitan documentos adicionales, seg\u00fan las normas  internas de cada banco.<\/li>\r\n<\/ul>\r\n\r\n<h2 id=\"get-nie\">C\u00f3mo conseguir NIE<\/h2>\r\n\r\n<p>NIE (N\u00famero de Identificaci\u00f3n de Extranjero): n\u00famero de identificaci\u00f3n de extranjero, tambi\u00e9n conocido como n\u00famero de impuesto. Este es un an\u00e1logo del TIN ruso. En Espa\u00f1a, se requiere NIE para cualquier transacci\u00f3n financiera: comprar una propiedad, un autom\u00f3vil, abrir una cuenta bancaria o un negocio en el pa\u00eds. NIE por s\u00ed solo no da derecho a residir en Espa\u00f1a y no es un documento de visado.<\/p>\r\n\r\n<p>Lista de documentos para el registro NIE:<\/p>\r\n\r\n<ul>\r\n \t<li>Original Pasaporte extranjero y su copia<\/li>\r\n \t<li>Declaraci\u00f3n EX-15 en espa\u00f1ol que indica el prop\u00f3sito de obtener NIE<\/li>\r\n \t<li>Para menores: certificado de nacimiento<\/li>\r\n \t<li>Taza pagada<\/li>\r\n<\/ul>\r\n\r\n<p>Hay dos formas de obtener NIE. Puede organizar NIE en el territorio de su pa\u00eds de residencia. Para hacer esto, solicite al Consulado General de Espa\u00f1a. Este documento tambi\u00e9n se puede obtener en Espa\u00f1a.<\/p>\r\n\r\n<h2>Hipoteca para no residentes<\/h2>\r\n\r\n<p>Comprar con una <b>hipoteca en Espa\u00f1a<\/b> puede ser tanto para residentes  del pa\u00eds como no residentes. Sin embargo, existe una cierta diferencia entre los pr\u00e9stamos hipotecarios para extranjeros y para residentes. Las diferencias se refieren tanto a la lista de documentos requeridos como al importe del pr\u00e9stamo. Por lo tanto, para los residentes de la UE, los bancos pueden aprobar hasta el 70 &#8211; 80% de las hipotecas, los no residentes podr\u00e1n obtener entre el 50 y el 70% del precio de los bienes inmuebles a cr\u00e9dito.<\/p>\r\n\r\n<h5>T\u00e9rminos de financiamiento:<\/h5>\r\n\r\n<ul>\r\n \t<li>Las tasas de pr\u00e9stamo var\u00edan de 2.5% a 3.5% por a\u00f1o<\/li>\r\n \t<li>Las tasas de inter\u00e9s son de tres tipos: fijas, variables  y mixtas<\/li>\r\n \t<li>Las tasas variables se calculan en funci\u00f3n de Euribor, la tasa interbancaria promedio actual establecida por los bancos de la UE durante un per\u00edodo determinado<\/li>\r\n \t<li>Seg\u00fan la ley espa\u00f1ola, las hipotecas y el cumplimiento de las obligaciones de un contrato hipotecario est\u00e1n certificadas por un notario p\u00fablico y est\u00e1n registradas en el Registro de la Propiedad<\/li>\r\n<\/ul>\r\n\r\n<p class=\"italic\">*La lista requerida de documentos para obtener una hipoteca se solicita en un banco en particular.<\/p>\r\n\r\n<h2>Hipoteca para residentes<\/h2>\r\n\r\n<ul>\r\n  <li>DNI<\/li>  \r\n  <li>Contrato de trabajo<\/li>  \r\n  <li>3 ultimas Nominas<\/li>  \r\n  <li>Vida laboral<\/li>  \r\n  <li>Declaraci\u00f3n de la Renta de los \u00faltimos 2 a\u00f1os<\/li>  \r\n<\/ul>\r\n\r\n<p>O cualquier otro documento legal  que justifique los ingresos del solicitante : Balances, Impuestos de Sociedades, Pago de aut\u00f3nomo, Justificante pensi\u00f3n, Justificantes rentas por alquileres, etc.<\/p>\r\n\r\n<h2>Impuestos en Espa\u00f1a para no residentes<\/h2>\r\n\r\n<p>Los propietarios de viviendas en Espa\u00f1a pagan impuestos sobre la propiedad y los impuestos sobre la renta anualmente. En el caso de viviendas de alquiler y ganancias de inversiones inmobiliarias, se pagan impuestos sobre los ingresos por alquileres y ganancias de capital. . Los no residentes pagan impuestos solo sobre los ingresos recibidos en Espa\u00f1a.<\/p>\r\n\r\n<p>En Espa\u00f1a, los tipos impositivos y arancelarios var\u00edan seg\u00fan la regi\u00f3n.<\/p>\r\n\r\n<ul>\r\n  <li>a la compra. Al comprar una vivienda de nueva construcci\u00f3n (primera trasmisi\u00f3n) , el comprador paga en el resto de Espa\u00f1a es el  IVA . Y el IGIC (el impuesto General Indirecto Canario), en Canarias, Actualmente es del 6.5% para 2019. Al comprar bienes inmuebles de segunda o m\u00e1s transmisiones, se paga un impuesto sobre transmisiones patrimoniales (MODELO 600, )  en Canarias su tasa actual es del 6,5%.<\/li>\r\n  <li>Impuesto sobre bienes inmuebles. Los propietarios pagan IBI &#8211; impuesto municipal de propiedad. En Canarias, su tasa es del 0,7% del valor catastral. El pago es un \u00fanico recibo anual.<\/li>\r\n  <li>Impuesto a las ganancias. Impuesto sobre la renta. Las tasas del impuesto sobre la renta para los residentes pueden variar del 19 al 45%. Los no residentes pagan este impuesto a una tasa fija del 24%.<\/li>\r\n<\/ul>\r\n\r\n<p>Desde 2000, las Islas Canarias han sido una zona de impuestos preferenciales: ZEC, Zona Especial Canaria (zona econ\u00f3mica especial). El r\u00e9gimen de beneficios es v\u00e1lido hasta el 31 de diciembre de 2019, despu\u00e9s del cual puede ser ampliado por la Comisi\u00f3n Europea. Los beneficios se aplican a los residentes de ZEC que abren un negocio en las Islas Canarias y crean nuevos empleos. Si se cumplen las condiciones clave (inversi\u00f3n m\u00ednima y creaci\u00f3n de empleo), la tasa del impuesto sobre la renta en la zona ZEC es del 1 al 5%, en contraste con la tasa generalmente aplicada del 30%.<\/p>\r\n\r\n<h2>Impuestos en Espa\u00f1a para residentes<\/h2>\r\n\r\n<p>Los impuestos que se pagan en Espa\u00f1a para residentes var\u00edan seg\u00fan sean particulares, empresas, empleados por cuenta ajena, propia, rentistas, jubilados.<\/p>\r\n\r\n<p>=Cada sector tiene unos tipos de impuestos y dentro de cada sector el tipo impositivo var\u00eda seg\u00fan las rentas, familiares a cargo, vivienda alquilada o hipotecada,  comunidad aut\u00f3noma, etc.<\/p>","protected":false},"excerpt":{"rendered":"<p>Derechos y obligaciones de los compradores extranjeros de viviendas en Espa\u00f1a Seg\u00fan la ley espa\u00f1ola, cualquier extranjero puede convertirse en propietario de una propiedad en Espa\u00f1a. El Estado se asegura de que la econom\u00eda del pa\u00eds se incrementa atrayendo capital extranjero e inversiones en bienes ra\u00edces. A su vez, los extranjeros se sienten atra\u00eddos por [&hellip;]<\/p>\n","protected":false},"author":1,"featured_media":445603,"parent":3298,"menu_order":0,"comment_status":"closed","ping_status":"closed","template":"","meta":{"_acf_changed":false,"footnotes":""},"class_list":["post-3310","page","type-page","status-publish","has-post-thumbnail","hentry"],"acf":[],"yoast_head":"<!-- This site is optimized with the Yoast SEO plugin v27.4 - https:\/\/yoast.com\/product\/yoast-seo-wordpress\/ -->\n<title>Leyes espa\u00f1olas: transacciones de compra \/ venta de bienes inmuebles<\/title>\n<meta name=\"description\" content=\"\u00bfC\u00f3mo comprar una casa en Tenerife? Entendemos las leyes de Espa\u00f1a con expertos de la agencia inmobiliaria VYM Canarias: NIE, cuenta bancaria, hipoteca, impuestos.\" \/>\n<meta name=\"robots\" content=\"index, follow, max-snippet:-1, max-image-preview:large, max-video-preview:-1\" \/>\n<link rel=\"canonical\" href=\"https:\/\/tenerifecenter.com\/es\/info\/base-legislativa-en-espana\/\" \/>\n<meta property=\"og:locale\" content=\"es_ES\" \/>\n<meta property=\"og:type\" content=\"article\" \/>\n<meta property=\"og:title\" content=\"Leyes espa\u00f1olas: transacciones de compra \/ venta de bienes inmuebles\" \/>\n<meta property=\"og:description\" content=\"\u00bfC\u00f3mo comprar una casa en Tenerife? Entendemos las leyes de Espa\u00f1a con expertos de la agencia inmobiliaria VYM Canarias: NIE, cuenta bancaria, hipoteca, impuestos.\" \/>\n<meta property=\"og:url\" content=\"https:\/\/tenerifecenter.com\/es\/info\/base-legislativa-en-espana\/\" \/>\n<meta property=\"og:site_name\" content=\"VYM Canarias\" \/>\n<meta property=\"article:publisher\" content=\"https:\/\/www.facebook.com\/vym.canarias\" \/>\n<meta property=\"article:modified_time\" content=\"2019-11-19T20:36:10+00:00\" \/>\n<meta property=\"og:image\" content=\"https:\/\/tenerifecenter.com\/wp-content\/uploads\/2019\/09\/vym-canarias-office-1.jpg\" \/>\n\t<meta property=\"og:image:width\" content=\"1920\" \/>\n\t<meta property=\"og:image:height\" content=\"350\" \/>\n\t<meta property=\"og:image:type\" content=\"image\/jpeg\" \/>\n<meta name=\"twitter:card\" content=\"summary_large_image\" \/>\n<meta name=\"twitter:label1\" content=\"Tiempo de lectura\" \/>\n\t<meta name=\"twitter:data1\" content=\"6 minutos\" \/>\n<script type=\"application\/ld+json\" class=\"yoast-schema-graph\">{\"@context\":\"https:\\\/\\\/schema.org\",\"@graph\":[{\"@type\":\"WebPage\",\"@id\":\"https:\\\/\\\/tenerifecenter.com\\\/es\\\/info\\\/base-legislativa-en-espana\\\/\",\"url\":\"https:\\\/\\\/tenerifecenter.com\\\/es\\\/info\\\/base-legislativa-en-espana\\\/\",\"name\":\"Leyes espa\u00f1olas: transacciones de compra \\\/ venta de bienes inmuebles\",\"isPartOf\":{\"@id\":\"https:\\\/\\\/tenerifecenter.com\\\/es\\\/#website\"},\"primaryImageOfPage\":{\"@id\":\"https:\\\/\\\/tenerifecenter.com\\\/es\\\/info\\\/base-legislativa-en-espana\\\/#primaryimage\"},\"image\":{\"@id\":\"https:\\\/\\\/tenerifecenter.com\\\/es\\\/info\\\/base-legislativa-en-espana\\\/#primaryimage\"},\"thumbnailUrl\":\"https:\\\/\\\/tenerifecenter.com\\\/wp-content\\\/uploads\\\/2023\\\/03\\\/vym-canarias-office-2.jpeg\",\"datePublished\":\"2019-07-21T19:20:40+00:00\",\"dateModified\":\"2019-11-19T20:36:10+00:00\",\"description\":\"\u00bfC\u00f3mo comprar una casa en Tenerife? Entendemos las leyes de Espa\u00f1a con expertos de la agencia inmobiliaria VYM Canarias: NIE, cuenta bancaria, hipoteca, impuestos.\",\"breadcrumb\":{\"@id\":\"https:\\\/\\\/tenerifecenter.com\\\/es\\\/info\\\/base-legislativa-en-espana\\\/#breadcrumb\"},\"inLanguage\":\"es\",\"potentialAction\":[{\"@type\":\"ReadAction\",\"target\":[\"https:\\\/\\\/tenerifecenter.com\\\/es\\\/info\\\/base-legislativa-en-espana\\\/\"]}]},{\"@type\":\"ImageObject\",\"inLanguage\":\"es\",\"@id\":\"https:\\\/\\\/tenerifecenter.com\\\/es\\\/info\\\/base-legislativa-en-espana\\\/#primaryimage\",\"url\":\"https:\\\/\\\/tenerifecenter.com\\\/wp-content\\\/uploads\\\/2023\\\/03\\\/vym-canarias-office-2.jpeg\",\"contentUrl\":\"https:\\\/\\\/tenerifecenter.com\\\/wp-content\\\/uploads\\\/2023\\\/03\\\/vym-canarias-office-2.jpeg\",\"width\":1920,\"height\":350},{\"@type\":\"BreadcrumbList\",\"@id\":\"https:\\\/\\\/tenerifecenter.com\\\/es\\\/info\\\/base-legislativa-en-espana\\\/#breadcrumb\",\"itemListElement\":[{\"@type\":\"ListItem\",\"position\":1,\"name\":\"Home\",\"item\":\"https:\\\/\\\/tenerifecenter.com\\\/es\\\/\"},{\"@type\":\"ListItem\",\"position\":2,\"name\":\"Informaci\u00f3n\",\"item\":\"https:\\\/\\\/tenerifecenter.com\\\/es\\\/info\\\/\"},{\"@type\":\"ListItem\",\"position\":3,\"name\":\"Base legislativa en Espa\u00f1a\"}]},{\"@type\":\"WebSite\",\"@id\":\"https:\\\/\\\/tenerifecenter.com\\\/es\\\/#website\",\"url\":\"https:\\\/\\\/tenerifecenter.com\\\/es\\\/\",\"name\":\"VYM Canarias\",\"description\":\"Real Estate - Tenerife\",\"potentialAction\":[{\"@type\":\"SearchAction\",\"target\":{\"@type\":\"EntryPoint\",\"urlTemplate\":\"https:\\\/\\\/tenerifecenter.com\\\/es\\\/?s={search_term_string}\"},\"query-input\":{\"@type\":\"PropertyValueSpecification\",\"valueRequired\":true,\"valueName\":\"search_term_string\"}}],\"inLanguage\":\"es\"}]}<\/script>\n<!-- \/ Yoast SEO plugin. -->","yoast_head_json":{"title":"Leyes espa\u00f1olas: transacciones de compra \/ venta de bienes inmuebles","description":"\u00bfC\u00f3mo comprar una casa en Tenerife? Entendemos las leyes de Espa\u00f1a con expertos de la agencia inmobiliaria VYM Canarias: NIE, cuenta bancaria, hipoteca, impuestos.","robots":{"index":"index","follow":"follow","max-snippet":"max-snippet:-1","max-image-preview":"max-image-preview:large","max-video-preview":"max-video-preview:-1"},"canonical":"https:\/\/tenerifecenter.com\/es\/info\/base-legislativa-en-espana\/","og_locale":"es_ES","og_type":"article","og_title":"Leyes espa\u00f1olas: transacciones de compra \/ venta de bienes inmuebles","og_description":"\u00bfC\u00f3mo comprar una casa en Tenerife? Entendemos las leyes de Espa\u00f1a con expertos de la agencia inmobiliaria VYM Canarias: NIE, cuenta bancaria, hipoteca, impuestos.","og_url":"https:\/\/tenerifecenter.com\/es\/info\/base-legislativa-en-espana\/","og_site_name":"VYM Canarias","article_publisher":"https:\/\/www.facebook.com\/vym.canarias","article_modified_time":"2019-11-19T20:36:10+00:00","og_image":[{"width":1920,"height":350,"url":"https:\/\/tenerifecenter.com\/wp-content\/uploads\/2019\/09\/vym-canarias-office-1.jpg","type":"image\/jpeg"}],"twitter_card":"summary_large_image","twitter_misc":{"Tiempo de lectura":"6 minutos"},"schema":{"@context":"https:\/\/schema.org","@graph":[{"@type":"WebPage","@id":"https:\/\/tenerifecenter.com\/es\/info\/base-legislativa-en-espana\/","url":"https:\/\/tenerifecenter.com\/es\/info\/base-legislativa-en-espana\/","name":"Leyes espa\u00f1olas: transacciones de compra \/ venta de bienes inmuebles","isPartOf":{"@id":"https:\/\/tenerifecenter.com\/es\/#website"},"primaryImageOfPage":{"@id":"https:\/\/tenerifecenter.com\/es\/info\/base-legislativa-en-espana\/#primaryimage"},"image":{"@id":"https:\/\/tenerifecenter.com\/es\/info\/base-legislativa-en-espana\/#primaryimage"},"thumbnailUrl":"https:\/\/tenerifecenter.com\/wp-content\/uploads\/2023\/03\/vym-canarias-office-2.jpeg","datePublished":"2019-07-21T19:20:40+00:00","dateModified":"2019-11-19T20:36:10+00:00","description":"\u00bfC\u00f3mo comprar una casa en Tenerife? Entendemos las leyes de Espa\u00f1a con expertos de la agencia inmobiliaria VYM Canarias: NIE, cuenta bancaria, hipoteca, impuestos.","breadcrumb":{"@id":"https:\/\/tenerifecenter.com\/es\/info\/base-legislativa-en-espana\/#breadcrumb"},"inLanguage":"es","potentialAction":[{"@type":"ReadAction","target":["https:\/\/tenerifecenter.com\/es\/info\/base-legislativa-en-espana\/"]}]},{"@type":"ImageObject","inLanguage":"es","@id":"https:\/\/tenerifecenter.com\/es\/info\/base-legislativa-en-espana\/#primaryimage","url":"https:\/\/tenerifecenter.com\/wp-content\/uploads\/2023\/03\/vym-canarias-office-2.jpeg","contentUrl":"https:\/\/tenerifecenter.com\/wp-content\/uploads\/2023\/03\/vym-canarias-office-2.jpeg","width":1920,"height":350},{"@type":"BreadcrumbList","@id":"https:\/\/tenerifecenter.com\/es\/info\/base-legislativa-en-espana\/#breadcrumb","itemListElement":[{"@type":"ListItem","position":1,"name":"Home","item":"https:\/\/tenerifecenter.com\/es\/"},{"@type":"ListItem","position":2,"name":"Informaci\u00f3n","item":"https:\/\/tenerifecenter.com\/es\/info\/"},{"@type":"ListItem","position":3,"name":"Base legislativa en Espa\u00f1a"}]},{"@type":"WebSite","@id":"https:\/\/tenerifecenter.com\/es\/#website","url":"https:\/\/tenerifecenter.com\/es\/","name":"VYM Canarias","description":"Real Estate - Tenerife","potentialAction":[{"@type":"SearchAction","target":{"@type":"EntryPoint","urlTemplate":"https:\/\/tenerifecenter.com\/es\/?s={search_term_string}"},"query-input":{"@type":"PropertyValueSpecification","valueRequired":true,"valueName":"search_term_string"}}],"inLanguage":"es"}]}},"_links":{"self":[{"href":"https:\/\/tenerifecenter.com\/es\/wp-json\/wp\/v2\/pages\/3310","targetHints":{"allow":["GET"]}}],"collection":[{"href":"https:\/\/tenerifecenter.com\/es\/wp-json\/wp\/v2\/pages"}],"about":[{"href":"https:\/\/tenerifecenter.com\/es\/wp-json\/wp\/v2\/types\/page"}],"author":[{"embeddable":true,"href":"https:\/\/tenerifecenter.com\/es\/wp-json\/wp\/v2\/users\/1"}],"replies":[{"embeddable":true,"href":"https:\/\/tenerifecenter.com\/es\/wp-json\/wp\/v2\/comments?post=3310"}],"version-history":[{"count":0,"href":"https:\/\/tenerifecenter.com\/es\/wp-json\/wp\/v2\/pages\/3310\/revisions"}],"up":[{"embeddable":true,"href":"https:\/\/tenerifecenter.com\/es\/wp-json\/wp\/v2\/pages\/3298"}],"wp:featuredmedia":[{"embeddable":true,"href":"https:\/\/tenerifecenter.com\/es\/wp-json\/wp\/v2\/media\/445603"}],"wp:attachment":[{"href":"https:\/\/tenerifecenter.com\/es\/wp-json\/wp\/v2\/media?parent=3310"}],"curies":[{"name":"wp","href":"https:\/\/api.w.org\/{rel}","templated":true}]}}