{"id":3304,"date":"2019-07-21T20:14:29","date_gmt":"2019-07-21T20:14:29","guid":{"rendered":"http:\/\/vym-wp.local\/info\/residence-permit-in-spain\/"},"modified":"2019-11-19T20:32:19","modified_gmt":"2019-11-19T20:32:19","slug":"permiso-residencia","status":"publish","type":"page","link":"https:\/\/tenerifecenter.com\/es\/info\/permiso-residencia\/","title":{"rendered":"Permiso residencia"},"content":{"rendered":"<p>El derecho a obtener un <b>permiso de residencia en Espa\u00f1a<\/b> para extranjeros est\u00e1 regulado por la ley 4\/2000 \u00abSobre los derechos y libertades de los extranjeros en Espa\u00f1a y su integraci\u00f3n social\u00bb.<\/p>\r\n\r\n<p>La ley espa\u00f1ola establece varias opciones para obtener un permiso de residencia. En este art\u00edculo, analizaremos las razones clave por las cuales puede solicitar un permiso de residencia en Espa\u00f1a.<\/p>\r\n\r\n<h2>Inversi\u00f3n Visa de oro a Espa\u00f1a<\/h2>\r\n\r\n<p>En 2013, se aprob\u00f3 una ley en Espa\u00f1a sobre el apoyo a los empresarios, gracias a la cual los inversores extranjeros tuvieron la oportunidad no solo de invertir en la econom\u00eda espa\u00f1ola, sino tambi\u00e9n de vivir y trabajar en el pa\u00eds. La ley se aplica a las siguientes categor\u00edas de inversi\u00f3n:<\/p>\r\n\r\n<ul>\r\n \t<li>inversiones en bienes inmuebles residenciales o comerciales por un importe de 500.000 euros sin hipoteca;<\/li>\r\n \t<li>depositar en un banco espa\u00f1ol por 1.000.000 de euros;<\/li>\r\n \t<li>compra de acciones o contribuci\u00f3n a fondos de inversi\u00f3n por un monto de EUR 1,000,000;<\/li>\r\n \t<li>compra de bonos del Estado por importe de 2.000.000 de euros.<\/li>\r\n<\/ul>\r\n\r\n<p>El permiso de residencia del inversor, en la vida cotidiana <b>\u00abGolden Visa\u00bb<\/b>, le da derecho a vivir y trabajar en Espa\u00f1a durante dos a\u00f1os. Al final de este per\u00edodo, la residencia puede ser extendida. El titular de una visa de inversionista tambi\u00e9n puede agregar parientes cercanos a su residencia: esposa \/ esposo, hijos, padres, nietos.<\/p>\r\n\r\n<p>Puede solicitar una \u201cvisado oro\u201d tanto en Rusia como en Espa\u00f1a, siempre que est\u00e9 legalmente en el pa\u00eds.<\/p>\r\n\r\n<h2>Los principales documentos para solicitar una visa de inversionista en un consulado en la Federaci\u00f3n de Rusia:<\/h2>\r\n\r\n<ul>\r\n \t<li>Pasaporte extranjero<\/li>\r\n \t<li>Pasaporte interno de un ciudadano de la Federaci\u00f3n Rusa<\/li>\r\n \t<li>Confirmaci\u00f3n de la compra de bienes inmuebles por un monto de 500 mil euros \/ o un documento que confirme la propiedad de acciones \/ bonos \/ inversiones en acciones<\/li>\r\n \t<li>Confirmaci\u00f3n de la disponibilidad de fondos para el alojamiento en la cuenta en un banco espa\u00f1ol<\/li>\r\n \t<li>Seguro m\u00e9dico<\/li>\r\n \t<li>Certificado de autorizaci\u00f3n policial con apostilla<\/li>\r\n \t<li>Tambi\u00e9n se pueden requerir documentos fiscales y certificados de disponibilidad de bienes inmuebles fuera de Espa\u00f1a<\/li>\r\n<\/ul>\r\n\r\n<p>Para solicitar una \u201cvisado oro\u201d en Espa\u00f1a, adem\u00e1s del paquete principal de documentos, necesitar\u00e1 NIE <a href=\"\/#\/\">NIE<\/a>.<\/p>\r\n\r\n<h2>Ventajas de un permiso de residencia de inversionista o una \u00abvisado oro\u00bb:<\/h2>\r\n\r\n<ul>\r\n \t<li>Posibilidad de obtener un permiso de residencia en Espa\u00f1a<\/li>\r\n \t<li>Validez de la \u00abvisado \u00bb &#8211; 2 a\u00f1os, despu\u00e9s de lo cual se puede extender por 5 a\u00f1os<\/li>\r\n \t<li>Para extender el permiso de residencia en el futuro, no necesita permanecer en el pa\u00eds durante 183 d\u00edas al a\u00f1o continuamente<\/li>\r\n \t<li>Falta de residencia fiscal en Espa\u00f1a. No est\u00e1 obligado a presentar una declaraci\u00f3n de impuestos en Espa\u00f1a si se encuentra en el pa\u00eds durante menos de 183 d\u00edas al a\u00f1o<\/li>\r\n \t<li>Derecho al trabajo<\/li>\r\n<\/ul>\r\n\r\n<h2>Permiso de residencia para un empresario con derecho a trabajar <small class=\"block\">(Permiso de Residencia y Trabajo)<\/small><\/h2>\r\n\r\n<p>La misma ley de inversi\u00f3n ofrece una oportunidad para que los extranjeros abran su propia empresa o participen en un proyecto empresarial que tenga un inter\u00e9s socioecon\u00f3mico. Los principales requisitos para obtener un permiso de residencia de emprendedor son:<\/p>\r\n\r\n<ul>\r\n \t<li>Proporcionar un proyecto empresarial detallado, un plan de financiaci\u00f3n y un plan de desarrollo empresarial para los pr\u00f3ximos a\u00f1os<\/li>\r\n \t<li>Creaci\u00f3n de empleo en Espa\u00f1a<\/li>\r\n \t<li>Potencial para la econom\u00eda del pa\u00eds en t\u00e9rminos de innovaci\u00f3n e inversi\u00f3n<\/li>\r\n<\/ul>\r\n\r\n<p>Adem\u00e1s del paquete principal de documentos, para obtener un permiso de residencia de emprendedor, deber\u00e1 obtener la aprobaci\u00f3n del proyecto por parte del Ministerio de Econom\u00eda de Espa\u00f1a.<\/p>\r\n\r\n<h2>Permiso de residencia sin derecho a trabajar  <small class=\"block\">(Permiso de\u00a0Residencia no\u00a0lucrativo)<\/small><\/h2>\r\n\r\n<p>La compra de una propiedad en Espa\u00f1a permite obtener un permiso de residencia sin derecho a trabajar &#8211; Permiso de Residencia no lucrativo. Dicha residencia se expide por un per\u00edodo de un a\u00f1o, luego se extiende dos veces con un intervalo de dos a\u00f1os, y al llegar a cinco a\u00f1os se vuelve permanente. Puede solicitar un permiso de residencia sin derecho a trabajar, no solo tras la compra, sino tambi\u00e9n en el caso de viviendas de alquiler en Espa\u00f1a. Un requisito previo para obtener un permiso de residencia sin derecho a trabajar es la confirmaci\u00f3n de solvencia. El ingreso m\u00ednimo del solicitante debe ser al menos 400% IPREM (costo de vida) m\u00e1s 100% IPREM para cada miembro de la familia cada mes. En 2019, el \u00edndice IPREM es de 537.84 \u20ac.<\/p>\r\n\r\n<h2>Permiso de residencia para reuni\u00f3n familiar<\/h2>\r\n\r\n<p>Los extranjeros que han obtenido un permiso de residencia en Espa\u00f1a tienen derecho a agregar miembros de la familia a su residencia. Puede ser un c\u00f3nyuge, hijos, padres y otros parientes, si dependen econ\u00f3micamente del residente. La validez de dicho permiso de residencia, as\u00ed como el paquete de documentos requeridos para su registro, dependen del tipo de residencia de un extranjero y se especifican a pedido.<\/p>\r\n\r\n<h2>Permiso de residencia para estudiar<\/h2>\r\n\r\n<p>Para obtener un permiso de residencia en base al estudio, se requieren los siguientes documentos:<\/p>\r\n\r\n<ul>\r\n \t<li>Pasaporte extranjero<\/li>\r\n \t<li>Certificado internacional DSE que confirma el conocimiento de espa\u00f1ol o la admisi\u00f3n a cursos de idiomas acreditados por el Instituto Cervantes<\/li>\r\n \t<li>Confirmaci\u00f3n de admisi\u00f3n a una instituci\u00f3n educativa<\/li>\r\n \t<li>Certificado de disponibilidad de fondos para estudio y alojamiento<\/li>\r\n \t<li>Para menores de edad: permiso de los padres o tutores<\/li>\r\n<\/ul>\r\n\r\n<h2>Permiso de residencia permanente en Espa\u00f1a. <small class=\"block\">(Residencia de\u00a0larga duraci\u00f3n)<\/small><\/h2>\r\n\r\n<p>Razones para obtener la residencia permanente:<\/p>\r\n\r\n<ul>\r\n \t<li>Residencia legal en Espa\u00f1a durante 5 a\u00f1os<\/li>\r\n \t<li>Matrimonio con un ciudadano de Espa\u00f1a<\/li>\r\n<\/ul>\r\n\r\n<p>Una residencia permanente o residencia permanente en Espa\u00f1a no puede vivir fuera de Espa\u00f1a durante m\u00e1s de seis meses consecutivos. El titular de una residencia permanente tiene casi los mismos derechos que un ciudadano espa\u00f1ol, excepto la oportunidad de participar en las elecciones, el servicio militar o la polic\u00eda.<\/p>","protected":false},"excerpt":{"rendered":"<p>El derecho a obtener un permiso de residencia en Espa\u00f1a para extranjeros est\u00e1 regulado por la ley 4\/2000 \u00abSobre los derechos y libertades de los extranjeros en Espa\u00f1a y su integraci\u00f3n social\u00bb. La ley espa\u00f1ola establece varias opciones para obtener un permiso de residencia. En este art\u00edculo, analizaremos las razones clave por las cuales puede [&hellip;]<\/p>\n","protected":false},"author":1,"featured_media":445603,"parent":3298,"menu_order":0,"comment_status":"closed","ping_status":"closed","template":"","meta":{"_acf_changed":false,"footnotes":""},"class_list":["post-3304","page","type-page","status-publish","has-post-thumbnail","hentry"],"acf":[],"yoast_head":"<!-- This site is optimized with the Yoast SEO plugin v27.3 - https:\/\/yoast.com\/product\/yoast-seo-wordpress\/ -->\n<title>Permiso de residencia en Espa\u00f1a: c\u00f3mo obtener un permiso de residencia.<\/title>\n<meta name=\"description\" content=\"Todo lo que quer\u00eda saber para obtener un permiso de residencia en Espa\u00f1a. Registro de un permiso de residencia: informaci\u00f3n de la agencia inmobiliaria VYM Canarias.\" \/>\n<meta name=\"robots\" content=\"index, follow, max-snippet:-1, max-image-preview:large, max-video-preview:-1\" \/>\n<link rel=\"canonical\" href=\"https:\/\/tenerifecenter.com\/es\/info\/permiso-residencia\/\" \/>\n<meta property=\"og:locale\" content=\"es_ES\" \/>\n<meta property=\"og:type\" content=\"article\" \/>\n<meta property=\"og:title\" content=\"Permiso de residencia en Espa\u00f1a: c\u00f3mo obtener un permiso de residencia.\" \/>\n<meta property=\"og:description\" content=\"Todo lo que quer\u00eda saber para obtener un permiso de residencia en Espa\u00f1a. Registro de un permiso de residencia: informaci\u00f3n de la agencia inmobiliaria VYM Canarias.\" \/>\n<meta property=\"og:url\" content=\"https:\/\/tenerifecenter.com\/es\/info\/permiso-residencia\/\" \/>\n<meta property=\"og:site_name\" content=\"VYM Canarias\" \/>\n<meta property=\"article:publisher\" content=\"https:\/\/www.facebook.com\/vym.canarias\" \/>\n<meta property=\"article:modified_time\" content=\"2019-11-19T20:32:19+00:00\" \/>\n<meta property=\"og:image\" content=\"https:\/\/tenerifecenter.com\/wp-content\/uploads\/2019\/09\/vym-canarias-office-1.jpg\" \/>\n\t<meta property=\"og:image:width\" content=\"1920\" \/>\n\t<meta property=\"og:image:height\" content=\"350\" \/>\n\t<meta property=\"og:image:type\" content=\"image\/jpeg\" \/>\n<meta name=\"twitter:card\" content=\"summary_large_image\" \/>\n<meta name=\"twitter:label1\" content=\"Tiempo de lectura\" \/>\n\t<meta name=\"twitter:data1\" content=\"5 minutos\" \/>\n<script type=\"application\/ld+json\" class=\"yoast-schema-graph\">{\"@context\":\"https:\\\/\\\/schema.org\",\"@graph\":[{\"@type\":\"WebPage\",\"@id\":\"https:\\\/\\\/tenerifecenter.com\\\/es\\\/info\\\/permiso-residencia\\\/\",\"url\":\"https:\\\/\\\/tenerifecenter.com\\\/es\\\/info\\\/permiso-residencia\\\/\",\"name\":\"Permiso de residencia en Espa\u00f1a: c\u00f3mo obtener un permiso de residencia.\",\"isPartOf\":{\"@id\":\"https:\\\/\\\/tenerifecenter.com\\\/es\\\/#website\"},\"primaryImageOfPage\":{\"@id\":\"https:\\\/\\\/tenerifecenter.com\\\/es\\\/info\\\/permiso-residencia\\\/#primaryimage\"},\"image\":{\"@id\":\"https:\\\/\\\/tenerifecenter.com\\\/es\\\/info\\\/permiso-residencia\\\/#primaryimage\"},\"thumbnailUrl\":\"https:\\\/\\\/tenerifecenter.com\\\/wp-content\\\/uploads\\\/2023\\\/03\\\/vym-canarias-office-2.jpeg\",\"datePublished\":\"2019-07-21T20:14:29+00:00\",\"dateModified\":\"2019-11-19T20:32:19+00:00\",\"description\":\"Todo lo que quer\u00eda saber para obtener un permiso de residencia en Espa\u00f1a. Registro de un permiso de residencia: informaci\u00f3n de la agencia inmobiliaria VYM Canarias.\",\"breadcrumb\":{\"@id\":\"https:\\\/\\\/tenerifecenter.com\\\/es\\\/info\\\/permiso-residencia\\\/#breadcrumb\"},\"inLanguage\":\"es\",\"potentialAction\":[{\"@type\":\"ReadAction\",\"target\":[\"https:\\\/\\\/tenerifecenter.com\\\/es\\\/info\\\/permiso-residencia\\\/\"]}]},{\"@type\":\"ImageObject\",\"inLanguage\":\"es\",\"@id\":\"https:\\\/\\\/tenerifecenter.com\\\/es\\\/info\\\/permiso-residencia\\\/#primaryimage\",\"url\":\"https:\\\/\\\/tenerifecenter.com\\\/wp-content\\\/uploads\\\/2023\\\/03\\\/vym-canarias-office-2.jpeg\",\"contentUrl\":\"https:\\\/\\\/tenerifecenter.com\\\/wp-content\\\/uploads\\\/2023\\\/03\\\/vym-canarias-office-2.jpeg\",\"width\":1920,\"height\":350},{\"@type\":\"BreadcrumbList\",\"@id\":\"https:\\\/\\\/tenerifecenter.com\\\/es\\\/info\\\/permiso-residencia\\\/#breadcrumb\",\"itemListElement\":[{\"@type\":\"ListItem\",\"position\":1,\"name\":\"Home\",\"item\":\"https:\\\/\\\/tenerifecenter.com\\\/es\\\/\"},{\"@type\":\"ListItem\",\"position\":2,\"name\":\"Informaci\u00f3n\",\"item\":\"https:\\\/\\\/tenerifecenter.com\\\/es\\\/info\\\/\"},{\"@type\":\"ListItem\",\"position\":3,\"name\":\"Permiso residencia\"}]},{\"@type\":\"WebSite\",\"@id\":\"https:\\\/\\\/tenerifecenter.com\\\/es\\\/#website\",\"url\":\"https:\\\/\\\/tenerifecenter.com\\\/es\\\/\",\"name\":\"VYM Canarias\",\"description\":\"Real Estate - Tenerife\",\"potentialAction\":[{\"@type\":\"SearchAction\",\"target\":{\"@type\":\"EntryPoint\",\"urlTemplate\":\"https:\\\/\\\/tenerifecenter.com\\\/es\\\/?s={search_term_string}\"},\"query-input\":{\"@type\":\"PropertyValueSpecification\",\"valueRequired\":true,\"valueName\":\"search_term_string\"}}],\"inLanguage\":\"es\"}]}<\/script>\n<!-- \/ Yoast SEO plugin. -->","yoast_head_json":{"title":"Permiso de residencia en Espa\u00f1a: c\u00f3mo obtener un permiso de residencia.","description":"Todo lo que quer\u00eda saber para obtener un permiso de residencia en Espa\u00f1a. Registro de un permiso de residencia: informaci\u00f3n de la agencia inmobiliaria VYM Canarias.","robots":{"index":"index","follow":"follow","max-snippet":"max-snippet:-1","max-image-preview":"max-image-preview:large","max-video-preview":"max-video-preview:-1"},"canonical":"https:\/\/tenerifecenter.com\/es\/info\/permiso-residencia\/","og_locale":"es_ES","og_type":"article","og_title":"Permiso de residencia en Espa\u00f1a: c\u00f3mo obtener un permiso de residencia.","og_description":"Todo lo que quer\u00eda saber para obtener un permiso de residencia en Espa\u00f1a. Registro de un permiso de residencia: informaci\u00f3n de la agencia inmobiliaria VYM Canarias.","og_url":"https:\/\/tenerifecenter.com\/es\/info\/permiso-residencia\/","og_site_name":"VYM Canarias","article_publisher":"https:\/\/www.facebook.com\/vym.canarias","article_modified_time":"2019-11-19T20:32:19+00:00","og_image":[{"width":1920,"height":350,"url":"https:\/\/tenerifecenter.com\/wp-content\/uploads\/2019\/09\/vym-canarias-office-1.jpg","type":"image\/jpeg"}],"twitter_card":"summary_large_image","twitter_misc":{"Tiempo de lectura":"5 minutos"},"schema":{"@context":"https:\/\/schema.org","@graph":[{"@type":"WebPage","@id":"https:\/\/tenerifecenter.com\/es\/info\/permiso-residencia\/","url":"https:\/\/tenerifecenter.com\/es\/info\/permiso-residencia\/","name":"Permiso de residencia en Espa\u00f1a: c\u00f3mo obtener un permiso de residencia.","isPartOf":{"@id":"https:\/\/tenerifecenter.com\/es\/#website"},"primaryImageOfPage":{"@id":"https:\/\/tenerifecenter.com\/es\/info\/permiso-residencia\/#primaryimage"},"image":{"@id":"https:\/\/tenerifecenter.com\/es\/info\/permiso-residencia\/#primaryimage"},"thumbnailUrl":"https:\/\/tenerifecenter.com\/wp-content\/uploads\/2023\/03\/vym-canarias-office-2.jpeg","datePublished":"2019-07-21T20:14:29+00:00","dateModified":"2019-11-19T20:32:19+00:00","description":"Todo lo que quer\u00eda saber para obtener un permiso de residencia en Espa\u00f1a. Registro de un permiso de residencia: informaci\u00f3n de la agencia inmobiliaria VYM Canarias.","breadcrumb":{"@id":"https:\/\/tenerifecenter.com\/es\/info\/permiso-residencia\/#breadcrumb"},"inLanguage":"es","potentialAction":[{"@type":"ReadAction","target":["https:\/\/tenerifecenter.com\/es\/info\/permiso-residencia\/"]}]},{"@type":"ImageObject","inLanguage":"es","@id":"https:\/\/tenerifecenter.com\/es\/info\/permiso-residencia\/#primaryimage","url":"https:\/\/tenerifecenter.com\/wp-content\/uploads\/2023\/03\/vym-canarias-office-2.jpeg","contentUrl":"https:\/\/tenerifecenter.com\/wp-content\/uploads\/2023\/03\/vym-canarias-office-2.jpeg","width":1920,"height":350},{"@type":"BreadcrumbList","@id":"https:\/\/tenerifecenter.com\/es\/info\/permiso-residencia\/#breadcrumb","itemListElement":[{"@type":"ListItem","position":1,"name":"Home","item":"https:\/\/tenerifecenter.com\/es\/"},{"@type":"ListItem","position":2,"name":"Informaci\u00f3n","item":"https:\/\/tenerifecenter.com\/es\/info\/"},{"@type":"ListItem","position":3,"name":"Permiso residencia"}]},{"@type":"WebSite","@id":"https:\/\/tenerifecenter.com\/es\/#website","url":"https:\/\/tenerifecenter.com\/es\/","name":"VYM Canarias","description":"Real Estate - Tenerife","potentialAction":[{"@type":"SearchAction","target":{"@type":"EntryPoint","urlTemplate":"https:\/\/tenerifecenter.com\/es\/?s={search_term_string}"},"query-input":{"@type":"PropertyValueSpecification","valueRequired":true,"valueName":"search_term_string"}}],"inLanguage":"es"}]}},"_links":{"self":[{"href":"https:\/\/tenerifecenter.com\/es\/wp-json\/wp\/v2\/pages\/3304","targetHints":{"allow":["GET"]}}],"collection":[{"href":"https:\/\/tenerifecenter.com\/es\/wp-json\/wp\/v2\/pages"}],"about":[{"href":"https:\/\/tenerifecenter.com\/es\/wp-json\/wp\/v2\/types\/page"}],"author":[{"embeddable":true,"href":"https:\/\/tenerifecenter.com\/es\/wp-json\/wp\/v2\/users\/1"}],"replies":[{"embeddable":true,"href":"https:\/\/tenerifecenter.com\/es\/wp-json\/wp\/v2\/comments?post=3304"}],"version-history":[{"count":0,"href":"https:\/\/tenerifecenter.com\/es\/wp-json\/wp\/v2\/pages\/3304\/revisions"}],"up":[{"embeddable":true,"href":"https:\/\/tenerifecenter.com\/es\/wp-json\/wp\/v2\/pages\/3298"}],"wp:featuredmedia":[{"embeddable":true,"href":"https:\/\/tenerifecenter.com\/es\/wp-json\/wp\/v2\/media\/445603"}],"wp:attachment":[{"href":"https:\/\/tenerifecenter.com\/es\/wp-json\/wp\/v2\/media?parent=3304"}],"curies":[{"name":"wp","href":"https:\/\/api.w.org\/{rel}","templated":true}]}}