{"id":3280,"date":"2019-07-21T18:56:54","date_gmt":"2019-07-21T18:56:54","guid":{"rendered":"http:\/\/vym-wp.local\/services\/insurance-assistance\/"},"modified":"2019-11-19T14:19:54","modified_gmt":"2019-11-19T14:19:54","slug":"seguro","status":"publish","type":"page","link":"https:\/\/tenerifecenter.com\/es\/servicios\/seguro\/","title":{"rendered":"Seguro"},"content":{"rendered":"<p>Una de las primeras preguntas que surge al comprar una casa en Espa\u00f1a es el tema de la seguridad y el seguro de propiedad. El sistema de seguros espa\u00f1ol incluye seguros obligatorios y voluntarios. En el primer tipo de seguros se incluye el seguro de autom\u00f3vil y de la vivienda al comprar con una hipoteca, as\u00ed como algunos tipos de seguro para personas f\u00edsicas y jur\u00eddicas, por ejemplo, seguro de responsabilidad civil para abogados y m\u00e9dicos privados. El seguro voluntario incluye todo tipo de seguro m\u00e9dico y seguro de vida y salud contra accidentes.<\/p>\r\n\r\n<p>Los tipos de seguro en Espa\u00f1a se pueden dividir en tres grandes grupos:<\/p>\r\n\r\n<ul>\r\n  <li>seguro de autom\u00f3vil<\/li>\r\n  <li>seguro inmobiliario<\/li>\r\n  <li>seguro de salud<\/li>\r\n<\/ul>\r\n\r\n<h2>Seguro de coche<\/h2>\r\n\r\n<p>En Espa\u00f1a, cualquier veh\u00edculo debe estar asegurado. Hay dos tipos de seguro en esta categor\u00eda:<\/p>\r\n\r\n<ul>\r\n  <li>Seguro obligatorio de responsabilidad civil (equivalente al seguro CTP). Esta es una p\u00f3liza de seguro bajo la cual la compa\u00f1\u00eda de seguros se compromete a indemnizar los da\u00f1os causados a la propiedad o la salud de otros. El costo de una p\u00f3liza de seguro de autom\u00f3vil en Espa\u00f1a depende de la duraci\u00f3n del servicio, la edad del conductor, antig\u00fcedad del autom\u00f3vil, la marca, la tasa de accidentes, etc.<\/li>\r\n  <li>Seguro voluntario (an\u00e1logo a CASCO). Adem\u00e1s de la responsabilidad frente a terceros, incluye seguro de autom\u00f3vil contra robo y da\u00f1os, as\u00ed como seguro para el conductor y los pasajeros contra accidentes.<\/li>\r\n<\/ul>\r\n\r\n<h2>Seguro de la propiedad<\/h2>\r\n\r\n<p>Al igual que en el caso del seguro de autom\u00f3vil, se divide en dos categor\u00edas:<\/p>\r\n\r\n<ul>\r\n  <li>Seguro inmobiliario obligatorio al comprar una casa con una hipoteca y solicitar un pr\u00e9stamo hipotecario. En este caso,  el seguro es obligatorio.<\/li>\r\n  <li>Las opciones restantes para el seguro inmobiliario bajo la ley espa\u00f1ola son voluntarias e incluyen seguro de hogar contra varios da\u00f1os, desastres naturales, robos, incendios, aver\u00eda electrodom\u00e9sticos, etc.<\/li>\r\n<\/ul>\r\n\r\n<h2>Seguro de salud<\/h2>\r\n\r\n<ul>\r\n  <li>El seguro de salud p\u00fablico se aplica a todos los ni\u00f1os menores de 18 a\u00f1os que viven en Espa\u00f1a, independientemente de su estado legal, as\u00ed como a los residentes de Espa\u00f1a que hacen contribuciones al sistema de seguro social, es decir, trabajan oficialmente en Espa\u00f1a o est\u00e1n registrados en el servicio. empleo En algunas regiones de Espa\u00f1a, se brinda asistencia m\u00e9dica estatal a todas las categor\u00edas de la poblaci\u00f3n, incluidos los migrantes irregulares.<\/li>\r\n  <li>El seguro de salud privado en Espa\u00f1a ofrece la m\u00e1s amplia selecci\u00f3n de programas, m\u00e9dicos e instalaciones m\u00e9dicas. Seg\u00fan el tipo de categor\u00eda, puede obtener una gama muy diversa de servicios, incluidos ex\u00e1menes especiales, cirug\u00edas y hospitalizaci\u00f3n. El precio variara dependiendo del tipo de seguro contratado.<\/li>\r\n<\/ul>\r\n\r\n<p>El seguro en Espa\u00f1a se puede contratar con muchas compa\u00f1\u00edas. No es f\u00e1cil entender las p\u00f3lizas de seguros y comprender qu\u00e9 servicios son necesarios y cu\u00e1les son opcionales, sin el conocimiento de la ley espa\u00f1ola y los matices del seguro, es por eso que nuestra compa\u00f1\u00eda lo ayudara  a elegir el tipo de seguro que m\u00e1s se adapte a sus necesidades y as\u00ed poder  tomar una decisi\u00f3n correcta  y ahorrar tiempo y dinero.<\/p>\r\n","protected":false},"excerpt":{"rendered":"<p>Una de las primeras preguntas que surge al comprar una casa en Espa\u00f1a es el tema de la seguridad y el seguro de propiedad. El sistema de seguros espa\u00f1ol incluye seguros obligatorios y voluntarios. En el primer tipo de seguros se incluye el seguro de autom\u00f3vil y de la vivienda al comprar con una hipoteca, [&hellip;]<\/p>\n","protected":false},"author":1,"featured_media":445603,"parent":621,"menu_order":0,"comment_status":"closed","ping_status":"closed","template":"","meta":{"_acf_changed":false,"footnotes":""},"class_list":["post-3280","page","type-page","status-publish","has-post-thumbnail","hentry"],"acf":[],"yoast_head":"<!-- This site is optimized with the Yoast SEO plugin v27.4 - https:\/\/yoast.com\/product\/yoast-seo-wordpress\/ -->\n<title>Seguros en Tenerife (Islas Canarias): asistencia de seguros - VYM Canarias<\/title>\n<meta name=\"description\" content=\"\u00bfNecesita un seguro confiable en Tenerife (Islas Canarias, Espa\u00f1a)? Le ayudaremos con los documentos y el dise\u00f1o. Le ahorraremos tiempo y dinero en seguros.\" \/>\n<meta name=\"robots\" content=\"index, follow, max-snippet:-1, max-image-preview:large, max-video-preview:-1\" \/>\n<link rel=\"canonical\" href=\"https:\/\/tenerifecenter.com\/es\/servicios\/seguro\/\" \/>\n<meta property=\"og:locale\" content=\"es_ES\" \/>\n<meta property=\"og:type\" content=\"article\" \/>\n<meta property=\"og:title\" content=\"Seguros en Tenerife (Islas Canarias): asistencia de seguros - VYM Canarias\" \/>\n<meta property=\"og:description\" content=\"\u00bfNecesita un seguro confiable en Tenerife (Islas Canarias, Espa\u00f1a)? Le ayudaremos con los documentos y el dise\u00f1o. Le ahorraremos tiempo y dinero en seguros.\" \/>\n<meta property=\"og:url\" content=\"https:\/\/tenerifecenter.com\/es\/servicios\/seguro\/\" \/>\n<meta property=\"og:site_name\" content=\"VYM Canarias\" \/>\n<meta property=\"article:publisher\" content=\"https:\/\/www.facebook.com\/vym.canarias\" \/>\n<meta property=\"article:modified_time\" content=\"2019-11-19T14:19:54+00:00\" \/>\n<meta property=\"og:image\" content=\"https:\/\/tenerifecenter.com\/wp-content\/uploads\/2019\/09\/vym-canarias-office-1.jpg\" \/>\n\t<meta property=\"og:image:width\" content=\"1920\" \/>\n\t<meta property=\"og:image:height\" content=\"350\" \/>\n\t<meta property=\"og:image:type\" content=\"image\/jpeg\" \/>\n<meta name=\"twitter:card\" content=\"summary_large_image\" \/>\n<meta name=\"twitter:label1\" content=\"Tiempo de lectura\" \/>\n\t<meta name=\"twitter:data1\" content=\"3 minutos\" \/>\n<script type=\"application\/ld+json\" class=\"yoast-schema-graph\">{\"@context\":\"https:\\\/\\\/schema.org\",\"@graph\":[{\"@type\":\"WebPage\",\"@id\":\"https:\\\/\\\/tenerifecenter.com\\\/es\\\/servicios\\\/seguro\\\/\",\"url\":\"https:\\\/\\\/tenerifecenter.com\\\/es\\\/servicios\\\/seguro\\\/\",\"name\":\"Seguros en Tenerife (Islas Canarias): asistencia de seguros - VYM Canarias\",\"isPartOf\":{\"@id\":\"https:\\\/\\\/tenerifecenter.com\\\/es\\\/#website\"},\"primaryImageOfPage\":{\"@id\":\"https:\\\/\\\/tenerifecenter.com\\\/es\\\/servicios\\\/seguro\\\/#primaryimage\"},\"image\":{\"@id\":\"https:\\\/\\\/tenerifecenter.com\\\/es\\\/servicios\\\/seguro\\\/#primaryimage\"},\"thumbnailUrl\":\"https:\\\/\\\/tenerifecenter.com\\\/wp-content\\\/uploads\\\/2023\\\/03\\\/vym-canarias-office-2.jpeg\",\"datePublished\":\"2019-07-21T18:56:54+00:00\",\"dateModified\":\"2019-11-19T14:19:54+00:00\",\"description\":\"\u00bfNecesita un seguro confiable en Tenerife (Islas Canarias, Espa\u00f1a)? Le ayudaremos con los documentos y el dise\u00f1o. Le ahorraremos tiempo y dinero en seguros.\",\"breadcrumb\":{\"@id\":\"https:\\\/\\\/tenerifecenter.com\\\/es\\\/servicios\\\/seguro\\\/#breadcrumb\"},\"inLanguage\":\"es\",\"potentialAction\":[{\"@type\":\"ReadAction\",\"target\":[\"https:\\\/\\\/tenerifecenter.com\\\/es\\\/servicios\\\/seguro\\\/\"]}]},{\"@type\":\"ImageObject\",\"inLanguage\":\"es\",\"@id\":\"https:\\\/\\\/tenerifecenter.com\\\/es\\\/servicios\\\/seguro\\\/#primaryimage\",\"url\":\"https:\\\/\\\/tenerifecenter.com\\\/wp-content\\\/uploads\\\/2023\\\/03\\\/vym-canarias-office-2.jpeg\",\"contentUrl\":\"https:\\\/\\\/tenerifecenter.com\\\/wp-content\\\/uploads\\\/2023\\\/03\\\/vym-canarias-office-2.jpeg\",\"width\":1920,\"height\":350},{\"@type\":\"BreadcrumbList\",\"@id\":\"https:\\\/\\\/tenerifecenter.com\\\/es\\\/servicios\\\/seguro\\\/#breadcrumb\",\"itemListElement\":[{\"@type\":\"ListItem\",\"position\":1,\"name\":\"Home\",\"item\":\"https:\\\/\\\/tenerifecenter.com\\\/es\\\/\"},{\"@type\":\"ListItem\",\"position\":2,\"name\":\"Servicios\",\"item\":\"https:\\\/\\\/tenerifecenter.com\\\/es\\\/servicios\\\/\"},{\"@type\":\"ListItem\",\"position\":3,\"name\":\"Seguro\"}]},{\"@type\":\"WebSite\",\"@id\":\"https:\\\/\\\/tenerifecenter.com\\\/es\\\/#website\",\"url\":\"https:\\\/\\\/tenerifecenter.com\\\/es\\\/\",\"name\":\"VYM Canarias\",\"description\":\"Real Estate - Tenerife\",\"potentialAction\":[{\"@type\":\"SearchAction\",\"target\":{\"@type\":\"EntryPoint\",\"urlTemplate\":\"https:\\\/\\\/tenerifecenter.com\\\/es\\\/?s={search_term_string}\"},\"query-input\":{\"@type\":\"PropertyValueSpecification\",\"valueRequired\":true,\"valueName\":\"search_term_string\"}}],\"inLanguage\":\"es\"}]}<\/script>\n<!-- \/ Yoast SEO plugin. -->","yoast_head_json":{"title":"Seguros en Tenerife (Islas Canarias): asistencia de seguros - VYM Canarias","description":"\u00bfNecesita un seguro confiable en Tenerife (Islas Canarias, Espa\u00f1a)? Le ayudaremos con los documentos y el dise\u00f1o. Le ahorraremos tiempo y dinero en seguros.","robots":{"index":"index","follow":"follow","max-snippet":"max-snippet:-1","max-image-preview":"max-image-preview:large","max-video-preview":"max-video-preview:-1"},"canonical":"https:\/\/tenerifecenter.com\/es\/servicios\/seguro\/","og_locale":"es_ES","og_type":"article","og_title":"Seguros en Tenerife (Islas Canarias): asistencia de seguros - VYM Canarias","og_description":"\u00bfNecesita un seguro confiable en Tenerife (Islas Canarias, Espa\u00f1a)? Le ayudaremos con los documentos y el dise\u00f1o. Le ahorraremos tiempo y dinero en seguros.","og_url":"https:\/\/tenerifecenter.com\/es\/servicios\/seguro\/","og_site_name":"VYM Canarias","article_publisher":"https:\/\/www.facebook.com\/vym.canarias","article_modified_time":"2019-11-19T14:19:54+00:00","og_image":[{"width":1920,"height":350,"url":"https:\/\/tenerifecenter.com\/wp-content\/uploads\/2019\/09\/vym-canarias-office-1.jpg","type":"image\/jpeg"}],"twitter_card":"summary_large_image","twitter_misc":{"Tiempo de lectura":"3 minutos"},"schema":{"@context":"https:\/\/schema.org","@graph":[{"@type":"WebPage","@id":"https:\/\/tenerifecenter.com\/es\/servicios\/seguro\/","url":"https:\/\/tenerifecenter.com\/es\/servicios\/seguro\/","name":"Seguros en Tenerife (Islas Canarias): asistencia de seguros - VYM Canarias","isPartOf":{"@id":"https:\/\/tenerifecenter.com\/es\/#website"},"primaryImageOfPage":{"@id":"https:\/\/tenerifecenter.com\/es\/servicios\/seguro\/#primaryimage"},"image":{"@id":"https:\/\/tenerifecenter.com\/es\/servicios\/seguro\/#primaryimage"},"thumbnailUrl":"https:\/\/tenerifecenter.com\/wp-content\/uploads\/2023\/03\/vym-canarias-office-2.jpeg","datePublished":"2019-07-21T18:56:54+00:00","dateModified":"2019-11-19T14:19:54+00:00","description":"\u00bfNecesita un seguro confiable en Tenerife (Islas Canarias, Espa\u00f1a)? Le ayudaremos con los documentos y el dise\u00f1o. Le ahorraremos tiempo y dinero en seguros.","breadcrumb":{"@id":"https:\/\/tenerifecenter.com\/es\/servicios\/seguro\/#breadcrumb"},"inLanguage":"es","potentialAction":[{"@type":"ReadAction","target":["https:\/\/tenerifecenter.com\/es\/servicios\/seguro\/"]}]},{"@type":"ImageObject","inLanguage":"es","@id":"https:\/\/tenerifecenter.com\/es\/servicios\/seguro\/#primaryimage","url":"https:\/\/tenerifecenter.com\/wp-content\/uploads\/2023\/03\/vym-canarias-office-2.jpeg","contentUrl":"https:\/\/tenerifecenter.com\/wp-content\/uploads\/2023\/03\/vym-canarias-office-2.jpeg","width":1920,"height":350},{"@type":"BreadcrumbList","@id":"https:\/\/tenerifecenter.com\/es\/servicios\/seguro\/#breadcrumb","itemListElement":[{"@type":"ListItem","position":1,"name":"Home","item":"https:\/\/tenerifecenter.com\/es\/"},{"@type":"ListItem","position":2,"name":"Servicios","item":"https:\/\/tenerifecenter.com\/es\/servicios\/"},{"@type":"ListItem","position":3,"name":"Seguro"}]},{"@type":"WebSite","@id":"https:\/\/tenerifecenter.com\/es\/#website","url":"https:\/\/tenerifecenter.com\/es\/","name":"VYM Canarias","description":"Real Estate - Tenerife","potentialAction":[{"@type":"SearchAction","target":{"@type":"EntryPoint","urlTemplate":"https:\/\/tenerifecenter.com\/es\/?s={search_term_string}"},"query-input":{"@type":"PropertyValueSpecification","valueRequired":true,"valueName":"search_term_string"}}],"inLanguage":"es"}]}},"_links":{"self":[{"href":"https:\/\/tenerifecenter.com\/es\/wp-json\/wp\/v2\/pages\/3280","targetHints":{"allow":["GET"]}}],"collection":[{"href":"https:\/\/tenerifecenter.com\/es\/wp-json\/wp\/v2\/pages"}],"about":[{"href":"https:\/\/tenerifecenter.com\/es\/wp-json\/wp\/v2\/types\/page"}],"author":[{"embeddable":true,"href":"https:\/\/tenerifecenter.com\/es\/wp-json\/wp\/v2\/users\/1"}],"replies":[{"embeddable":true,"href":"https:\/\/tenerifecenter.com\/es\/wp-json\/wp\/v2\/comments?post=3280"}],"version-history":[{"count":0,"href":"https:\/\/tenerifecenter.com\/es\/wp-json\/wp\/v2\/pages\/3280\/revisions"}],"up":[{"embeddable":true,"href":"https:\/\/tenerifecenter.com\/es\/wp-json\/wp\/v2\/pages\/621"}],"wp:featuredmedia":[{"embeddable":true,"href":"https:\/\/tenerifecenter.com\/es\/wp-json\/wp\/v2\/media\/445603"}],"wp:attachment":[{"href":"https:\/\/tenerifecenter.com\/es\/wp-json\/wp\/v2\/media?parent=3280"}],"curies":[{"name":"wp","href":"https:\/\/api.w.org\/{rel}","templated":true}]}}