{"id":3273,"date":"2019-07-21T18:37:16","date_gmt":"2019-07-21T18:37:16","guid":{"rendered":"http:\/\/vym-wp.local\/services\/legal-services\/"},"modified":"2019-11-19T14:15:59","modified_gmt":"2019-11-19T14:15:59","slug":"servicios-juridicos","status":"publish","type":"page","link":"https:\/\/tenerifecenter.com\/es\/servicios\/servicios-juridicos\/","title":{"rendered":"Servicios Juridicos"},"content":{"rendered":"<p>\u00bfEst\u00e1s pensando en comprar una propiedad en Tenerife? \u00bfYa est\u00e1 decidido y est\u00e1 buscando opciones? \u00bfEncontr\u00f3 lo que le gusta, pero no est\u00e1 seguro de la legalidad de la propiedad? Le ayudaremos en cualquier etapa de la preparaci\u00f3n de la compra y le brindaremos soporte legal completo para la transacci\u00f3n.<\/p>\r\n\r\n<h2>Consulta sobre el proceso de compra de inmuebles en Espa\u00f1a<\/h2>\r\n\r\n<p>En una consulta legal, aprender\u00e1 sobre las reglas para registrar una transacci\u00f3n de bienes ra\u00edces en Espa\u00f1a. Le informaremos sobre los documentos necesarios, los derechos y obligaciones de un propietario en Tenerife, los impuestos y el procedimiento para obtener una hipoteca en Espa\u00f1a. Puede asistir a una reuni\u00f3n con un abogado en una de nuestras oficinas o solicitar una consulta por tel\u00e9fono.<\/p>\r\n\r\n<h2>Ayuda con el registro de NIE y la apertura de una cuenta bancaria<\/h2>\r\n\r\n<p>Para comprar una propiedad en Espa\u00f1a solo necesita  un NIE (n\u00famero de impuesto de extranjero) y una cuenta en un banco espa\u00f1ol. Le ayudaremos a obtener un NIE y abrir una cuenta bancaria en pocos d\u00edas.<\/p>\r\n\r\n<h2>Comprobaci\u00f3n legal y tasaci\u00f3n independiente de bienes inmuebles<\/h2>\r\n\r\n<p>Para asegurarnos de que la transacci\u00f3n est\u00e9 correcta, verificamos el objeto en busca de deudas y grav\u00e1menes, comparamos la informaci\u00f3n real con la reflejada en el registro de propiedades y verificamos la legalidad del objeto. Tambi\u00e9n llevamos a cabo una evaluaci\u00f3n independiente de bienes inmuebles y brindamos una opini\u00f3n experta sobre el valor de la propiedad.<\/p>\r\n\r\n<h2>Preparaci\u00f3n de documentos para procesar una transacci\u00f3n<\/h2>\r\n\r\n<ul>\r\n  <li>Elaboramos un contrato de compraventa preliminar.<\/li>\r\n  <li>Organizamos la  transacci\u00f3n en un notario con la participaci\u00f3n de un int\u00e9rprete.<\/li>\r\n  <li>Le acompa\u00f1amos en  la transacci\u00f3n, asesoramos en el proceso y estamos presentes en la firma de la escritura.<\/li>\r\n<\/ul>\r\n\r\n<h2>Servicios de administraci\u00f3n de propiedades<\/h2>\r\n\r\n<p>Brindamos una variedad de servicios de administraci\u00f3n de bienes ra\u00edces: desde asistencia con el pago de impuestos y facturas de servicios p\u00fablicos hasta el alquiler de un apartamento. Tenerife, como en otros lugares, tiene sus propias caracter\u00edsticas del mercado de alquiler. Conocer los matices del mercado y las complejidades de la legislaci\u00f3n regional protege contra decisiones de riesgo.<\/p>\r\n\r\n<p>Conf\u00ede en profesionales y su propiedad le brindar\u00e1 un ingreso estable.<\/p>\r\n","protected":false},"excerpt":{"rendered":"<p>\u00bfEst\u00e1s pensando en comprar una propiedad en Tenerife? \u00bfYa est\u00e1 decidido y est\u00e1 buscando opciones? \u00bfEncontr\u00f3 lo que le gusta, pero no est\u00e1 seguro de la legalidad de la propiedad? Le ayudaremos en cualquier etapa de la preparaci\u00f3n de la compra y le brindaremos soporte legal completo para la transacci\u00f3n. Consulta sobre el proceso de [&hellip;]<\/p>\n","protected":false},"author":1,"featured_media":445603,"parent":621,"menu_order":0,"comment_status":"closed","ping_status":"closed","template":"","meta":{"_acf_changed":false,"footnotes":""},"class_list":["post-3273","page","type-page","status-publish","has-post-thumbnail","hentry"],"acf":[],"yoast_head":"<!-- This site is optimized with the Yoast SEO plugin v27.3 - https:\/\/yoast.com\/product\/yoast-seo-wordpress\/ -->\n<title>Servicios Jur\u00eddicos Inmobiliarios de Tenerife - VYM Canarias<\/title>\n<meta name=\"description\" content=\"\u00bfC\u00f3mo comprar una vivienda en Tenerife (Islas Canarias) y protegerse? Ayuda de abogados: documentos, revisi\u00f3n experta, gesti\u00f3n inmobiliaria.\" \/>\n<meta name=\"robots\" content=\"index, follow, max-snippet:-1, max-image-preview:large, max-video-preview:-1\" \/>\n<link rel=\"canonical\" href=\"https:\/\/tenerifecenter.com\/es\/servicios\/servicios-juridicos\/\" \/>\n<meta property=\"og:locale\" content=\"es_ES\" \/>\n<meta property=\"og:type\" content=\"article\" \/>\n<meta property=\"og:title\" content=\"Servicios Jur\u00eddicos Inmobiliarios de Tenerife - VYM Canarias\" \/>\n<meta property=\"og:description\" content=\"\u00bfC\u00f3mo comprar una vivienda en Tenerife (Islas Canarias) y protegerse? Ayuda de abogados: documentos, revisi\u00f3n experta, gesti\u00f3n inmobiliaria.\" \/>\n<meta property=\"og:url\" content=\"https:\/\/tenerifecenter.com\/es\/servicios\/servicios-juridicos\/\" \/>\n<meta property=\"og:site_name\" content=\"VYM Canarias\" \/>\n<meta property=\"article:publisher\" content=\"https:\/\/www.facebook.com\/vym.canarias\" \/>\n<meta property=\"article:modified_time\" content=\"2019-11-19T14:15:59+00:00\" \/>\n<meta property=\"og:image\" content=\"https:\/\/tenerifecenter.com\/wp-content\/uploads\/2019\/09\/vym-canarias-office-1.jpg\" \/>\n\t<meta property=\"og:image:width\" content=\"1920\" \/>\n\t<meta property=\"og:image:height\" content=\"350\" \/>\n\t<meta property=\"og:image:type\" content=\"image\/jpeg\" \/>\n<meta name=\"twitter:card\" content=\"summary_large_image\" \/>\n<meta name=\"twitter:label1\" content=\"Tiempo de lectura\" \/>\n\t<meta name=\"twitter:data1\" content=\"2 minutos\" \/>\n<script type=\"application\/ld+json\" class=\"yoast-schema-graph\">{\"@context\":\"https:\\\/\\\/schema.org\",\"@graph\":[{\"@type\":\"WebPage\",\"@id\":\"https:\\\/\\\/tenerifecenter.com\\\/es\\\/servicios\\\/servicios-juridicos\\\/\",\"url\":\"https:\\\/\\\/tenerifecenter.com\\\/es\\\/servicios\\\/servicios-juridicos\\\/\",\"name\":\"Servicios Jur\u00eddicos Inmobiliarios de Tenerife - VYM Canarias\",\"isPartOf\":{\"@id\":\"https:\\\/\\\/tenerifecenter.com\\\/es\\\/#website\"},\"primaryImageOfPage\":{\"@id\":\"https:\\\/\\\/tenerifecenter.com\\\/es\\\/servicios\\\/servicios-juridicos\\\/#primaryimage\"},\"image\":{\"@id\":\"https:\\\/\\\/tenerifecenter.com\\\/es\\\/servicios\\\/servicios-juridicos\\\/#primaryimage\"},\"thumbnailUrl\":\"https:\\\/\\\/tenerifecenter.com\\\/wp-content\\\/uploads\\\/2023\\\/03\\\/vym-canarias-office-2.jpeg\",\"datePublished\":\"2019-07-21T18:37:16+00:00\",\"dateModified\":\"2019-11-19T14:15:59+00:00\",\"description\":\"\u00bfC\u00f3mo comprar una vivienda en Tenerife (Islas Canarias) y protegerse? Ayuda de abogados: documentos, revisi\u00f3n experta, gesti\u00f3n inmobiliaria.\",\"breadcrumb\":{\"@id\":\"https:\\\/\\\/tenerifecenter.com\\\/es\\\/servicios\\\/servicios-juridicos\\\/#breadcrumb\"},\"inLanguage\":\"es\",\"potentialAction\":[{\"@type\":\"ReadAction\",\"target\":[\"https:\\\/\\\/tenerifecenter.com\\\/es\\\/servicios\\\/servicios-juridicos\\\/\"]}]},{\"@type\":\"ImageObject\",\"inLanguage\":\"es\",\"@id\":\"https:\\\/\\\/tenerifecenter.com\\\/es\\\/servicios\\\/servicios-juridicos\\\/#primaryimage\",\"url\":\"https:\\\/\\\/tenerifecenter.com\\\/wp-content\\\/uploads\\\/2023\\\/03\\\/vym-canarias-office-2.jpeg\",\"contentUrl\":\"https:\\\/\\\/tenerifecenter.com\\\/wp-content\\\/uploads\\\/2023\\\/03\\\/vym-canarias-office-2.jpeg\",\"width\":1920,\"height\":350},{\"@type\":\"BreadcrumbList\",\"@id\":\"https:\\\/\\\/tenerifecenter.com\\\/es\\\/servicios\\\/servicios-juridicos\\\/#breadcrumb\",\"itemListElement\":[{\"@type\":\"ListItem\",\"position\":1,\"name\":\"Home\",\"item\":\"https:\\\/\\\/tenerifecenter.com\\\/es\\\/\"},{\"@type\":\"ListItem\",\"position\":2,\"name\":\"Servicios\",\"item\":\"https:\\\/\\\/tenerifecenter.com\\\/es\\\/servicios\\\/\"},{\"@type\":\"ListItem\",\"position\":3,\"name\":\"Servicios Juridicos\"}]},{\"@type\":\"WebSite\",\"@id\":\"https:\\\/\\\/tenerifecenter.com\\\/es\\\/#website\",\"url\":\"https:\\\/\\\/tenerifecenter.com\\\/es\\\/\",\"name\":\"VYM Canarias\",\"description\":\"Real Estate - Tenerife\",\"potentialAction\":[{\"@type\":\"SearchAction\",\"target\":{\"@type\":\"EntryPoint\",\"urlTemplate\":\"https:\\\/\\\/tenerifecenter.com\\\/es\\\/?s={search_term_string}\"},\"query-input\":{\"@type\":\"PropertyValueSpecification\",\"valueRequired\":true,\"valueName\":\"search_term_string\"}}],\"inLanguage\":\"es\"}]}<\/script>\n<!-- \/ Yoast SEO plugin. -->","yoast_head_json":{"title":"Servicios Jur\u00eddicos Inmobiliarios de Tenerife - VYM Canarias","description":"\u00bfC\u00f3mo comprar una vivienda en Tenerife (Islas Canarias) y protegerse? Ayuda de abogados: documentos, revisi\u00f3n experta, gesti\u00f3n inmobiliaria.","robots":{"index":"index","follow":"follow","max-snippet":"max-snippet:-1","max-image-preview":"max-image-preview:large","max-video-preview":"max-video-preview:-1"},"canonical":"https:\/\/tenerifecenter.com\/es\/servicios\/servicios-juridicos\/","og_locale":"es_ES","og_type":"article","og_title":"Servicios Jur\u00eddicos Inmobiliarios de Tenerife - VYM Canarias","og_description":"\u00bfC\u00f3mo comprar una vivienda en Tenerife (Islas Canarias) y protegerse? Ayuda de abogados: documentos, revisi\u00f3n experta, gesti\u00f3n inmobiliaria.","og_url":"https:\/\/tenerifecenter.com\/es\/servicios\/servicios-juridicos\/","og_site_name":"VYM Canarias","article_publisher":"https:\/\/www.facebook.com\/vym.canarias","article_modified_time":"2019-11-19T14:15:59+00:00","og_image":[{"width":1920,"height":350,"url":"https:\/\/tenerifecenter.com\/wp-content\/uploads\/2019\/09\/vym-canarias-office-1.jpg","type":"image\/jpeg"}],"twitter_card":"summary_large_image","twitter_misc":{"Tiempo de lectura":"2 minutos"},"schema":{"@context":"https:\/\/schema.org","@graph":[{"@type":"WebPage","@id":"https:\/\/tenerifecenter.com\/es\/servicios\/servicios-juridicos\/","url":"https:\/\/tenerifecenter.com\/es\/servicios\/servicios-juridicos\/","name":"Servicios Jur\u00eddicos Inmobiliarios de Tenerife - VYM Canarias","isPartOf":{"@id":"https:\/\/tenerifecenter.com\/es\/#website"},"primaryImageOfPage":{"@id":"https:\/\/tenerifecenter.com\/es\/servicios\/servicios-juridicos\/#primaryimage"},"image":{"@id":"https:\/\/tenerifecenter.com\/es\/servicios\/servicios-juridicos\/#primaryimage"},"thumbnailUrl":"https:\/\/tenerifecenter.com\/wp-content\/uploads\/2023\/03\/vym-canarias-office-2.jpeg","datePublished":"2019-07-21T18:37:16+00:00","dateModified":"2019-11-19T14:15:59+00:00","description":"\u00bfC\u00f3mo comprar una vivienda en Tenerife (Islas Canarias) y protegerse? Ayuda de abogados: documentos, revisi\u00f3n experta, gesti\u00f3n inmobiliaria.","breadcrumb":{"@id":"https:\/\/tenerifecenter.com\/es\/servicios\/servicios-juridicos\/#breadcrumb"},"inLanguage":"es","potentialAction":[{"@type":"ReadAction","target":["https:\/\/tenerifecenter.com\/es\/servicios\/servicios-juridicos\/"]}]},{"@type":"ImageObject","inLanguage":"es","@id":"https:\/\/tenerifecenter.com\/es\/servicios\/servicios-juridicos\/#primaryimage","url":"https:\/\/tenerifecenter.com\/wp-content\/uploads\/2023\/03\/vym-canarias-office-2.jpeg","contentUrl":"https:\/\/tenerifecenter.com\/wp-content\/uploads\/2023\/03\/vym-canarias-office-2.jpeg","width":1920,"height":350},{"@type":"BreadcrumbList","@id":"https:\/\/tenerifecenter.com\/es\/servicios\/servicios-juridicos\/#breadcrumb","itemListElement":[{"@type":"ListItem","position":1,"name":"Home","item":"https:\/\/tenerifecenter.com\/es\/"},{"@type":"ListItem","position":2,"name":"Servicios","item":"https:\/\/tenerifecenter.com\/es\/servicios\/"},{"@type":"ListItem","position":3,"name":"Servicios Juridicos"}]},{"@type":"WebSite","@id":"https:\/\/tenerifecenter.com\/es\/#website","url":"https:\/\/tenerifecenter.com\/es\/","name":"VYM Canarias","description":"Real Estate - Tenerife","potentialAction":[{"@type":"SearchAction","target":{"@type":"EntryPoint","urlTemplate":"https:\/\/tenerifecenter.com\/es\/?s={search_term_string}"},"query-input":{"@type":"PropertyValueSpecification","valueRequired":true,"valueName":"search_term_string"}}],"inLanguage":"es"}]}},"_links":{"self":[{"href":"https:\/\/tenerifecenter.com\/es\/wp-json\/wp\/v2\/pages\/3273","targetHints":{"allow":["GET"]}}],"collection":[{"href":"https:\/\/tenerifecenter.com\/es\/wp-json\/wp\/v2\/pages"}],"about":[{"href":"https:\/\/tenerifecenter.com\/es\/wp-json\/wp\/v2\/types\/page"}],"author":[{"embeddable":true,"href":"https:\/\/tenerifecenter.com\/es\/wp-json\/wp\/v2\/users\/1"}],"replies":[{"embeddable":true,"href":"https:\/\/tenerifecenter.com\/es\/wp-json\/wp\/v2\/comments?post=3273"}],"version-history":[{"count":0,"href":"https:\/\/tenerifecenter.com\/es\/wp-json\/wp\/v2\/pages\/3273\/revisions"}],"up":[{"embeddable":true,"href":"https:\/\/tenerifecenter.com\/es\/wp-json\/wp\/v2\/pages\/621"}],"wp:featuredmedia":[{"embeddable":true,"href":"https:\/\/tenerifecenter.com\/es\/wp-json\/wp\/v2\/media\/445603"}],"wp:attachment":[{"href":"https:\/\/tenerifecenter.com\/es\/wp-json\/wp\/v2\/media?parent=3273"}],"curies":[{"name":"wp","href":"https:\/\/api.w.org\/{rel}","templated":true}]}}