{"id":3233,"date":"2019-07-21T20:11:14","date_gmt":"2019-07-21T20:11:14","guid":{"rendered":"http:\/\/vym-wp.local\/visas-to-spain\/"},"modified":"2023-02-09T15:58:06","modified_gmt":"2023-02-09T15:58:06","slug":"visados","status":"publish","type":"page","link":"https:\/\/tenerifecenter.com\/es\/info\/visados\/","title":{"rendered":"Visados"},"content":{"rendered":"<p>En 2018, 1,2 millones de turistas de Rusia visitaron Espa\u00f1a. Adem\u00e1s, seg\u00fan los datos de 2018, 77.379 inmigrantes de Rusia viven en Espa\u00f1a de forma permanente. Al mismo tiempo, tanto los turistas como los inmigrantes de Rusia a Espa\u00f1a se incrementan cada vez m\u00e1s anualmente. En este art\u00edculo le diremos qu\u00e9 tipos de visados se requieren para visitas individuales y regulares a Espa\u00f1a, as\u00ed como para la residencia legal en el pa\u00eds.<\/p>\r\n\r\n<p>Espa\u00f1a forma parte del espacio Schengen, que actualmente consta de 26 estados. Casi todos, con excepci\u00f3n de Islandia, Noruega, Suiza y Liechtenstein, son miembros de la UE. Si tiene una visado Schengen tur\u00edstico est\u00e1ndar dentro de la zona Schengen, puede moverse sin restricciones.<\/p>\r\n\r\n<h2>Visados de Corto Plazo a Espa\u00f1a<\/h2>\r\n\r\n<p>El Visado m\u00e1s com\u00fan solicitada por los viajeros a Espa\u00f1a es una visado Schengen de categor\u00eda C. Le otorga el derecho de permanecer en el pa\u00eds por no m\u00e1s de 90 d\u00edas cada 6 meses. Adem\u00e1s de esto, hay visados de tr\u00e1nsito y de largo plazo a Espa\u00f1a.<\/p>\r\n\r\n<table>\r\n  <tbody>\r\n    <tr>\r\n      <td>Categor\u00eda  A<\/td>\r\n      <td>\r\n        <p>Se requiere una visado de categor\u00eda solo para ciudadanos de Afganist\u00e1n, Bangladesh, Ghana, la Rep\u00fablica Democr\u00e1tica del Congo, Ir\u00e1n, Irak, Liberia, Nigeria, Pakist\u00e1n, Somalia, Sri Lanka, Eritrea y Etiop\u00eda. Este es una visadp de tr\u00e1nsito, que otorga el derecho solo a permanecer en la zona internacional del aeropuerto.<\/p>\r\n        <p>Su validez est\u00e1 limitada a 48 horas.<\/p>\r\n      <\/td>\r\n    <\/tr>\r\n    <tr>\r\n      <td>Categor\u00eda  B<\/td>\r\n      <td>\r\n        <p>Un visado de tr\u00e1nsito, dise\u00f1ada para la entrada 1-2 en la zona Schengen cuando se viaja a un tercer estado. Validez &#8211; 5 d\u00edas. <\/p>\r\n      <\/td>\r\n    <\/tr>\r\n    <tr>\r\n      <td>Categor\u00eda  B<\/td>\r\n      <td>\r\n        <p>Visado de turista est\u00e1ndar para una o varias visitas a pa\u00edses Schengen. Validez: 90 d\u00edas ,cada 6 meses (180 d\u00edas). <\/p>\r\n      <\/td>\r\n    <\/tr>\r\n  <\/tbody>\r\n<\/table>\r\n\r\n<p>Los visados Schengen son simples, dobles y m\u00faltiples (visa m\u00faltiple). Los dos primeros tipos est\u00e1n limitados tanto por el n\u00famero de entradas permitidas como por per\u00edodos de validez estrictos. La multivisado es v\u00e1lida de 1 a\u00f1o a 5 a\u00f1os y otorga el derecho a un n\u00famero ilimitado de entradas al pa\u00eds que emiti\u00f3 la visa, as\u00ed como a la libre circulaci\u00f3n en el \u00e1rea Schengen. La duraci\u00f3n de la estancia se limita a 180 d\u00edas por a\u00f1o. Por lo tanto, multivisado a Espa\u00f1a le permitir\u00e1 permanecer en el pa\u00eds por no m\u00e1s de 90 d\u00edas en cada medio a\u00f1o.<\/p>\r\n\r\n<p>Como regla general, puede obtener una visa Schengen por un a\u00f1o sin ning\u00fan problema. Schengen se emite por 2 a\u00f1os o 5 a\u00f1os ya en ciertas condiciones: por ejemplo, si viaja con frecuencia por el \u00e1rea de Schengen y ya tiene varias visas anuales. Adem\u00e1s, se otorga una visa m\u00faltiple a Espa\u00f1a por un per\u00edodo de 5 a\u00f1os a los propietarios de bienes inmuebles en Espa\u00f1a al proporcionar un extracto del catastro inmobiliario. Adem\u00e1s del propio propietario, los miembros de su familia pueden solicitar una multivisado: esposas \/ esposos, hijos, padres y nietos.<\/p>\r\n\r\n<h2>Documentos de visado de Espa\u00f1a<\/h2>\r\n\r\n<p>Para obtener unvisado para Espa\u00f1a, deber\u00e1 proporcionar los siguientes documentos:<\/p>\r\n\r\n<ul>\r\n  <li>formulario de solicitud de visado completado;<\/li>\r\n  <li>pasaporte extranjero;<\/li>\r\n  <li>una copia de un pasaporte extranjero (incluida la primera p\u00e1gina y todas las p\u00e1ginas con visados);<\/li>\r\n  <li>el original y las copias de todos los pasaportes anteriores;<\/li>\r\n  <li>el original y una copia del pasaporte interno (todas las p\u00e1ginas completadas);<\/li>\r\n  <li>2 fotograf\u00edas en color que miden 3.5 x 4.5 cm sobre un fondo blanco;<\/li>\r\n  <li>seguro m\u00e9dico con un monto m\u00ednimo de cobertura de seguro de 30 mil euros;<\/li>\r\n  <li>tasa de visado (el precio var\u00eda)<\/li>\r\n  <li>para menores: el original y una copia del certificado de nacimiento<\/li>\r\n<\/ul>\r\n\r\n<p>Dependiendo del prop\u00f3sito del viaje, tambi\u00e9n deber\u00e1 proporcionar documentos adicionales:<\/p>\r\n\r\n<ul>\r\n  <li>un viaje tur\u00edstico: prueba de residencia (reserva de hotel o apartamento) y confirmaci\u00f3n de ruta (reserva de la aerol\u00ednea), un documento que certifique la solvencia (certificado de empleo, extracto bancario);<\/li>\r\n  <li>viaje de negocios: una solicitud por escrito del anfitri\u00f3n (por ejemplo, de la compa\u00f1\u00eda que organiz\u00f3 el evento);<\/li>\r\n  <li>estudio: una solicitud por escrito de una instituci\u00f3n educativa;<\/li>\r\n  <li>relativas a familiares visitantes: una invitaci\u00f3n del anfitri\u00f3n, confirmaci\u00f3n de la legalidad de su residencia en el pa\u00eds, confirmaci\u00f3n de los lazos familiares y un certificado de ingresos.<\/li>\r\n<\/ul>\r\n\r\n<h2>Visados a largo plazo a Espa\u00f1a<\/h2>\r\n\r\n<p>Para una estad\u00eda a largo plazo en Espa\u00f1a que exceda los 90 d\u00edas durante un semestre, se solicita una visado tipo D. Como regla general, solicitar una visado de categor\u00eda D requiere un permiso de residencia. Al obtener una visado D, el solicitante puede solicitar una tarjeta de residencia espa\u00f1ola, que puede renovar sin salir del pa\u00eds.<\/p>\r\n\r\n<p>De acuerdo con las normas generales, puede solicitar la residencia permanente en Espa\u00f1a despu\u00e9s de 5 a\u00f1os de estancia legal en el pa\u00eds. Por lo tanto, el visado D es el primer paso para obtener un permiso de residencia permanente en Espa\u00f1a.<\/p>\r\n\r\n<p>Categor\u00edas de permisos de residencia en Espa\u00f1a seg\u00fan el prop\u00f3sito de la estancia:<\/p>\r\n\r\n<ul>\r\n  <li><a href=\"\/es\/info\/permiso-residencia\/\">Visado de inversionista o Visado de oro<\/a><\/li>\r\n  <li>Permiso de residencia con derecho a trabajar<\/li>\r\n  <li>Visado de estudio<\/li>\r\n  <li>Permiso de residencia sin derecho a trabajar<\/li>\r\n  <li>Permiso de residencia para la agrupaci\u00f3n familiar<\/li>\r\n<\/ul>\r\n\r\n<p>Se puede solicitar un permiso de residencia en Espa\u00f1a con o sin derecho a trabajar, para estudiar en universidades espa\u00f1olas o para reunirse con la familia.<\/p>\r\n\r\n<p>Lea m\u00e1s sobre el permiso de residencia en Espa\u00f1a, c\u00f3mo obtenerlo y los documentos necesarios en nuestra web.<\/p>","protected":false},"excerpt":{"rendered":"<p>En 2018, 1,2 millones de turistas de Rusia visitaron Espa\u00f1a. Adem\u00e1s, seg\u00fan los datos de 2018, 77.379 inmigrantes de Rusia viven en Espa\u00f1a de forma permanente. Al mismo tiempo, tanto los turistas como los inmigrantes de Rusia a Espa\u00f1a se incrementan cada vez m\u00e1s anualmente. En este art\u00edculo le diremos qu\u00e9 tipos de visados se [&hellip;]<\/p>\n","protected":false},"author":1,"featured_media":445603,"parent":3298,"menu_order":0,"comment_status":"closed","ping_status":"closed","template":"","meta":{"_acf_changed":false,"footnotes":""},"class_list":["post-3233","page","type-page","status-publish","has-post-thumbnail","hentry"],"acf":[],"yoast_head":"<!-- This site is optimized with the Yoast SEO plugin v27.3 - https:\/\/yoast.com\/product\/yoast-seo-wordpress\/ -->\n<title>C\u00f3mo obtener una visa para Espa\u00f1a. Instrucciones detalladas<\/title>\n<meta name=\"description\" content=\"\u00bfC\u00f3mo obtener una visa para Espa\u00f1a? Memo de Visa VYM Canarias Real Estate (Tenerife, Islas Canarias).\" \/>\n<meta name=\"robots\" content=\"index, follow, max-snippet:-1, max-image-preview:large, max-video-preview:-1\" \/>\n<link rel=\"canonical\" href=\"https:\/\/tenerifecenter.com\/es\/info\/visados\/\" \/>\n<meta property=\"og:locale\" content=\"es_ES\" \/>\n<meta property=\"og:type\" content=\"article\" \/>\n<meta property=\"og:title\" content=\"C\u00f3mo obtener una visa para Espa\u00f1a. Instrucciones detalladas\" \/>\n<meta property=\"og:description\" content=\"\u00bfC\u00f3mo obtener una visa para Espa\u00f1a? Memo de Visa VYM Canarias Real Estate (Tenerife, Islas Canarias).\" \/>\n<meta property=\"og:url\" content=\"https:\/\/tenerifecenter.com\/es\/info\/visados\/\" \/>\n<meta property=\"og:site_name\" content=\"VYM Canarias\" \/>\n<meta property=\"article:publisher\" content=\"https:\/\/www.facebook.com\/vym.canarias\" \/>\n<meta property=\"article:modified_time\" content=\"2023-02-09T15:58:06+00:00\" \/>\n<meta property=\"og:image\" content=\"https:\/\/tenerifecenter.com\/wp-content\/uploads\/2019\/09\/vym-canarias-office-1.jpg\" \/>\n\t<meta property=\"og:image:width\" content=\"1920\" \/>\n\t<meta property=\"og:image:height\" content=\"350\" \/>\n\t<meta property=\"og:image:type\" content=\"image\/jpeg\" \/>\n<meta name=\"twitter:card\" content=\"summary_large_image\" \/>\n<meta name=\"twitter:label1\" content=\"Tiempo de lectura\" \/>\n\t<meta name=\"twitter:data1\" content=\"4 minutos\" \/>\n<script type=\"application\/ld+json\" class=\"yoast-schema-graph\">{\"@context\":\"https:\\\/\\\/schema.org\",\"@graph\":[{\"@type\":\"WebPage\",\"@id\":\"https:\\\/\\\/tenerifecenter.com\\\/es\\\/info\\\/visados\\\/\",\"url\":\"https:\\\/\\\/tenerifecenter.com\\\/es\\\/info\\\/visados\\\/\",\"name\":\"C\u00f3mo obtener una visa para Espa\u00f1a. Instrucciones detalladas\",\"isPartOf\":{\"@id\":\"https:\\\/\\\/tenerifecenter.com\\\/es\\\/#website\"},\"primaryImageOfPage\":{\"@id\":\"https:\\\/\\\/tenerifecenter.com\\\/es\\\/info\\\/visados\\\/#primaryimage\"},\"image\":{\"@id\":\"https:\\\/\\\/tenerifecenter.com\\\/es\\\/info\\\/visados\\\/#primaryimage\"},\"thumbnailUrl\":\"https:\\\/\\\/tenerifecenter.com\\\/wp-content\\\/uploads\\\/2023\\\/03\\\/vym-canarias-office-2.jpeg\",\"datePublished\":\"2019-07-21T20:11:14+00:00\",\"dateModified\":\"2023-02-09T15:58:06+00:00\",\"description\":\"\u00bfC\u00f3mo obtener una visa para Espa\u00f1a? Memo de Visa VYM Canarias Real Estate (Tenerife, Islas Canarias).\",\"breadcrumb\":{\"@id\":\"https:\\\/\\\/tenerifecenter.com\\\/es\\\/info\\\/visados\\\/#breadcrumb\"},\"inLanguage\":\"es\",\"potentialAction\":[{\"@type\":\"ReadAction\",\"target\":[\"https:\\\/\\\/tenerifecenter.com\\\/es\\\/info\\\/visados\\\/\"]}]},{\"@type\":\"ImageObject\",\"inLanguage\":\"es\",\"@id\":\"https:\\\/\\\/tenerifecenter.com\\\/es\\\/info\\\/visados\\\/#primaryimage\",\"url\":\"https:\\\/\\\/tenerifecenter.com\\\/wp-content\\\/uploads\\\/2023\\\/03\\\/vym-canarias-office-2.jpeg\",\"contentUrl\":\"https:\\\/\\\/tenerifecenter.com\\\/wp-content\\\/uploads\\\/2023\\\/03\\\/vym-canarias-office-2.jpeg\",\"width\":1920,\"height\":350},{\"@type\":\"BreadcrumbList\",\"@id\":\"https:\\\/\\\/tenerifecenter.com\\\/es\\\/info\\\/visados\\\/#breadcrumb\",\"itemListElement\":[{\"@type\":\"ListItem\",\"position\":1,\"name\":\"Home\",\"item\":\"https:\\\/\\\/tenerifecenter.com\\\/es\\\/\"},{\"@type\":\"ListItem\",\"position\":2,\"name\":\"Informaci\u00f3n\",\"item\":\"https:\\\/\\\/tenerifecenter.com\\\/es\\\/info\\\/\"},{\"@type\":\"ListItem\",\"position\":3,\"name\":\"Visados\"}]},{\"@type\":\"WebSite\",\"@id\":\"https:\\\/\\\/tenerifecenter.com\\\/es\\\/#website\",\"url\":\"https:\\\/\\\/tenerifecenter.com\\\/es\\\/\",\"name\":\"VYM Canarias\",\"description\":\"Real Estate - Tenerife\",\"potentialAction\":[{\"@type\":\"SearchAction\",\"target\":{\"@type\":\"EntryPoint\",\"urlTemplate\":\"https:\\\/\\\/tenerifecenter.com\\\/es\\\/?s={search_term_string}\"},\"query-input\":{\"@type\":\"PropertyValueSpecification\",\"valueRequired\":true,\"valueName\":\"search_term_string\"}}],\"inLanguage\":\"es\"}]}<\/script>\n<!-- \/ Yoast SEO plugin. -->","yoast_head_json":{"title":"C\u00f3mo obtener una visa para Espa\u00f1a. Instrucciones detalladas","description":"\u00bfC\u00f3mo obtener una visa para Espa\u00f1a? Memo de Visa VYM Canarias Real Estate (Tenerife, Islas Canarias).","robots":{"index":"index","follow":"follow","max-snippet":"max-snippet:-1","max-image-preview":"max-image-preview:large","max-video-preview":"max-video-preview:-1"},"canonical":"https:\/\/tenerifecenter.com\/es\/info\/visados\/","og_locale":"es_ES","og_type":"article","og_title":"C\u00f3mo obtener una visa para Espa\u00f1a. Instrucciones detalladas","og_description":"\u00bfC\u00f3mo obtener una visa para Espa\u00f1a? Memo de Visa VYM Canarias Real Estate (Tenerife, Islas Canarias).","og_url":"https:\/\/tenerifecenter.com\/es\/info\/visados\/","og_site_name":"VYM Canarias","article_publisher":"https:\/\/www.facebook.com\/vym.canarias","article_modified_time":"2023-02-09T15:58:06+00:00","og_image":[{"width":1920,"height":350,"url":"https:\/\/tenerifecenter.com\/wp-content\/uploads\/2019\/09\/vym-canarias-office-1.jpg","type":"image\/jpeg"}],"twitter_card":"summary_large_image","twitter_misc":{"Tiempo de lectura":"4 minutos"},"schema":{"@context":"https:\/\/schema.org","@graph":[{"@type":"WebPage","@id":"https:\/\/tenerifecenter.com\/es\/info\/visados\/","url":"https:\/\/tenerifecenter.com\/es\/info\/visados\/","name":"C\u00f3mo obtener una visa para Espa\u00f1a. Instrucciones detalladas","isPartOf":{"@id":"https:\/\/tenerifecenter.com\/es\/#website"},"primaryImageOfPage":{"@id":"https:\/\/tenerifecenter.com\/es\/info\/visados\/#primaryimage"},"image":{"@id":"https:\/\/tenerifecenter.com\/es\/info\/visados\/#primaryimage"},"thumbnailUrl":"https:\/\/tenerifecenter.com\/wp-content\/uploads\/2023\/03\/vym-canarias-office-2.jpeg","datePublished":"2019-07-21T20:11:14+00:00","dateModified":"2023-02-09T15:58:06+00:00","description":"\u00bfC\u00f3mo obtener una visa para Espa\u00f1a? Memo de Visa VYM Canarias Real Estate (Tenerife, Islas Canarias).","breadcrumb":{"@id":"https:\/\/tenerifecenter.com\/es\/info\/visados\/#breadcrumb"},"inLanguage":"es","potentialAction":[{"@type":"ReadAction","target":["https:\/\/tenerifecenter.com\/es\/info\/visados\/"]}]},{"@type":"ImageObject","inLanguage":"es","@id":"https:\/\/tenerifecenter.com\/es\/info\/visados\/#primaryimage","url":"https:\/\/tenerifecenter.com\/wp-content\/uploads\/2023\/03\/vym-canarias-office-2.jpeg","contentUrl":"https:\/\/tenerifecenter.com\/wp-content\/uploads\/2023\/03\/vym-canarias-office-2.jpeg","width":1920,"height":350},{"@type":"BreadcrumbList","@id":"https:\/\/tenerifecenter.com\/es\/info\/visados\/#breadcrumb","itemListElement":[{"@type":"ListItem","position":1,"name":"Home","item":"https:\/\/tenerifecenter.com\/es\/"},{"@type":"ListItem","position":2,"name":"Informaci\u00f3n","item":"https:\/\/tenerifecenter.com\/es\/info\/"},{"@type":"ListItem","position":3,"name":"Visados"}]},{"@type":"WebSite","@id":"https:\/\/tenerifecenter.com\/es\/#website","url":"https:\/\/tenerifecenter.com\/es\/","name":"VYM Canarias","description":"Real Estate - Tenerife","potentialAction":[{"@type":"SearchAction","target":{"@type":"EntryPoint","urlTemplate":"https:\/\/tenerifecenter.com\/es\/?s={search_term_string}"},"query-input":{"@type":"PropertyValueSpecification","valueRequired":true,"valueName":"search_term_string"}}],"inLanguage":"es"}]}},"_links":{"self":[{"href":"https:\/\/tenerifecenter.com\/es\/wp-json\/wp\/v2\/pages\/3233","targetHints":{"allow":["GET"]}}],"collection":[{"href":"https:\/\/tenerifecenter.com\/es\/wp-json\/wp\/v2\/pages"}],"about":[{"href":"https:\/\/tenerifecenter.com\/es\/wp-json\/wp\/v2\/types\/page"}],"author":[{"embeddable":true,"href":"https:\/\/tenerifecenter.com\/es\/wp-json\/wp\/v2\/users\/1"}],"replies":[{"embeddable":true,"href":"https:\/\/tenerifecenter.com\/es\/wp-json\/wp\/v2\/comments?post=3233"}],"version-history":[{"count":0,"href":"https:\/\/tenerifecenter.com\/es\/wp-json\/wp\/v2\/pages\/3233\/revisions"}],"up":[{"embeddable":true,"href":"https:\/\/tenerifecenter.com\/es\/wp-json\/wp\/v2\/pages\/3298"}],"wp:featuredmedia":[{"embeddable":true,"href":"https:\/\/tenerifecenter.com\/es\/wp-json\/wp\/v2\/media\/445603"}],"wp:attachment":[{"href":"https:\/\/tenerifecenter.com\/es\/wp-json\/wp\/v2\/media?parent=3233"}],"curies":[{"name":"wp","href":"https:\/\/api.w.org\/{rel}","templated":true}]}}