{"id":3223,"date":"2019-07-21T20:27:07","date_gmt":"2019-07-21T20:27:07","guid":{"rendered":"http:\/\/vym-wp.local\/business-in-spain\/"},"modified":"2019-11-19T20:34:09","modified_gmt":"2019-11-19T20:34:09","slug":"negocios-en-espan","status":"publish","type":"page","link":"https:\/\/tenerifecenter.com\/es\/info\/negocios-en-espan\/","title":{"rendered":"Negocios en Espa\u00f1a"},"content":{"rendered":"<p>Espa\u00f1a ha creado condiciones c\u00f3modas para hacer negocios. La crisis ha quedado atr\u00e1s, en la actualidad la econom\u00eda del pa\u00eds se ha estabilizado. El porcentaje de aut\u00f3nomos extranjeros se ha incrementado.  Seg\u00fan la ley, tanto un residente como un no residente pueden abrir un negocio en Espa\u00f1a. El procedimiento de creaci\u00f3n y registro de nuevas empresas no es muy complicado. Adem\u00e1s, la apertura de un negocio y la creaci\u00f3n de nuevos empleos en Espa\u00f1a, brinda a los extranjeros la oportunidad de obtener un permiso de residencia. El factor m\u00e1s importante para hacer negocios en Espa\u00f1a es tambi\u00e9n la estabilidad y una buena perspectiva econ\u00f3mica.<\/p>\r\n\r\n<p>La econom\u00eda de Espa\u00f1a en 2018 creci\u00f3 un 2,5%. Este indicador es m\u00e1s alto que la media de la UE. Por ejemplo, el PIB de Alemania en el mismo a\u00f1o fue del 1,5%. La alta tasa de crecimiento, seg\u00fan los expertos, continuar\u00e1 en los pr\u00f3ximos a\u00f1os, aunque, sujeto al proceso econ\u00f3mico global, puede disminuir un poco.<\/p>\r\n\r\n<h2>Ventajas de hacer negocios en Espa\u00f1a<\/h2>\r\n\r\n<ul>\r\n  <li>Estabilidad de los sistemas estatales y econ\u00f3micos<\/li>\r\n  <li>Simplicidad del nuevo procedimiento de registro de empresas<\/li>\r\n  <li>Condiciones favorables para las peque\u00f1as y medianas empresas<\/li>\r\n<\/ul>\r\n\r\n<h2>\u00bfQu\u00e9 tipos de empresas existen en Espa\u00f1a?<\/h2>\r\n\r\n<p><b>Inc. (Sociedad an\u00f3nima abierta)<\/b>: an\u00e1logo de una sociedad an\u00f3nima rusa (sociedad an\u00f3nima). Inc. implica la presencia de un gran n\u00famero de accionistas. Capital M\u00ednimo Autorizado S.A. es 60 101, 21 euros. Al registrar una empresa, escriba S.A. es suficiente poner el 25% del capital autorizado en la cuenta corriente de la empresa. Para gestionar este tipo de empresa, se prev\u00e9n procedimientos especiales que protegen los derechos de los fundadores, por ejemplo, la convocatoria de juntas obligatorias de accionistas, que se lleva a cabo mediante la publicaci\u00f3n en la prensa y en el Bolet\u00edn Oficial del Registro Mercantil. Inc. a diferencia de S.L. puede emitir bonos y otros valores<\/p>\r\n\r\n<p><b>S.L. (Sociedad de responsabilidad limitada)<\/b>: un an\u00e1logo de la LLC rusa (sociedad de responsabilidad limitada). S.L. En comparaci\u00f3n con S.A., un esquema de control m\u00e1s simple. El capital social es de 3.006, 06 euros. Empresa S.L. no puede emitir bonos, las cotizaciones de los cofundadores no se cotizan en el mercado de valores.<\/p>\r\n\r\n<p>Estos dos tipos de empresas son las m\u00e1s comunes en Espa\u00f1a. Tanto esa como otra compa\u00f1\u00eda tienen una responsabilidad limitada, que est\u00e1 dentro de los l\u00edmites de las contribuciones de los cofundadores en el capital autorizado, y paga los mismos impuestos.<\/p>\r\n\r\n<h2>Abrir un negocio en Espa\u00f1a<\/h2>\r\n\r\n<ul>\r\n  <li>Para registrar una empresa en Espa\u00f1a, no necesita residencia, pero si <a href=\"#\">NIE<\/a>, adem\u00e1s darse de alta en la agencia tributaria.<\/li>\r\n  <li>Un no residente no puede ser gerente de una sociedad de gesti\u00f3n establecida en Espa\u00f1a<\/li>\r\n  <li>Cuenta en un banco espa\u00f1ol. Para registrar una empresa, debe hacer una aportaci\u00f3n al capital social<\/li>\r\n  <li>Preparaci\u00f3n de documentos constitutivos, que contienen informaci\u00f3n sobre los estatutos de la empresa: el nombre y la direcci\u00f3n de la entidad legal, el procedimiento para administrar sus actividades y otra informaci\u00f3n.<\/li>\r\n  <li>Realizaci\u00f3n notarial de la constituci\u00f3n de la sociedad.<\/li>\r\n  <li>Pago del gravamen fiscal en la empresa por el importe del 1% del capital aportado.<\/li>\r\n  <li>Registro de una empresa en la C\u00e1mara de Comercio de Espa\u00f1a y presentar en al Registro Mercantil del estado.<\/li>\r\n  <li>Obtenci\u00f3n de un n\u00famero de identificaion de la empresa a efectos de impuesto CIF.<\/li>\r\n  <li>Pago de impuestos y tasas municipales.<\/li>\r\n<\/ul>\r\n\r\n<h2>Las tres formas m\u00e1s comunes de iniciar un negocio en Espa\u00f1a son:<\/h2>\r\n\r\n<ol>\r\n  <li>Abrir una nueva empresa<\/li>\r\n  <li>Comprar un negocio ya constituido<\/li>\r\n  <li>Apertura de una franquicia<\/li>\r\n<\/ol>\r\n\r\n<h2>Que negocio abrir en Tenerife<\/h2>\r\n\r\n<p>La fiscalidad preferencial en las Islas Canarias es un sistema fiscal especial creado para promover el desarrollo econ\u00f3mico en las Islas Canarias. Esta hecho requiere el apoyo de empresarios en la regi\u00f3n y cumplir con la normativa.<\/p>\r\n\r\n<blockquote>El impuesto sobre la renta de las empresas en las Islas Canarias es del 4%, siempre que la tasa sea igual al 25%.<\/blockquote>\r\n\r\n<p>Las Islas Canarias han sido una zona econ\u00f3mica especial (ZEC) desde 2000. La medida se establece por un per\u00edodo hasta el 31 de diciembre de 2019.<\/p>\r\n\r\n<h2>Tipos de negocios aceptados  en la zona ZEC  <small class=\"block\">(Zona Econ\u00f3mica Especial)<\/small><\/h2>\r\n\r\n<p>Los cr\u00e9ditos fiscales de Canarias cubren una amplia variedad de actividades comerciales: industria, servicios y comercio. Sin embargo, hay varios sectores que representan nichos de negocios prometedores, cuyo desarrollo es particularmente bienvenido en las Islas Canarias, ya que tiene un gran potencial para la modernizaci\u00f3n de la regi\u00f3n.<\/p>\r\n\r\n<ul>\r\n  <li>Turismo: operadores tur\u00edsticos y agencias de viajes, servicios de reserva y excursiones, producci\u00f3n de todo tipo de productos tur\u00edsticos para hoteles y restaurantes, expansi\u00f3n del nicho de ocio, mantenimiento de complejos de entretenimiento, etc.<\/li>\r\n  <li>Servicio empresarial y outsourcing: consultor\u00eda y gesti\u00f3n empresarial, ingenier\u00eda, arquitectura, dise\u00f1o, marketing y comunicaciones.<\/li>\r\n  <li>Tecnolog\u00edas digitales: software, inform\u00e1tica, procesamiento de datos, tecnolog\u00edas de Internet.<\/li>\r\n  <li>Transporte: almacenamiento y entrega de mercanc\u00edas.<\/li>\r\n  <li>Sector mar\u00edtimo: reparaci\u00f3n, mantenimiento, transporte, log\u00edstica, suministro, suministro, etc.<\/li>\r\n<\/ul>","protected":false},"excerpt":{"rendered":"<p>Espa\u00f1a ha creado condiciones c\u00f3modas para hacer negocios. La crisis ha quedado atr\u00e1s, en la actualidad la econom\u00eda del pa\u00eds se ha estabilizado. El porcentaje de aut\u00f3nomos extranjeros se ha incrementado. Seg\u00fan la ley, tanto un residente como un no residente pueden abrir un negocio en Espa\u00f1a. El procedimiento de creaci\u00f3n y registro de nuevas [&hellip;]<\/p>\n","protected":false},"author":1,"featured_media":445603,"parent":3298,"menu_order":0,"comment_status":"closed","ping_status":"closed","template":"","meta":{"_acf_changed":false,"footnotes":""},"class_list":["post-3223","page","type-page","status-publish","has-post-thumbnail","hentry"],"acf":[],"yoast_head":"<!-- This site is optimized with the Yoast SEO plugin v27.4 - https:\/\/yoast.com\/product\/yoast-seo-wordpress\/ -->\n<title>C\u00f3mo abrir un negocio en Espa\u00f1a: todas las formas de hacer negocios<\/title>\n<meta name=\"description\" content=\"\u00bfQuieres abrir o comprar un negocio confeccionado en Espa\u00f1a? Una gu\u00eda detallada en ruso de la agencia inmobiliaria VYM Canarias (Tenerife, Espa\u00f1a).\" \/>\n<meta name=\"robots\" content=\"index, follow, max-snippet:-1, max-image-preview:large, max-video-preview:-1\" \/>\n<link rel=\"canonical\" href=\"https:\/\/tenerifecenter.com\/es\/info\/negocios-en-espan\/\" \/>\n<meta property=\"og:locale\" content=\"es_ES\" \/>\n<meta property=\"og:type\" content=\"article\" \/>\n<meta property=\"og:title\" content=\"C\u00f3mo abrir un negocio en Espa\u00f1a: todas las formas de hacer negocios\" \/>\n<meta property=\"og:description\" content=\"\u00bfQuieres abrir o comprar un negocio confeccionado en Espa\u00f1a? Una gu\u00eda detallada en ruso de la agencia inmobiliaria VYM Canarias (Tenerife, Espa\u00f1a).\" \/>\n<meta property=\"og:url\" content=\"https:\/\/tenerifecenter.com\/es\/info\/negocios-en-espan\/\" \/>\n<meta property=\"og:site_name\" content=\"VYM Canarias\" \/>\n<meta property=\"article:publisher\" content=\"https:\/\/www.facebook.com\/vym.canarias\" \/>\n<meta property=\"article:modified_time\" content=\"2019-11-19T20:34:09+00:00\" \/>\n<meta property=\"og:image\" content=\"https:\/\/tenerifecenter.com\/wp-content\/uploads\/2019\/09\/vym-canarias-office-1.jpg\" \/>\n\t<meta property=\"og:image:width\" content=\"1920\" \/>\n\t<meta property=\"og:image:height\" content=\"350\" \/>\n\t<meta property=\"og:image:type\" content=\"image\/jpeg\" \/>\n<meta name=\"twitter:card\" content=\"summary_large_image\" \/>\n<meta name=\"twitter:label1\" content=\"Tiempo de lectura\" \/>\n\t<meta name=\"twitter:data1\" content=\"4 minutos\" \/>\n<script type=\"application\/ld+json\" class=\"yoast-schema-graph\">{\"@context\":\"https:\\\/\\\/schema.org\",\"@graph\":[{\"@type\":\"WebPage\",\"@id\":\"https:\\\/\\\/tenerifecenter.com\\\/es\\\/info\\\/negocios-en-espan\\\/\",\"url\":\"https:\\\/\\\/tenerifecenter.com\\\/es\\\/info\\\/negocios-en-espan\\\/\",\"name\":\"C\u00f3mo abrir un negocio en Espa\u00f1a: todas las formas de hacer negocios\",\"isPartOf\":{\"@id\":\"https:\\\/\\\/tenerifecenter.com\\\/es\\\/#website\"},\"primaryImageOfPage\":{\"@id\":\"https:\\\/\\\/tenerifecenter.com\\\/es\\\/info\\\/negocios-en-espan\\\/#primaryimage\"},\"image\":{\"@id\":\"https:\\\/\\\/tenerifecenter.com\\\/es\\\/info\\\/negocios-en-espan\\\/#primaryimage\"},\"thumbnailUrl\":\"https:\\\/\\\/tenerifecenter.com\\\/wp-content\\\/uploads\\\/2023\\\/03\\\/vym-canarias-office-2.jpeg\",\"datePublished\":\"2019-07-21T20:27:07+00:00\",\"dateModified\":\"2019-11-19T20:34:09+00:00\",\"description\":\"\u00bfQuieres abrir o comprar un negocio confeccionado en Espa\u00f1a? Una gu\u00eda detallada en ruso de la agencia inmobiliaria VYM Canarias (Tenerife, Espa\u00f1a).\",\"breadcrumb\":{\"@id\":\"https:\\\/\\\/tenerifecenter.com\\\/es\\\/info\\\/negocios-en-espan\\\/#breadcrumb\"},\"inLanguage\":\"es\",\"potentialAction\":[{\"@type\":\"ReadAction\",\"target\":[\"https:\\\/\\\/tenerifecenter.com\\\/es\\\/info\\\/negocios-en-espan\\\/\"]}]},{\"@type\":\"ImageObject\",\"inLanguage\":\"es\",\"@id\":\"https:\\\/\\\/tenerifecenter.com\\\/es\\\/info\\\/negocios-en-espan\\\/#primaryimage\",\"url\":\"https:\\\/\\\/tenerifecenter.com\\\/wp-content\\\/uploads\\\/2023\\\/03\\\/vym-canarias-office-2.jpeg\",\"contentUrl\":\"https:\\\/\\\/tenerifecenter.com\\\/wp-content\\\/uploads\\\/2023\\\/03\\\/vym-canarias-office-2.jpeg\",\"width\":1920,\"height\":350},{\"@type\":\"BreadcrumbList\",\"@id\":\"https:\\\/\\\/tenerifecenter.com\\\/es\\\/info\\\/negocios-en-espan\\\/#breadcrumb\",\"itemListElement\":[{\"@type\":\"ListItem\",\"position\":1,\"name\":\"Home\",\"item\":\"https:\\\/\\\/tenerifecenter.com\\\/es\\\/\"},{\"@type\":\"ListItem\",\"position\":2,\"name\":\"Informaci\u00f3n\",\"item\":\"https:\\\/\\\/tenerifecenter.com\\\/es\\\/info\\\/\"},{\"@type\":\"ListItem\",\"position\":3,\"name\":\"Negocios en Espa\u00f1a\"}]},{\"@type\":\"WebSite\",\"@id\":\"https:\\\/\\\/tenerifecenter.com\\\/es\\\/#website\",\"url\":\"https:\\\/\\\/tenerifecenter.com\\\/es\\\/\",\"name\":\"VYM Canarias\",\"description\":\"Real Estate - Tenerife\",\"potentialAction\":[{\"@type\":\"SearchAction\",\"target\":{\"@type\":\"EntryPoint\",\"urlTemplate\":\"https:\\\/\\\/tenerifecenter.com\\\/es\\\/?s={search_term_string}\"},\"query-input\":{\"@type\":\"PropertyValueSpecification\",\"valueRequired\":true,\"valueName\":\"search_term_string\"}}],\"inLanguage\":\"es\"}]}<\/script>\n<!-- \/ Yoast SEO plugin. -->","yoast_head_json":{"title":"C\u00f3mo abrir un negocio en Espa\u00f1a: todas las formas de hacer negocios","description":"\u00bfQuieres abrir o comprar un negocio confeccionado en Espa\u00f1a? Una gu\u00eda detallada en ruso de la agencia inmobiliaria VYM Canarias (Tenerife, Espa\u00f1a).","robots":{"index":"index","follow":"follow","max-snippet":"max-snippet:-1","max-image-preview":"max-image-preview:large","max-video-preview":"max-video-preview:-1"},"canonical":"https:\/\/tenerifecenter.com\/es\/info\/negocios-en-espan\/","og_locale":"es_ES","og_type":"article","og_title":"C\u00f3mo abrir un negocio en Espa\u00f1a: todas las formas de hacer negocios","og_description":"\u00bfQuieres abrir o comprar un negocio confeccionado en Espa\u00f1a? Una gu\u00eda detallada en ruso de la agencia inmobiliaria VYM Canarias (Tenerife, Espa\u00f1a).","og_url":"https:\/\/tenerifecenter.com\/es\/info\/negocios-en-espan\/","og_site_name":"VYM Canarias","article_publisher":"https:\/\/www.facebook.com\/vym.canarias","article_modified_time":"2019-11-19T20:34:09+00:00","og_image":[{"width":1920,"height":350,"url":"https:\/\/tenerifecenter.com\/wp-content\/uploads\/2019\/09\/vym-canarias-office-1.jpg","type":"image\/jpeg"}],"twitter_card":"summary_large_image","twitter_misc":{"Tiempo de lectura":"4 minutos"},"schema":{"@context":"https:\/\/schema.org","@graph":[{"@type":"WebPage","@id":"https:\/\/tenerifecenter.com\/es\/info\/negocios-en-espan\/","url":"https:\/\/tenerifecenter.com\/es\/info\/negocios-en-espan\/","name":"C\u00f3mo abrir un negocio en Espa\u00f1a: todas las formas de hacer negocios","isPartOf":{"@id":"https:\/\/tenerifecenter.com\/es\/#website"},"primaryImageOfPage":{"@id":"https:\/\/tenerifecenter.com\/es\/info\/negocios-en-espan\/#primaryimage"},"image":{"@id":"https:\/\/tenerifecenter.com\/es\/info\/negocios-en-espan\/#primaryimage"},"thumbnailUrl":"https:\/\/tenerifecenter.com\/wp-content\/uploads\/2023\/03\/vym-canarias-office-2.jpeg","datePublished":"2019-07-21T20:27:07+00:00","dateModified":"2019-11-19T20:34:09+00:00","description":"\u00bfQuieres abrir o comprar un negocio confeccionado en Espa\u00f1a? Una gu\u00eda detallada en ruso de la agencia inmobiliaria VYM Canarias (Tenerife, Espa\u00f1a).","breadcrumb":{"@id":"https:\/\/tenerifecenter.com\/es\/info\/negocios-en-espan\/#breadcrumb"},"inLanguage":"es","potentialAction":[{"@type":"ReadAction","target":["https:\/\/tenerifecenter.com\/es\/info\/negocios-en-espan\/"]}]},{"@type":"ImageObject","inLanguage":"es","@id":"https:\/\/tenerifecenter.com\/es\/info\/negocios-en-espan\/#primaryimage","url":"https:\/\/tenerifecenter.com\/wp-content\/uploads\/2023\/03\/vym-canarias-office-2.jpeg","contentUrl":"https:\/\/tenerifecenter.com\/wp-content\/uploads\/2023\/03\/vym-canarias-office-2.jpeg","width":1920,"height":350},{"@type":"BreadcrumbList","@id":"https:\/\/tenerifecenter.com\/es\/info\/negocios-en-espan\/#breadcrumb","itemListElement":[{"@type":"ListItem","position":1,"name":"Home","item":"https:\/\/tenerifecenter.com\/es\/"},{"@type":"ListItem","position":2,"name":"Informaci\u00f3n","item":"https:\/\/tenerifecenter.com\/es\/info\/"},{"@type":"ListItem","position":3,"name":"Negocios en Espa\u00f1a"}]},{"@type":"WebSite","@id":"https:\/\/tenerifecenter.com\/es\/#website","url":"https:\/\/tenerifecenter.com\/es\/","name":"VYM Canarias","description":"Real Estate - Tenerife","potentialAction":[{"@type":"SearchAction","target":{"@type":"EntryPoint","urlTemplate":"https:\/\/tenerifecenter.com\/es\/?s={search_term_string}"},"query-input":{"@type":"PropertyValueSpecification","valueRequired":true,"valueName":"search_term_string"}}],"inLanguage":"es"}]}},"_links":{"self":[{"href":"https:\/\/tenerifecenter.com\/es\/wp-json\/wp\/v2\/pages\/3223","targetHints":{"allow":["GET"]}}],"collection":[{"href":"https:\/\/tenerifecenter.com\/es\/wp-json\/wp\/v2\/pages"}],"about":[{"href":"https:\/\/tenerifecenter.com\/es\/wp-json\/wp\/v2\/types\/page"}],"author":[{"embeddable":true,"href":"https:\/\/tenerifecenter.com\/es\/wp-json\/wp\/v2\/users\/1"}],"replies":[{"embeddable":true,"href":"https:\/\/tenerifecenter.com\/es\/wp-json\/wp\/v2\/comments?post=3223"}],"version-history":[{"count":0,"href":"https:\/\/tenerifecenter.com\/es\/wp-json\/wp\/v2\/pages\/3223\/revisions"}],"up":[{"embeddable":true,"href":"https:\/\/tenerifecenter.com\/es\/wp-json\/wp\/v2\/pages\/3298"}],"wp:featuredmedia":[{"embeddable":true,"href":"https:\/\/tenerifecenter.com\/es\/wp-json\/wp\/v2\/media\/445603"}],"wp:attachment":[{"href":"https:\/\/tenerifecenter.com\/es\/wp-json\/wp\/v2\/media?parent=3223"}],"curies":[{"name":"wp","href":"https:\/\/api.w.org\/{rel}","templated":true}]}}