{"id":3170,"date":"2019-07-27T19:37:43","date_gmt":"2019-07-27T19:37:43","guid":{"rendered":"http:\/\/vym-wp.local\/about-us\/about-company\/"},"modified":"2023-09-25T14:22:17","modified_gmt":"2023-09-25T14:22:17","slug":"acerca-de-la-compania","status":"publish","type":"page","link":"https:\/\/tenerifecenter.com\/es\/acerca-de-la-compania\/","title":{"rendered":"Acerca de la compa\u00f1\u00eda"},"content":{"rendered":"<p class=\"mb-40\">Vym Canarias es una de las mayores agencias inmobiliarias en la costa sur de Tenerife. Trabajamos desde 2010 y nos especializamos en la venta de inmuebles residenciales y comerciales en Tenerife: apartamentos, adosados, villas y terrenos, as\u00ed como oficinas y locales comerciales<\/p>\r\n\r\n<div class=\"row mb-30\">\r\n    <iframe loading=\"lazy\" width=\"100%\" height=\"425\" src=\"https:\/\/www.youtube.com\/embed\/2Gz2FTpTiz4\" frameborder=\"0\" allow=\"accelerometer; autoplay; encrypted-media; gyroscope; picture-in-picture\" allowfullscreen><\/iframe>\r\n<\/div>\r\n\r\n<h2>Nuestro trabajo<\/h2>\r\n\r\n<p>Ayudamos a los clientes a encontrar su hogar en Tenerife. La compa\u00f1\u00eda coopera con todas las agencias inmobiliarias profesionales de la isla y tiene acceso a la mayor base de datos de bienes ra\u00edces en las Islas Canarias.<\/p>\r\n    \r\n<p>La reputaci\u00f3n es nuestro principal valor, por lo que solo trabajamos con abogados y notarios acreditados. Nuestras instalaciones se someten a una verificaci\u00f3n profesional, lo que nos permite garantizar su limpieza legal.<\/p>\r\n    \r\n<p>Ayudamos a elaborar documentos para la compra de bienes inmuebles y una hipoteca, brindamos asistencia legal para la transacci\u00f3n y nos ocupamos de la asistencia postventa para los clientes.<\/p>\r\n\r\n<h2>Porque Vym Canarias<\/h2>\r\n\r\n<p>Es conveniente y rentable trabajar con nosotros:<\/p>\r\n\r\n<ul>\r\n  <li>Garantizamos la legalidad de la transacci\u00f3n.<\/li>\r\n  <li>Trabajamos abiertamente e informamos a los clientes sobre todos los detalles de la transacci\u00f3n.<\/li>\r\n  <li>Tenemos una gran selecci\u00f3n de bienes inmuebles.<\/li>\r\n  <li>Disponemos de oficinas en Tenerife y en Alicante ubicadas en las principales zonas tur\u00edsticas.<\/li>\r\n  <li>Nuestro personal habla 9 idiomas.<\/li>\r\n<\/ul>\r\n\r\n<p>El mercado inmobiliario en Espa\u00f1a es nuestro entorno profesional. <a href=\"\/es\/\">Vym Canarias<\/a> participa en exposiciones inmobiliarias internacionales en varios pa\u00edses. Ayudamos a nuestros clientes a conoser nuevas tendencias y cambios en la legislaci\u00f3n.<\/p>\r\n\r\n<p>Nuestra tarea es la estabilidad y el desarrollo gradual.<\/p>\r\n\r\n<p>Nuestra misi\u00f3n es encontrarle una casa en Canarias. Calmadamente Fiable Alegremente.<\/p>\r\n\r\n<table>\r\n  <thead>\r\n    <th><\/th>\r\n    <th><\/th>\r\n  <\/thead>\r\n  <tbody>\r\n    <tr>\r\n      <td valign=\"top\">\r\n        <img decoding=\"async\" src=\"\/wp-content\/uploads\/2020\/02\/CEST.jpg\" alt=\"\" width=\"125\">\r\n      <\/td>\r\n      <td>\r\n        <h6>CEST<\/h6>\r\n        <p>El Circulo de Empresarios y Profesionales del Sur de Tenerife (CEST) es una asociacion multisectorial sin animo de lucro compuesta por empresas y profesionales establecidos en el Sur de Tenerife o que tienen intereses y relaciones comerciales en esta Comarca.<\/p>\r\n      <\/td>\r\n    <\/tr>\r\n    <tr>\r\n      <td valign=\"top\">\r\n        <img decoding=\"async\" src=\"\/wp-content\/uploads\/2020\/02\/TSREA-logo.jpeg\" alt=\"\" width=\"125\">\r\n      <\/td>\r\n      <td>\r\n        <h6>TSREA<\/h6>\r\n        <p>Tenerife South Real Estate Asociaci\u00f3n nace por la iniciativa de un amplio grupo de expertos del sector inmobiliario, que han decidido aunar sus a\u00f1os de experiencia y profesionalidad, para crear una red de Agencias Inmobiliarias.<\/p>\r\n      <\/td>\r\n    <\/tr>\r\n    <tr>\r\n      <td valign=\"top\">\r\n        <img decoding=\"async\" src=\"\/wp-content\/uploads\/2020\/02\/Fast-1.jpg\" alt=\"\" width=\"125\">\r\n      <\/td>\r\n      <td>\r\n        <h6>FAST<\/h6>\r\n        <p>FAST La Asociaci\u00f3n Foro de Amigos del Sur de Tenerife perseguir\u00e1 fines de inter\u00e9s general para la comarca del sur de Tenerife, de car\u00e1cter social, cultural, deportivo, medioambiental, educativo, y de promoci\u00f3n tur\u00edstica.<\/p>\r\n      <\/td>\r\n    <\/tr>\r\n    <tr>\r\n      <td valign=\"top\">\r\n        <img decoding=\"async\" src=\"\/wp-content\/uploads\/2020\/02\/FEPECO-logo.jpeg\" alt=\"\" width=\"125\">\r\n      <\/td>\r\n      <td>\r\n        <h6>FEPECO<\/h6>\r\n        <p>FEPECO Federaci\u00f3n Provincial de Entidades de la Construcci\u00f3n de Santa Cruz de Tenerife.<\/p>\r\n      <\/td>\r\n    <\/tr>\r\n    <tr>\r\n      <td valign=\"top\">\r\n        <img decoding=\"async\" src=\"\/wp-content\/uploads\/2020\/02\/Expertos.jpg\" alt=\"\" width=\"125\">\r\n      <\/td>\r\n      <td>\r\n        <h6>EXPERTOS INMOBILIARIOS<\/h6>\r\n        <p>EXPERTOS INMOBILIARIOS: es una asociaci\u00f3n que agrupa a profesionales y empresarios del Sector Inmobiliario y se halla implantada en todo el territorio nacional. Se trata de una asociaci\u00f3n sin \u00e1nimo de lucro, debidamente inscrita en el Ministerio de Trabajo con el n\u00famero 4507.<\/p>\r\n      <\/td>\r\n    <\/tr>\r\n  <\/tbody>\r\n<\/table>\r\n","protected":false},"excerpt":{"rendered":"<p>Vym Canarias es una de las mayores agencias inmobiliarias en la costa sur de Tenerife. Trabajamos desde 2010 y nos especializamos en la venta de inmuebles residenciales y comerciales en Tenerife: apartamentos, adosados, villas y terrenos, as\u00ed como oficinas y locales comerciales Nuestro trabajo Ayudamos a los clientes a encontrar su hogar en Tenerife. La [&hellip;]<\/p>\n","protected":false},"author":1,"featured_media":445603,"parent":0,"menu_order":0,"comment_status":"closed","ping_status":"closed","template":"","meta":{"_acf_changed":false,"footnotes":""},"class_list":["post-3170","page","type-page","status-publish","has-post-thumbnail","hentry"],"acf":[],"yoast_head":"<!-- This site is optimized with the Yoast SEO plugin v27.3 - https:\/\/yoast.com\/product\/yoast-seo-wordpress\/ -->\n<title>Sobre Vym Canarias Agencia Inmobiliaria<\/title>\n<meta name=\"description\" content=\"Quienes somos Sobre Vym Canarias Agencia Inmobiliaria. Ayudamos a comprar viviendas en Tenerife (Islas Canarias, Espa\u00f1a): una reputaci\u00f3n impecable desde 2010.\" \/>\n<meta name=\"robots\" content=\"index, follow, max-snippet:-1, max-image-preview:large, max-video-preview:-1\" \/>\n<link rel=\"canonical\" href=\"https:\/\/tenerifecenter.com\/es\/acerca-de-la-compania\/\" \/>\n<meta property=\"og:locale\" content=\"es_ES\" \/>\n<meta property=\"og:type\" content=\"article\" \/>\n<meta property=\"og:title\" content=\"Sobre Vym Canarias Agencia Inmobiliaria\" \/>\n<meta property=\"og:description\" content=\"Quienes somos Sobre Vym Canarias Agencia Inmobiliaria. Ayudamos a comprar viviendas en Tenerife (Islas Canarias, Espa\u00f1a): una reputaci\u00f3n impecable desde 2010.\" \/>\n<meta property=\"og:url\" content=\"https:\/\/tenerifecenter.com\/es\/acerca-de-la-compania\/\" \/>\n<meta property=\"og:site_name\" content=\"VYM Canarias\" \/>\n<meta property=\"article:publisher\" content=\"https:\/\/www.facebook.com\/vym.canarias\" \/>\n<meta property=\"article:modified_time\" content=\"2023-09-25T14:22:17+00:00\" \/>\n<meta property=\"og:image\" content=\"https:\/\/tenerifecenter.com\/wp-content\/uploads\/2023\/03\/vym-canarias-office-2.jpeg\" \/>\n\t<meta property=\"og:image:width\" content=\"1920\" \/>\n\t<meta property=\"og:image:height\" content=\"350\" \/>\n\t<meta property=\"og:image:type\" content=\"image\/jpeg\" \/>\n<meta name=\"twitter:card\" content=\"summary_large_image\" \/>\n<meta name=\"twitter:label1\" content=\"Tiempo de lectura\" \/>\n\t<meta name=\"twitter:data1\" content=\"4 minutos\" \/>\n<script type=\"application\/ld+json\" class=\"yoast-schema-graph\">{\"@context\":\"https:\\\/\\\/schema.org\",\"@graph\":[{\"@type\":\"WebPage\",\"@id\":\"https:\\\/\\\/tenerifecenter.com\\\/es\\\/acerca-de-la-compania\\\/\",\"url\":\"https:\\\/\\\/tenerifecenter.com\\\/es\\\/acerca-de-la-compania\\\/\",\"name\":\"Sobre Vym Canarias Agencia Inmobiliaria\",\"isPartOf\":{\"@id\":\"https:\\\/\\\/tenerifecenter.com\\\/es\\\/#website\"},\"primaryImageOfPage\":{\"@id\":\"https:\\\/\\\/tenerifecenter.com\\\/es\\\/acerca-de-la-compania\\\/#primaryimage\"},\"image\":{\"@id\":\"https:\\\/\\\/tenerifecenter.com\\\/es\\\/acerca-de-la-compania\\\/#primaryimage\"},\"thumbnailUrl\":\"https:\\\/\\\/tenerifecenter.com\\\/wp-content\\\/uploads\\\/2023\\\/03\\\/vym-canarias-office-2.jpeg\",\"datePublished\":\"2019-07-27T19:37:43+00:00\",\"dateModified\":\"2023-09-25T14:22:17+00:00\",\"description\":\"Quienes somos Sobre Vym Canarias Agencia Inmobiliaria. Ayudamos a comprar viviendas en Tenerife (Islas Canarias, Espa\u00f1a): una reputaci\u00f3n impecable desde 2010.\",\"breadcrumb\":{\"@id\":\"https:\\\/\\\/tenerifecenter.com\\\/es\\\/acerca-de-la-compania\\\/#breadcrumb\"},\"inLanguage\":\"es\",\"potentialAction\":[{\"@type\":\"ReadAction\",\"target\":[\"https:\\\/\\\/tenerifecenter.com\\\/es\\\/acerca-de-la-compania\\\/\"]}]},{\"@type\":\"ImageObject\",\"inLanguage\":\"es\",\"@id\":\"https:\\\/\\\/tenerifecenter.com\\\/es\\\/acerca-de-la-compania\\\/#primaryimage\",\"url\":\"https:\\\/\\\/tenerifecenter.com\\\/wp-content\\\/uploads\\\/2023\\\/03\\\/vym-canarias-office-2.jpeg\",\"contentUrl\":\"https:\\\/\\\/tenerifecenter.com\\\/wp-content\\\/uploads\\\/2023\\\/03\\\/vym-canarias-office-2.jpeg\",\"width\":1920,\"height\":350},{\"@type\":\"BreadcrumbList\",\"@id\":\"https:\\\/\\\/tenerifecenter.com\\\/es\\\/acerca-de-la-compania\\\/#breadcrumb\",\"itemListElement\":[{\"@type\":\"ListItem\",\"position\":1,\"name\":\"Home\",\"item\":\"https:\\\/\\\/tenerifecenter.com\\\/es\\\/\"},{\"@type\":\"ListItem\",\"position\":2,\"name\":\"Acerca de la compa\u00f1\u00eda\"}]},{\"@type\":\"WebSite\",\"@id\":\"https:\\\/\\\/tenerifecenter.com\\\/es\\\/#website\",\"url\":\"https:\\\/\\\/tenerifecenter.com\\\/es\\\/\",\"name\":\"VYM Canarias\",\"description\":\"Real Estate - Tenerife\",\"potentialAction\":[{\"@type\":\"SearchAction\",\"target\":{\"@type\":\"EntryPoint\",\"urlTemplate\":\"https:\\\/\\\/tenerifecenter.com\\\/es\\\/?s={search_term_string}\"},\"query-input\":{\"@type\":\"PropertyValueSpecification\",\"valueRequired\":true,\"valueName\":\"search_term_string\"}}],\"inLanguage\":\"es\"}]}<\/script>\n<!-- \/ Yoast SEO plugin. -->","yoast_head_json":{"title":"Sobre Vym Canarias Agencia Inmobiliaria","description":"Quienes somos Sobre Vym Canarias Agencia Inmobiliaria. Ayudamos a comprar viviendas en Tenerife (Islas Canarias, Espa\u00f1a): una reputaci\u00f3n impecable desde 2010.","robots":{"index":"index","follow":"follow","max-snippet":"max-snippet:-1","max-image-preview":"max-image-preview:large","max-video-preview":"max-video-preview:-1"},"canonical":"https:\/\/tenerifecenter.com\/es\/acerca-de-la-compania\/","og_locale":"es_ES","og_type":"article","og_title":"Sobre Vym Canarias Agencia Inmobiliaria","og_description":"Quienes somos Sobre Vym Canarias Agencia Inmobiliaria. Ayudamos a comprar viviendas en Tenerife (Islas Canarias, Espa\u00f1a): una reputaci\u00f3n impecable desde 2010.","og_url":"https:\/\/tenerifecenter.com\/es\/acerca-de-la-compania\/","og_site_name":"VYM Canarias","article_publisher":"https:\/\/www.facebook.com\/vym.canarias","article_modified_time":"2023-09-25T14:22:17+00:00","og_image":[{"width":1920,"height":350,"url":"https:\/\/tenerifecenter.com\/wp-content\/uploads\/2023\/03\/vym-canarias-office-2.jpeg","type":"image\/jpeg"}],"twitter_card":"summary_large_image","twitter_misc":{"Tiempo de lectura":"4 minutos"},"schema":{"@context":"https:\/\/schema.org","@graph":[{"@type":"WebPage","@id":"https:\/\/tenerifecenter.com\/es\/acerca-de-la-compania\/","url":"https:\/\/tenerifecenter.com\/es\/acerca-de-la-compania\/","name":"Sobre Vym Canarias Agencia Inmobiliaria","isPartOf":{"@id":"https:\/\/tenerifecenter.com\/es\/#website"},"primaryImageOfPage":{"@id":"https:\/\/tenerifecenter.com\/es\/acerca-de-la-compania\/#primaryimage"},"image":{"@id":"https:\/\/tenerifecenter.com\/es\/acerca-de-la-compania\/#primaryimage"},"thumbnailUrl":"https:\/\/tenerifecenter.com\/wp-content\/uploads\/2023\/03\/vym-canarias-office-2.jpeg","datePublished":"2019-07-27T19:37:43+00:00","dateModified":"2023-09-25T14:22:17+00:00","description":"Quienes somos Sobre Vym Canarias Agencia Inmobiliaria. Ayudamos a comprar viviendas en Tenerife (Islas Canarias, Espa\u00f1a): una reputaci\u00f3n impecable desde 2010.","breadcrumb":{"@id":"https:\/\/tenerifecenter.com\/es\/acerca-de-la-compania\/#breadcrumb"},"inLanguage":"es","potentialAction":[{"@type":"ReadAction","target":["https:\/\/tenerifecenter.com\/es\/acerca-de-la-compania\/"]}]},{"@type":"ImageObject","inLanguage":"es","@id":"https:\/\/tenerifecenter.com\/es\/acerca-de-la-compania\/#primaryimage","url":"https:\/\/tenerifecenter.com\/wp-content\/uploads\/2023\/03\/vym-canarias-office-2.jpeg","contentUrl":"https:\/\/tenerifecenter.com\/wp-content\/uploads\/2023\/03\/vym-canarias-office-2.jpeg","width":1920,"height":350},{"@type":"BreadcrumbList","@id":"https:\/\/tenerifecenter.com\/es\/acerca-de-la-compania\/#breadcrumb","itemListElement":[{"@type":"ListItem","position":1,"name":"Home","item":"https:\/\/tenerifecenter.com\/es\/"},{"@type":"ListItem","position":2,"name":"Acerca de la compa\u00f1\u00eda"}]},{"@type":"WebSite","@id":"https:\/\/tenerifecenter.com\/es\/#website","url":"https:\/\/tenerifecenter.com\/es\/","name":"VYM Canarias","description":"Real Estate - Tenerife","potentialAction":[{"@type":"SearchAction","target":{"@type":"EntryPoint","urlTemplate":"https:\/\/tenerifecenter.com\/es\/?s={search_term_string}"},"query-input":{"@type":"PropertyValueSpecification","valueRequired":true,"valueName":"search_term_string"}}],"inLanguage":"es"}]}},"_links":{"self":[{"href":"https:\/\/tenerifecenter.com\/es\/wp-json\/wp\/v2\/pages\/3170","targetHints":{"allow":["GET"]}}],"collection":[{"href":"https:\/\/tenerifecenter.com\/es\/wp-json\/wp\/v2\/pages"}],"about":[{"href":"https:\/\/tenerifecenter.com\/es\/wp-json\/wp\/v2\/types\/page"}],"author":[{"embeddable":true,"href":"https:\/\/tenerifecenter.com\/es\/wp-json\/wp\/v2\/users\/1"}],"replies":[{"embeddable":true,"href":"https:\/\/tenerifecenter.com\/es\/wp-json\/wp\/v2\/comments?post=3170"}],"version-history":[{"count":0,"href":"https:\/\/tenerifecenter.com\/es\/wp-json\/wp\/v2\/pages\/3170\/revisions"}],"wp:featuredmedia":[{"embeddable":true,"href":"https:\/\/tenerifecenter.com\/es\/wp-json\/wp\/v2\/media\/445603"}],"wp:attachment":[{"href":"https:\/\/tenerifecenter.com\/es\/wp-json\/wp\/v2\/media?parent=3170"}],"curies":[{"name":"wp","href":"https:\/\/api.w.org\/{rel}","templated":true}]}}