{"id":10281,"date":"2019-11-03T19:27:44","date_gmt":"2019-11-03T19:27:44","guid":{"rendered":"https:\/\/tenerifecenter.dev-evocode.net\/?page_id=10281"},"modified":"2019-11-03T19:27:44","modified_gmt":"2019-11-03T19:27:44","slug":"politica-de-privacidad","status":"publish","type":"page","link":"https:\/\/tenerifecenter.com\/es\/politica-de-privacidad\/","title":{"rendered":"Pol\u00edtica de privacidad"},"content":{"rendered":"<p>El siguiente texto contiene la informacion necesaha para el cumplimiento de lo establecido en la Ley de los Servicios de la Sociedad de la Informacion \u0443 Comercio Electronico (LSSICE), en la Ley Organica de Proteccion de Datos de Caracter Personal\r\n\t(LOPD) \u0443 en el REGLAMENTO (UE) 2016\/679 DEL PARLAMENTO EUROPEO Y DEL CONSEJO de 27 de abril de 2016 relativo a la proteccion de las personas fisicas en lo que respecta al tratamiento de datos personales \u0443 a la libre circulation de estos datos \u0443 \u0440\u043e\u0433\r\n\tel que se deroga la Directive 95\/46\/CE (Reglamento general de proteccion de datos).<\/p>\r\n<p>Por ello recomendamos su total lectura dado que el hecho de acceder a esta pagina de internet impiica el compromiso \u0443 aceptacion, sin reserva alguna, de las condiciones descritas a continuation.<\/p>\r\n<h2>1. Titular del sitio web \u0443 Responsable del Tratamiento<\/h2>\r\n<p>Vym Porperty and Consulting SL, es un dominio en Internet cuya titularidad pertenece a Vym Porperty and Consulting SL<\/p>\r\n<p>Vym Porperty and Consulting SL. tiene el C.I.F. B76521145, tiene su sede principal en CC Victoria Tenerife Sur, Calle Republica de Panam\u00e1 N.1, Playa de Las Am\u00e9ricas, Adeje, CP 38660, Tenerife.<\/p>\r\n<p>Nuestro tel\u00e9fono es +34 922 787 210 \u0443 nuestro email <em>es info@tenerifecenter.com<\/em><\/p>\r\n<h2>2. Finalidad, Contenido \u0443 Condiciones de uso<\/h2>\r\n<p>La finalidad fundamental de este sitio web es ofrecer informaci\u00f3n sobre los servicios de venta y alquiler de propiedades que ofrece Vym Porperty and Consulting SL El material contenido es acorde a la finalidad, permitiendo acceder de forma\r\n\tgratuita a toda la informaci\u00f3n contenida en el sitio.<\/p>\r\n<p>El usuario tiene obligation de aportar informacion veraz a la hora de completar la totalidad de los datos requeridos.<\/p>\r\n<p>Dado que el fin de estos contenidos es meramente informative no implicara ning\u00fan compromiso entre Vym Porperty and Consulting SL. \u0443 quien haga uso de ellos, pudiendo ser modificados \u043e eliminados en cualquier momento \u0443 sin notificaci\u00f3n previa. Vym\r\n\tPorperty and Consulting SL. no podra ser considerada responsable de cualquiera dafio derivado de la utilization de este sitio web.<\/p>\r\n<p>Este sitio web puede contener enlaces (links) que faciliten al usuario el acceso a otros sitios web no controlados por Vym Porperty and Consulting SL por ello no nos responsabilizamos ni de su correcto funcionamiento ni de sus contenidos.<\/p>\r\n<p>Vym Porperty and Consulting SL, no se responsabiliza ni garantiza la disponibilidad \u0443 continuidad en el acceso a este sitio web \u043e que el mismo este libre de errores. Es responsabilidad del usuario de disponer de las herramientas adecuadas para la\r\n\tdetection de programas inform\u00e1ticos da\u00f1inos.<\/p>\r\n<p>El incumplimiento por parte del usuario de alguna de las anteriores condiciones de uso, implicaran la aceptacion de este a responsabilizarse frente a los da\u00f1os \u0443 perjuicios que pudiera ocasionar a Vym Porperty and Consulting SL, \u043e a terceros.<\/p>\r\n<p>Vym Porperty and Consulting SL se reserva el derecho a modificar en cuaiquier momento las presentes condiciones de uso.<\/p>\r\n<h2>3. Polftica de Proteccion de Datos de Caracter Personal<\/h2>\r\n<p>Toda la informacion enviada por los usuarios del sitio web \u0443 que haga referencia a Datos de Caracter Personal, sera incorporada a un fichero informatico (cumpliendo las condiciones de seguridad \u0443 confidencialidad exigidas por la legislacion\r\n\tvigente), con la finalidad de dar respuesta al servicio solicitado por el usuario. Este fichero, actualmente, esta registrado en la Agencia Espanola de Proteccion de Datos con el codigo de inscription numero mas informacion en <u>www.agpd.es<\/u>.\r\n<\/p>\r\n<p>La base legal para el tratamiento de sus datos personales que usted nos facilite, puede ser la ejecucion de una relacion contractual potencial y\/o suscrita, el interes legi\u2019timo, la habilitacion legal y\/o el consentimiento del propio interesado.\r\n\tLos datos que le solicitamos son adecuados, pertinentes \u0443 estrictamente necesarios \u0443 en ningun caso esta obligado a facilitarnoslos, pero su no comunicacion podra afectar a la finalidad del servicio \u043e supondra la imposibilidad de prestarlo.<\/p>\r\n<p>Sus datos, seran conservados el tiempo mi\u2019nimo necesario para la correcta prestacion del servicio ofrecido asi como para atender las responsabilidades que se pudieran derivar del mismo \u0443 de cuaiquier otra exigencia legal.<\/p>\r\n<p>Los derechos de proteccion de datos de los que son titulares los interesados son:<\/p>\r\n<ul>\r\n\t<li>Derecho a solicitar el acceso a los datos personales relativos al interesado<\/li>\r\n\t<li>Derecho de rectification \u043e supresion<\/li>\r\n\t<li>Derecho de oposicion<\/li>\r\n\t<li>Derecho a solicitar la limitation de su tratamiento<\/li>\r\n\t<li>Derecho a la portabilidad de los datos<\/li>\r\n<\/ul>\r\n<p>Los titulares de los datos personales obtenidos, podran ejercer sus derechos de proteccion de datos personales dirigiendo una comunicacion por escrito al domicilio social de. Vym Porperty and Consulting SL \u043e al correo electronico habilitado a tal\r\n\tefecto<em> info@tenerifecenter.com<\/em>, incluyendo en ambos casos fotocopia de su DNI Pasaporte u otro documento de identification equivalente que demuestre su titularidad, indicando en el tema \u201cDerechos sobre Proteccion de Datos\u201d<\/p>\r\n<p>Sus datos seran tratados con el maximo celo \u0443 confidencialidad por todo el personal que intervenga en cualquiera de las fases del tratamiento. No cederemos ni comunicaremos a ningun tercero sus datos, excepto en los casos legalmente previstos, \u043e\r\n\tsalvo que el interesado nos hubiera autorizado expresamente.<\/p>\r\n<p>Con el objetivo de salvaguardar la seguridad de sus datos personales, le informamos que. Vym Porperty and Consulting SL ha adoptado todas las medidas de mdole tecnica \u0443 organizativa necesarias para garantizar la seguridad de los datos personales\r\n\tsuministrados. Todo ello para evitar su alteration, perdida, y\/o tratamientos \u043e accesos no autorizados, tal como exige la normativa, si bien la seguridad absolute no existe.<\/p>\r\n<p>Es importante que, para que podamos mantener sus datos personales actualizados, nos informe siempre que se produzca una modification de los mismos.<\/p>\r\n<h2>4. Derechos de Propiedad Intelectual<\/h2>\r\n<p>La totalidad del contenido de este sitio web, tales como textos, greficos, fotograffas, logotipos, iconos, imagenes, asf como el diseno grafico, son de la exclusive propiedad de . Vym Porperty and Consulting SL<\/p>\r\n<h2>5. Redes Sociales<\/h2>\r\n<p>. Vym Porperty and Consulting SL . esta presente en Linkedin, Twitter, Instagram \u0443 Facebook, con la finalidad de informar sobre los servicios que ofrece, asf como de cualquier otra actividad \u043e evento que se realice \u0443 se quiera dar publicidad \u0443 en\r\n\tningun momento obtendra de las mismas datos personales de los usuarios que interactuen en ellas, a menos que haya autorizacion expresa.<\/p>\r\n<h2>6. Legislators aplicable \u0443 Jurisdiccidn<\/h2>\r\n<p>Las presentes condiciones de uso se rigen por la legislation espanola.<\/p>\r\n<h2>7. Comunicacion de actividades de caracter ilicito y\/o inadecuado<\/h2>\r\n<p>. Vym Porperty and Consulting SL ., agradecera cualquier sugerencia \u043e consejo proveniente de usuarios del sitio web, asf como la comunicacion en el supuesto de detectar que el contenido de las paginas propias \u043e de las accedidas mediante los\r\n\tenlaces difundieran contenidos \u043e propaganda de caracter racista, xenofobo, pomografico \u043e cualquier otro tipo de informacion que atente contra los derechos fundamentales \u0443 libertades publicas reconocidas constitucionalmente \u0443 en tratados\r\n\tinternacionales. Por favor contactar con <em>info@tenerifecenter.com<\/em>,<\/p>\r\n<h2>8. Polftica de cookies<\/h2>\r\n<p><strong> son las cookies? <\/strong>Las cookies son pequehos fragmentos de informacion que almacenamos en tu ordenador para que podamos recorder ciertas cosas sobre ti. Esto nos ayuda a mejorar tu experiencia de navegacion. Por ejemplo: Las cookies\r\n\tsirven para recorder tus datos al rellenar nuestros formularios \u0443 que no tengas que volver a escribir la informacion.<\/p>\r\n<p>Ademas, tambien utilizamos las cookies de nuestros amigos. A veces usamos cookies almacenadas por otras empresas en las que confiamos, como Google. Utilizamos un programa llamado Google Analytics que es una herramienta que nos ayuda a entender\r\n\tcomo se utiliza lookupgestio.com. Esta informacion nos permite saber el tiempo que pasas en el sitio \u0443 que paginas visitas mas, esta es nuestra manera de escucharte \u0443 preocupamos por actualizar la informacion que mas te interesa.<\/p>\r\n<p>La mayon\u2019a de navegadores web te permiten gestionar tus preferencias de cookies.<\/p>\r\n<p>Puedes ajustar tu navegador para que rechace cookies \u043e elimine determinadas cookies, utilizando tus preferencias del navegador. Ten en cuenta que si eliges bloquear las cookies esto puede afectar \u043e impedir el funcionamiento de lookupgestio.com.\r\n<\/p>\r\n<p>iQuieres saber mas? Para mas informacion sobre el uso de cookies \u0443 como bloquearlas, accede awww.allaboutcookies.org<\/p>\r\n<p>Si tienes mas preguntas, no dudes en contactar con nosotros a trav\u00e9s de <em>info@tenerifecenter.com<\/em>,<\/p>\r\n<h2>POLITICA DE PROTECCION DE DATOS<\/h2>\r\n<h4>Responsable del registro<\/h4>\r\n<p>Vym Porperty and Consulting SL garantiza la confidencialidad de los datos personales facilitados a traves de esta web de conformidad con los requisitos del Reglamento General de Proteccion de Datos (UE) 2016\/679 \u0443 la legislacion nacional vigente.\r\n\tLos datos suministrados por el Usuario quedaran incorporados en el registro de actividades de tratamiento. El responsable de dicho registro es. Vym Porperty and Consulting SL que tiene el C.I.F. B76521145 \u0443 su domicilio social en CC Victoria\r\n\tTenerife Sur, Calle Rep\u00fablica de Panam\u00e1 N.1, Playa de Las Am\u00e9ricas, Adeje, CP 38660, Tenerife.<\/p>\r\n<p>Recopilacion <strong>de datos personales<\/strong><\/p>\r\n<p>Estos se recogeran a traves de los formularios correspondientes, los cuales solo contendran los campos imprescindibles para poder prestar el servicio requerido por el Usuario. Entre estos datos se encuentran:<\/p>\r\n<ul>\r\n\t<li>Nombre \u0443 apellidos del cliente<\/li>\r\n\t<li>Fecha de Nacimiento<\/li>\r\n\t<li>Nacionalidad<\/li>\r\n\t<li>Numero del Documento Nacional de Identidad \u043e de Tarjeta de Residencia. Pasaporte NIE<\/li>\r\n\t<li>Localidad \u0443 provincia de residencia<\/li>\r\n\t<li>Numero de telefonos de contacto<\/li>\r\n\t<li>Direccion de correo electronico<\/li>\r\n\t<li>Su historial academico \u0443 laboral<\/li>\r\n\t<li>Fotografia en primer plano<\/li>\r\n\t<li>Cualquier otra informacion de su CV u otros documentos \u043e informaci\u00f3n que nos envi\u00e9<\/li>\r\n<\/ul>\r\n<p>Asimismo, informamos que en cualquier momento se podra revocar el consentimiento prestado para comunicaciones promocionales de manera sencilla \u0443 gratuita.<\/p>\r\n<p>La respuesta total \u043e parcial a los formularios de esta web es totalmente voluntaria, explicita \u0443 verificable. Los datos de caracter personal seran tratados con el grado de proteccion adecuado, segun el Reglamento General de Proteccion de Datos\r\n\t(UE) 2016\/679 \u0443 la legislacion nacional vigente, tomandose las medidas de seguridad necesarias para evitar su alteration, perdida, tratamiento \u043e acceso no autorizado por parte de terceros que lo puedan utilizar para finalidades distintas para las\r\n\tque nan sido solicitados al Usuario.<\/p>\r\n<p>De igual forma, se notificara en un plazo maximo de 72 horas a la Autoridad de Control correspondiente si se produjeran violaciones en la seguridad de los datos personales. Si en dicha violation los datos afectados fueran de caracter sensible \u043e de\r\n\tgran repercusion, tambien se notificara a los afectados.<\/p>\r\n<h4>Finalidades<\/h4>\r\n<p>Por la presente, el Usuario otorga su consentimiento para que sus datos personales puedan ser tratados de forma automatizada \u043e manual, para los fines citados a continuation, con caracter permanente \u0443 \u0440\u043e\u0433Vym Porperty and Consulting SL. \u043e cualquiera\r\n\tde sus filiales para procesarlos con fines de gestion intergrupal.<\/p>\r\n<ol>\r\n\t<li>Tramitar su solicitud de informaci\u00f3n sobre propiedades, tanto compra como venta, la incorporaremos a futuros datos para buscar propiedades adecuadas.<\/li>\r\n\t<li>Gestionar las consultas que nos envfe a traves de los medios de contacto puestos a su disposici\u00f3n.<\/li>\r\n\t<li>Cumplir nuestras obligaciones legales.<\/li>\r\n\t<li>Redise\u00f1ar y\/o modificar la navegacion y\/o funcionalidad del sitio web<\/li>\r\n\t<li>Realizar analisis estadisticos.<\/li>\r\n<\/ol>\r\n<p>Vym Porperty and Consulting SL podr\u00e1 enviar comunicaciones comerciales por cualquier medio con pleno respeto a la legislacion que en materia de proteccion de datos personales se encuentre vigente. Para las comunicaciones comerciales realizadas a\r\n\ttraves del correo electronico \u0443 medios equivalentes en cumplimiento de lo dispuesto en la Ley 34\/2002, de 11 de julio de Servicios de la Sociedad de la Informacion \u0443 de Comercio Electronico, sera debidamente recabado el consentimiento del Usuario\r\n\ten el momento de recoger los datos correspondientes.<\/p>\r\n<p>Asimismo, si usted desease revocar en cualquier momento dicho consentimiento para la recepcion mediante correo electronico de informaciones publicitarias \u043e promocionales, sera suficiente a tales efectos con que lo notifique a Vym Porperty and\r\n\tConsulting SL. mediante el envfo de un mensaje a la direccion de correo electr\u00f3nico<em> info@tenerifecenter.com<\/em>, indicando claramente que DESEA CAUSAR BAJA EN NUESTRO FICHERO DE <strong>CLIENTES.<\/strong><\/p>\r\n<h4>Destinatarios de los datos<\/h4>\r\n<p>Vym Porperty and Consulting SL. podra compartir sus datos personales con sus filiales para procesarlos con fines de gestion intergrupal \u0443 para entregar productos \u043e prestar servicios en los que elementos de estos sean proporcionados por empresas\r\n\tdel grupo distintas a aquellas con las que usted haya contratado directamente.<\/p>\r\n<p>Tambien podemos compartir sus datos personales con los siguientes terceros:<\/p>\r\n<ul>\r\n\t<li>Nuestros asesores profesionales, como asesores legales \u0443 financieros externos. As\u00ed como Notarias.<\/li>\r\n\t<li>Autoridades del gobierno y\/o funcionarios encargados de hacer cumplir la ley, si asi lo exige la<br>\r\n\t\tlegislacion \u043e si es necesario para la proteccion legal de nuestros intereses legftimos de conformidad<br>\r\n\t\tcon las leyes vigentes.<\/li>\r\n<\/ul>\r\n<h4>Conservaci\u00f3n de los datos<\/h4>\r\n<p>Los datos proporcionados por los Usuarios se conservaran mientras sean necesarios para dar respuesta a la relation contractual, para dar respuesta a las peticiones \u043e solicitudes realizadas, \u0443 en cualquier caso mientras no se solicite la supresion\r\n\tpor el interesado, asf como el tiempo necesario para dar cumplimiento a las obligaciones legales que en cada caso correspondan acorde con cada tipologfa de datos.<\/p>\r\n<p>Ademas, se debe mantener cierta informacion segun la ley \u043e si es razonablemente necesario para cumplir con los requisitos reglamentarios, resolver litigios, evitar fraudes \u0443 abusos \u043e hacer cumplir nuestros terminos \u0443 condiciones.<\/p>\r\n<h4>Transferencia de datos<\/h4>\r\n<p>Los datos recopilados no se transferiran nunca fuera del Espacio Economico Europeo (\u00abEEE\u00bb).<\/p>\r\n<h4>Legitimation para el tratamiento de sus datos<\/h4>\r\n<p>La base legal para gestionar la relacion con el cliente \u0443 otros interesados \u0443 para ofrecer informacion sobre actividades, productos \u0443 servicios relacionados puede ser la ejecucion de un contrato, \u043e bien, el consentimiento inequi\u2019voco del\r\n\tinteresado en caso de no existir una relacion contractual previa.<\/p>\r\n<p><strong>Derecho de acceso, rectificacion, olvido, <\/strong>portabilidad, cancelacion <strong>\u0443<\/strong><strong> oposicion<\/strong><\/p>\r\n<p>Usted tiene, en todo caso, derecho de acceso, rectificacion, olvido, portabilidad, supresion \u0443 oposicion al tratamiento de sus datos, que puede ejercitar mediante una solicitud dirigida a. Vym Porperty and Consulting SL que tiene el C.I.F.\r\n\tB76521145 \u0443 su domicilio social en CC Victoria Tenerife Sur, Calle Rep\u00fablica de Panam\u00e1 N.1, Playa de Las Am\u00e9ricas, Adeje, CP 38660, Tenerife. , indicando el asunto \u201cProteccion de Datos\u201d \u043e al correo electronico: <em>info@tenerifecenter.com<\/em><\/p>\r\n<h4>Cambios en la Polftica de Privacidad<\/h4>\r\n<p>Ocasionalmente podremos modificar \u043e adaptar esta Polftica de Privacidad. En esta pagina encontrara las condiciones vigentes en cada momento. Recomendamos que la visite cada vez que navegue por el sitio con el fin de estar siempre informado con\r\n\tcaracter previo a cualquier dato que pueda facilitamos.<\/p>\r\n<\/div>","protected":false},"excerpt":{"rendered":"<p>El siguiente texto contiene la informacion necesaha para el cumplimiento de lo establecido en la Ley de los Servicios de la Sociedad de la Informacion \u0443 Comercio Electronico (LSSICE), en la Ley Organica de Proteccion de Datos de Caracter Personal (LOPD) \u0443 en el REGLAMENTO (UE) 2016\/679 DEL PARLAMENTO EUROPEO Y DEL CONSEJO de 27 [&hellip;]<\/p>\n","protected":false},"author":1,"featured_media":445603,"parent":0,"menu_order":0,"comment_status":"closed","ping_status":"open","template":"","meta":{"_acf_changed":false,"footnotes":""},"class_list":["post-10281","page","type-page","status-publish","has-post-thumbnail","hentry"],"acf":[],"yoast_head":"<!-- This site is optimized with the Yoast SEO plugin v27.4 - https:\/\/yoast.com\/product\/yoast-seo-wordpress\/ -->\n<title>Pol\u00edtica de privacidad - VYM Canarias<\/title>\n<meta name=\"description\" content=\"Pol\u00edtica de privacidad\" \/>\n<meta name=\"robots\" content=\"index, follow, max-snippet:-1, max-image-preview:large, max-video-preview:-1\" \/>\n<link rel=\"canonical\" href=\"https:\/\/tenerifecenter.com\/es\/politica-de-privacidad\/\" \/>\n<meta property=\"og:locale\" content=\"es_ES\" \/>\n<meta property=\"og:type\" content=\"article\" \/>\n<meta property=\"og:title\" content=\"Pol\u00edtica de privacidad - VYM Canarias\" \/>\n<meta property=\"og:description\" content=\"Pol\u00edtica de privacidad\" \/>\n<meta property=\"og:url\" content=\"https:\/\/tenerifecenter.com\/es\/politica-de-privacidad\/\" \/>\n<meta property=\"og:site_name\" content=\"VYM Canarias\" \/>\n<meta property=\"article:publisher\" content=\"https:\/\/www.facebook.com\/vym.canarias\" \/>\n<meta property=\"og:image\" content=\"https:\/\/tenerifecenter.com\/wp-content\/uploads\/2019\/09\/vym-canarias-office-1.jpg\" \/>\n\t<meta property=\"og:image:width\" content=\"1920\" \/>\n\t<meta property=\"og:image:height\" content=\"350\" \/>\n\t<meta property=\"og:image:type\" content=\"image\/jpeg\" \/>\n<meta name=\"twitter:card\" content=\"summary_large_image\" \/>\n<meta name=\"twitter:label1\" content=\"Tiempo de lectura\" \/>\n\t<meta name=\"twitter:data1\" content=\"11 minutos\" \/>\n<script type=\"application\/ld+json\" class=\"yoast-schema-graph\">{\"@context\":\"https:\\\/\\\/schema.org\",\"@graph\":[{\"@type\":\"WebPage\",\"@id\":\"https:\\\/\\\/tenerifecenter.com\\\/es\\\/politica-de-privacidad\\\/\",\"url\":\"https:\\\/\\\/tenerifecenter.com\\\/es\\\/politica-de-privacidad\\\/\",\"name\":\"Pol\u00edtica de privacidad - VYM Canarias\",\"isPartOf\":{\"@id\":\"https:\\\/\\\/tenerifecenter.com\\\/es\\\/#website\"},\"primaryImageOfPage\":{\"@id\":\"https:\\\/\\\/tenerifecenter.com\\\/es\\\/politica-de-privacidad\\\/#primaryimage\"},\"image\":{\"@id\":\"https:\\\/\\\/tenerifecenter.com\\\/es\\\/politica-de-privacidad\\\/#primaryimage\"},\"thumbnailUrl\":\"https:\\\/\\\/tenerifecenter.com\\\/wp-content\\\/uploads\\\/2023\\\/03\\\/vym-canarias-office-2.jpeg\",\"datePublished\":\"2019-11-03T19:27:44+00:00\",\"description\":\"Pol\u00edtica de privacidad\",\"breadcrumb\":{\"@id\":\"https:\\\/\\\/tenerifecenter.com\\\/es\\\/politica-de-privacidad\\\/#breadcrumb\"},\"inLanguage\":\"es\",\"potentialAction\":[{\"@type\":\"ReadAction\",\"target\":[\"https:\\\/\\\/tenerifecenter.com\\\/es\\\/politica-de-privacidad\\\/\"]}]},{\"@type\":\"ImageObject\",\"inLanguage\":\"es\",\"@id\":\"https:\\\/\\\/tenerifecenter.com\\\/es\\\/politica-de-privacidad\\\/#primaryimage\",\"url\":\"https:\\\/\\\/tenerifecenter.com\\\/wp-content\\\/uploads\\\/2023\\\/03\\\/vym-canarias-office-2.jpeg\",\"contentUrl\":\"https:\\\/\\\/tenerifecenter.com\\\/wp-content\\\/uploads\\\/2023\\\/03\\\/vym-canarias-office-2.jpeg\",\"width\":1920,\"height\":350},{\"@type\":\"BreadcrumbList\",\"@id\":\"https:\\\/\\\/tenerifecenter.com\\\/es\\\/politica-de-privacidad\\\/#breadcrumb\",\"itemListElement\":[{\"@type\":\"ListItem\",\"position\":1,\"name\":\"Home\",\"item\":\"https:\\\/\\\/tenerifecenter.com\\\/es\\\/\"},{\"@type\":\"ListItem\",\"position\":2,\"name\":\"Pol\u00edtica de privacidad\"}]},{\"@type\":\"WebSite\",\"@id\":\"https:\\\/\\\/tenerifecenter.com\\\/es\\\/#website\",\"url\":\"https:\\\/\\\/tenerifecenter.com\\\/es\\\/\",\"name\":\"VYM Canarias\",\"description\":\"Real Estate - Tenerife\",\"potentialAction\":[{\"@type\":\"SearchAction\",\"target\":{\"@type\":\"EntryPoint\",\"urlTemplate\":\"https:\\\/\\\/tenerifecenter.com\\\/es\\\/?s={search_term_string}\"},\"query-input\":{\"@type\":\"PropertyValueSpecification\",\"valueRequired\":true,\"valueName\":\"search_term_string\"}}],\"inLanguage\":\"es\"}]}<\/script>\n<!-- \/ Yoast SEO plugin. -->","yoast_head_json":{"title":"Pol\u00edtica de privacidad - VYM Canarias","description":"Pol\u00edtica de privacidad","robots":{"index":"index","follow":"follow","max-snippet":"max-snippet:-1","max-image-preview":"max-image-preview:large","max-video-preview":"max-video-preview:-1"},"canonical":"https:\/\/tenerifecenter.com\/es\/politica-de-privacidad\/","og_locale":"es_ES","og_type":"article","og_title":"Pol\u00edtica de privacidad - VYM Canarias","og_description":"Pol\u00edtica de privacidad","og_url":"https:\/\/tenerifecenter.com\/es\/politica-de-privacidad\/","og_site_name":"VYM Canarias","article_publisher":"https:\/\/www.facebook.com\/vym.canarias","og_image":[{"width":1920,"height":350,"url":"https:\/\/tenerifecenter.com\/wp-content\/uploads\/2019\/09\/vym-canarias-office-1.jpg","type":"image\/jpeg"}],"twitter_card":"summary_large_image","twitter_misc":{"Tiempo de lectura":"11 minutos"},"schema":{"@context":"https:\/\/schema.org","@graph":[{"@type":"WebPage","@id":"https:\/\/tenerifecenter.com\/es\/politica-de-privacidad\/","url":"https:\/\/tenerifecenter.com\/es\/politica-de-privacidad\/","name":"Pol\u00edtica de privacidad - VYM Canarias","isPartOf":{"@id":"https:\/\/tenerifecenter.com\/es\/#website"},"primaryImageOfPage":{"@id":"https:\/\/tenerifecenter.com\/es\/politica-de-privacidad\/#primaryimage"},"image":{"@id":"https:\/\/tenerifecenter.com\/es\/politica-de-privacidad\/#primaryimage"},"thumbnailUrl":"https:\/\/tenerifecenter.com\/wp-content\/uploads\/2023\/03\/vym-canarias-office-2.jpeg","datePublished":"2019-11-03T19:27:44+00:00","description":"Pol\u00edtica de privacidad","breadcrumb":{"@id":"https:\/\/tenerifecenter.com\/es\/politica-de-privacidad\/#breadcrumb"},"inLanguage":"es","potentialAction":[{"@type":"ReadAction","target":["https:\/\/tenerifecenter.com\/es\/politica-de-privacidad\/"]}]},{"@type":"ImageObject","inLanguage":"es","@id":"https:\/\/tenerifecenter.com\/es\/politica-de-privacidad\/#primaryimage","url":"https:\/\/tenerifecenter.com\/wp-content\/uploads\/2023\/03\/vym-canarias-office-2.jpeg","contentUrl":"https:\/\/tenerifecenter.com\/wp-content\/uploads\/2023\/03\/vym-canarias-office-2.jpeg","width":1920,"height":350},{"@type":"BreadcrumbList","@id":"https:\/\/tenerifecenter.com\/es\/politica-de-privacidad\/#breadcrumb","itemListElement":[{"@type":"ListItem","position":1,"name":"Home","item":"https:\/\/tenerifecenter.com\/es\/"},{"@type":"ListItem","position":2,"name":"Pol\u00edtica de privacidad"}]},{"@type":"WebSite","@id":"https:\/\/tenerifecenter.com\/es\/#website","url":"https:\/\/tenerifecenter.com\/es\/","name":"VYM Canarias","description":"Real Estate - Tenerife","potentialAction":[{"@type":"SearchAction","target":{"@type":"EntryPoint","urlTemplate":"https:\/\/tenerifecenter.com\/es\/?s={search_term_string}"},"query-input":{"@type":"PropertyValueSpecification","valueRequired":true,"valueName":"search_term_string"}}],"inLanguage":"es"}]}},"_links":{"self":[{"href":"https:\/\/tenerifecenter.com\/es\/wp-json\/wp\/v2\/pages\/10281","targetHints":{"allow":["GET"]}}],"collection":[{"href":"https:\/\/tenerifecenter.com\/es\/wp-json\/wp\/v2\/pages"}],"about":[{"href":"https:\/\/tenerifecenter.com\/es\/wp-json\/wp\/v2\/types\/page"}],"author":[{"embeddable":true,"href":"https:\/\/tenerifecenter.com\/es\/wp-json\/wp\/v2\/users\/1"}],"replies":[{"embeddable":true,"href":"https:\/\/tenerifecenter.com\/es\/wp-json\/wp\/v2\/comments?post=10281"}],"version-history":[{"count":0,"href":"https:\/\/tenerifecenter.com\/es\/wp-json\/wp\/v2\/pages\/10281\/revisions"}],"wp:featuredmedia":[{"embeddable":true,"href":"https:\/\/tenerifecenter.com\/es\/wp-json\/wp\/v2\/media\/445603"}],"wp:attachment":[{"href":"https:\/\/tenerifecenter.com\/es\/wp-json\/wp\/v2\/media?parent=10281"}],"curies":[{"name":"wp","href":"https:\/\/api.w.org\/{rel}","templated":true}]}}