{"id":5046,"date":"2019-10-29T21:05:59","date_gmt":"2019-10-29T21:05:59","guid":{"rendered":"https:\/\/tenerifecenter.dev-evocode.net\/?page_id=5046"},"modified":"2023-03-13T17:29:20","modified_gmt":"2023-03-13T17:29:20","slug":"dokumente","status":"publish","type":"page","link":"https:\/\/tenerifecenter.com\/de\/info\/dokumente\/","title":{"rendered":"Dokumente"},"content":{"rendered":"<h2>Erhaltung einer NIE-Nummer (TIN)<\/h2>\r\n\r\n<ul>\r\n  <li>ausgef\u00fcllter NIE-Antrag;<\/li>\r\n  <li>von der Bank abgestempelte Geb\u00fchrenzahlungsbest\u00e4tigung;<\/li>\r\n  <li>Original und Fotokopie des Reisepasses oder eines anderen Ausweises;<\/li>\r\n  <li>Im Falle eines gesetzlichen Vertreters sind entsprechende Identifikationsdokumente beizuf\u00fcgen.<\/li>\r\n<\/ul>\r\n\r\n<p class=\"italic\">Das NIE-Antragsverfahren kann von den entsprechenden Beh\u00f6rden ge\u00e4ndert werden.<\/p>\r\n\r\n<h2>Er\u00f6ffnung eines spanischen Bankkontos<\/h2>\r\n\r\n<ul>\r\n  <li>ein g\u00fcltiger Reisepass,<\/li>\r\n  <li>eine Kopie der NIE-Nummer,<\/li>\r\n  <li>Kaufvertrag oder eine Best\u00e4tigung der Immobilienreservierung (falls die Bank dies ausdr\u00fccklich verlangt),\r\n  <\/li>\r\n  <li>Nachweis von Einkommensdokumenten.<\/li>\r\n<\/ul>\r\n\r\n<h2>Dokumente, die f\u00fcr eine Hypothek in Spanien ben\u00f6tigt werden:<\/h2>\r\n\r\n<ul>\r\n  <li> 2 pers\u00f6nliche Steuererkl\u00e4rungen.<\/li>\r\n  <li> Arbeitsvertrag (mindestens 5 Jahre).<\/li>\r\n  <li> Arbeitgeberangaben und\/oder Kontaktstelle der Besch\u00e4ftigung.<\/li>\r\n  <li> Kontoausz\u00fcge der letzten 12 Monate, die Kontoaktivit\u00e4t zeigen.<\/li>\r\n  <li> Bescheinigung \u00fcber hypothekenfreie Immobilien in der Heimat.<\/li>\r\n  <li> Kopie der pers\u00f6nlichen Kredithistorie und\/oder Jahresabrechnungen.<\/li>\r\n  <li> In einigen F\u00e4llen k\u00f6nnen Referenzen von der Bank erforderlich sein.<\/li>\r\n  <li>Andere Dokumente, die zus\u00e4tzliche Einkommensquellen belegen, wie zum Beispiel: Leasingvertr\u00e4ge,\r\n    Einkommensbescheinigungen und andere Dokumente, die eine Bank bei der Beantragung eines Hypothekendarlehens\r\n    \u00fcber 500.000 \u20ac als notwendig halten kann.\r\n  <\/li>\r\n<\/ul>\r\n\r\n<p class=\"italic\">\r\n  Die Banken behalten sich das Recht vor, alle Dokumente zu verlangen, die sie f\u00fcr notwendig\r\n  halten.\r\n<\/p>\r\n\r\n<p>Alle Dokumente m\u00fcssen mit einer entsprechenden Apostille (eine Form der Dokumentenzertifizierung nach den\r\n  Bestimmungen des Haager \u00dcbereinkommens vom 5. Oktober 1961) ins Spanische \u00fcbersetzt werden, oder sie m\u00fcssen\r\n  durch ein spanisches Konsulat, oder einen beeidigten spanischen \u00dcbersetzer (traductor Jurado) legalisiert\r\n  werden. Pers\u00f6nlich empfehlen wir den letzteren Weg.<\/p>\r\n\r\n<p>Die Originale aller Dokumente m\u00fcssen vor dem Beginn der Eigentumsregistrierung an dem Notar eingereicht\r\n  werden.<\/p>","protected":false},"excerpt":{"rendered":"<p>Erhaltung einer NIE-Nummer (TIN) ausgef\u00fcllter NIE-Antrag; von der Bank abgestempelte Geb\u00fchrenzahlungsbest\u00e4tigung; Original und Fotokopie des Reisepasses oder eines anderen Ausweises; Im Falle eines gesetzlichen Vertreters sind entsprechende Identifikationsdokumente beizuf\u00fcgen. Das NIE-Antragsverfahren kann von den entsprechenden Beh\u00f6rden ge\u00e4ndert werden. Er\u00f6ffnung eines spanischen Bankkontos ein g\u00fcltiger Reisepass, eine Kopie der NIE-Nummer, Kaufvertrag oder eine Best\u00e4tigung der Immobilienreservierung [&hellip;]<\/p>\n","protected":false},"author":1,"featured_media":445599,"parent":3294,"menu_order":0,"comment_status":"closed","ping_status":"closed","template":"","meta":{"_acf_changed":false,"footnotes":""},"class_list":["post-5046","page","type-page","status-publish","has-post-thumbnail","hentry"],"acf":[],"yoast_head":"<!-- This site is optimized with the Yoast SEO plugin v27.4 - https:\/\/yoast.com\/product\/yoast-seo-wordpress\/ -->\n<title>Dokumente beim Kauf einer Immobilie auf Teneriffa (Kanarische Inseln, Spanien)<\/title>\n<meta name=\"description\" content=\"Welche Unterlagen ben\u00f6tigen Sie f\u00fcr den Kauf eines Hauses auf Teneriffa (Kanarische Inseln)? Eine detaillierte Anleitung von VYM Canarias Real Estate Agency.\" \/>\n<meta name=\"robots\" content=\"index, follow, max-snippet:-1, max-image-preview:large, max-video-preview:-1\" \/>\n<link rel=\"canonical\" href=\"https:\/\/tenerifecenter.com\/de\/info\/dokumente\/\" \/>\n<meta property=\"og:locale\" content=\"de_DE\" \/>\n<meta property=\"og:type\" content=\"article\" \/>\n<meta property=\"og:title\" content=\"Dokumente beim Kauf einer Immobilie auf Teneriffa (Kanarische Inseln, Spanien)\" \/>\n<meta property=\"og:description\" content=\"Welche Unterlagen ben\u00f6tigen Sie f\u00fcr den Kauf eines Hauses auf Teneriffa (Kanarische Inseln)? Eine detaillierte Anleitung von VYM Canarias Real Estate Agency.\" \/>\n<meta property=\"og:url\" content=\"https:\/\/tenerifecenter.com\/de\/info\/dokumente\/\" \/>\n<meta property=\"og:site_name\" content=\"VYM Canarias\" \/>\n<meta property=\"article:publisher\" content=\"https:\/\/www.facebook.com\/vym.canarias\" \/>\n<meta property=\"article:modified_time\" content=\"2023-03-13T17:29:20+00:00\" \/>\n<meta property=\"og:image\" content=\"https:\/\/tenerifecenter.com\/wp-content\/uploads\/2023\/03\/vym-canarias-office-2.jpeg\" \/>\n\t<meta property=\"og:image:width\" content=\"1920\" \/>\n\t<meta property=\"og:image:height\" content=\"350\" \/>\n\t<meta property=\"og:image:type\" content=\"image\/jpeg\" \/>\n<meta name=\"twitter:card\" content=\"summary_large_image\" \/>\n<meta name=\"twitter:label1\" content=\"Gesch\u00e4tzte Lesezeit\" \/>\n\t<meta name=\"twitter:data1\" content=\"1\u00a0Minute\" \/>\n<script type=\"application\/ld+json\" class=\"yoast-schema-graph\">{\"@context\":\"https:\\\/\\\/schema.org\",\"@graph\":[{\"@type\":\"WebPage\",\"@id\":\"https:\\\/\\\/tenerifecenter.com\\\/de\\\/info\\\/dokumente\\\/\",\"url\":\"https:\\\/\\\/tenerifecenter.com\\\/de\\\/info\\\/dokumente\\\/\",\"name\":\"Dokumente beim Kauf einer Immobilie auf Teneriffa (Kanarische Inseln, Spanien)\",\"isPartOf\":{\"@id\":\"https:\\\/\\\/tenerifecenter.com\\\/de\\\/#website\"},\"primaryImageOfPage\":{\"@id\":\"https:\\\/\\\/tenerifecenter.com\\\/de\\\/info\\\/dokumente\\\/#primaryimage\"},\"image\":{\"@id\":\"https:\\\/\\\/tenerifecenter.com\\\/de\\\/info\\\/dokumente\\\/#primaryimage\"},\"thumbnailUrl\":\"https:\\\/\\\/tenerifecenter.com\\\/wp-content\\\/uploads\\\/2023\\\/03\\\/vym-canarias-office-2.jpeg\",\"datePublished\":\"2019-10-29T21:05:59+00:00\",\"dateModified\":\"2023-03-13T17:29:20+00:00\",\"description\":\"Welche Unterlagen ben\u00f6tigen Sie f\u00fcr den Kauf eines Hauses auf Teneriffa (Kanarische Inseln)? Eine detaillierte Anleitung von VYM Canarias Real Estate Agency.\",\"breadcrumb\":{\"@id\":\"https:\\\/\\\/tenerifecenter.com\\\/de\\\/info\\\/dokumente\\\/#breadcrumb\"},\"inLanguage\":\"de\",\"potentialAction\":[{\"@type\":\"ReadAction\",\"target\":[\"https:\\\/\\\/tenerifecenter.com\\\/de\\\/info\\\/dokumente\\\/\"]}]},{\"@type\":\"ImageObject\",\"inLanguage\":\"de\",\"@id\":\"https:\\\/\\\/tenerifecenter.com\\\/de\\\/info\\\/dokumente\\\/#primaryimage\",\"url\":\"https:\\\/\\\/tenerifecenter.com\\\/wp-content\\\/uploads\\\/2023\\\/03\\\/vym-canarias-office-2.jpeg\",\"contentUrl\":\"https:\\\/\\\/tenerifecenter.com\\\/wp-content\\\/uploads\\\/2023\\\/03\\\/vym-canarias-office-2.jpeg\",\"width\":1920,\"height\":350},{\"@type\":\"BreadcrumbList\",\"@id\":\"https:\\\/\\\/tenerifecenter.com\\\/de\\\/info\\\/dokumente\\\/#breadcrumb\",\"itemListElement\":[{\"@type\":\"ListItem\",\"position\":1,\"name\":\"Home\",\"item\":\"https:\\\/\\\/tenerifecenter.com\\\/de\\\/\"},{\"@type\":\"ListItem\",\"position\":2,\"name\":\"Information\",\"item\":\"https:\\\/\\\/tenerifecenter.com\\\/de\\\/info\\\/\"},{\"@type\":\"ListItem\",\"position\":3,\"name\":\"Dokumente\"}]},{\"@type\":\"WebSite\",\"@id\":\"https:\\\/\\\/tenerifecenter.com\\\/de\\\/#website\",\"url\":\"https:\\\/\\\/tenerifecenter.com\\\/de\\\/\",\"name\":\"VYM Canarias\",\"description\":\"Real Estate - Tenerife\",\"potentialAction\":[{\"@type\":\"SearchAction\",\"target\":{\"@type\":\"EntryPoint\",\"urlTemplate\":\"https:\\\/\\\/tenerifecenter.com\\\/de\\\/?s={search_term_string}\"},\"query-input\":{\"@type\":\"PropertyValueSpecification\",\"valueRequired\":true,\"valueName\":\"search_term_string\"}}],\"inLanguage\":\"de\"}]}<\/script>\n<!-- \/ Yoast SEO plugin. -->","yoast_head_json":{"title":"Dokumente beim Kauf einer Immobilie auf Teneriffa (Kanarische Inseln, Spanien)","description":"Welche Unterlagen ben\u00f6tigen Sie f\u00fcr den Kauf eines Hauses auf Teneriffa (Kanarische Inseln)? Eine detaillierte Anleitung von VYM Canarias Real Estate Agency.","robots":{"index":"index","follow":"follow","max-snippet":"max-snippet:-1","max-image-preview":"max-image-preview:large","max-video-preview":"max-video-preview:-1"},"canonical":"https:\/\/tenerifecenter.com\/de\/info\/dokumente\/","og_locale":"de_DE","og_type":"article","og_title":"Dokumente beim Kauf einer Immobilie auf Teneriffa (Kanarische Inseln, Spanien)","og_description":"Welche Unterlagen ben\u00f6tigen Sie f\u00fcr den Kauf eines Hauses auf Teneriffa (Kanarische Inseln)? Eine detaillierte Anleitung von VYM Canarias Real Estate Agency.","og_url":"https:\/\/tenerifecenter.com\/de\/info\/dokumente\/","og_site_name":"VYM Canarias","article_publisher":"https:\/\/www.facebook.com\/vym.canarias","article_modified_time":"2023-03-13T17:29:20+00:00","og_image":[{"width":1920,"height":350,"url":"https:\/\/tenerifecenter.com\/wp-content\/uploads\/2023\/03\/vym-canarias-office-2.jpeg","type":"image\/jpeg"}],"twitter_card":"summary_large_image","twitter_misc":{"Gesch\u00e4tzte Lesezeit":"1\u00a0Minute"},"schema":{"@context":"https:\/\/schema.org","@graph":[{"@type":"WebPage","@id":"https:\/\/tenerifecenter.com\/de\/info\/dokumente\/","url":"https:\/\/tenerifecenter.com\/de\/info\/dokumente\/","name":"Dokumente beim Kauf einer Immobilie auf Teneriffa (Kanarische Inseln, Spanien)","isPartOf":{"@id":"https:\/\/tenerifecenter.com\/de\/#website"},"primaryImageOfPage":{"@id":"https:\/\/tenerifecenter.com\/de\/info\/dokumente\/#primaryimage"},"image":{"@id":"https:\/\/tenerifecenter.com\/de\/info\/dokumente\/#primaryimage"},"thumbnailUrl":"https:\/\/tenerifecenter.com\/wp-content\/uploads\/2023\/03\/vym-canarias-office-2.jpeg","datePublished":"2019-10-29T21:05:59+00:00","dateModified":"2023-03-13T17:29:20+00:00","description":"Welche Unterlagen ben\u00f6tigen Sie f\u00fcr den Kauf eines Hauses auf Teneriffa (Kanarische Inseln)? Eine detaillierte Anleitung von VYM Canarias Real Estate Agency.","breadcrumb":{"@id":"https:\/\/tenerifecenter.com\/de\/info\/dokumente\/#breadcrumb"},"inLanguage":"de","potentialAction":[{"@type":"ReadAction","target":["https:\/\/tenerifecenter.com\/de\/info\/dokumente\/"]}]},{"@type":"ImageObject","inLanguage":"de","@id":"https:\/\/tenerifecenter.com\/de\/info\/dokumente\/#primaryimage","url":"https:\/\/tenerifecenter.com\/wp-content\/uploads\/2023\/03\/vym-canarias-office-2.jpeg","contentUrl":"https:\/\/tenerifecenter.com\/wp-content\/uploads\/2023\/03\/vym-canarias-office-2.jpeg","width":1920,"height":350},{"@type":"BreadcrumbList","@id":"https:\/\/tenerifecenter.com\/de\/info\/dokumente\/#breadcrumb","itemListElement":[{"@type":"ListItem","position":1,"name":"Home","item":"https:\/\/tenerifecenter.com\/de\/"},{"@type":"ListItem","position":2,"name":"Information","item":"https:\/\/tenerifecenter.com\/de\/info\/"},{"@type":"ListItem","position":3,"name":"Dokumente"}]},{"@type":"WebSite","@id":"https:\/\/tenerifecenter.com\/de\/#website","url":"https:\/\/tenerifecenter.com\/de\/","name":"VYM Canarias","description":"Real Estate - Tenerife","potentialAction":[{"@type":"SearchAction","target":{"@type":"EntryPoint","urlTemplate":"https:\/\/tenerifecenter.com\/de\/?s={search_term_string}"},"query-input":{"@type":"PropertyValueSpecification","valueRequired":true,"valueName":"search_term_string"}}],"inLanguage":"de"}]}},"_links":{"self":[{"href":"https:\/\/tenerifecenter.com\/de\/wp-json\/wp\/v2\/pages\/5046","targetHints":{"allow":["GET"]}}],"collection":[{"href":"https:\/\/tenerifecenter.com\/de\/wp-json\/wp\/v2\/pages"}],"about":[{"href":"https:\/\/tenerifecenter.com\/de\/wp-json\/wp\/v2\/types\/page"}],"author":[{"embeddable":true,"href":"https:\/\/tenerifecenter.com\/de\/wp-json\/wp\/v2\/users\/1"}],"replies":[{"embeddable":true,"href":"https:\/\/tenerifecenter.com\/de\/wp-json\/wp\/v2\/comments?post=5046"}],"version-history":[{"count":0,"href":"https:\/\/tenerifecenter.com\/de\/wp-json\/wp\/v2\/pages\/5046\/revisions"}],"up":[{"embeddable":true,"href":"https:\/\/tenerifecenter.com\/de\/wp-json\/wp\/v2\/pages\/3294"}],"wp:featuredmedia":[{"embeddable":true,"href":"https:\/\/tenerifecenter.com\/de\/wp-json\/wp\/v2\/media\/445599"}],"wp:attachment":[{"href":"https:\/\/tenerifecenter.com\/de\/wp-json\/wp\/v2\/media?parent=5046"}],"curies":[{"name":"wp","href":"https:\/\/api.w.org\/{rel}","templated":true}]}}