{"id":3166,"date":"2019-07-27T19:37:43","date_gmt":"2019-07-27T19:37:43","guid":{"rendered":"http:\/\/vym-wp.local\/about-us\/about-company\/"},"modified":"2023-09-25T14:21:32","modified_gmt":"2023-09-25T14:21:32","slug":"ueber-das-unternehmen","status":"publish","type":"page","link":"https:\/\/tenerifecenter.com\/de\/ueber-das-unternehmen\/","title":{"rendered":"\u00dcber das Unternehmen"},"content":{"rendered":"<p class=\"mb-40\">Vym Canarias is one of the largest real estate agencies on the south coast of Tenerife. We have been working since 2010 and specialize in the sale of residential and commercial <b>real estate in Tenerife<\/b>: apartments, townhouses, villas and land plots, as well as office and retail premises.<\/p>\r\n\r\n<div class=\"row mb-30\">\r\n    <iframe loading=\"lazy\" width=\"100%\" height=\"425\" src=\"https:\/\/www.youtube.com\/embed\/C7xNhgxodZQ\" frameborder=\"0\" allow=\"accelerometer; autoplay; encrypted-media; gyroscope; picture-in-picture\" allowfullscreen><\/iframe>\r\n<\/div>\r\n\r\n<h2>Our Work<\/h2>\r\n\r\n<p>We help clients find their ideal home in Tenerife. The company collaborates with all professional real estate agencies on the island and has access to the largest <a href=\"\/sale\/\">database of real estate<\/a> in the Canary Islands.<\/p>\r\n\r\n<p>Reputation is our main value, so we only work with reputable lawyers and notaries. Our facilities undergo professional verification, which allows us to guarantee their legal cleanliness.<\/p>\r\n\r\n<p>We help to draw up documents for the purchase of real estate as well as arranging mortgages, provide legal support for the transaction and deal with <a href=\"\/services\/post-sales-support\/\">after-sales support<\/a> for customers.<\/p>\r\n\r\n<h2>Why Vym Canarias<\/h2>\r\n\r\n<p>It is convenient and profitable to work with us:<\/p>\r\n\r\n<ul>\r\n  <li>We guarantee the purity of the transaction.<\/li>\r\n  <li>We work openly and inform customers about all the details of the transaction.<\/li>\r\n  <li>We have the largest selection of real estate.<\/li>\r\n  <li>Wir haben B\u00fcros auf Teneriffa und in Alicante, die sich in den wichtigsten Urlaubsgebieten befinden.<\/li>\r\n  <li>Our staff speak 9 languages.<\/li>\r\n<\/ul>\r\n\r\n<p>The real estate market in Spain is our professional environment. <a href=\"\/\">Vym Canarias<\/a> participates in international real estate exhibitions in various countries. We help our clients navigate new trends and changes in legislation.<\/p>\r\n\r\n<p>Our task is stability and phased development.<\/p>\r\n\r\n<p>Our mission is to find you a house in the Canaries. Calmly. Reliable. Joyfully.<\/p>\r\n\r\n<table>\r\n  <thead>\r\n    <th><\/th>\r\n    <th><\/th>\r\n  <\/thead>\r\n  <tbody>\r\n    <tr>\r\n      <td valign=\"top\">\r\n        <img decoding=\"async\" src=\"\/wp-content\/uploads\/2020\/02\/CEST.jpg\" alt=\"\" width=\"125\">\r\n      <\/td>\r\n      <td>\r\n        <h6>CEST<\/h6>\r\n        <p>El Circulo de Empresarios y Profesionales del Sur de Tenerife (CEST) es una asociacion multisectorial sin animo de lucro compuesta por empresas y profesionales establecidos en el Sur de Tenerife o que tienen intereses y relaciones comerciales en esta Comarca.<\/p>\r\n      <\/td>\r\n    <\/tr>\r\n    <tr>\r\n      <td valign=\"top\">\r\n        <img decoding=\"async\" src=\"\/wp-content\/uploads\/2020\/02\/TSREA-logo.jpeg\" alt=\"\" width=\"125\">\r\n      <\/td>\r\n      <td>\r\n        <h6>TSREA<\/h6>\r\n        <p>Tenerife South Real Estate Asociaci\u00f3n nace por la iniciativa de un amplio grupo de expertos del sector inmobiliario, que han decidido aunar sus a\u00f1os de experiencia y profesionalidad, para crear una red de Agencias Inmobiliarias.<\/p>\r\n      <\/td>\r\n    <\/tr>\r\n    <tr>\r\n      <td valign=\"top\">\r\n        <img decoding=\"async\" src=\"\/wp-content\/uploads\/2020\/02\/Fast-1.jpg\" alt=\"\" width=\"125\">\r\n      <\/td>\r\n      <td>\r\n        <h6>FAST<\/h6>\r\n        <p>FAST La Asociaci\u00f3n Foro de Amigos del Sur de Tenerife perseguir\u00e1 fines de inter\u00e9s general para la comarca del sur de Tenerife, de car\u00e1cter social, cultural, deportivo, medioambiental, educativo, y de promoci\u00f3n tur\u00edstica.<\/p>\r\n      <\/td>\r\n    <\/tr>\r\n    <tr>\r\n      <td valign=\"top\">\r\n        <img decoding=\"async\" src=\"\/wp-content\/uploads\/2020\/02\/FEPECO-logo.jpeg\" alt=\"\" width=\"125\">\r\n      <\/td>\r\n      <td>\r\n        <h6>FEPECO<\/h6>\r\n        <p>FEPECO Federaci\u00f3n Provincial de Entidades de la Construcci\u00f3n de Santa Cruz de Tenerife.<\/p>\r\n      <\/td>\r\n    <\/tr>\r\n    <tr>\r\n      <td valign=\"top\">\r\n        <img decoding=\"async\" src=\"\/wp-content\/uploads\/2020\/02\/Expertos.jpg\" alt=\"\" width=\"125\">\r\n      <\/td>\r\n      <td>\r\n        <h6>EXPERTOS INMOBILIARIOS<\/h6>\r\n        <p>EXPERTOS INMOBILIARIOS: es una asociaci\u00f3n que agrupa a profesionales y empresarios del Sector Inmobiliario y se halla implantada en todo el territorio nacional. Se trata de una asociaci\u00f3n sin \u00e1nimo de lucro, debidamente inscrita en el Ministerio de Trabajo con el n\u00famero 4507.<\/p>\r\n      <\/td>\r\n    <\/tr>\r\n  <\/tbody>\r\n<\/table>\r\n","protected":false},"excerpt":{"rendered":"<p>Vym Canarias is one of the largest real estate agencies on the south coast of Tenerife. We have been working since 2010 and specialize in the sale of residential and commercial real estate in Tenerife: apartments, townhouses, villas and land plots, as well as office and retail premises. Our Work We help clients find their [&hellip;]<\/p>\n","protected":false},"author":1,"featured_media":445599,"parent":0,"menu_order":0,"comment_status":"closed","ping_status":"closed","template":"","meta":{"_acf_changed":false,"footnotes":""},"class_list":["post-3166","page","type-page","status-publish","has-post-thumbnail","hentry"],"acf":[],"yoast_head":"<!-- This site is optimized with the Yoast SEO plugin v27.3 - https:\/\/yoast.com\/product\/yoast-seo-wordpress\/ -->\n<title>\u00dcber die Immobilienagentur Vym Canarias<\/title>\n<meta name=\"description\" content=\"Wer sind wir? \u00dcber die Immobilienagentur Vym Canarias. Wir helfen beim Kauf von Wohnraum auf Teneriffa (Kanarische Inseln, Spanien): seit 2010 ein tadelloser Ruf.\" \/>\n<meta name=\"robots\" content=\"index, follow, max-snippet:-1, max-image-preview:large, max-video-preview:-1\" \/>\n<link rel=\"canonical\" href=\"https:\/\/tenerifecenter.com\/de\/ueber-das-unternehmen\/\" \/>\n<meta property=\"og:locale\" content=\"de_DE\" \/>\n<meta property=\"og:type\" content=\"article\" \/>\n<meta property=\"og:title\" content=\"\u00dcber die Immobilienagentur Vym Canarias\" \/>\n<meta property=\"og:description\" content=\"Wer sind wir? \u00dcber die Immobilienagentur Vym Canarias. Wir helfen beim Kauf von Wohnraum auf Teneriffa (Kanarische Inseln, Spanien): seit 2010 ein tadelloser Ruf.\" \/>\n<meta property=\"og:url\" content=\"https:\/\/tenerifecenter.com\/de\/ueber-das-unternehmen\/\" \/>\n<meta property=\"og:site_name\" content=\"VYM Canarias\" \/>\n<meta property=\"article:publisher\" content=\"https:\/\/www.facebook.com\/vym.canarias\" \/>\n<meta property=\"article:modified_time\" content=\"2023-09-25T14:21:32+00:00\" \/>\n<meta property=\"og:image\" content=\"https:\/\/tenerifecenter.com\/wp-content\/uploads\/2023\/03\/vym-canarias-office-2.jpeg\" \/>\n\t<meta property=\"og:image:width\" content=\"1920\" \/>\n\t<meta property=\"og:image:height\" content=\"350\" \/>\n\t<meta property=\"og:image:type\" content=\"image\/jpeg\" \/>\n<meta name=\"twitter:card\" content=\"summary_large_image\" \/>\n<meta name=\"twitter:label1\" content=\"Gesch\u00e4tzte Lesezeit\" \/>\n\t<meta name=\"twitter:data1\" content=\"4\u00a0Minuten\" \/>\n<script type=\"application\/ld+json\" class=\"yoast-schema-graph\">{\"@context\":\"https:\\\/\\\/schema.org\",\"@graph\":[{\"@type\":\"WebPage\",\"@id\":\"https:\\\/\\\/tenerifecenter.com\\\/de\\\/ueber-das-unternehmen\\\/\",\"url\":\"https:\\\/\\\/tenerifecenter.com\\\/de\\\/ueber-das-unternehmen\\\/\",\"name\":\"\u00dcber die Immobilienagentur Vym Canarias\",\"isPartOf\":{\"@id\":\"https:\\\/\\\/tenerifecenter.com\\\/de\\\/#website\"},\"primaryImageOfPage\":{\"@id\":\"https:\\\/\\\/tenerifecenter.com\\\/de\\\/ueber-das-unternehmen\\\/#primaryimage\"},\"image\":{\"@id\":\"https:\\\/\\\/tenerifecenter.com\\\/de\\\/ueber-das-unternehmen\\\/#primaryimage\"},\"thumbnailUrl\":\"https:\\\/\\\/tenerifecenter.com\\\/wp-content\\\/uploads\\\/2023\\\/03\\\/vym-canarias-office-2.jpeg\",\"datePublished\":\"2019-07-27T19:37:43+00:00\",\"dateModified\":\"2023-09-25T14:21:32+00:00\",\"description\":\"Wer sind wir? \u00dcber die Immobilienagentur Vym Canarias. Wir helfen beim Kauf von Wohnraum auf Teneriffa (Kanarische Inseln, Spanien): seit 2010 ein tadelloser Ruf.\",\"breadcrumb\":{\"@id\":\"https:\\\/\\\/tenerifecenter.com\\\/de\\\/ueber-das-unternehmen\\\/#breadcrumb\"},\"inLanguage\":\"de\",\"potentialAction\":[{\"@type\":\"ReadAction\",\"target\":[\"https:\\\/\\\/tenerifecenter.com\\\/de\\\/ueber-das-unternehmen\\\/\"]}]},{\"@type\":\"ImageObject\",\"inLanguage\":\"de\",\"@id\":\"https:\\\/\\\/tenerifecenter.com\\\/de\\\/ueber-das-unternehmen\\\/#primaryimage\",\"url\":\"https:\\\/\\\/tenerifecenter.com\\\/wp-content\\\/uploads\\\/2023\\\/03\\\/vym-canarias-office-2.jpeg\",\"contentUrl\":\"https:\\\/\\\/tenerifecenter.com\\\/wp-content\\\/uploads\\\/2023\\\/03\\\/vym-canarias-office-2.jpeg\",\"width\":1920,\"height\":350},{\"@type\":\"BreadcrumbList\",\"@id\":\"https:\\\/\\\/tenerifecenter.com\\\/de\\\/ueber-das-unternehmen\\\/#breadcrumb\",\"itemListElement\":[{\"@type\":\"ListItem\",\"position\":1,\"name\":\"Home\",\"item\":\"https:\\\/\\\/tenerifecenter.com\\\/de\\\/\"},{\"@type\":\"ListItem\",\"position\":2,\"name\":\"\u00dcber das Unternehmen\"}]},{\"@type\":\"WebSite\",\"@id\":\"https:\\\/\\\/tenerifecenter.com\\\/de\\\/#website\",\"url\":\"https:\\\/\\\/tenerifecenter.com\\\/de\\\/\",\"name\":\"VYM Canarias\",\"description\":\"Real Estate - Tenerife\",\"potentialAction\":[{\"@type\":\"SearchAction\",\"target\":{\"@type\":\"EntryPoint\",\"urlTemplate\":\"https:\\\/\\\/tenerifecenter.com\\\/de\\\/?s={search_term_string}\"},\"query-input\":{\"@type\":\"PropertyValueSpecification\",\"valueRequired\":true,\"valueName\":\"search_term_string\"}}],\"inLanguage\":\"de\"}]}<\/script>\n<!-- \/ Yoast SEO plugin. -->","yoast_head_json":{"title":"\u00dcber die Immobilienagentur Vym Canarias","description":"Wer sind wir? \u00dcber die Immobilienagentur Vym Canarias. Wir helfen beim Kauf von Wohnraum auf Teneriffa (Kanarische Inseln, Spanien): seit 2010 ein tadelloser Ruf.","robots":{"index":"index","follow":"follow","max-snippet":"max-snippet:-1","max-image-preview":"max-image-preview:large","max-video-preview":"max-video-preview:-1"},"canonical":"https:\/\/tenerifecenter.com\/de\/ueber-das-unternehmen\/","og_locale":"de_DE","og_type":"article","og_title":"\u00dcber die Immobilienagentur Vym Canarias","og_description":"Wer sind wir? \u00dcber die Immobilienagentur Vym Canarias. Wir helfen beim Kauf von Wohnraum auf Teneriffa (Kanarische Inseln, Spanien): seit 2010 ein tadelloser Ruf.","og_url":"https:\/\/tenerifecenter.com\/de\/ueber-das-unternehmen\/","og_site_name":"VYM Canarias","article_publisher":"https:\/\/www.facebook.com\/vym.canarias","article_modified_time":"2023-09-25T14:21:32+00:00","og_image":[{"width":1920,"height":350,"url":"https:\/\/tenerifecenter.com\/wp-content\/uploads\/2023\/03\/vym-canarias-office-2.jpeg","type":"image\/jpeg"}],"twitter_card":"summary_large_image","twitter_misc":{"Gesch\u00e4tzte Lesezeit":"4\u00a0Minuten"},"schema":{"@context":"https:\/\/schema.org","@graph":[{"@type":"WebPage","@id":"https:\/\/tenerifecenter.com\/de\/ueber-das-unternehmen\/","url":"https:\/\/tenerifecenter.com\/de\/ueber-das-unternehmen\/","name":"\u00dcber die Immobilienagentur Vym Canarias","isPartOf":{"@id":"https:\/\/tenerifecenter.com\/de\/#website"},"primaryImageOfPage":{"@id":"https:\/\/tenerifecenter.com\/de\/ueber-das-unternehmen\/#primaryimage"},"image":{"@id":"https:\/\/tenerifecenter.com\/de\/ueber-das-unternehmen\/#primaryimage"},"thumbnailUrl":"https:\/\/tenerifecenter.com\/wp-content\/uploads\/2023\/03\/vym-canarias-office-2.jpeg","datePublished":"2019-07-27T19:37:43+00:00","dateModified":"2023-09-25T14:21:32+00:00","description":"Wer sind wir? \u00dcber die Immobilienagentur Vym Canarias. Wir helfen beim Kauf von Wohnraum auf Teneriffa (Kanarische Inseln, Spanien): seit 2010 ein tadelloser Ruf.","breadcrumb":{"@id":"https:\/\/tenerifecenter.com\/de\/ueber-das-unternehmen\/#breadcrumb"},"inLanguage":"de","potentialAction":[{"@type":"ReadAction","target":["https:\/\/tenerifecenter.com\/de\/ueber-das-unternehmen\/"]}]},{"@type":"ImageObject","inLanguage":"de","@id":"https:\/\/tenerifecenter.com\/de\/ueber-das-unternehmen\/#primaryimage","url":"https:\/\/tenerifecenter.com\/wp-content\/uploads\/2023\/03\/vym-canarias-office-2.jpeg","contentUrl":"https:\/\/tenerifecenter.com\/wp-content\/uploads\/2023\/03\/vym-canarias-office-2.jpeg","width":1920,"height":350},{"@type":"BreadcrumbList","@id":"https:\/\/tenerifecenter.com\/de\/ueber-das-unternehmen\/#breadcrumb","itemListElement":[{"@type":"ListItem","position":1,"name":"Home","item":"https:\/\/tenerifecenter.com\/de\/"},{"@type":"ListItem","position":2,"name":"\u00dcber das Unternehmen"}]},{"@type":"WebSite","@id":"https:\/\/tenerifecenter.com\/de\/#website","url":"https:\/\/tenerifecenter.com\/de\/","name":"VYM Canarias","description":"Real Estate - Tenerife","potentialAction":[{"@type":"SearchAction","target":{"@type":"EntryPoint","urlTemplate":"https:\/\/tenerifecenter.com\/de\/?s={search_term_string}"},"query-input":{"@type":"PropertyValueSpecification","valueRequired":true,"valueName":"search_term_string"}}],"inLanguage":"de"}]}},"_links":{"self":[{"href":"https:\/\/tenerifecenter.com\/de\/wp-json\/wp\/v2\/pages\/3166","targetHints":{"allow":["GET"]}}],"collection":[{"href":"https:\/\/tenerifecenter.com\/de\/wp-json\/wp\/v2\/pages"}],"about":[{"href":"https:\/\/tenerifecenter.com\/de\/wp-json\/wp\/v2\/types\/page"}],"author":[{"embeddable":true,"href":"https:\/\/tenerifecenter.com\/de\/wp-json\/wp\/v2\/users\/1"}],"replies":[{"embeddable":true,"href":"https:\/\/tenerifecenter.com\/de\/wp-json\/wp\/v2\/comments?post=3166"}],"version-history":[{"count":0,"href":"https:\/\/tenerifecenter.com\/de\/wp-json\/wp\/v2\/pages\/3166\/revisions"}],"wp:featuredmedia":[{"embeddable":true,"href":"https:\/\/tenerifecenter.com\/de\/wp-json\/wp\/v2\/media\/445599"}],"wp:attachment":[{"href":"https:\/\/tenerifecenter.com\/de\/wp-json\/wp\/v2\/media?parent=3166"}],"curies":[{"name":"wp","href":"https:\/\/api.w.org\/{rel}","templated":true}]}}